{"id":673,"date":"2011-03-27T18:02:19","date_gmt":"2011-03-27T18:02:19","guid":{"rendered":"http:\/\/uni.hi.is\/eirikur\/?page_id=673"},"modified":"2023-10-31T16:35:31","modified_gmt":"2023-10-31T16:35:31","slug":"styrkir-og-verlaun","status":"publish","type":"page","link":"https:\/\/uni.hi.is\/eirikur\/stjornun\/styrkir-og-verlaun\/","title":{"rendered":"Styrkir og ver\u00f0laun"},"content":{"rendered":"<p><!--:--><!--:en-->\u00c9g hef fengi\u00f0 styrki til \u00fdmissa ranns\u00f3knar- og \u00fer\u00f3unarverkefna \u00far Ranns\u00f3knasj\u00f3\u00f0i, Ranns\u00f3knasj\u00f3\u00f0i H\u00e1sk\u00f3lans, Innvi\u00f0asj\u00f3\u00f0i, N\u00fdsk\u00f6punarsj\u00f3\u00f0i n\u00e1msmanna, Styrktarsj\u00f3\u00f0i \u00c1slaugar Hafli\u00f0ad\u00f3ttur og Tungut\u00e6knisj\u00f3\u00f0i. H\u00e9r eru eing\u00f6ngu taldir styrkir \u00fear sem \u00e9g var verkefnisstj\u00f3ri (\u00ed eitt skipti \u00e1samt \u00f6\u00f0rum) e\u00f0a stj\u00f3rnandi \u00edslensks hluta verkefnis.<\/p>\n<table style=\"width: 100%;height: 1186px\" border=\"0\" cellspacing=\"0\" cellpadding=\"0\">\n<tbody>\n<tr style=\"height: 48px\">\n<td style=\"height: 48px\" valign=\"top\" width=\"80\"><strong>T\u00edmabil<\/strong><\/td>\n<td style=\"height: 48px\" valign=\"top\" width=\"350\"><strong>Verkefni<\/strong><\/td>\n<td style=\"height: 48px\" valign=\"top\" width=\"250\"><strong>Styrkveitandi<\/strong><\/td>\n<td style=\"height: 48px\" align=\"right\" valign=\"top\" width=\"50\"><strong>Upph\u00e6\u00f0 \u00ed \u00fe\u00fas.<\/strong><\/td>\n<\/tr>\n<tr style=\"height: 24px\">\n<td style=\"height: 24px\" valign=\"top\" width=\"80\">2019<\/td>\n<td style=\"height: 24px\" valign=\"top\" width=\"350\">\u00cdslensk m\u00e1lg\u00f6gn<\/td>\n<td style=\"height: 24px\" valign=\"top\" width=\"250\">Innvi\u00f0asj\u00f3\u00f0ur<\/td>\n<td style=\"text-align: right;height: 24px\" valign=\"top\" width=\"50\">11.795<\/td>\n<\/tr>\n<tr style=\"height: 48px\">\n<td style=\"height: 48px\" valign=\"top\" width=\"80\">2017<\/td>\n<td style=\"height: 48px\" valign=\"top\" width=\"350\">\u00dej\u00e1lfun h\u00e1sk\u00f3lanema \u00ed m\u00e1lnotkun og ritun<\/td>\n<td style=\"text-align: left;height: 48px\" valign=\"top\" width=\"250\">Styrktarsj\u00f3\u00f0ur \u00c1slaugar Hafli\u00f0ad\u00f3ttur<\/td>\n<td style=\"text-align: right;height: 48px\" valign=\"top\" width=\"50\">4.000<\/td>\n<td style=\"height: 48px\" align=\"right\" valign=\"top\" width=\"50\"><\/td>\n<\/tr>\n<tr style=\"height: 48px\">\n<td style=\"height: 48px\" valign=\"top\" width=\"80\">2016-2018<\/td>\n<td style=\"height: 48px\" valign=\"top\" width=\"350\">Modeling the Linguistic Consequences of Digital Language Contact<\/td>\n<td style=\"height: 48px\" valign=\"top\" width=\"250\">Ranns\u00f3knasj\u00f3\u00f0ur (\u00f6ndvegisstyrkur)<\/td>\n<td style=\"height: 48px\" align=\"right\" valign=\"top\" width=\"50\">128.664<\/td>\n<\/tr>\n<tr style=\"height: 24px\">\n<td style=\"height: 24px\" valign=\"top\" width=\"80\">2016<\/td>\n<td style=\"height: 24px\" valign=\"top\" width=\"350\">V\u00e9lr\u00e6nn uppl\u00fdsinga\u00fatdr\u00e1ttur<\/td>\n<td style=\"height: 24px\" valign=\"top\" width=\"250\">Ranns\u00f3knasj\u00f3\u00f0ur H\u00e1sk\u00f3lans<\/td>\n<td style=\"height: 24px\" align=\"right\" valign=\"top\" width=\"50\">400<\/td>\n<\/tr>\n<tr style=\"height: 24px\">\n<td style=\"height: 24px\" valign=\"top\" width=\"80\">2015<\/td>\n<td style=\"height: 24px\" valign=\"top\" width=\"350\">Gr\u00ed\u00f0arst\u00f3r stafr\u00e6nn textagrunnur<\/td>\n<td style=\"height: 24px\" valign=\"top\" width=\"250\">Innvi\u00f0asj\u00f3\u00f0ur<\/td>\n<td style=\"height: 24px\" align=\"right\" valign=\"top\" width=\"50\">4.950<\/td>\n<\/tr>\n<tr style=\"height: 48px\">\n<td style=\"height: 48px\" valign=\"top\" width=\"80\">2015<\/td>\n<td style=\"height: 48px\" valign=\"top\" width=\"350\">N\u00e1msefni og hugb\u00fana\u00f0ur fyrir kennslu \u00ed \u00edslenskri m\u00e1lt\u00e6kni<\/td>\n<td style=\"height: 48px\" valign=\"top\" width=\"250\">Styrktarsj\u00f3\u00f0ur \u00c1slaugar Hafli\u00f0ad\u00f3ttur<\/td>\n<td style=\"height: 48px\" align=\"right\" valign=\"top\" width=\"50\">4.000<\/td>\n<\/tr>\n<tr style=\"height: 48px\">\n<td style=\"height: 48px\" valign=\"top\" width=\"80\">2015<\/td>\n<td style=\"height: 48px\" valign=\"top\" width=\"350\">V\u00e9lr\u00e6n \u00fe\u00e1ttun forn\u00edslensku: Samanbur\u00f0ur a\u00f0fer\u00f0a<\/td>\n<td style=\"height: 48px\" valign=\"top\" width=\"250\">Ranns\u00f3knasj\u00f3\u00f0ur H\u00e1sk\u00f3lans<\/td>\n<td style=\"height: 48px\" align=\"right\" valign=\"top\" width=\"50\">400<\/td>\n<\/tr>\n<tr style=\"height: 24px\">\n<td style=\"height: 24px\" valign=\"top\" width=\"80\">2013<\/td>\n<td style=\"height: 24px\" valign=\"top\" width=\"350\">Frumger\u00f0 f\u00e6reysks trj\u00e1banka<\/td>\n<td style=\"height: 24px\" valign=\"top\" width=\"250\">Ranns\u00f3knasj\u00f3\u00f0ur H\u00e1sk\u00f3lans<\/td>\n<td style=\"height: 24px\" align=\"right\" valign=\"top\" width=\"50\">400<\/td>\n<\/tr>\n<tr style=\"height: 48px\">\n<td style=\"height: 48px\" valign=\"top\" width=\"80\">2012<\/td>\n<td style=\"height: 48px\" valign=\"top\" width=\"350\">Lei\u00f0beiningar fyrir m\u00e1lfr\u00e6\u00f0ileg gagnas\u00f6fn og greiningarhugb\u00fana\u00f0<\/td>\n<td style=\"height: 48px\" valign=\"top\" width=\"250\">N\u00fdsk\u00f6punarsj\u00f3\u00f0ur n\u00e1msmanna<\/td>\n<td style=\"height: 48px\" align=\"right\" valign=\"top\" width=\"50\">340<\/td>\n<\/tr>\n<tr style=\"height: 24px\">\n<td style=\"height: 24px\" valign=\"top\" width=\"80\">2012<\/td>\n<td style=\"height: 24px\" valign=\"top\" width=\"350\">Frumger\u00f0 f\u00e6reysks trj\u00e1banka<\/td>\n<td style=\"height: 24px\" valign=\"top\" width=\"250\">Ranns\u00f3knasj\u00f3\u00f0ur H\u00e1sk\u00f3lans<\/td>\n<td style=\"height: 24px\" align=\"right\" valign=\"top\" width=\"50\">1.300<\/td>\n<\/tr>\n<tr style=\"height: 24px\">\n<td style=\"height: 24px\" valign=\"top\" width=\"80\">2011-2013<\/td>\n<td style=\"height: 24px\" valign=\"top\" width=\"350\">META-NORD<\/td>\n<td style=\"height: 24px\" valign=\"top\" width=\"250\">ICT PSP Programme (7 FP)<\/td>\n<td style=\"height: 24px\" align=\"right\" valign=\"top\" width=\"50\">32.000<\/td>\n<\/tr>\n<tr style=\"height: 24px\">\n<td style=\"height: 24px\" valign=\"top\" width=\"80\">2011<\/td>\n<td style=\"height: 24px\" valign=\"top\" width=\"350\">Hugtakaskilgreiningar og \u00ed\u00f0or\u00f0 \u00ed m\u00e1lt\u00e6kni<\/td>\n<td style=\"height: 24px\" valign=\"top\" width=\"250\">N\u00fdsk\u00f6punarsj\u00f3\u00f0ur n\u00e1msmanna<\/td>\n<td style=\"height: 24px\" align=\"right\" valign=\"top\" width=\"50\">510<\/td>\n<\/tr>\n<tr style=\"height: 24px\">\n<td style=\"height: 24px\" valign=\"top\" width=\"80\">2011<\/td>\n<td style=\"height: 24px\" valign=\"top\" width=\"350\">S\u00f6gulegur \u00edslenskur trj\u00e1banki<\/td>\n<td style=\"height: 24px\" valign=\"top\" width=\"250\">Ranns\u00f3knasj\u00f3\u00f0ur H\u00e1sk\u00f3lans<\/td>\n<td style=\"height: 24px\" align=\"right\" valign=\"top\" width=\"50\">1.300<\/td>\n<\/tr>\n<tr style=\"height: 24px\">\n<td style=\"height: 24px\" valign=\"top\" width=\"80\">2010<\/td>\n<td style=\"height: 24px\" valign=\"top\" width=\"350\">\u00cdslensk sta\u00f0alm\u00e1lheild<\/td>\n<td style=\"height: 24px\" valign=\"top\" width=\"250\">N\u00fdsk\u00f6punarsj\u00f3\u00f0ur n\u00e1msmanna<\/td>\n<td style=\"height: 24px\" align=\"right\" valign=\"top\" width=\"50\">280<\/td>\n<\/tr>\n<tr style=\"height: 24px\">\n<td style=\"height: 24px\" valign=\"top\" width=\"80\">2010<\/td>\n<td style=\"height: 24px\" valign=\"top\" width=\"350\">S\u00f6gulegur \u00edslenskur trj\u00e1banki<\/td>\n<td style=\"height: 24px\" valign=\"top\" width=\"250\">Ranns\u00f3knasj\u00f3\u00f0ur H\u00e1sk\u00f3lans<\/td>\n<td style=\"height: 24px\" align=\"right\" valign=\"top\" width=\"50\">800<\/td>\n<\/tr>\n<tr style=\"height: 24px\">\n<td style=\"height: 24px\" valign=\"top\" width=\"80\">2009<\/td>\n<td style=\"height: 24px\" valign=\"top\" width=\"350\">Setningafr\u00e6\u00f0ileg \u00fe\u00e1ttun forn\u00edslenskra texta<\/td>\n<td style=\"height: 24px\" valign=\"top\" width=\"250\">Ranns\u00f3knasj\u00f3\u00f0ur H\u00e1sk\u00f3lans<\/td>\n<td style=\"height: 24px\" align=\"right\" valign=\"top\" width=\"50\">900<\/td>\n<\/tr>\n<tr style=\"height: 48px\">\n<td style=\"height: 48px\" valign=\"top\" width=\"80\">2009-2011<\/td>\n<td style=\"height: 48px\" valign=\"top\" width=\"350\">Viable Language Technology Beyond English<\/td>\n<td style=\"height: 48px\" valign=\"top\" width=\"250\">Ranns\u00f3knasj\u00f3\u00f0ur (\u00f6ndvegisstyrkur)<\/td>\n<td style=\"height: 48px\" align=\"right\" valign=\"top\" width=\"50\">43.485<\/td>\n<\/tr>\n<tr style=\"height: 48px\">\n<td style=\"height: 48px\" valign=\"top\" width=\"80\">2008<\/td>\n<td style=\"height: 48px\" valign=\"top\" width=\"350\">\u00cdslenskt talm\u00e1l: k\u00f3\u00f0un gagna, m\u00e1lfr\u00e6\u00f0ileg m\u00f6rkun og fr\u00e1gangur \u00ed gagnasafni<\/td>\n<td style=\"height: 48px\" valign=\"top\" width=\"250\">Ranns\u00f3knasj\u00f3\u00f0ur H\u00e1sk\u00f3lans<\/td>\n<td style=\"height: 48px\" align=\"right\" valign=\"top\" width=\"50\">800<\/td>\n<\/tr>\n<tr style=\"height: 48px\">\n<td style=\"height: 48px\" valign=\"top\" width=\"80\">2007-2008<\/td>\n<td style=\"height: 48px\" valign=\"top\" width=\"350\">Samhengish\u00e1\u00f0 ritvilluleit<\/td>\n<td style=\"height: 48px\" valign=\"top\" width=\"250\">Ranns\u00f3knasj\u00f3\u00f0ur<\/td>\n<td style=\"height: 48px\" align=\"right\" valign=\"top\" width=\"50\">3.100<\/td>\n<\/tr>\n<tr style=\"height: 48px\">\n<td style=\"height: 48px\" valign=\"top\" width=\"80\">2007<\/td>\n<td style=\"height: 48px\" valign=\"top\" width=\"350\">Setningafr\u00e6\u00f0ileg n\u00fdting v\u00e9lr\u00e6nnar greiningar forn\u00edslensku<\/td>\n<td style=\"height: 48px\" valign=\"top\" width=\"250\">Ranns\u00f3knasj\u00f3\u00f0ur H\u00e1sk\u00f3lans<\/td>\n<td style=\"height: 48px\" align=\"right\" valign=\"top\" width=\"50\">1.200<\/td>\n<\/tr>\n<tr style=\"height: 24px\">\n<td style=\"height: 24px\" valign=\"top\" width=\"80\">2006<\/td>\n<td style=\"height: 24px\" valign=\"top\" width=\"350\">V\u00e9lr\u00e6n m\u00e1lfr\u00e6\u00f0igreining forn\u00edslensku<\/td>\n<td style=\"height: 24px\" valign=\"top\" width=\"250\">N\u00fdsk\u00f6punarsj\u00f3\u00f0ur n\u00e1msmanna<\/td>\n<td style=\"height: 24px\" align=\"right\" valign=\"top\" width=\"50\">180<\/td>\n<\/tr>\n<tr style=\"height: 24px\">\n<td style=\"height: 24px\" valign=\"top\" width=\"80\">2006<\/td>\n<td style=\"height: 24px\" valign=\"top\" width=\"350\">Hluta\u00fe\u00e1ttun \u00edslensks texta<\/td>\n<td style=\"height: 24px\" valign=\"top\" width=\"250\">Ranns\u00f3knasj\u00f3\u00f0ur<\/td>\n<td style=\"height: 24px\" align=\"right\" valign=\"top\" width=\"50\">3.800<\/td>\n<\/tr>\n<tr style=\"height: 24px\">\n<td style=\"height: 24px\" valign=\"top\" width=\"80\">2003<\/td>\n<td style=\"height: 24px\" valign=\"top\" width=\"350\">Setningafr\u00e6\u00f0ilegur trj\u00e1banki fyrir \u00edslensku<\/td>\n<td style=\"height: 24px\" valign=\"top\" width=\"250\">Ranns\u00f3knasj\u00f3\u00f0ur H\u00e1sk\u00f3lans<\/td>\n<td style=\"height: 24px\" align=\"right\" valign=\"top\" width=\"50\">300<\/td>\n<\/tr>\n<tr style=\"height: 24px\">\n<td style=\"height: 24px\" valign=\"top\" width=\"80\">2002<\/td>\n<td style=\"height: 24px\" valign=\"top\" width=\"350\">Ger\u00f0 reglusafns fyrir markara<\/td>\n<td style=\"height: 24px\" valign=\"top\" width=\"250\">Tungut\u00e6knisj\u00f3\u00f0ur<\/td>\n<td style=\"height: 24px\" align=\"right\" valign=\"top\" width=\"50\">6.000<\/td>\n<\/tr>\n<tr style=\"height: 24px\">\n<td style=\"height: 24px\" valign=\"top\" width=\"80\">1994<\/td>\n<td style=\"height: 24px\" valign=\"top\" width=\"350\">Safn til s\u00f6gulegrar setningafr\u00e6\u00f0i<\/td>\n<td style=\"height: 24px\" valign=\"top\" width=\"250\">Ranns\u00f3knasj\u00f3\u00f0ur H\u00e1sk\u00f3lans<\/td>\n<td style=\"height: 24px\" align=\"right\" valign=\"top\" width=\"50\">200<\/td>\n<\/tr>\n<tr style=\"height: 24px\">\n<td style=\"height: 24px\" valign=\"top\" width=\"80\">1993<\/td>\n<td style=\"height: 24px\" valign=\"top\" width=\"350\">Setningafr\u00e6\u00f0i fornra fr\u00e1sagnartexta<\/td>\n<td style=\"height: 24px\" valign=\"top\" width=\"250\">Ranns\u00f3knasj\u00f3\u00f0ur H\u00e1sk\u00f3lans<\/td>\n<td style=\"height: 24px\" align=\"right\" valign=\"top\" width=\"50\">230<\/td>\n<\/tr>\n<tr style=\"height: 24px\">\n<td style=\"height: 24px\" valign=\"top\" width=\"80\">1992<\/td>\n<td style=\"height: 24px\" valign=\"top\" width=\"350\">Setningafr\u00e6\u00f0i fornra fr\u00e1sagnartexta<\/td>\n<td style=\"height: 24px\" valign=\"top\" width=\"250\">Ranns\u00f3knasj\u00f3\u00f0ur H\u00e1sk\u00f3lans<\/td>\n<td style=\"height: 24px\" align=\"right\" valign=\"top\" width=\"50\">240<\/td>\n<\/tr>\n<tr style=\"height: 48px\">\n<td style=\"height: 48px\" valign=\"top\" width=\"80\">1991<\/td>\n<td style=\"height: 48px\" valign=\"top\" width=\"350\">Or\u00f0st\u00f6\u00f0ulykill Sturlungu, \u00cdslendingab\u00f3kar og Landn\u00e1mab\u00f3kar<\/td>\n<td style=\"height: 48px\" valign=\"top\" width=\"250\">V\u00edsindasj\u00f3\u00f0ur<\/td>\n<td style=\"height: 48px\" align=\"right\" valign=\"top\" width=\"50\">650<\/td>\n<\/tr>\n<tr style=\"height: 24px\">\n<td style=\"height: 24px\" valign=\"top\" width=\"80\">1991<\/td>\n<td style=\"height: 24px\" valign=\"top\" width=\"350\">Setningafr\u00e6\u00f0i fornra fr\u00e1sagnartexta<\/td>\n<td style=\"height: 24px\" valign=\"top\" width=\"250\">Ranns\u00f3knasj\u00f3\u00f0ur H\u00e1sk\u00f3lans<\/td>\n<td style=\"height: 24px\" align=\"right\" valign=\"top\" width=\"50\">240<\/td>\n<\/tr>\n<tr style=\"height: 24px\">\n<td style=\"height: 24px\" valign=\"top\" width=\"80\">1990<\/td>\n<td style=\"height: 24px\" valign=\"top\" width=\"350\">Setningafr\u00e6\u00f0i fornra fr\u00e1sagnartexta<\/td>\n<td style=\"height: 24px\" valign=\"top\" width=\"250\">Ranns\u00f3knasj\u00f3\u00f0ur H\u00e1sk\u00f3lans<\/td>\n<td style=\"height: 24px\" align=\"right\" valign=\"top\" width=\"50\">240<\/td>\n<\/tr>\n<tr style=\"height: 24px\">\n<td style=\"height: 24px\" valign=\"top\" width=\"80\">1989<\/td>\n<td style=\"height: 24px\" valign=\"top\" width=\"350\">Or\u00f0st\u00f6\u00f0ulykill \u00cdslendinga sagna<\/td>\n<td style=\"height: 24px\" valign=\"top\" width=\"250\">V\u00edsindasj\u00f3\u00f0ur<\/td>\n<td style=\"height: 24px\" align=\"right\" valign=\"top\" width=\"50\">500<\/td>\n<\/tr>\n<tr style=\"height: 48px\">\n<td style=\"height: 48px\" valign=\"top\" width=\"80\">1989<\/td>\n<td style=\"height: 48px\" valign=\"top\" width=\"350\">Samnorr\u00e6n \u00e1\u00e6tlun um v\u00e9lr\u00e6na greiningu mannlegs m\u00e1ls<\/td>\n<td style=\"height: 48px\" valign=\"top\" width=\"250\">Ranns\u00f3knasj\u00f3\u00f0ur H\u00e1sk\u00f3lans<\/td>\n<td style=\"height: 48px\" align=\"right\" valign=\"top\" width=\"50\">300<\/td>\n<\/tr>\n<tr style=\"height: 24px\">\n<td style=\"height: 24px\" valign=\"top\" width=\"80\">1989<\/td>\n<td style=\"height: 24px\" valign=\"top\" width=\"350\">\u00cdslensk or\u00f0myndun<\/td>\n<td style=\"height: 24px\" valign=\"top\" width=\"250\">Ranns\u00f3knasj\u00f3\u00f0ur H\u00e1sk\u00f3lans<\/td>\n<td style=\"height: 24px\" align=\"right\" valign=\"top\" width=\"50\">200<\/td>\n<\/tr>\n<tr style=\"height: 10px\">\n<td style=\"height: 10px\" valign=\"top\" width=\"80\">1988<\/td>\n<td style=\"height: 10px\" valign=\"top\" width=\"350\">\u00cdslensk or\u00f0myndun<\/td>\n<td style=\"height: 10px\" valign=\"top\" width=\"250\">Ranns\u00f3knasj\u00f3\u00f0ur H\u00e1sk\u00f3lans<\/td>\n<td style=\"height: 10px\" align=\"right\" valign=\"top\" width=\"50\">120<\/td>\n<\/tr>\n<tr style=\"height: 24px\">\n<td style=\"height: 24px\" valign=\"top\" width=\"80\">1985<\/td>\n<td style=\"height: 24px\" valign=\"top\" width=\"350\">\u00cdslensk setningafr\u00e6\u00f0i, einkum or\u00f0ar\u00f6\u00f0<\/td>\n<td style=\"height: 24px\" valign=\"top\" width=\"250\">Ranns\u00f3knasj\u00f3\u00f0ur H\u00e1sk\u00f3lans<\/td>\n<td style=\"height: 24px\" align=\"right\" valign=\"top\" width=\"50\">50<\/td>\n<\/tr>\n<tr style=\"height: 24px\">\n<td style=\"height: 24px\" valign=\"top\" width=\"80\">1984<\/td>\n<td style=\"height: 24px\" valign=\"top\" width=\"350\">\u00cdslensk setningafr\u00e6\u00f0i, einkum or\u00f0ar\u00f6\u00f0<\/td>\n<td style=\"height: 24px\" valign=\"top\" width=\"250\">Ranns\u00f3knasj\u00f3\u00f0ur H\u00e1sk\u00f3lans<\/td>\n<td style=\"height: 24px\" align=\"right\" valign=\"top\" width=\"50\">50<\/td>\n<\/tr>\n<tr style=\"height: 24px\">\n<td style=\"height: 24px\" valign=\"top\" width=\"80\">1983<\/td>\n<td style=\"height: 24px\" valign=\"top\" width=\"350\">\u00cdslensk setningafr\u00e6\u00f0i, einkum or\u00f0ar\u00f6\u00f0<\/td>\n<td style=\"height: 24px\" valign=\"top\" width=\"250\">Ranns\u00f3knasj\u00f3\u00f0ur H\u00e1sk\u00f3lans<\/td>\n<td style=\"height: 24px\" align=\"right\" valign=\"top\" width=\"50\">30<\/td>\n<\/tr>\n<\/tbody>\n<\/table>\n<p><strong>Ver\u00f0laun og vi\u00f0urkenningar:<\/strong><\/p>\n<ul>\n<li>2023: <a href=\"https:\/\/www.clarin.eu\/news\/steven-krauwer-awards-2023\">Steven Krauwer Award<\/a><\/li>\n<li>2019: <a href=\"https:\/\/www.facebook.com\/blindrafelagid\/posts\/2161484057233270\/?paipv=0&amp;eav=AfY-Ig_Nhj-Jyz8koEjZDAQZaScMV5vp03EBrjPNRqp-UjD_Cw6g_eYyBcE0DE-zVs4&amp;_rdr\">Gulllampi Blindraf\u00e9lags \u00cdslands<\/a><\/li>\n<li>2018: <a href=\"https:\/\/www.hi.is\/frettir\/eirikur_hlytur_verdlaun_jonasar_hallgrimssonar\">Ver\u00f0laun J\u00f3nasar Hallgr\u00edmssonar<\/a><\/li>\n<li>2018: <a href=\"https:\/\/www.dv.is\/fokus\/2018\/10\/6\/eirikur-rognvaldsson-hlaut-heidursverdlaun-menningarverdlauna-dv\/\">Hei\u00f0ursver\u00f0laun menningarver\u00f0launa DV<\/a><\/li>\n<li>2017: <a href=\"https:\/\/www.facebook.com\/hugvisindasvid\/photos\/%C3%A1-n%C3%BD%C3%A1rsdag-s%C3%A6mdi-forseti-%C3%ADslands-eir%C3%ADk-r%C3%B6gnvaldsson-pr%C3%B3fessor-riddarakrossi-hinn\/1841909902754782\/\">Riddarakross hinnar \u00edslensku f\u00e1lkaor\u00f0u<\/a><\/li>\n<li>2016: <a href=\"https:\/\/www.hi.is\/frettir\/hljota_vidurkenningu_fyrir_lofsverdan_arangur_i_starfi\">Vi\u00f0urkenning H\u00e1sk\u00f3lans fyrir lofsvert framlag til kennslu<\/a><\/li>\n<li>2006: <a href=\"https:\/\/www.hi.is\/sites\/default\/files\/atli\/pdf\/kynningar\/hagnytingarverdlaun\/uppur_skuffunum_2006.pdf\">Fyrstu ver\u00f0laun \u00ed samkeppninni <em>Upp\u00far sk\u00faffunum<\/em><\/a> sem Ranns\u00f3kna\u00fej\u00f3nusta H\u00e1sk\u00f3lans stendur fyrir (\u00e1samt Hrafni Loftssyni og Sigr\u00fanu Helgad\u00f3ttur)<\/li>\n<li>1996: Vi\u00f0urkenning <em>Hag\u00feenkis<\/em> fyrir <em>Or\u00f0st\u00f6\u00f0ulykil \u00cdslendinga sagna<\/em> (me\u00f0 Berglj\u00f3tu S. Kristj\u00e1nsd\u00f3ttur, Gu\u00f0r\u00fanu Ing\u00f3lfsd\u00f3ttur og \u00d6rn\u00ad\u00f3lfi Thorssyni)<\/li>\n<\/ul>\n","protected":false},"excerpt":{"rendered":"<p>\u00c9g hef fengi\u00f0 styrki til \u00fdmissa ranns\u00f3knar- og \u00fer\u00f3unarverkefna \u00far Ranns\u00f3knasj\u00f3\u00f0i, Ranns\u00f3knasj\u00f3\u00f0i H\u00e1sk\u00f3lans, Innvi\u00f0asj\u00f3\u00f0i, N\u00fdsk\u00f6punarsj\u00f3\u00f0i n\u00e1msmanna, Styrktarsj\u00f3\u00f0i \u00c1slaugar Hafli\u00f0ad\u00f3ttur og Tungut\u00e6knisj\u00f3\u00f0i. H\u00e9r eru eing\u00f6ngu taldir styrkir \u00fear sem \u00e9g var verkefnisstj\u00f3ri (\u00ed eitt skipti \u00e1samt \u00f6\u00f0rum) e\u00f0a stj\u00f3rnandi \u00edslensks hluta verkefnis. T\u00edmabil Verkefni Styrkveitandi Upph\u00e6\u00f0 \u00ed \u00fe\u00fas. 2019 \u00cdslensk m\u00e1lg\u00f6gn Innvi\u00f0asj\u00f3\u00f0ur 11.795 2017 \u00dej\u00e1lfun h\u00e1sk\u00f3lanema [&hellip;]<\/p>\n","protected":false},"author":141,"featured_media":0,"parent":9,"menu_order":0,"comment_status":"closed","ping_status":"closed","template":"","meta":{"footnotes":""},"class_list":["post-673","page","type-page","status-publish","hentry"],"_links":{"self":[{"href":"https:\/\/uni.hi.is\/eirikur\/wp-json\/wp\/v2\/pages\/673","targetHints":{"allow":["GET"]}}],"collection":[{"href":"https:\/\/uni.hi.is\/eirikur\/wp-json\/wp\/v2\/pages"}],"about":[{"href":"https:\/\/uni.hi.is\/eirikur\/wp-json\/wp\/v2\/types\/page"}],"author":[{"embeddable":true,"href":"https:\/\/uni.hi.is\/eirikur\/wp-json\/wp\/v2\/users\/141"}],"replies":[{"embeddable":true,"href":"https:\/\/uni.hi.is\/eirikur\/wp-json\/wp\/v2\/comments?post=673"}],"version-history":[{"count":45,"href":"https:\/\/uni.hi.is\/eirikur\/wp-json\/wp\/v2\/pages\/673\/revisions"}],"predecessor-version":[{"id":5649,"href":"https:\/\/uni.hi.is\/eirikur\/wp-json\/wp\/v2\/pages\/673\/revisions\/5649"}],"up":[{"embeddable":true,"href":"https:\/\/uni.hi.is\/eirikur\/wp-json\/wp\/v2\/pages\/9"}],"wp:attachment":[{"href":"https:\/\/uni.hi.is\/eirikur\/wp-json\/wp\/v2\/media?parent=673"}],"curies":[{"name":"wp","href":"https:\/\/api.w.org\/{rel}","templated":true}]}}