{"id":71,"date":"2010-05-15T11:19:09","date_gmt":"2010-05-15T11:19:09","guid":{"rendered":"http:\/\/uni.hi.is\/eirikur\/?page_id=71"},"modified":"2014-04-13T09:30:45","modified_gmt":"2014-04-13T09:30:45","slug":"or%c3%b0hlutafr%c3%a6%c3%b0i","status":"publish","type":"page","link":"https:\/\/uni.hi.is\/eirikur\/rannsoknir\/or%c3%b0hlutafr%c3%a6%c3%b0i\/","title":{"rendered":"Or\u00f0hlutafr\u00e6\u00f0i"},"content":{"rendered":"<p><!--:de-->Snemma \u00e1rs  1983 skrifa\u00f0i \u00e9g b\u00f3kina <em><a href=\"http:\/\/notendur.hi.is\/eirikur\/ordhlfr.pdf\">\u00cdslenska or\u00f0hlutafr\u00e6\u00f0i<\/a><\/em> (1983e) sem nokkrum sinnum hefur veri\u00f0 gefin \u00fat s\u00ed\u00f0an,  l\u00edtillega endursko\u00f0u\u00f0 (s\u00ed\u00f0ast 1990a). \u00de\u00f3tt \u00fear s\u00e9 um kennslub\u00f3k a\u00f0 r\u00e6\u00f0a liggja  verulegar sj\u00e1lfst\u00e6\u00f0ar ranns\u00f3knir \u00e1 \u00edslenskri beygingu a\u00f0 baki, einkum fyrri k\u00f6flum  b\u00f3karinnar. \u00c1 \u00e1runum 1986-1989 f\u00e9kkst \u00e9g svo talsvert vi\u00f0 athuganir \u00e1 \u00edslenskri  or\u00f0myndun, flutti nokkra fyrirlestra og skrifa\u00f0i greinar, m.a. um t\u00ed\u00f0ni og virkni vi\u00f0skeyta (<a href=\"http:\/\/notendur.hi.is\/eirikur\/vidsk.pdf\">1987c<\/a>, <a href=\"http:\/\/notendur.hi.is\/eirikur\/einsl.pdf\">1988b<\/a>). \u00de\u00e1 ger\u00f0i \u00e9g \u00edtarlegar yfirlitst\u00f6flur um  stofnger\u00f0 or\u00f0a (<a href=\"http:\/\/notendur.hi.is\/eirikur\/stofn.pdf\">2001a<\/a>).<\/p>\n<p>\u00c9g hef ekki skrifa\u00f0 neitt heildaryfirlit um \u00feessar  athuganir, en <em><a href=\"http:\/\/notendur.hi.is\/eirikur\/rim.htm\">\u00cdslensk r\u00edmor\u00f0ab\u00f3k<\/a><\/em> (1989b), er unnin upp \u00far \u00feeim g\u00f6gnum sem \u00e9g safna\u00f0i a\u00f0  m\u00e9r vi\u00f0 \u00feessar ranns\u00f3knir. \u00de\u00f3tt s\u00fa b\u00f3k s\u00e9 strangt teki\u00f0 ekki fr\u00e6\u00f0irit getur h\u00fan  komi\u00f0 m\u00e1lfr\u00e6\u00f0ingum a\u00f0 miklu gagni vi\u00f0 \u00fdmsar ranns\u00f3knir \u00ed hlj\u00f3\u00f0fr\u00e6\u00f0i,  hlj\u00f3\u00f0kerfisfr\u00e6\u00f0i og or\u00f0hlutafr\u00e6\u00f0i.<\/p>\n<h3>Rit og fyrirlestrar sem tengjast \u00feessu ranns\u00f3knarsvi\u00f0i<\/h3>\n<table border=\"0\" cellpadding=\"0\">\n<tbody>\n<tr>\n<td>2010g:<\/td>\n<td><a href=\"http:\/\/notendur.hi.is\/eirikur\/ymis.pdf\"><i>\u00ddmis.<\/i><\/a> <em>Arav\u00edsur<\/em> sungnar Ara P\u00e1li Kristinssyni fimmtugum 28. september 2010, s. 10-12. Menningar- og   minningarsj\u00f3\u00f0ur Mette Magnussen, Reykjav\u00edk.<\/td>\n<\/tr>\n<tr>\n<td>2010a:<\/td>\n<td><a href=\"http:\/\/notendur.hi.is\/eirikur\/kristin.pdf\">Sm\u00e1grein handa Krist\u00edni.<\/a> <em>Nokkrar handl\u00ednur<\/em> br\u00f3dera\u00f0ar handa   Krist\u00ednu Bjarnad\u00f3ttur sextugri 9. jan\u00faar 2010, s. 27-32. Menningar- og   minningarsj\u00f3\u00f0ur Mette Magnussen, Reykjav\u00edk.<\/td>\n<\/tr>\n<tr>\n<td>2007c:<\/td>\n<td><a href=\"http:\/\/notendur.hi.is\/eirikur\/sjalfs.pdf\">Sj\u00e1lfs m\u00edn(s) s\u00f6k?<\/a> <em>\u00cdslenskt    m\u00e1l <\/em>28:117-130.<em><\/em><\/td>\n<\/tr>\n<tr>\n<td>2001e:<\/td>\n<td>Or\u00f0flokkar.  (\u00c1samt \u00c1stu Svavarsd\u00f3ttur.)   \u00de\u00f3runn Bl\u00f6ndal og Heimir P\u00e1lsson (ritstj.): <em>Alfr\u00e6\u00f0i \u00edslenskrar  tungu<\/em>.   [Margmi\u00f0lunardiskur.] L\u00fd\u00f0veldissj\u00f3\u00f0ur og N\u00e1msgagna\u00adstofnun, Reykjav\u00edk.<\/td>\n<\/tr>\n<tr>\n<td>2001a:<\/td>\n<td><a href=\"http:\/\/notendur.hi.is\/eirikur\/stofn.pdf\">Stofnger\u00f0   \u00edslenskra or\u00f0a.<\/a> <em>Or\u00f0 og tunga <\/em>5:129-166.<\/td>\n<\/tr>\n<tr>\n<td>2000a:<\/td>\n<td><a href=\"http:\/\/notendur.hi.is\/eirikur\/Fall.pdf\">F\u00f6ll og kyn a\u00f0 fornu og  n\u00fdju.<\/a> <em>Or\u00f0hagi.<\/em> Afm\u00e6lisrit   J\u00f3ns A\u00f0alsteins J\u00f3nssonar 12. okt\u00f3ber 2000.<\/td>\n<\/tr>\n<tr>\n<td>1998a:<\/td>\n<td><a href=\"http:\/\/notendur.hi.is\/eirikur\/om.pdf\">M\u00e1lfr\u00e6\u00f0i \u00ed \u00edslenskri  or\u00f0ab\u00f3k: Hvernig og til hvers?<\/a> <em>Or\u00f0   og tunga<\/em> 4:25-32.<\/td>\n<\/tr>\n<tr>\n<td>1994b:<\/td>\n<td><a href=\"http:\/\/notendur.hi.is\/eirikur\/cases.pdf\">The Status of  Morphological Case in the Icelandic Lexicon.<\/a> [\u00d3prentu\u00f0 ritger\u00f0.]<\/td>\n<\/tr>\n<tr>\n<td>1990a:<\/td>\n<td><em><a href=\"http:\/\/notendur.hi.is\/eirikur\/ordhlfr.pdf\">\u00cdslensk or\u00f0hlutafr\u00e6\u00f0i.<\/a><\/em> Kennslukver   handa nemendum \u00e1 h\u00e1sk\u00f3lastigi. 4. \u00fatg\u00e1fa. M\u00e1lv\u00edsindastofnun H\u00e1sk\u00f3la  \u00cdslands,   Reykjav\u00edk. [Endursko\u00f0u\u00f0 og breytt fr\u00e1 1986a.]<\/td>\n<\/tr>\n<tr>\n<td>1989b:<\/td>\n<td><em><a href=\"http:\/\/notendur.hi.is\/eirikur\/rim.htm\">\u00cdslensk r\u00edmor\u00f0ab\u00f3k.<\/a><\/em> I\u00f0unn,   Reykjav\u00edk.<\/td>\n<\/tr>\n<tr>\n<td>1988b:<\/td>\n<td><a href=\"http:\/\/notendur.hi.is\/eirikur\/einsl.pdf\">Einsleitur grunnur  \u00edslenskra vi\u00f0skeyta.<\/a> [\u00d3prentu\u00f0 ritger\u00f0.]<\/td>\n<\/tr>\n<tr>\n<td>1987d:<\/td>\n<td><a href=\"http:\/\/notendur.hi.is\/eirikur\/ritd.pdf\">Ritd\u00f3mur um <em>Frambur\u00f0ur  og myndun fleirt\u00f6lu hj\u00e1 200   \u00edslenskum b\u00f6rnum vi\u00f0 fj\u00f6gra og sex \u00e1ra aldur<\/em> eftir Indri\u00f0a  G\u00edslason,   Sigur\u00f0 Konr\u00e1\u00f0sson og Benedikt J\u00f3hannesson.<\/a> <em>\u00cdslenskt m\u00e1l<\/em> 9:143-147.<\/td>\n<\/tr>\n<tr>\n<td>1987c:<\/td>\n<td><a href=\"http:\/\/notendur.hi.is\/eirikur\/vidsk.pdf\">Nokkur vi\u00f0skeyti og t\u00ed\u00f0ni  \u00feeirra.<\/a> <em>Morgunbla\u00f0i\u00f0<\/em> 15. ma\u00ed. [Upphaflega flutt \u00e1 r\u00e1\u00f0stefnu \u00cdslenska m\u00e1lfr\u00e6\u00f0if\u00e9lagsins \u201eA\u00f0  or\u00f0a \u00e1   \u00edslensku\u201c 8. n\u00f3vember 1986.]<\/td>\n<\/tr>\n<tr>\n<td>1986e:<\/td>\n<td><a href=\"http:\/\/notendur.hi.is\/eirikur\/tolvuord.pdf\">Ritd\u00f3mur um <em>T\u00f6lvuor\u00f0asafn.<\/em><\/a> <em>\u00cdslenskt m\u00e1l<\/em> 8:191-200.<\/td>\n<\/tr>\n<tr>\n<td>1986a:<\/td>\n<td><em>\u00cdslensk   or\u00f0hlutafr\u00e6\u00f0i.<\/em> Kennslukver handa  nemendum \u00e1 h\u00e1sk\u00f3lastigi. [3. \u00fatg.,   141 s. Endursko\u00f0u\u00f0 ger\u00f0 af seinni hluta 1984a.]   M\u00e1lv\u00edsindastofnun H\u00e1sk\u00f3la \u00cdslands, Reykjav\u00edk.<\/td>\n<\/tr>\n<tr>\n<td>1984a:<\/td>\n<td><em><a href=\"http:\/\/notendur.hi.is\/eirikur\/im.pdf\">\u00cdslensk   m\u00e1lfr\u00e6\u00f0i.<\/em> Hlj\u00f3\u00f0kerfisfr\u00e6\u00f0i og  beygingafr\u00e6\u00f0i.<\/a> [Fj\u00f6lritu\u00f0   kennslub\u00f3k, 180 s. Aukin og endursko\u00f0u\u00f0 ger\u00f0 af 1983e og 1983f.]  Reykjav\u00edk.<\/td>\n<\/tr>\n<tr>\n<td>1983h:<\/td>\n<td><a href=\"http:\/\/notendur.hi.is\/eirikur\/islgramm.pdf\">Ritd\u00f3mur um <em>Isl\u00e4ndische  Grammatik<\/em> eftir Bruno   Kress.<\/a> <em>\u00cdslenskt m\u00e1l<\/em> 5:185-196.<\/td>\n<\/tr>\n<tr>\n<td>1983e:<\/td>\n<td><em>\u00cdslensk   or\u00f0hlutafr\u00e6\u00f0i.<\/em> [Fj\u00f6lrita\u00f0  kennslukver, 122 s.]<\/td>\n<\/tr>\n<tr>\n<td>1982c:<\/td>\n<td><a href=\"http:\/\/notendur.hi.is\/eirikur\/ordmynd.pdf\">Or\u00f0myndun og  or\u00f0myndunarreglur \u00ed \u00edslensku.<\/a> [\u00d3prentu\u00f0   ritger\u00f0.]<\/td>\n<\/tr>\n<\/tbody>\n<\/table>\n<ul>\n<li><a href=\"http:\/\/notendur.hi.is\/eirikur\/sjalfssok.pdf\">Sj\u00e1lfs m\u00edn(s) s\u00f6k?<\/a> <em>M\u00e1l\u00feing \u00ed minningu Bj\u00f6rns Gu\u00f0finnssonar.<\/em> \u00cdslenska m\u00e1lfr\u00e6\u00f0if\u00e9lagi\u00f0 og M\u00e1lv\u00edsindastofnun H\u00e1sk\u00f3la \u00cdslands, Reykjav\u00edk, 29. okt\u00f3ber 2005.<\/li>\n<li><a href=\"http:\/\/notendur.hi.is\/eirikur\/stofngerd.pdf\">Stofnger\u00f0 \u00edslenskra or\u00f0a.<\/a> Erindar\u00f6\u00f0in <em>Or\u00f0ar\u00fdni.<\/em> Or\u00f0ab\u00f3k H\u00e1sk\u00f3lans, Reykjav\u00edk, 20. apr\u00edl 2001.<\/li>\n<li><a href=\"http:\/\/notendur.hi.is\/eirikur\/einsl.pdf\">Um merkingu, notkun og t\u00ed\u00f0ni nokkurra vi\u00f0skeyta.<\/a> <em>3. Rask-r\u00e1\u00f0stefnan.<\/em> \u00cdslenska m\u00e1lfr\u00e6\u00f0if\u00e9lagi\u00f0, Reykjav\u00edk, 19. n\u00f3vember 1988.<\/li>\n<li><a href=\"http:\/\/notendur.hi.is\/eirikur\/vidsk.pdf\">Nokkur vi\u00f0skeyti og t\u00ed\u00f0ni \u00feeirra.<\/a> <em>1. Rask-r\u00e1\u00f0stefnan.<\/em> \u00cdslenska m\u00e1lfr\u00e6\u00f0if\u00e9lagi\u00f0, Reykjav\u00edk, 8. n\u00f3vember 1986.<\/li>\n<\/ul>\n<p><!--:--><!--:en-->Snemma \u00e1rs  1983 skrifa\u00f0i \u00e9g b\u00f3kina <em><a href=\"http:\/\/notendur.hi.is\/eirikur\/ordhlfr.pdf\">\u00cdslenska or\u00f0hlutafr\u00e6\u00f0i<\/a><\/em>  sem nokkrum sinnum hefur veri\u00f0 gefin \u00fat s\u00ed\u00f0an,  l\u00edtillega endursko\u00f0u\u00f0 - s\u00ed\u00f0ast 2013 \u00feegar h\u00fan var gefin \u00fat \u00ed <a href=\"http:\/\/notendur.hi.is\/eirikur\/hoi.pdf\">rafr\u00e6nni \u00fatg\u00e1fu<\/a> \u00e1samt kennsluefni um \u00edslenska hlj\u00f3\u00f0fr\u00e6\u00f0i og hlj\u00f3\u00f0kerfisfr\u00e6\u00f0i. \u00de\u00f3tt \u00fear s\u00e9 um kennslub\u00f3k a\u00f0 r\u00e6\u00f0a liggja  verulegar sj\u00e1lfst\u00e6\u00f0ar ranns\u00f3knir \u00e1 \u00edslenskri beygingu a\u00f0 baki, einkum fyrri k\u00f6flum  b\u00f3karinnar. \u00c1 \u00e1runum 1986-1989 f\u00e9kkst \u00e9g svo talsvert vi\u00f0 athuganir \u00e1 \u00edslenskri  or\u00f0myndun, flutti nokkra fyrirlestra og skrifa\u00f0i greinar, m.a. um t\u00ed\u00f0ni og virkni vi\u00f0skeyta (sj\u00e1 h\u00e9r a\u00f0 ne\u00f0an). \u00de\u00e1 ger\u00f0i \u00e9g \u00edtarlegar  <a href=\"http:\/\/notendur.hi.is\/eirikur\/stofn.pdf\">yfirlitst\u00f6flur um  stofnger\u00f0 or\u00f0a<\/a>.<\/p>\n<p>\u00c9g hef ekki skrifa\u00f0 neitt heildaryfirlit um \u00feessar  athuganir, en <em><a href=\"http:\/\/notendur.hi.is\/eirikur\/rim.htm\">\u00cdslensk r\u00edmor\u00f0ab\u00f3k<\/a><\/em> er unnin upp \u00far \u00feeim g\u00f6gnum sem \u00e9g safna\u00f0i a\u00f0  m\u00e9r vi\u00f0 \u00feessar ranns\u00f3knir. \u00de\u00f3tt s\u00fa b\u00f3k s\u00e9 strangt teki\u00f0 ekki fr\u00e6\u00f0irit getur h\u00fan  komi\u00f0 m\u00e1lfr\u00e6\u00f0ingum a\u00f0 miklu gagni vi\u00f0 \u00fdmsar ranns\u00f3knir \u00ed hlj\u00f3\u00f0fr\u00e6\u00f0i,  hlj\u00f3\u00f0kerfisfr\u00e6\u00f0i og or\u00f0hlutafr\u00e6\u00f0i.<\/p>\n<p>\u00c1 seinni \u00e1rum hef \u00e9g skrifa\u00f0 f\u00e1einar sm\u00e1greinar um or\u00f0hlutafr\u00e6\u00f0ileg efni, m.a. or\u00f0flokkagreiningu.<\/p>\n<h3>Rit og fyrirlestrar sem tengjast \u00feessu ranns\u00f3knarsvi\u00f0i<\/h3>\n<ol>\n<li>Eir\u00edkur R\u00f6gnvaldsson. 2013. <a href=\"http:\/\/notendur.hi.is\/eirikur\/hoi.pdf\">Hlj\u00f3\u00f0kerfi og or\u00f0hlutakerfi \u00edslensku.<\/a> [Rafr\u00e6n \u00fatg\u00e1fa.] Reykjav\u00edk.\n<li>Eir\u00edkur R\u00f6gnvaldsson. 2011. Form\u00e1li. Bragi Valdimar Sk\u00falason (ritstj.): <em>Riddararaddir.<\/em> 33 \u00edslenskar samhverfur me\u00f0 myndum, s. 6-7. (V\u00edsd\u00f3msrit Baggal\u00fats 1.) Baggal\u00fatur, Rekjav\u00edk.<\/li>\n<li>Eir\u00edkur R\u00f6gnvaldsson. 2010. <a href=\"http:\/\/notendur.hi.is\/eirikur\/ymis.pdf\"><em>\u00ddmis.<\/em><\/a> <em>Arav\u00edsur<\/em> sungnar Ara P\u00e1li Kristinssyni fimmtugum 28. september 2010, s. 10-12. Menningar- og minningarsj\u00f3\u00f0ur Mette Magnussen, Reykjav\u00edk.<\/li>\n<li>Eir\u00edkur R\u00f6gnvaldsson. 2010. <a href=\"http:\/\/notendur.hi.is\/eirikur\/kristin.pdf\">Sm\u00e1grein handa Krist\u00edni.<\/a> <em>Nokkrar handl\u00ednur<\/em> br\u00f3dera\u00f0ar handa Krist\u00ednu Bjarnad\u00f3ttur sextugri 9. jan\u00faar 2010, s. 27-32. Menningar- og minningarsj\u00f3\u00f0ur Mette Magnussen, Reykjav\u00edk.<\/li>\n<li>Eir\u00edkur R\u00f6gnvaldsson. 2007. <a href=\"http:\/\/notendur.hi.is\/eirikur\/sjalfs.pdf\">Sj\u00e1lfs m\u00edn(s) s\u00f6k?<\/a> <em>\u00cdslenskt m\u00e1l <\/em>28:117-130.<em><\/em><\/li>\n<li>Eir\u00edkur R\u00f6gnvaldsson. 2001. <a href=\"http:\/\/notendur.hi.is\/eirikur\/stofn.pdf\">Stofnger\u00f0 \u00edslenskra or\u00f0a.<\/a> <em>Or\u00f0 og tunga <\/em>5:129-166.<\/li>\n<li>Eir\u00edkur R\u00f6gnvaldsson. 2000. <a href=\"http:\/\/notendur.hi.is\/eirikur\/Fall.pdf\">F\u00f6ll og kyn a\u00f0 fornu og n\u00fdju.<\/a> <em>Or\u00f0hagi.<\/em> Afm\u00e6lisrit J\u00f3ns A\u00f0alsteins J\u00f3nssonar 12. okt\u00f3ber 2000.<\/li>\n<li>Eir\u00edkur R\u00f6gnvaldsson. 1998. <a href=\"http:\/\/notendur.hi.is\/eirikur\/om.pdf\">M\u00e1lfr\u00e6\u00f0i \u00ed \u00edslenskri or\u00f0ab\u00f3k: Hvernig og til hvers?<\/a> <em>Or\u00f0 og tunga<\/em> 4:25-32.<\/li>\n<li>Eir\u00edkur R\u00f6gnvaldsson. 1994. <a href=\"http:\/\/notendur.hi.is\/eirikur\/cases.pdf\">The Status of Morphological Case in the Icelandic Lexicon.<\/a> [\u00d3prentu\u00f0 grein.]<\/li>\n<li>Eir\u00edkur R\u00f6gnvaldsson. 1994. <a href=\"http:\/\/notendur.hi.is\/eirikur\/samt.pdf\">\"Er ekki kominn t\u00edmi til a\u00f0 tengja?\"<\/a> <em>J\u00f3n\u00edna hans J\u00f3ns G. Fri\u00f0j\u00f3nssonar<\/em>, bls. 16-21. Reykjav\u00edk.<\/li>\n<li>Eir\u00edkur R\u00f6gnvaldsson. 1990. <em><a href=\"http:\/\/notendur.hi.is\/eirikur\/ordhlfr.pdf\">\u00cdslensk or\u00f0hlutafr\u00e6\u00f0i.<\/a><\/em> Kennslukver handa nemendum \u00e1 h\u00e1sk\u00f3lastigi. 4. \u00fatg\u00e1fa. M\u00e1lv\u00edsindastofnun H\u00e1sk\u00f3la \u00cdslands, Reykjav\u00edk.<\/li>\n<li>Eir\u00edkur R\u00f6gnvaldsson. 1989. <em><a href=\"http:\/\/notendur.hi.is\/eirikur\/Rim.pdf\">\u00cdslensk r\u00edmor\u00f0ab\u00f3k.<\/a><\/em> I\u00f0unn, Reykjav\u00edk.<\/li>\n<li>Eir\u00edkur R\u00f6gnvaldsson. 1988. <a href=\"http:\/\/notendur.hi.is\/eirikur\/einsl.pdf\">Einsleitur grunnur \u00edslenskra vi\u00f0skeyta.<\/a> [\u00d3prentu\u00f0 grein.]<\/li>\n<li>Eir\u00edkur R\u00f6gnvaldsson. 1987. <a href=\"http:\/\/notendur.hi.is\/eirikur\/ritd.pdf\">Ritd\u00f3mur um <em>Frambur\u00f0ur og myndun fleirt\u00f6lu hj\u00e1 200 \u00edslenskum b\u00f6rnum vi\u00f0 fj\u00f6gra og sex \u00e1ra aldur<\/em> eftir Indri\u00f0a G\u00edslason, Sigur\u00f0 Konr\u00e1\u00f0sson og Benedikt J\u00f3hannesson.<\/a> <em>\u00cdslenskt m\u00e1l<\/em> 9:143-147.<\/li>\n<li>Eir\u00edkur R\u00f6gnvaldsson. 1987. <a href=\"http:\/\/notendur.hi.is\/eirikur\/vidsk.pdf\">Nokkur vi\u00f0skeyti og t\u00ed\u00f0ni \u00feeirra.<\/a> <em>Morgunbla\u00f0i\u00f0<\/em> 15. ma\u00ed.<\/li>\n<li>Eir\u00edkur R\u00f6gnvaldsson. 1987. <a href=\"http:\/\/notendur.hi.is\/eirikur\/ovwo.pdf\">OV Word Order in Icelandic.<\/a> Allan, R.D.S., og Michael P. Barnes (ritstj.): <em>Proceedings of the Seventh Biennial Conference of Teachers of Scandinavian Studies in Great Britain and Northern Ireland<\/em>, bls. 33-49. University College, London.<\/li>\n<li>Eir\u00edkur R\u00f6gnvaldsson. 1986. <a href=\"http:\/\/notendur.hi.is\/eirikur\/tolvuord.pdf\">Ritd\u00f3mur um <em>T\u00f6lvuor\u00f0asafn.<\/em><\/a> <em>\u00cdslenskt m\u00e1l<\/em> 8:191-200.<\/li>\n<li>Eir\u00edkur R\u00f6gnvaldsson. 1986. <em>\u00cdslensk or\u00f0hlutafr\u00e6\u00f0i.<\/em> Kennslukver handa nemendum \u00e1 h\u00e1sk\u00f3lastigi. [3. \u00fatg.] M\u00e1lv\u00edsindastofnun H\u00e1sk\u00f3la \u00cdslands, Reykjav\u00edk.<\/li>\n<li>Eir\u00edkur R\u00f6gnvaldsson. 1984. <em><a href=\"http:\/\/notendur.hi.is\/eirikur\/im.pdf\">\u00cdslensk m\u00e1lfr\u00e6\u00f0i.<\/a><\/em><a href=\"http:\/\/notendur.hi.is\/eirikur\/im.pdf\"> Hlj\u00f3\u00f0kerfisfr\u00e6\u00f0i og beygingafr\u00e6\u00f0i.<\/a> [Fj\u00f6lritu\u00f0 kennslub\u00f3k.] Reykjav\u00edk.<\/li>\n<li>Eir\u00edkur R\u00f6gnvaldsson. 1983. <a href=\"http:\/\/notendur.hi.is\/eirikur\/islgramm.pdf\">Ritd\u00f3mur um <em>Isl\u00e4ndische Grammatik<\/em> eftir Bruno Kress.<\/a> <em>\u00cdslenskt m\u00e1l<\/em> 5:185-196.<\/li>\n<li>Eir\u00edkur R\u00f6gnvaldsson. 1983. <em>\u00cdslensk or\u00f0hlutafr\u00e6\u00f0i.<\/em> [Fj\u00f6lrita\u00f0 kennslukver, 122 s.]<\/li>\n<li>Eir\u00edkur R\u00f6gnvaldsson. 1982. <a href=\"http:\/\/notendur.hi.is\/eirikur\/ordmynd.pdf\">Or\u00f0myndun og or\u00f0myndunarreglur \u00ed \u00edslensku.<\/a> [\u00d3prentu\u00f0 ritger\u00f0.]<\/li>\n<\/ol>\n<ul>\n<li><a href=\"http:\/\/notendur.hi.is\/eirikur\/sjalfssok.pdf\">Sj\u00e1lfs m\u00edn(s) s\u00f6k?<\/a> <em>M\u00e1l\u00feing \u00ed minningu Bj\u00f6rns Gu\u00f0finnssonar.<\/em> \u00cdslenska m\u00e1lfr\u00e6\u00f0if\u00e9lagi\u00f0 og M\u00e1lv\u00edsindastofnun H\u00e1sk\u00f3la \u00cdslands, Reykjav\u00edk, 29. okt\u00f3ber 2005.<\/li>\n<li><a href=\"http:\/\/notendur.hi.is\/eirikur\/stofngerd.pdf\">Stofnger\u00f0 \u00edslenskra or\u00f0a.<\/a> Erindar\u00f6\u00f0in <em>Or\u00f0ar\u00fdni.<\/em> Or\u00f0ab\u00f3k H\u00e1sk\u00f3lans, Reykjav\u00edk, 20. apr\u00edl 2001.<\/li>\n<li><a href=\"http:\/\/notendur.hi.is\/eirikur\/einsl.pdf\">Um merkingu, notkun og t\u00ed\u00f0ni nokkurra vi\u00f0skeyta.<\/a> <em>3. Rask-r\u00e1\u00f0stefnan.<\/em> \u00cdslenska m\u00e1lfr\u00e6\u00f0if\u00e9lagi\u00f0, Reykjav\u00edk, 19. n\u00f3vember 1988.<\/li>\n<li><a href=\"http:\/\/notendur.hi.is\/eirikur\/vidsk.pdf\">Nokkur vi\u00f0skeyti og t\u00ed\u00f0ni \u00feeirra.<\/a> <em>1. Rask-r\u00e1\u00f0stefnan.<\/em> \u00cdslenska m\u00e1lfr\u00e6\u00f0if\u00e9lagi\u00f0, Reykjav\u00edk, 8. n\u00f3vember 1986.<\/li>\n<\/ul>\n<p><!--:--><!--:zh-->Snemma \u00e1rs  1983 skrifa\u00f0i \u00e9g b\u00f3kina <em><a href=\"http:\/\/notendur.hi.is\/eirikur\/ordhlfr.pdf\">\u00cdslenska or\u00f0hlutafr\u00e6\u00f0i<\/a><\/em> (1983e) sem nokkrum sinnum hefur veri\u00f0 gefin \u00fat s\u00ed\u00f0an,  l\u00edtillega endursko\u00f0u\u00f0 (s\u00ed\u00f0ast 1990a). \u00de\u00f3tt \u00fear s\u00e9 um kennslub\u00f3k a\u00f0 r\u00e6\u00f0a liggja  verulegar sj\u00e1lfst\u00e6\u00f0ar ranns\u00f3knir \u00e1 \u00edslenskri beygingu a\u00f0 baki, einkum fyrri k\u00f6flum  b\u00f3karinnar. \u00c1 \u00e1runum 1986-1989 f\u00e9kkst \u00e9g svo talsvert vi\u00f0 athuganir \u00e1 \u00edslenskri  or\u00f0myndun, flutti nokkra fyrirlestra og skrifa\u00f0i greinar, m.a. um t\u00ed\u00f0ni og virkni vi\u00f0skeyta (<a href=\"http:\/\/notendur.hi.is\/eirikur\/vidsk.pdf\">1987c<\/a>, <a href=\"http:\/\/notendur.hi.is\/eirikur\/einsl.pdf\">1988b<\/a>). \u00de\u00e1 ger\u00f0i \u00e9g \u00edtarlegar yfirlitst\u00f6flur um  stofnger\u00f0 or\u00f0a (<a href=\"http:\/\/notendur.hi.is\/eirikur\/stofn.pdf\">2001a<\/a>).<\/p>\n<p>\u00c9g hef ekki skrifa\u00f0 neitt heildaryfirlit um \u00feessar  athuganir, en <em><a href=\"http:\/\/notendur.hi.is\/eirikur\/rim.htm\">\u00cdslensk r\u00edmor\u00f0ab\u00f3k<\/a><\/em> (1989b), er unnin upp \u00far \u00feeim g\u00f6gnum sem \u00e9g safna\u00f0i a\u00f0  m\u00e9r vi\u00f0 \u00feessar ranns\u00f3knir. \u00de\u00f3tt s\u00fa b\u00f3k s\u00e9 strangt teki\u00f0 ekki fr\u00e6\u00f0irit getur h\u00fan  komi\u00f0 m\u00e1lfr\u00e6\u00f0ingum a\u00f0 miklu gagni vi\u00f0 \u00fdmsar ranns\u00f3knir \u00ed hlj\u00f3\u00f0fr\u00e6\u00f0i,  hlj\u00f3\u00f0kerfisfr\u00e6\u00f0i og or\u00f0hlutafr\u00e6\u00f0i.<\/p>\n<h3>Rit og fyrirlestrar sem tengjast \u00feessu ranns\u00f3knarsvi\u00f0i<\/h3>\n<table border=\"0\" cellpadding=\"0\">\n<tbody>\n<tr>\n<td>2010g:<\/td>\n<td><a href=\"http:\/\/notendur.hi.is\/eirikur\/ymis.pdf\"><i>\u00ddmis.<\/i><\/a> <em>Arav\u00edsur<\/em> sungnar Ara P\u00e1li Kristinssyni fimmtugum 28. september 2010, s. 10-12. Menningar- og   minningarsj\u00f3\u00f0ur Mette Magnussen, Reykjav\u00edk.<\/td>\n<\/tr>\n<tr>\n<td>2010a:<\/td>\n<td><a href=\"http:\/\/notendur.hi.is\/eirikur\/kristin.pdf\">Sm\u00e1grein handa Krist\u00edni.<\/a> <em>Nokkrar handl\u00ednur<\/em> br\u00f3dera\u00f0ar handa   Krist\u00ednu Bjarnad\u00f3ttur sextugri 9. jan\u00faar 2010, s. 27-32. Menningar- og   minningarsj\u00f3\u00f0ur Mette Magnussen, Reykjav\u00edk.<\/td>\n<\/tr>\n<tr>\n<td>2007c:<\/td>\n<td><a href=\"http:\/\/notendur.hi.is\/eirikur\/sjalfs.pdf\">Sj\u00e1lfs m\u00edn(s) s\u00f6k?<\/a> <em>\u00cdslenskt    m\u00e1l <\/em>28:117-130.<em><\/em><\/td>\n<\/tr>\n<tr>\n<td>2001e:<\/td>\n<td>Or\u00f0flokkar.  (\u00c1samt \u00c1stu Svavarsd\u00f3ttur.)   \u00de\u00f3runn Bl\u00f6ndal og Heimir P\u00e1lsson (ritstj.): <em>Alfr\u00e6\u00f0i \u00edslenskrar  tungu<\/em>.   [Margmi\u00f0lunardiskur.] L\u00fd\u00f0veldissj\u00f3\u00f0ur og N\u00e1msgagna\u00adstofnun, Reykjav\u00edk.<\/td>\n<\/tr>\n<tr>\n<td>2001a:<\/td>\n<td><a href=\"http:\/\/notendur.hi.is\/eirikur\/stofn.pdf\">Stofnger\u00f0   \u00edslenskra or\u00f0a.<\/a> <em>Or\u00f0 og tunga <\/em>5:129-166.<\/td>\n<\/tr>\n<tr>\n<td>2000a:<\/td>\n<td><a href=\"http:\/\/notendur.hi.is\/eirikur\/Fall.pdf\">F\u00f6ll og kyn a\u00f0 fornu og  n\u00fdju.<\/a> <em>Or\u00f0hagi.<\/em> Afm\u00e6lisrit   J\u00f3ns A\u00f0alsteins J\u00f3nssonar 12. okt\u00f3ber 2000.<\/td>\n<\/tr>\n<tr>\n<td>1998a:<\/td>\n<td><a href=\"http:\/\/notendur.hi.is\/eirikur\/om.pdf\">M\u00e1lfr\u00e6\u00f0i \u00ed \u00edslenskri  or\u00f0ab\u00f3k: Hvernig og til hvers?<\/a> <em>Or\u00f0   og tunga<\/em> 4:25-32.<\/td>\n<\/tr>\n<tr>\n<td>1994b:<\/td>\n<td><a href=\"http:\/\/notendur.hi.is\/eirikur\/cases.pdf\">The Status of  Morphological Case in the Icelandic Lexicon.<\/a> [\u00d3prentu\u00f0 ritger\u00f0.]<\/td>\n<\/tr>\n<tr>\n<td>1990a:<\/td>\n<td><em><a href=\"http:\/\/notendur.hi.is\/eirikur\/ordhlfr.pdf\">\u00cdslensk or\u00f0hlutafr\u00e6\u00f0i.<\/a><\/em> Kennslukver   handa nemendum \u00e1 h\u00e1sk\u00f3lastigi. 4. \u00fatg\u00e1fa. M\u00e1lv\u00edsindastofnun H\u00e1sk\u00f3la  \u00cdslands,   Reykjav\u00edk. [Endursko\u00f0u\u00f0 og breytt fr\u00e1 1986a.]<\/td>\n<\/tr>\n<tr>\n<td>1989b:<\/td>\n<td><em><a href=\"http:\/\/notendur.hi.is\/eirikur\/rim.htm\">\u00cdslensk r\u00edmor\u00f0ab\u00f3k.<\/a><\/em> I\u00f0unn,   Reykjav\u00edk.<\/td>\n<\/tr>\n<tr>\n<td>1988b:<\/td>\n<td><a href=\"http:\/\/notendur.hi.is\/eirikur\/einsl.pdf\">Einsleitur grunnur  \u00edslenskra vi\u00f0skeyta.<\/a> [\u00d3prentu\u00f0 ritger\u00f0.]<\/td>\n<\/tr>\n<tr>\n<td>1987d:<\/td>\n<td><a href=\"http:\/\/notendur.hi.is\/eirikur\/ritd.pdf\">Ritd\u00f3mur um <em>Frambur\u00f0ur  og myndun fleirt\u00f6lu hj\u00e1 200   \u00edslenskum b\u00f6rnum vi\u00f0 fj\u00f6gra og sex \u00e1ra aldur<\/em> eftir Indri\u00f0a  G\u00edslason,   Sigur\u00f0 Konr\u00e1\u00f0sson og Benedikt J\u00f3hannesson.<\/a> <em>\u00cdslenskt m\u00e1l<\/em> 9:143-147.<\/td>\n<\/tr>\n<tr>\n<td>1987c:<\/td>\n<td><a href=\"http:\/\/notendur.hi.is\/eirikur\/vidsk.pdf\">Nokkur vi\u00f0skeyti og t\u00ed\u00f0ni  \u00feeirra.<\/a> <em>Morgunbla\u00f0i\u00f0<\/em> 15. ma\u00ed. [Upphaflega flutt \u00e1 r\u00e1\u00f0stefnu \u00cdslenska m\u00e1lfr\u00e6\u00f0if\u00e9lagsins \u201eA\u00f0  or\u00f0a \u00e1   \u00edslensku\u201c 8. n\u00f3vember 1986.]<\/td>\n<\/tr>\n<tr>\n<td>1986e:<\/td>\n<td><a href=\"http:\/\/notendur.hi.is\/eirikur\/tolvuord.pdf\">Ritd\u00f3mur um <em>T\u00f6lvuor\u00f0asafn.<\/em><\/a> <em>\u00cdslenskt m\u00e1l<\/em> 8:191-200.<\/td>\n<\/tr>\n<tr>\n<td>1986a:<\/td>\n<td><em>\u00cdslensk   or\u00f0hlutafr\u00e6\u00f0i.<\/em> Kennslukver handa  nemendum \u00e1 h\u00e1sk\u00f3lastigi. [3. \u00fatg.,   141 s. Endursko\u00f0u\u00f0 ger\u00f0 af seinni hluta 1984a.]   M\u00e1lv\u00edsindastofnun H\u00e1sk\u00f3la \u00cdslands, Reykjav\u00edk.<\/td>\n<\/tr>\n<tr>\n<td>1984a:<\/td>\n<td><em><a href=\"http:\/\/notendur.hi.is\/eirikur\/im.pdf\">\u00cdslensk   m\u00e1lfr\u00e6\u00f0i.<\/em> Hlj\u00f3\u00f0kerfisfr\u00e6\u00f0i og  beygingafr\u00e6\u00f0i.<\/a> [Fj\u00f6lritu\u00f0   kennslub\u00f3k, 180 s. Aukin og endursko\u00f0u\u00f0 ger\u00f0 af 1983e og 1983f.]  Reykjav\u00edk.<\/td>\n<\/tr>\n<tr>\n<td>1983h:<\/td>\n<td><a href=\"http:\/\/notendur.hi.is\/eirikur\/islgramm.pdf\">Ritd\u00f3mur um <em>Isl\u00e4ndische  Grammatik<\/em> eftir Bruno   Kress.<\/a> <em>\u00cdslenskt m\u00e1l<\/em> 5:185-196.<\/td>\n<\/tr>\n<tr>\n<td>1983e:<\/td>\n<td><em>\u00cdslensk   or\u00f0hlutafr\u00e6\u00f0i.<\/em> [Fj\u00f6lrita\u00f0  kennslukver, 122 s.]<\/td>\n<\/tr>\n<tr>\n<td>1982c:<\/td>\n<td><a href=\"http:\/\/notendur.hi.is\/eirikur\/ordmynd.pdf\">Or\u00f0myndun og  or\u00f0myndunarreglur \u00ed \u00edslensku.<\/a> [\u00d3prentu\u00f0   ritger\u00f0.]<\/td>\n<\/tr>\n<\/tbody>\n<\/table>\n<ul>\n<li><a href=\"http:\/\/notendur.hi.is\/eirikur\/sjalfssok.pdf\">Sj\u00e1lfs m\u00edn(s) s\u00f6k?<\/a> <em>M\u00e1l\u00feing \u00ed minningu Bj\u00f6rns Gu\u00f0finnssonar.<\/em> \u00cdslenska m\u00e1lfr\u00e6\u00f0if\u00e9lagi\u00f0 og M\u00e1lv\u00edsindastofnun H\u00e1sk\u00f3la \u00cdslands, Reykjav\u00edk, 29. okt\u00f3ber 2005.<\/li>\n<li><a href=\"http:\/\/notendur.hi.is\/eirikur\/stofngerd.pdf\">Stofnger\u00f0 \u00edslenskra or\u00f0a.<\/a> Erindar\u00f6\u00f0in <em>Or\u00f0ar\u00fdni.<\/em> Or\u00f0ab\u00f3k H\u00e1sk\u00f3lans, Reykjav\u00edk, 20. apr\u00edl 2001.<\/li>\n<li><a href=\"http:\/\/notendur.hi.is\/eirikur\/einsl.pdf\">Um merkingu, notkun og t\u00ed\u00f0ni nokkurra vi\u00f0skeyta.<\/a> <em>3. Rask-r\u00e1\u00f0stefnan.<\/em> \u00cdslenska m\u00e1lfr\u00e6\u00f0if\u00e9lagi\u00f0, Reykjav\u00edk, 19. n\u00f3vember 1988.<\/li>\n<li><a href=\"http:\/\/notendur.hi.is\/eirikur\/vidsk.pdf\">Nokkur vi\u00f0skeyti og t\u00ed\u00f0ni \u00feeirra.<\/a> <em>1. Rask-r\u00e1\u00f0stefnan.<\/em> \u00cdslenska m\u00e1lfr\u00e6\u00f0if\u00e9lagi\u00f0, Reykjav\u00edk, 8. n\u00f3vember 1986.<\/li>\n<\/ul>\n<p><!--:--><\/p>\n","protected":false},"excerpt":{"rendered":"<p>Snemma \u00e1rs 1983 skrifa\u00f0i \u00e9g b\u00f3kina \u00cdslenska or\u00f0hlutafr\u00e6\u00f0i (1983e) sem nokkrum sinnum hefur veri\u00f0 gefin \u00fat s\u00ed\u00f0an, l\u00edtillega endursko\u00f0u\u00f0 (s\u00ed\u00f0ast 1990a). \u00de\u00f3tt \u00fear s\u00e9 um kennslub\u00f3k a\u00f0 r\u00e6\u00f0a liggja verulegar sj\u00e1lfst\u00e6\u00f0ar ranns\u00f3knir \u00e1 \u00edslenskri beygingu a\u00f0 baki, einkum fyrri k\u00f6flum b\u00f3karinnar. \u00c1 \u00e1runum 1986-1989 f\u00e9kkst \u00e9g svo talsvert vi\u00f0 athuganir \u00e1 \u00edslenskri or\u00f0myndun, flutti nokkra [&hellip;]<\/p>\n","protected":false},"author":141,"featured_media":0,"parent":12,"menu_order":0,"comment_status":"closed","ping_status":"closed","template":"","meta":{"footnotes":""},"class_list":["post-71","page","type-page","status-publish","hentry"],"_links":{"self":[{"href":"https:\/\/uni.hi.is\/eirikur\/wp-json\/wp\/v2\/pages\/71","targetHints":{"allow":["GET"]}}],"collection":[{"href":"https:\/\/uni.hi.is\/eirikur\/wp-json\/wp\/v2\/pages"}],"about":[{"href":"https:\/\/uni.hi.is\/eirikur\/wp-json\/wp\/v2\/types\/page"}],"author":[{"embeddable":true,"href":"https:\/\/uni.hi.is\/eirikur\/wp-json\/wp\/v2\/users\/141"}],"replies":[{"embeddable":true,"href":"https:\/\/uni.hi.is\/eirikur\/wp-json\/wp\/v2\/comments?post=71"}],"version-history":[{"count":16,"href":"https:\/\/uni.hi.is\/eirikur\/wp-json\/wp\/v2\/pages\/71\/revisions"}],"predecessor-version":[{"id":1092,"href":"https:\/\/uni.hi.is\/eirikur\/wp-json\/wp\/v2\/pages\/71\/revisions\/1092"}],"up":[{"embeddable":true,"href":"https:\/\/uni.hi.is\/eirikur\/wp-json\/wp\/v2\/pages\/12"}],"wp:attachment":[{"href":"https:\/\/uni.hi.is\/eirikur\/wp-json\/wp\/v2\/media?parent=71"}],"curies":[{"name":"wp","href":"https:\/\/api.w.org\/{rel}","templated":true}]}}