{"id":82,"date":"2010-05-15T11:26:24","date_gmt":"2010-05-15T11:26:24","guid":{"rendered":"http:\/\/uni.hi.is\/eirikur\/?page_id=82"},"modified":"2019-12-28T22:05:11","modified_gmt":"2019-12-28T22:05:11","slug":"kennsluefni","status":"publish","type":"page","link":"https:\/\/uni.hi.is\/eirikur\/kennsla\/kennsluefni\/","title":{"rendered":"Kennsluefni"},"content":{"rendered":"<p><!--:--><!--:en-->\u00deegar \u00e9g h\u00f3f kennslu \u00ed \u00edslensku var tilfinnanlegur skortur \u00e1 kennsluefni \u00ed flestum greinum m\u00e1lfr\u00e6\u00f0innar. \u00dev\u00ed samdi \u00e9g strax fyrsta kennsluvetur minn (vori\u00f0 1983) riti\u00f0 <em>\u00cdslenska or\u00f0hlutafr\u00e6\u00f0i<\/em>, sem er kennsluefni \u00ed beygingarfr\u00e6\u00f0i; og hausti\u00f0 eftir samdi \u00e9g kveri\u00f0 <em>\u00cdslenska hlj\u00f3\u00f0kerfisfr\u00e6\u00f0i<\/em>. \u00cd byrjun n\u00e6sta \u00e1rs (1984) endursko\u00f0a\u00f0i \u00e9g svo \u00feessi rit, j\u00f3k \u00fea\u00f0 s\u00ed\u00f0arnefnda verulega, og gaf \u00feau \u00fat \u00ed einu lagi undir nafninu <em>\u00cdslensk m\u00e1lfr\u00e6\u00f0i. Hlj\u00f3\u00f0kerfisfr\u00e6\u00f0i og beygingafr\u00e6\u00f0i<\/em>. \u00cd n\u00e6stu \u00fatg\u00e1fu var ritinu aftur skipt upp, og beygingarfr\u00e6\u00f0in gefin \u00fat \u00e1samt vi\u00f0b\u00f3tarkafla um or\u00f0myndun \u00e1ri\u00f0 1986, og enn l\u00edtillega endursko\u00f0u\u00f0 1990. Hlj\u00f3\u00f0kerfisfr\u00e6\u00f0in var gefin \u00fat l\u00edtillega endursko\u00f0u\u00f0 1986, og var fj\u00f6lritu\u00f0 \u00f3breytt nokkrum sinnum n\u00e6stu \u00e1rin. A\u00f0 lokum kom h\u00fan \u00fat \u00ed endanlegri ger\u00f0, talsvert breytt, \u00e1ri\u00f0 1993. \u00cd \u00e1rsbyrjun 1989 samdi \u00e9g svo kveri\u00f0 <em>\u00cdslenska hlj\u00f3\u00f0fr\u00e6\u00f0i<\/em>, sem M\u00e1lv\u00edsindastofnun H\u00e1sk\u00f3lans gaf \u00fat. \u00deessi \u00ferj\u00fa rit voru \u00ed r\u00fama tvo \u00e1ratugi helsta n\u00e1msefni byrjenda \u00ed vi\u00f0komandi greinum, b\u00e6\u00f0i \u00ed H\u00e1sk\u00f3lanum og Kennarah\u00e1sk\u00f3lanum. \u00deau voru s\u00ed\u00f0an uppseld og ekki \u00e1 marka\u00f0i \u00ed 7-8 \u00e1r, en voru s\u00ed\u00f0an endursko\u00f0u\u00f0 og steypt saman \u00ed riti\u00f0 <em>Hlj\u00f3\u00f0kerfi og or\u00f0hlutakerfi \u00edslensku<\/em> (2013), sem er a\u00f0eins til \u00ed rafr\u00e6nni \u00fatg\u00e1fu.<\/p>\n<p>\u00c1ri\u00f0 1990 umskrifa\u00f0i \u00e9g hlj\u00f3\u00f0fr\u00e6\u00f0ikveri\u00f0 mitt, felldi margt brott og j\u00f3k miklu vi\u00f0, og \u00fea\u00f0 var s\u00ed\u00f0an gefi\u00f0 \u00fat hj\u00e1 M\u00e1li og menningu undir nafninu <em>\u00cdslensk hlj\u00f3\u00f0fr\u00e6\u00f0i handa framhaldssk\u00f3lum<\/em>. \u00c9g hef einnig sami\u00f0 sv\u00f6r vi\u00f0 verkefnum \u00ed \u00fev\u00ed riti. Auk \u00feessa \u00fatbj\u00f3 \u00e9g lei\u00f0beiningarp\u00e9sa um notkun hlj\u00f3\u00f0r\u00f3fsrita og sveiflusj\u00e1r M\u00e1lv\u00edsindastofnunar.<\/p>\n<p>\u00c9g hef einnig sami\u00f0 kennsluefni \u00ed ritun fyrir n\u00e1mskei\u00f0i\u00f0 A\u00f0fer\u00f0ir og vinnubr\u00f6g\u00f0 \u00e1 B.A.-stigi \u00ed \u00edslensku. \u00deetta efni hefur aldrei veri\u00f0 gefi\u00f0 \u00fat \u00e1 prenti en birst \u00e1 vefnum \u00ed nokkrum \u00fatg\u00e1fum, s\u00ed\u00f0ast \u00e1ri\u00f0 2013. Auk \u00feess er s\u00ed\u00f0asta n\u00e1mskei\u00f0 mitt, <a href=\"https:\/\/ugla.hi.is\/kv\/index2.php?sid=219&amp;namsknr=70616520170\">M\u00e1lkerfi\u00f0 - hlj\u00f3\u00f0 og or\u00f0<\/a>, vori\u00f0 2017, opi\u00f0 \u00f6llum \u00e1 vefnum.<\/p>\n<p>\u00c9g hef lagt \u00e1herslu \u00e1 a\u00f0 nota \u00edslensk \u00ed\u00f0or\u00f0 eftir \u00fev\u00ed sem kostur er. \u00cd b\u00f3kinni <em>\u00cdslensk m\u00e1lfr\u00e6\u00f0i<\/em> fr\u00e1 1984 eru \u00fdmis or\u00f0 sem \u00e9g bj\u00f3 til. \u00de\u00e1 f\u00e9kk \u00e9g einu sinni styrk \u00far N\u00fdsk\u00f6punarsj\u00f3\u00f0i n\u00e1msmanna til a\u00f0 r\u00e1\u00f0a nemanda til a\u00f0 taka saman dr\u00f6g a\u00f0 \u00ed\u00f0or\u00f0asafni \u00ed m\u00e1lt\u00e6kni.<\/p>\n<h3>Kennsluefni - rit, b\u00e6klingar, gl\u00e6rus\u00f6fn og uppt\u00f6kur<\/h3>\n<ul>\n<li><a href=\"http:\/\/notendur.hi.is\/eirikur\/im.pdf\"><em>\u00cdslensk m\u00e1lfr\u00e6\u00f0i.<\/em> Hlj\u00f3\u00f0kerfisfr\u00e6\u00f0i og beygingafr\u00e6\u00f0i<\/a> (1984)<\/li>\n<li><a href=\"http:\/\/notendur.hi.is\/eirikur\/ordhlfr.pdf\"><em>\u00cdslensk or\u00f0hlutafr\u00e6\u00f0i<\/em><\/a> (1990)<\/li>\n<li><a href=\"http:\/\/notendur.hi.is\/eirikur\/hljkfr.pdf\"><em>\u00cdslensk hlj\u00f3\u00f0kerfisfr\u00e6\u00f0i<\/em><\/a> (1993)<\/li>\n<li><a href=\"http:\/\/notendur.hi.is\/eirikur\/hljfr.pdf\"><em>\u00cdslensk hlj\u00f3\u00f0fr\u00e6\u00f0i handa framhaldssk\u00f3lum<\/em><\/a> (1990)<\/li>\n<li><a href=\"http:\/\/issuu.com\/eirikurr\/docs\/ritun2012\">Ritger\u00f0asm\u00ed\u00f0<\/a> (2012)<\/li>\n<li><a href=\"http:\/\/issuu.com\/eirikurr\/docs\/ho\">Hlj\u00f3\u00f0kerfi og or\u00f0hlutakerfi \u00edslensku<\/a>, 2. \u00fatg. (2017)<\/li>\n<li><a href=\"http:\/\/notendur.hi.is\/eirikur\/hljrr.pdf\">Lei\u00f0beiningar um notkun hlj\u00f3\u00f0r\u00f3fsrita M\u00e1lv\u00edsindastofnunar<\/a> (1989)<\/li>\n<li><a href=\"http:\/\/notendur.hi.is\/eirikur\/sveiflusja.pdf\">Lei\u00f0beiningar um notkun sveiflusj\u00e1r M\u00e1lv\u00edsindastofnunar<\/a> (1989)<\/li>\n<li><a href=\"http:\/\/notendur.hi.is\/eirikur\/FGT.pdf\">Nokkrar \u00e1bendingar vi\u00f0 lestur <i>Fyrstu m\u00e1lfr\u00e6\u00f0iritger\u00f0arinnar<\/i><\/a> (1979)<\/li>\n<li><a href=\"http:\/\/notendur.hi.is\/eirikur\/beygbrey.pdf\">\u00d6rf\u00e1ar breytingar \u00e1 \u00edslenskri beygingafr\u00e6\u00f0i<\/a> (1986)<\/li>\n<li><a href=\"http:\/\/notendur.hi.is\/eirikur\/wconcord.pdf\">\u00d6rstuttar lei\u00f0beiningar me\u00f0 Wconcord-forritinu<\/a> (2008)<\/li>\n<li>Fyrirlestrar \u00ed <a href=\"http:\/\/notendur.hi.is\/eirikur\/almmalv.pdf\">almennum m\u00e1lv\u00edsindum<\/a> (1987)<\/li>\n<li>Dreifibl\u00f6\u00f0 \u00ed <a href=\"http:\/\/notendur.hi.is\/eirikur\/setn95.htm\">setningafr\u00e6\u00f0i<\/a> (1995)<\/li>\n<li>Gl\u00e6rur um <a href=\"http:\/\/notendur.hi.is\/eirikur\/mho.pdf\">hlj\u00f3\u00f0fr\u00e6\u00f0i, hlj\u00f3\u00f0kerfisfr\u00e6\u00f0i, beygingarfr\u00e6\u00f0i og or\u00f0myndunarfr\u00e6\u00f0i<\/a> (2013)<\/li>\n<li>Gl\u00e6rur um <a href=\"http:\/\/notendur.hi.is\/eirikur\/setnmerk.ppt\">setningafr\u00e6\u00f0i og merkingarfr\u00e6\u00f0i<\/a> (2012)<\/li>\n<li>Gl\u00e6rur um <a href=\"http:\/\/notendur.hi.is\/eirikur\/av12.ppt\">ritger\u00f0asm\u00ed\u00f0<\/a> (2012)<\/li>\n<li>Gl\u00e6rur um <a href=\"http:\/\/notendur.hi.is\/eirikur\/tt11.ppt\">t\u00f6lvur og tungum\u00e1l<\/a> (2011)<\/li>\n<li>Gl\u00e6rur um <a href=\"http:\/\/notendur.hi.is\/eirikur\/mlt.ppt\">m\u00e1lt\u00e6kni<\/a> (2003)<\/li>\n<li>Fyrirlestrar \u00ed <a href=\"https:\/\/notendur.hi.is\/~eirikur\/in\/\">\u00cdslensku n\u00fat\u00edmam\u00e1li<\/a> (2000)<\/li>\n<li>Fyrirlestrar \u00ed <a href=\"https:\/\/ugla.hi.is\/kv\/index2.php?sid=219&amp;kennsluvefur_kennsluvefsnumer=67041&amp;kennsluvefur_efnisatridi=73&amp;cache=710018&amp;adgerd=efnisatridi_skoda\">M\u00e1lkerfi\u00f0 - hlj\u00f3\u00f0 og or\u00f0<\/a> (2014)<\/li>\n<\/ul>\n<p><!--:--><!--:zh--><\/p>\n<p><!--:--><\/p>\n","protected":false},"excerpt":{"rendered":"<p>\u00deegar \u00e9g h\u00f3f kennslu \u00ed \u00edslensku var tilfinnanlegur skortur \u00e1 kennsluefni \u00ed flestum greinum m\u00e1lfr\u00e6\u00f0innar. \u00dev\u00ed samdi \u00e9g strax fyrsta kennsluvetur minn (vori\u00f0 1983) riti\u00f0 \u00cdslenska or\u00f0hlutafr\u00e6\u00f0i, sem er kennsluefni \u00ed beygingarfr\u00e6\u00f0i; og hausti\u00f0 eftir samdi \u00e9g kveri\u00f0 \u00cdslenska hlj\u00f3\u00f0kerfisfr\u00e6\u00f0i. \u00cd byrjun n\u00e6sta \u00e1rs (1984) endursko\u00f0a\u00f0i \u00e9g svo \u00feessi rit, j\u00f3k \u00fea\u00f0 s\u00ed\u00f0arnefnda verulega, og [&hellip;]<\/p>\n","protected":false},"author":141,"featured_media":0,"parent":5,"menu_order":0,"comment_status":"closed","ping_status":"closed","template":"","meta":{"footnotes":""},"class_list":["post-82","page","type-page","status-publish","hentry"],"_links":{"self":[{"href":"https:\/\/uni.hi.is\/eirikur\/wp-json\/wp\/v2\/pages\/82","targetHints":{"allow":["GET"]}}],"collection":[{"href":"https:\/\/uni.hi.is\/eirikur\/wp-json\/wp\/v2\/pages"}],"about":[{"href":"https:\/\/uni.hi.is\/eirikur\/wp-json\/wp\/v2\/types\/page"}],"author":[{"embeddable":true,"href":"https:\/\/uni.hi.is\/eirikur\/wp-json\/wp\/v2\/users\/141"}],"replies":[{"embeddable":true,"href":"https:\/\/uni.hi.is\/eirikur\/wp-json\/wp\/v2\/comments?post=82"}],"version-history":[{"count":47,"href":"https:\/\/uni.hi.is\/eirikur\/wp-json\/wp\/v2\/pages\/82\/revisions"}],"predecessor-version":[{"id":1939,"href":"https:\/\/uni.hi.is\/eirikur\/wp-json\/wp\/v2\/pages\/82\/revisions\/1939"}],"up":[{"embeddable":true,"href":"https:\/\/uni.hi.is\/eirikur\/wp-json\/wp\/v2\/pages\/5"}],"wp:attachment":[{"href":"https:\/\/uni.hi.is\/eirikur\/wp-json\/wp\/v2\/media?parent=82"}],"curies":[{"name":"wp","href":"https:\/\/api.w.org\/{rel}","templated":true}]}}