{"id":85,"date":"2010-05-15T11:27:16","date_gmt":"2010-05-15T11:27:16","guid":{"rendered":"http:\/\/uni.hi.is\/eirikur\/?page_id=85"},"modified":"2022-10-09T17:50:08","modified_gmt":"2022-10-09T17:50:08","slug":"onnur-kennsla","status":"publish","type":"page","link":"https:\/\/uni.hi.is\/eirikur\/kennsla\/onnur-kennsla\/","title":{"rendered":"Kennd n\u00e1mskei\u00f0"},"content":{"rendered":"<p><!--:en--><\/p>\n<h3>N\u00e1mskei\u00f0 kennd vi\u00f0 H\u00e1sk\u00f3la \u00cdslands<\/h3>\n<p><strong>2017 - vor<\/strong><br \/>\n<a href=\"https:\/\/ugla.hi.is\/kv\/index2.php?sid=219&amp;namsknr=70616520170\">\u00cdSL209G M\u00e1lkerfi\u00f0 - hlj\u00f3\u00f0 og or\u00f0<\/a><\/p>\n<p><strong>2016 - haust<\/strong><br \/>\n<a href=\"https:\/\/ugla.hi.is\/kv\/index2.php?sid=219&amp;namsknr=70618720166\">\u00cdSL320G Breytingar og tilbrig\u00f0i<\/a> (a\u00f0 h\u00e1lfu)<\/p>\n<p><strong>2016 - vor<\/strong><br \/>\n<a href=\"https:\/\/ugla.hi.is\/kv\/index2.php?sid=219&amp;namsknr=70616520160\">\u00cdSL209G M\u00e1lkerfi\u00f0 - hlj\u00f3\u00f0 og or\u00f0<\/a><br \/>\n<a href=\"https:\/\/ugla.hi.is\/kv\/index2.php?sid=219&amp;namsknr=05401820160\">\u00cdSL701M T\u00f6lvur og tungum\u00e1l<\/a><\/p>\n<p><strong>2015 - vor<\/strong><br \/>\n<a href=\"https:\/\/ugla.hi.is\/kv\/index2.php?sid=219&amp;namsknr=70616520150\">\u00cdSL209G M\u00e1lkerfi\u00f0 - hlj\u00f3\u00f0 og or\u00f0<\/a><br \/>\n<a href=\"https:\/\/ugla.hi.is\/kv\/index2.php?sid=219&amp;namsknr=05401820150\">\u00cdSL703G M\u00e1lt\u00e6kni<\/a><\/p>\n<p><strong>2014 - vor<\/strong><br \/>\n<a href=\"https:\/\/ugla.hi.is\/kv\/index2.php?sid=219&amp;namsknr=70616520140\">\u00cdSL209G M\u00e1lkerfi\u00f0 - hlj\u00f3\u00f0 og or\u00f0<\/a><br \/>\n<a href=\"https:\/\/ugla.hi.is\/kv\/index2.php?sid=219&amp;namsknr=05401820140&amp;kennsluvefur_efnisatridi=1\">\u00cdSL701M T\u00f6lvur og tungum\u00e1l<\/a><\/p>\n<p><strong>2013 - vor<\/strong><br \/>\n<a href=\"https:\/\/ugla.hi.is\/kv\/index2.php?sid=219&amp;namsknr=05400320130\">\u00cdSL103G \u00cdslensk hlj\u00f3\u00f0fr\u00e6\u00f0i og hlj\u00f3\u00f0kerfisfr\u00e6\u00f0i<\/a><\/p>\n<p><strong>2012 - haust<\/strong><br \/>\n<a href=\"https:\/\/ugla.hi.is\/kennsluskra\/index.php?tab=nam&amp;chapter=namskeid&amp;id=05400020126\">\u00cdSL109G A\u00f0fer\u00f0ir og vinnubr\u00f6g\u00f0<\/a><br \/>\n<a href=\"https:\/\/ugla.hi.is\/kennsluskra\/index.php?tab=nam&amp;chapter=namskeid&amp;id=05400620126\">\u00cdSL309G \u00cdslensk setningafr\u00e6\u00f0i og merkingarfr\u00e6\u00f0i<\/a><\/p>\n<p><strong>2012 - vor<\/strong><br \/>\n<a href=\"https:\/\/ugla.hi.is\/kennsluskra\/index.php?tab=nam&amp;chapter=namskeid&amp;id=70365820120\">\u00cdSM801F S\u00f6guleg setningafr\u00e6\u00f0i<\/a><br \/>\n<a href=\"https:\/\/ugla.hi.is\/kennsluskra\/index.php?tab=nam&amp;chapter=namskeid&amp;id=05400420120\">\u00cdSL204G \u00cdslensk beygingar- og or\u00f0myndunarfr\u00e6\u00f0i<\/a><\/p>\n<p><strong>2011 - haust<\/strong><br \/>\n<a href=\"https:\/\/ugla.hi.is\/kennsluskra\/index.php?tab=nam&amp;chapter=namskeid&amp;id=05401820116\">\u00cdSL701M T\u00f6lvur og tungum\u00e1l<\/a><br \/>\n<a href=\"https:\/\/ugla.hi.is\/kennsluskra\/index.php?tab=nam&amp;chapter=namskeid&amp;id=05400020116\">\u00cdSL109G A\u00f0fer\u00f0ir og vinnubr\u00f6g\u00f0<\/a><\/p>\n<p><strong>2009 - haust<\/strong><br \/>\n<a href=\"https:\/\/ugla.hi.is\/kennsluskra\/index.php?tab=nam&amp;chapter=namskeid&amp;id=05400020096\">\u00cdSL405G A\u00f0fer\u00f0ir og vinnubr\u00f6g\u00f0<\/a><\/p>\n<p><strong>2009 - vor<\/strong><br \/>\n<a href=\"https:\/\/ugla.hi.is\/kennsluskra\/index.php?tab=nam&amp;chapter=namskeid&amp;id=05400420090\">\u00cdSL406G \u00cdslensk beygingar- og or\u00f0myndunarfr\u00e6\u00f0i<\/a><\/p>\n<p><strong>2008 - haust<\/strong><br \/>\n<a href=\"https:\/\/ugla.hi.is\/kennsluskra\/index.php?tab=nam&amp;chapter=namskeid&amp;id=05401820086\">\u00cdSL501M T\u00f6lvur og tungum\u00e1l<\/a><\/p>\n<p><strong>2008 - vor<\/strong><br \/>\n<a href=\"https:\/\/ugla.hi.is\/kennsluskra\/index.php?tab=nam&amp;chapter=namskeid&amp;id=05400320080\">05.40.03 \u00cdslensk hlj\u00f3\u00f0fr\u00e6\u00f0i og hlj\u00f3\u00f0kerfisfr\u00e6\u00f0i<\/a><\/p>\n<p><strong>2007 - haust<\/strong><br \/>\n<a href=\"https:\/\/ugla.hi.is\/kennsluskra\/index.php?tab=nam&amp;chapter=namskeid&amp;id=05404020076\">05.40.40 A\u00f0 gera ranns\u00f3kn: Forsendur, framkv\u00e6md, \u00farvinnsla (a\u00f0 h\u00e1lfu)<\/a><br \/>\n<a href=\"https:\/\/ugla.hi.is\/kennsluskra\/index.php?tab=nam&amp;chapter=namskeid&amp;id=05413720076\">05.41.37 M\u00e1lfr\u00e6\u00f0i \u00ed m\u00e1lt\u00e6kni<\/a><\/p>\n<p><strong>2006 - haust<\/strong><br \/>\n<a href=\"https:\/\/ugla.hi.is\/kennsluskra\/index.php?tab=nam&amp;chapter=namskeid&amp;id=05400320066\">05.40.03 \u00cdslensk hlj\u00f3\u00f0fr\u00e6\u00f0i og hlj\u00f3\u00f0kerfisfr\u00e6\u00f0i (a\u00f0 h\u00e1lfu) [hlj\u00f3\u00f0fr\u00e6\u00f0i]<\/a><br \/>\n<a href=\"https:\/\/ugla.hi.is\/kennsluskra\/index.php?tab=nam&amp;chapter=namskeid&amp;id=05401820066\">05.40.18 T\u00f6lvur og tungum\u00e1l<\/a><\/p>\n<p><strong>2005 - haust<\/strong><br \/>\n<a href=\"https:\/\/ugla.hi.is\/kennsluskra\/index.php?tab=nam&amp;chapter=namskeid&amp;id=05400320056\">05.40.03 \u00cdslensk hlj\u00f3\u00f0fr\u00e6\u00f0i og hlj\u00f3\u00f0kerfisfr\u00e6\u00f0i<\/a><br \/>\n<a href=\"https:\/\/ugla.hi.is\/kennsluskra\/index.php?tab=nam&amp;chapter=namskeid&amp;id=05401820056\">05.40.18 T\u00f6lvur og tungum\u00e1l<\/a><\/p>\n<p><strong>2004 - vor<\/strong><br \/>\n05.47.03 M\u00e1lgreining 2<\/p>\n<p><strong>2003 - haust<\/strong><br \/>\n05.47.01 Inngangur a\u00f0 tungut\u00e6kni<br \/>\n05.47.02 M\u00e1lgreining 1<\/p>\n<p><strong>2003 - vor<\/strong><br \/>\n05.47.03 M\u00e1lgreining 2<br \/>\n05.47.06 Talkennsl<\/p>\n<p><strong>2002 - haust<\/strong><br \/>\n05.47.01 Inngangur a\u00f0 tungut\u00e6kni<br \/>\n05.47.02 M\u00e1lgreining 1 (a\u00f0 h\u00e1lfu)<\/p>\n<p><strong>2002 - vor<\/strong><br \/>\n05.40.03 \u00cdslenskt n\u00fat\u00edmam\u00e1l (a\u00f0 1\/3) [hlj\u00f3\u00f0fr\u00e6\u00f0i og hlj\u00f3\u00f0kerfisfr\u00e6\u00f0i]<br \/>\n05.40.18 T\u00f6lvur, t\u00f6lur og texti<\/p>\n<p><strong>2000 - haust<\/strong><br \/>\n05.40.00 A\u00f0fer\u00f0ir og vinnubr\u00f6g\u00f0<br \/>\n05.40.56 Textager\u00f0<\/p>\n<p><strong>2000 - vor<\/strong><br \/>\n05.40.03 \u00cdslenskt n\u00fat\u00edmam\u00e1l (a\u00f0 2\/3) [hlj\u00f3\u00f0kerfi og hlj\u00f3\u00f0kerfisfr\u00e6\u00f0i; or\u00f0hlutafr\u00e6\u00f0i]<\/p>\n<p><strong>1999 - haust<\/strong><br \/>\n05.40.00 A\u00f0fer\u00f0ir og vinnubr\u00f6g\u00f0 (a\u00f0 2\/3)<br \/>\n05.40.18 T\u00f6lvur, t\u00f6lur og texti<\/p>\n<p><strong>1999 - vor<\/strong><br \/>\n<a href=\"http:\/\/www.hi.is\/%7Eeirikur\/in99.htm\">05.40.03 \u00cdslenskt n\u00fat\u00edmam\u00e1l<\/a>\u00a0(a\u00f0 2\/3)<\/p>\n<p><strong>1998 - haust<\/strong><br \/>\n<a href=\"http:\/\/www.hi.is\/%7Eeirikur\/av98.htm\">05.40.00 A\u00f0fer\u00f0ir og vinnubr\u00f6g\u00f0<\/a>\u00a0(a\u00f0 2\/3)<\/p>\n<p><strong>1998 - vor<\/strong><br \/>\n<a href=\"http:\/\/www.hi.is\/%7Eeirikur\/ttt98.htm\">05.40.18 T\u00f6lvur, t\u00f6lur og texti<\/a><br \/>\n<a href=\"http:\/\/www.hi.is\/%7Eeirikur\/islnut.htm\">05.40.03 \u00cdslenskt n\u00fat\u00edmam\u00e1l<\/a>\u00a0(a\u00f0 1\/3) [or\u00f0hlutafr\u00e6\u00f0i]<\/p>\n<p><strong>1997 - haust<\/strong><br \/>\n05.40.00\u00a0<a href=\"http:\/\/www.hi.is\/%7Eeirikur\/av97.htm\">A\u00f0fer\u00f0ir og vinnubr\u00f6g\u00f0<\/a>\u00a0(a\u00f0 2\/3)<\/p>\n<p><strong>1996 - haust<\/strong><br \/>\n05.40.00 A\u00f0fer\u00f0ir og vinnubr\u00f6g\u00f0 (a\u00f0 1\/2 - t\u00e6plega)<br \/>\n<a href=\"http:\/\/www.hi.is\/%7Eeirikur\/beygord.htm\">05.40.05 Beygingar- og or\u00f0myndunarfr\u00e6\u00f0i<\/a><br \/>\n<a href=\"http:\/\/www.hi.is\/%7Eeirikur\/toltex.htm\">05.41.20 Sem\u00ednar\u00e6fingar 1: T\u00f6lvur og texti<\/a><\/p>\n<p><strong>1995 - haust<\/strong><br \/>\n<a href=\"http:\/\/www.hi.is\/%7Eeirikur\/setn95.htm\">05.40.06 Setningafr\u00e6\u00f0i<\/a><br \/>\n05.41.08 S\u00f6guleg setningafr\u00e6\u00f0i<\/p>\n<p><strong>1995 - vor<\/strong><br \/>\n05.40.05 Beygingar- og or\u00f0myndunarfr\u00e6\u00f0i<br \/>\n05.40.11 \u00cdslensk setningafr\u00e6\u00f0i<\/p>\n<p><strong>1993 - haust<\/strong><br \/>\n05.40.06 Setningafr\u00e6\u00f0i<br \/>\n05.40.08 S\u00f6guleg setningafr\u00e6\u00f0i<br \/>\n05.40.21 Sem\u00ednar\u00e6fingar 2: Setningafr\u00e6\u00f0i og or\u00f0asafn<\/p>\n<p><strong>1992 - vor<\/strong><br \/>\n05.41.08 S\u00f6guleg setningafr\u00e6\u00f0i (a\u00f0 1\/2)<br \/>\n05.41.12 \u00cdslensk beygingar- og or\u00f0myndunarfr\u00e6\u00f0i<\/p>\n<p><strong>1991 - haust<\/strong><br \/>\n05.40.06 Setningafr\u00e6\u00f0i<\/p>\n<p><strong>1991 - vor<\/strong><br \/>\n05.40.05 Beygingar- og or\u00f0myndunarfr\u00e6\u00f0i<br \/>\n05.41.21 Sem\u00ednar\u00e6fingar 2: M\u00e1lt\u00f6lvun<\/p>\n<p><strong>1990 - vor<\/strong><br \/>\n05.40.03 \u00cdslenskt n\u00fat\u00edmam\u00e1l [hlj\u00f3\u00f0fr\u00e6\u00f0i, hlj\u00f3\u00f0kerfisfr\u00e6\u00f0i, beygingarfr\u00e6\u00f0i]<\/p>\n<p><strong>1989 - haust<\/strong><br \/>\n05.40.03 \u00cdslenskt n\u00fat\u00edmam\u00e1l [hlj\u00f3\u00f0fr\u00e6\u00f0i, hlj\u00f3\u00f0kerfisfr\u00e6\u00f0i, beygingarfr\u00e6\u00f0i]<br \/>\n05.41.08 S\u00f6guleg setningafr\u00e6\u00f0i<\/p>\n<p><strong>1989 - vor<\/strong><br \/>\n05.40.02 \u00cdslenskt n\u00fat\u00edmam\u00e1l I [hlj\u00f3\u00f0fr\u00e6\u00f0i og hlj\u00f3\u00f0kerfisfr\u00e6\u00f0i]<br \/>\n05.40.62 Me\u00f0fer\u00f0 rita\u00f0s m\u00e1ls<br \/>\n05.40.63 M\u00e1lfr\u00e6\u00f0i \u00ed framhaldssk\u00f3lum<\/p>\n<p><strong>1988 - haust<\/strong><br \/>\n05.40.01 Almenn m\u00e1lv\u00edsindi og hlj\u00f3\u00f0fr\u00e6\u00f0i<br \/>\n05.40.63 M\u00e1lfr\u00e6\u00f0i \u00ed framhaldssk\u00f3lum<\/p>\n<p><strong>1988 - vor<\/strong><br \/>\n05.40.02 \u00cdslenskt n\u00fat\u00edmam\u00e1l I [hlj\u00f3\u00f0fr\u00e6\u00f0i og hlj\u00f3\u00f0kerfisfr\u00e6\u00f0i]<\/p>\n<p><strong>1987 - haust<\/strong><br \/>\n05.40.01 Almenn m\u00e1lv\u00edsindi og hlj\u00f3\u00f0fr\u00e6\u00f0i<br \/>\n05.41.12 \u00cdslensk beygingar- og or\u00f0myndunarfr\u00e6\u00f0i<\/p>\n<p><strong>1987 - vor<\/strong><br \/>\n05.40.31 \u00cdslenskt n\u00fat\u00edmam\u00e1l II [setningafr\u00e6\u00f0i, merkingarfr\u00e6\u00f0i]<br \/>\n05.41.13 \u00cdslensk hlj\u00f3\u00f0kerfisfr\u00e6\u00f0i<\/p>\n<p><strong>1986 - haust<\/strong><br \/>\n05.40.01 Almenn m\u00e1lv\u00edsindi og hlj\u00f3\u00f0fr\u00e6\u00f0i<br \/>\n05.41.08 S\u00f6guleg setningafr\u00e6\u00f0i<\/p>\n<p><strong>1986 - vor<\/strong><br \/>\n05.40.31 \u00cdslenskt n\u00fat\u00edmam\u00e1l II [beygingarfr\u00e6\u00f0i, setningafr\u00e6\u00f0i, merkingarfr\u00e6\u00f0i]<br \/>\n05.40.36 \u00cdslenskt n\u00fat\u00edmam\u00e1l III [setningafr\u00e6\u00f0i og hlj\u00f3\u00f0kerfisfr\u00e6\u00f0i]<\/p>\n<p><strong>1985 - haust<\/strong><br \/>\n05.40.01 Almenn m\u00e1lv\u00edsindi og hlj\u00f3\u00f0fr\u00e6\u00f0i (a\u00f0 1\/2) [hlj\u00f3\u00f0fr\u00e6\u00f0i]<br \/>\n05.40.31 \u00cdslenskt n\u00fat\u00edmam\u00e1l II [beygingarfr\u00e6\u00f0i, setningafr\u00e6\u00f0i, merkingarfr\u00e6\u00f0i]<\/p>\n<p><strong>1985 - vor<\/strong><br \/>\n05.40.02 \u00cdslenskt n\u00fat\u00edmam\u00e1l I [hlj\u00f3\u00f0fr\u00e6\u00f0i og hlj\u00f3\u00f0kerfisfr\u00e6\u00f0i]<br \/>\n05.40.31 \u00cdslenskt n\u00fat\u00edmam\u00e1l II [beygingarfr\u00e6\u00f0i, setningafr\u00e6\u00f0i, merkingarfr\u00e6\u00f0i]<br \/>\n05.41.21 Sem\u00ednar\u00e6fingar 2 (a\u00f0 1\/3) [n\u00fdjar stefnur \u00ed setningafr\u00e6\u00f0i]<\/p>\n<p><strong>1984 - haust<\/strong><br \/>\n05.05.01 Almenn hlj\u00f3\u00f0fr\u00e6\u00f0i (a\u00f0 1\/3) [hlj\u00f3\u00f0e\u00f0lisfr\u00e6\u00f0i]<br \/>\n05.05.13 Almenn m\u00e1lv\u00edsindaleg greining I [hlj\u00f3\u00f0kerfisfr\u00e6\u00f0i]<br \/>\n05.40.31 \u00cdslenskt n\u00fat\u00edmam\u00e1l II [beygingarfr\u00e6\u00f0i, setningafr\u00e6\u00f0i, merkingarfr\u00e6\u00f0i]<\/p>\n<p><strong>1984 - vor<\/strong><br \/>\n05.05.03 Hlj\u00f3\u00f0kerfa- og beygingafr\u00e6\u00f0i II [beygingarfr\u00e6\u00f0i]<br \/>\n05.40.02 \u00cdslenskt n\u00fat\u00edmam\u00e1l I [hlj\u00f3\u00f0fr\u00e6\u00f0i og hlj\u00f3\u00f0kerfisfr\u00e6\u00f0i]<br \/>\n05.40.31 \u00cdslenskt n\u00fat\u00edmam\u00e1l II [beygingarfr\u00e6\u00f0i, setningafr\u00e6\u00f0i, merkingarfr\u00e6\u00f0i]<\/p>\n<p><strong>1983 - haust<\/strong><br \/>\n05.05.01 Almenn hlj\u00f3\u00f0fr\u00e6\u00f0i (a\u00f0 1\/3) [hlj\u00f3\u00f0e\u00f0lisfr\u00e6\u00f0i]<br \/>\n05.05.02 Hlj\u00f3\u00f0kerfa- og beygingafr\u00e6\u00f0i I [hlj\u00f3\u00f0kerfisfr\u00e6\u00f0i]<br \/>\n05.05.13 Almenn m\u00e1lv\u00edsindaleg greining I [setningafr\u00e6\u00f0i]<br \/>\n05.40.31 \u00cdslenskt n\u00fat\u00edmam\u00e1l II [beygingarfr\u00e6\u00f0i, setningafr\u00e6\u00f0i, merkingarfr\u00e6\u00f0i]<\/p>\n<p><strong>1983 - vor<\/strong><br \/>\n05.05.03 Hlj\u00f3\u00f0kerfa- og beygingafr\u00e6\u00f0i II [beygingarfr\u00e6\u00f0i]<br \/>\n05.40.31 \u00cdslenskt n\u00fat\u00edmam\u00e1l II [beygingarfr\u00e6\u00f0i, setningafr\u00e6\u00f0i, merkingarfr\u00e6\u00f0i]<\/p>\n<p><strong>1982 - haust<\/strong><br \/>\n05.05.02 Hlj\u00f3\u00f0kerfa- og beygingafr\u00e6\u00f0i I [hlj\u00f3\u00f0kerfisfr\u00e6\u00f0i]<br \/>\n05.05.17 Almenn m\u00e1lv\u00edsindaleg greining IV [hlj\u00f3\u00f0fr\u00e6\u00f0i og hlj\u00f3\u00f0kerfisfr\u00e6\u00f0i]<br \/>\n05.40.31 \u00cdslenskt n\u00fat\u00edmam\u00e1l II [beygingarfr\u00e6\u00f0i, setningafr\u00e6\u00f0i., merkingarfr\u00e6\u00f0i]<\/p>\n<p><strong>1982 - vor<\/strong><br \/>\n05.05.03 Hlj\u00f3\u00f0kerfa- og beygingafr\u00e6\u00f0i II [beygingarfr\u00e6\u00f0i]<\/p>\n<p><strong>1981 - haust<\/strong><br \/>\n05.05.02 Hlj\u00f3\u00f0kerfa- og beygingafr\u00e6\u00f0i I [hlj\u00f3\u00f0kerfisfr\u00e6\u00f0i]<\/p>\n<p><strong>1981 - vor<\/strong><br \/>\n05.05.03 Hlj\u00f3\u00f0kerfa- og beygingafr\u00e6\u00f0i II [beygingarfr\u00e6\u00f0i]<\/p>\n<h3>\u00d6nnur kennsla<\/h3>\n<p>Veturna 1981-82 og 1982-83 kenndi \u00e9g hlj\u00f3\u00f0fr\u00e6\u00f0i vi\u00f0 Kennarah\u00e1sk\u00f3la \u00cdslands; 16 \u00e6fingat\u00edma (4 h\u00f3par) \u00e1 viku fyrra \u00e1ri\u00f0, en 12 t\u00edma (3 h\u00f3par) \u00fea\u00f0 seinna; u.\u00fe.b. 4 vikur hvorn vetur. \u00c1 vormisseri 1985 og 1986 kenndi \u00e9g einnig vi\u00f0 Kennarah\u00e1sk\u00f3lann; 4 t\u00edma (\u00ed tveim h\u00f3pum, tvo t\u00edma \u00ed hvorum) \u00e1 viku \u00ed 14 vikur. Fyrra \u00e1ri\u00f0 kenndi \u00e9g beygingarfr\u00e6\u00f0i, en \u00fea\u00f0 seinna hlj\u00f3\u00f0kerfisfr\u00e6\u00f0i og beygingarfr\u00e6\u00f0i.<\/p>\n<p>Sumari\u00f0 1984 kenndi \u00e9g \u00e1 endurmenntunarn\u00e1mskei\u00f0i \u00ed \u00edslenskri setningafr\u00e6\u00f0i fyrir framhaldssk\u00f3lakennara. Alls flutti \u00e9g 17 fyrirlestra \u00e1 \u00feessu n\u00e1mskei\u00f0i, sem st\u00f3\u00f0 \u00ed 5 daga og r\u00famlega 20 kennarar s\u00f3ttu.<\/p>\n<p>Sumari\u00f0 1993 flutti \u00e9g \u00ferj\u00e1 fyrirlestra \u00e1 norr\u00e6nu fr\u00e6\u00f0imannan\u00e1mskei\u00f0i (forskerkurs) sem haldi\u00f0 var \u00ed Melbu \u00ed Noregi.<\/p>\n<p>Hausti\u00f0 2000 kenndi \u00e9g \u00ferj\u00e1 fyrirlestra \u00e1 viku \u00ed fjarkennslu \u00e1 n\u00e1msbraut \u00ed n\u00fat\u00edmafr\u00e6\u00f0um sem var samstarfsverkefni H\u00e1sk\u00f3la \u00cdslands og H\u00e1sk\u00f3lans \u00e1 Akureyri.<\/p>\n<p>\u00c1 \u00e1runum 1987 og 1988 kenndi \u00e9g auk \u00feess \u00e1 7 fj\u00f6gurra daga (16 t\u00edma) WordPerfect-n\u00e1mskei\u00f0um \u00e1 vegum Endurmenntunarnefndar H\u00e1sk\u00f3lans og Reiknistofnunar (jan\u00faar og ma\u00ed 1987, 4 hausti\u00f0 1987, febr\u00faar 1988).<\/p>\n","protected":false},"excerpt":{"rendered":"<p>N\u00e1mskei\u00f0 kennd vi\u00f0 H\u00e1sk\u00f3la \u00cdslands 2017 - vor \u00cdSL209G M\u00e1lkerfi\u00f0 - hlj\u00f3\u00f0 og or\u00f0 2016 - haust \u00cdSL320G Breytingar og tilbrig\u00f0i (a\u00f0 h\u00e1lfu) 2016 - vor \u00cdSL209G M\u00e1lkerfi\u00f0 - hlj\u00f3\u00f0 og or\u00f0 \u00cdSL701M T\u00f6lvur og tungum\u00e1l 2015 - vor \u00cdSL209G M\u00e1lkerfi\u00f0 - hlj\u00f3\u00f0 og or\u00f0 \u00cdSL703G M\u00e1lt\u00e6kni 2014 - vor \u00cdSL209G M\u00e1lkerfi\u00f0 - hlj\u00f3\u00f0 og [&hellip;]<\/p>\n","protected":false},"author":141,"featured_media":0,"parent":5,"menu_order":0,"comment_status":"closed","ping_status":"closed","template":"","meta":{"footnotes":""},"class_list":["post-85","page","type-page","status-publish","hentry"],"_links":{"self":[{"href":"https:\/\/uni.hi.is\/eirikur\/wp-json\/wp\/v2\/pages\/85","targetHints":{"allow":["GET"]}}],"collection":[{"href":"https:\/\/uni.hi.is\/eirikur\/wp-json\/wp\/v2\/pages"}],"about":[{"href":"https:\/\/uni.hi.is\/eirikur\/wp-json\/wp\/v2\/types\/page"}],"author":[{"embeddable":true,"href":"https:\/\/uni.hi.is\/eirikur\/wp-json\/wp\/v2\/users\/141"}],"replies":[{"embeddable":true,"href":"https:\/\/uni.hi.is\/eirikur\/wp-json\/wp\/v2\/comments?post=85"}],"version-history":[{"count":14,"href":"https:\/\/uni.hi.is\/eirikur\/wp-json\/wp\/v2\/pages\/85\/revisions"}],"predecessor-version":[{"id":4604,"href":"https:\/\/uni.hi.is\/eirikur\/wp-json\/wp\/v2\/pages\/85\/revisions\/4604"}],"up":[{"embeddable":true,"href":"https:\/\/uni.hi.is\/eirikur\/wp-json\/wp\/v2\/pages\/5"}],"wp:attachment":[{"href":"https:\/\/uni.hi.is\/eirikur\/wp-json\/wp\/v2\/media?parent=85"}],"curies":[{"name":"wp","href":"https:\/\/api.w.org\/{rel}","templated":true}]}}