{"id":99,"date":"2010-05-15T18:16:41","date_gmt":"2010-05-15T18:16:41","guid":{"rendered":"http:\/\/uni.hi.is\/eirikur\/?page_id=99"},"modified":"2020-05-08T14:39:46","modified_gmt":"2020-05-08T14:39:46","slug":"cv","status":"publish","type":"page","link":"https:\/\/uni.hi.is\/eirikur\/enska\/cv\/","title":{"rendered":"CV"},"content":{"rendered":"<h3><a href=\"https:\/\/uni.hi.is\/eirikur\/files\/2020\/05\/CV_ER.pdf\">Long CV (.pdf)<\/a><\/h3>\n<p>&nbsp;<\/p>\n<p>Eir\u00edkur R\u00f6gnvaldsson<br \/>\nProfessor emeritus of Icelandic Language and Linguistics<br \/>\nCLARIN National Coordinator for Iceland<br \/>\nCLARIN-IS, \u00c1rni Magn\u00fasson Institute for Icelandic Studies<\/p>\n<p><strong>Contact information:<\/strong><br \/>\n\u00deingholtsstr\u00e6ti 29<br \/>\nIS-101 Reykjav\u00edk, Iceland<br \/>\ntel.: +354 525 4037<br \/>\nmobile: +354 861 6417<br \/>\n<a href=\"mailto:eirikur@hi.is\">eirikur@hi.is<\/a><br \/>\n<a href=\"mailto:eirikur.rognvaldsson@arnastofnun.is\">eirikur.rognvaldsson@arnastofnun.is<\/a><br \/>\n<a href=\"mailto:eirikur.rognvaldsson@gmail.com\">eirikur.rognvaldsson@gmail.com<\/a><\/p>\n<p><strong>Personal data:<\/strong><br \/>\nIcelandic citizen. Born in Sau\u00f0\u00e1rkr\u00f3kur, Iceland, June 1<sup>st<\/sup>, 1955. Married, one child.<\/p>\n<p><strong>University education:<\/strong><br \/>\n1979-1982 Cand.Mag., University of Iceland (Icelandic Language and Linguistics)<br \/>\n1976-1979 B.A., University of Iceland (Icelandic and Comparative Literature)<\/p>\n<p><strong>Academic employment:<\/strong><br \/>\n2019- CLARIN National Coordinator for Iceland, \u00c1rni Magn\u00fasson Institute for Icelandic Studies<br \/>\n1993-2018 Professor of Icelandic Language, University of Iceland<br \/>\n1988-1993\u00a0Associate Professor of Icelandic Language, University of Iceland<br \/>\n1986-1988\u00a0Assistant Professor of Icelandic Language, University of Iceland<\/p>\n","protected":false},"excerpt":{"rendered":"<p>Long CV (.pdf) &nbsp; Eir\u00edkur R\u00f6gnvaldsson Professor emeritus of Icelandic Language and Linguistics CLARIN National Coordinator for Iceland CLARIN-IS, \u00c1rni Magn\u00fasson Institute for Icelandic Studies Contact information: \u00deingholtsstr\u00e6ti 29 IS-101 Reykjav\u00edk, Iceland tel.: +354 525 4037 mobile: +354 861 6417 eirikur@hi.is eirikur.rognvaldsson@arnastofnun.is eirikur.rognvaldsson@gmail.com Personal data: Icelandic citizen. Born in Sau\u00f0\u00e1rkr\u00f3kur, Iceland, June 1st, 1955. Married, [&hellip;]<\/p>\n","protected":false},"author":141,"featured_media":0,"parent":58,"menu_order":0,"comment_status":"closed","ping_status":"closed","template":"","meta":{"footnotes":""},"class_list":["post-99","page","type-page","status-publish","hentry"],"_links":{"self":[{"href":"https:\/\/uni.hi.is\/eirikur\/wp-json\/wp\/v2\/pages\/99","targetHints":{"allow":["GET"]}}],"collection":[{"href":"https:\/\/uni.hi.is\/eirikur\/wp-json\/wp\/v2\/pages"}],"about":[{"href":"https:\/\/uni.hi.is\/eirikur\/wp-json\/wp\/v2\/types\/page"}],"author":[{"embeddable":true,"href":"https:\/\/uni.hi.is\/eirikur\/wp-json\/wp\/v2\/users\/141"}],"replies":[{"embeddable":true,"href":"https:\/\/uni.hi.is\/eirikur\/wp-json\/wp\/v2\/comments?post=99"}],"version-history":[{"count":14,"href":"https:\/\/uni.hi.is\/eirikur\/wp-json\/wp\/v2\/pages\/99\/revisions"}],"predecessor-version":[{"id":2693,"href":"https:\/\/uni.hi.is\/eirikur\/wp-json\/wp\/v2\/pages\/99\/revisions\/2693"}],"up":[{"embeddable":true,"href":"https:\/\/uni.hi.is\/eirikur\/wp-json\/wp\/v2\/pages\/58"}],"wp:attachment":[{"href":"https:\/\/uni.hi.is\/eirikur\/wp-json\/wp\/v2\/media?parent=99"}],"curies":[{"name":"wp","href":"https:\/\/api.w.org\/{rel}","templated":true}]}}