{"id":165,"date":"2014-02-27T16:34:11","date_gmt":"2014-02-27T16:34:11","guid":{"rendered":"http:\/\/uni.hi.is\/ers12\/?page_id=165"},"modified":"2021-04-23T09:15:05","modified_gmt":"2021-04-23T09:15:05","slug":"links","status":"publish","type":"page","link":"https:\/\/uni.hi.is\/ers12\/geoscience\/links\/","title":{"rendered":"Links"},"content":{"rendered":"<h2>Icelandic institutes<\/h2>\n<ul>\n<li><a href=\"http:\/\/en.vedur.is\/\" target=\"_blank\" rel=\"noopener\">IMO - Icelandic Meterologic office<\/a>\u00a0 \/ <a title=\"Ve\u00f0urstofa \u00cdslands - a\u00f0als\u00ed\u00f0a\" href=\"http:\/\/www.vedur.is\/\" target=\"_blank\" rel=\"noopener\">Ve\u00f0urstofa \u00cdslands<\/a>\n<ul>\n<li><a href=\"http:\/\/en.vedur.is\/earthquakes-and-volcanism\/earthquakes\/\" target=\"_blank\" rel=\"noopener\">Earthquakes <\/a>\/ <a href=\"http:\/\/www.vedur.is\/skjalftar-og-eldgos\/jardskjalftar\" target=\"_blank\" rel=\"noopener\">Jar\u00f0skj\u00e1lftar<br \/>\u00a0- <\/a><a href=\"http:\/\/hraun.vedur.is\/ja\/drumplot\/\">Tromurit - drumplots<\/a><\/li>\n<li><a href=\"http:\/\/hraun.vedur.is\/ja\/englishweb\/index.html\">Physics Department <\/a>(formerly Department of Geophysics)<br \/>\u00a0- <a href=\"http:\/\/hraun.vedur.is\/ja\/index.html\">Eftirlitsdeild og Ranns\u00f3knardeild E\u00f0lisfr\u00e6\u00f0isvi\u00f0s Ve\u00f0urstofunnar<\/a><\/li>\n<li><a href=\"http:\/\/brunnur.vedur.is\/\">Various data (icelandic) from IMO -\u00a0 brunnur.vedur.is <br \/><\/a> - <a href=\"http:\/\/brunnur.vedur.is\/myndir\/harmonie\/\">Harmonie - snow load<\/a><\/li>\n<li>Volcanic tremor - <a href=\"http:\/\/hraun.vedur.is\/ja\/oroi\/\">gos\u00f3r\u00f3i<\/a><\/li>\n<\/ul>\n<\/li>\n<li><a href=\"http:\/\/earthice.hi.is\/\" target=\"_blank\" rel=\"noopener\">Institute of Earth Sciences in University of Iceland<\/a> \/ <a href=\"http:\/\/jardvis.hi.is\/\" target=\"_blank\" rel=\"noopener\">Jar\u00f0v\u00edsindastofnun <\/a>\n<ul>\n<li><a href=\"http:\/\/strokkur.raunvis.hi.is\/~sigrun\/\">Continuous GPS measurements data from Sigr\u00fan Hreinsd\u00f3ttir <\/a><\/li>\n<li><a title=\"crustal deformation - strokkur on raunvis.hi.is\" href=\"http:\/\/strokkur.raunvis.hi.is\/gps\/#VATN\">Crustal deformation<\/a><\/li>\n<li><a href=\"http:\/\/strokkur.raunvis.hi.is\/gps\/GSIG_3mrap.png\">CGPS in Gengissig in Kverkfjoll<\/a><\/li>\n<\/ul>\n<\/li>\n<li><a href=\"http:\/\/nordvulk.hi.is\/\" target=\"_blank\" rel=\"noopener\">Nordic Volcanic Center<\/a><\/li>\n<li><a title=\"ISOR\" href=\"http:\/\/www.geothermal.is\/\" target=\"_blank\" rel=\"noopener\">ISOR - Iceland Geosurvey<\/a> \/ <a href=\"http:\/\/isor.is\" target=\"_blank\" rel=\"noopener\">\u00cdSOR - \u00cdslenskar orkuranns\u00f3knir<\/a><\/li>\n<\/ul>\n<h2>International\u00a0<\/h2>\n<ul>\n<li><a href=\"http:\/\/earthquake.usgs.gov\/\">USGS - Earthquakes<\/a><\/li>\n<li><a href=\"http:\/\/www.volcano.si.edu\/\">The Smithsonian volcanic data of the Earth<\/a><\/li>\n<li><a href=\"http:\/\/nhb-arcims.si.edu\/ThisDynamicPlanet\/index.html\">This Dynamic PlanetTectonic information of the Earth<\/a><\/li>\n<\/ul>\n<h2>Homepages from some Icelandic scientists<\/h2>\n<ul>\n<li><a href=\"http:\/\/uni.hi.is\/fs\/\">Freysteinn Sigmundsson<\/a>, Geophysicist<\/li>\n<li><a href=\"https:\/\/notendur.hi.is\/%7Eiob2\/photos.htm\">\u00cdvar \u00d6rn Benediktsson<\/a>, geologist- Glacial geology<\/li>\n<li><a href=\"https:\/\/notendur.hi.is\/oi\/\">\u00d3lafur Ing\u00f3lfsson<\/a>: geologist<\/li>\n<li><a href=\"http:\/\/uni.hi.is\/rikke\/\">Rikke Pedersen<\/a><\/li>\n<li><a href=\"http:\/\/uni.hi.is\/runa\/home\/\">Sigr\u00fan Hreinsd\u00f3ttir<\/a>: Geophysicist- GPS measurements<\/li>\n<li><a href=\"https:\/\/notendur.hi.is\/thorstur\/research\/\">\u00der\u00f6stur \u00deorsteinsson<\/a>: Geophysicist<\/li>\n<li><a href=\"http:\/\/hartree.raunvis.hi.is\/%7Evidar\/\">Vi\u00f0ar Gu\u00f0mundsson<\/a>: Physicist - electrodynamics<\/li>\n<\/ul>\n<p>&nbsp;<\/p>\n<h2>Maps of Iceland\u00a0 (geology maps) and some available reports of geology<\/h2>\n<ul>\n<li><a title=\"Landm\u00e6lingar \u00cdslands - Icelandic\" href=\"http:\/\/www.lmi.is\">LMI - Landm\u00e6lingar \u00cdslands<\/a>, <a title=\"National Land Survey of Iceland - English\" href=\"http:\/\/www.lmi.is\/en\/\">National Land Survey of Iceland<\/a><\/li>\n<li>National Energy Authoroty (Orkustofnun) - <a href=\"http:\/\/www.nea.is\/the-national-energy-authority\/map-servers\/\">Web portals<\/a> - and <a href=\"http:\/\/www.nea.is\/the-national-energy-authority\/map-servers\/\">some information about the web portals<\/a><br \/>For people understandind Icelandic - <a title=\"Kortavefsj\u00e1 Orkustofnunar\" href=\"http:\/\/www.orkuvefsja.is\/vefsja\/orkuvefsja.html\">the Icelandic verion (Kortavefsj\u00e1) is perhaps better<\/a>, see also information about the <a href=\"http:\/\/www.orkustofnun.is\/orkustofnun\/kortasjar\/\">Kortasj\u00e1<\/a>.<\/li>\n<li><a href=\"http:\/\/www.orkustofnun.is\/orkustofnun\/bokasafn\/skyrslur-OS\/\">ISOR reports (Sk\u00fdrslur Orkustofnunar, by year)<\/a> (icelandic reports mostly)<\/li>\n<li>To buy maps on paper:<br \/>\u00a0- I\u00f0n\u00fa (<a href=\"http:\/\/www.ferdakort.is\/\">Fer\u00f0akort<\/a>)<br \/>\u00a0-<a href=\"http:\/\/www.forlagid.is\/?cat=84\"> Forlagi\u00f0<\/a> - they sell (among other maps) the geology maps<br \/>\u00a0\u00a0\u00a0 available in scale 1:100.000 from ISOR<\/li>\n<li><a href=\"http:\/\/www.isor.is\/i\/stadlar\/hraun\/allt_um_hraun.html\">List of \"all\" lavas in Iceland<\/a> (ISOR) - only icelandic language<\/li>\n<\/ul>\n<h2>Other links - Icelandic<\/h2>\n<ul>\n<li><a href=\"http:\/\/vulkan.blog.is\/blog\/vulkan\/\">Vulcan s\u00ed\u00f0a Haraldar Sigur\u00f0ssonar<\/a><\/li>\n<li><a href=\"https:\/\/www.facebook.com\/groups\/267191436684176\/\">Almenn jar\u00f0e\u00f0lisfr\u00e6\u00f0i \u00e1 Facebook<\/a><\/li>\n<li><a href=\"http:\/\/www.jorfi.is\/\">J\u00d6RF\u00cd: J\u00f6klaranns\u00f3knarf\u00e9lag \u00cdslands<\/a><\/li>\n<li><a href=\"http:\/\/www.jfi.is\/\">Jar\u00f0fr\u00e6\u00f0if\u00e9lag \u00cdslands<\/a><\/li>\n<li><a href=\"http:\/\/www.jfi.is\/radstefnur\/\">Jar\u00f0fr\u00e6\u00f0if\u00e9lag \u00cdslands: R\u00e1\u00f0stefnuhefti li\u00f0inna \u00e1ra<\/a><\/li>\n<li><a href=\"http:\/\/www.jardhitafelag.is\/\">Jar\u00f0hitaf\u00e9lag \u00cdslands<\/a><\/li>\n<li><a href=\"http:\/\/www.stjornufraedi.is\/\">Stj\u00f6rnufr\u00e6\u00f0ivefurinn<\/a><\/li>\n<li><a href=\"http:\/\/www.hi.is\/jardvisindadeild\/forsida\">Jar\u00f0v\u00edsindadeild<\/a><\/li>\n<li><a href=\"http:\/\/skemman.is\/category\/view\/1946\/2064\">Skemman - ritger\u00f0ir og verkefni Verk- og n\u00e1tt\u00farufr\u00e6\u00f0isvi\u00f0s H\u00cd<\/a><\/li>\n<li><a href=\"http:\/\/jardvisindi.blogspot.com\/\" target=\"_blank\" rel=\"noopener\">My other geo-page (icelandic) on blogspot (most likely not availiable)<\/a><\/li>\n<\/ul>\n","protected":false},"excerpt":{"rendered":"<p>Icelandic institutes IMO - Icelandic Meterologic office\u00a0 \/ Ve\u00f0urstofa \u00cdslands Earthquakes \/ Jar\u00f0skj\u00e1lftar\u00a0- Tromurit - drumplots Physics Department (formerly Department of Geophysics)\u00a0- Eftirlitsdeild og Ranns\u00f3knardeild E\u00f0lisfr\u00e6\u00f0isvi\u00f0s Ve\u00f0urstofunnar Various data (icelandic) from IMO -\u00a0 brunnur.vedur.is - Harmonie - snow load Volcanic &hellip; <a href=\"https:\/\/uni.hi.is\/ers12\/geoscience\/links\/\">Continue reading <span class=\"meta-nav\">&rarr;<\/span><\/a><\/p>\n","protected":false},"author":937,"featured_media":0,"parent":9,"menu_order":9,"comment_status":"open","ping_status":"closed","template":"","meta":{"footnotes":""},"class_list":["post-165","page","type-page","status-publish","hentry"],"_links":{"self":[{"href":"https:\/\/uni.hi.is\/ers12\/wp-json\/wp\/v2\/pages\/165","targetHints":{"allow":["GET"]}}],"collection":[{"href":"https:\/\/uni.hi.is\/ers12\/wp-json\/wp\/v2\/pages"}],"about":[{"href":"https:\/\/uni.hi.is\/ers12\/wp-json\/wp\/v2\/types\/page"}],"author":[{"embeddable":true,"href":"https:\/\/uni.hi.is\/ers12\/wp-json\/wp\/v2\/users\/937"}],"replies":[{"embeddable":true,"href":"https:\/\/uni.hi.is\/ers12\/wp-json\/wp\/v2\/comments?post=165"}],"version-history":[{"count":24,"href":"https:\/\/uni.hi.is\/ers12\/wp-json\/wp\/v2\/pages\/165\/revisions"}],"predecessor-version":[{"id":325,"href":"https:\/\/uni.hi.is\/ers12\/wp-json\/wp\/v2\/pages\/165\/revisions\/325"}],"up":[{"embeddable":true,"href":"https:\/\/uni.hi.is\/ers12\/wp-json\/wp\/v2\/pages\/9"}],"wp:attachment":[{"href":"https:\/\/uni.hi.is\/ers12\/wp-json\/wp\/v2\/media?parent=165"}],"curies":[{"name":"wp","href":"https:\/\/api.w.org\/{rel}","templated":true}]}}