{"id":257,"date":"2015-04-04T00:35:45","date_gmt":"2015-04-04T00:35:45","guid":{"rendered":"http:\/\/uni.hi.is\/ers12\/?page_id=257"},"modified":"2021-04-23T09:16:00","modified_gmt":"2021-04-23T09:16:00","slug":"ms-thesis","status":"publish","type":"page","link":"https:\/\/uni.hi.is\/ers12\/geoscience\/ms-thesis\/","title":{"rendered":"Palaeomagnetism"},"content":{"rendered":"<h1><span class=\"st\">The structure of hyaloclastite mountains studied with palaeomagnetism<\/span><\/h1>\n<h6><a href=\"http:\/\/uni.hi.is\/ers12\/files\/2015\/04\/Pano_0_small.jpg\"><img loading=\"lazy\" decoding=\"async\" class=\"alignnone size-large wp-image-258\" src=\"http:\/\/uni.hi.is\/ers12\/files\/2015\/04\/Pano_0_small-1024x275.jpg\" alt=\"Pano_0_small\" width=\"474\" height=\"127\" srcset=\"https:\/\/uni.hi.is\/ers12\/files\/2015\/04\/Pano_0_small-1024x275.jpg 1024w, https:\/\/uni.hi.is\/ers12\/files\/2015\/04\/Pano_0_small-300x81.jpg 300w, https:\/\/uni.hi.is\/ers12\/files\/2015\/04\/Pano_0_small.jpg 1772w\" sizes=\"auto, (max-width: 474px) 100vw, 474px\" \/><\/a><br \/>\nHl\u00f6\u00f0ufell, hyaloclastite, table mountain seen from west, July 2014<\/h6>\n<p>The main idea of the MS thesis is to do magnetic measurements in hyaloclastite mountains, both in the pillow lava in the base of the mountain and also in the lava field and lava delta on top of the mountain.\u00a0 With difference of paleo inclination and declination measured it can be possible to tell about how long time the formation of the mountain took place.<\/p>\n<p>For pilot work I did measurement in pillow lava in Undirhl\u00ed\u00f0ar ridge on Reykjanes peninsula but the main research field is supposed to be Hl\u00f6\u00f0ufell south of glacier Langj\u00f6kull.<\/p>\n<p><a href=\"http:\/\/uni.hi.is\/ers12\/files\/2015\/04\/yfirlitskort-SV-land.jpg\"><img loading=\"lazy\" decoding=\"async\" class=\"alignnone size-large wp-image-259\" src=\"http:\/\/uni.hi.is\/ers12\/files\/2015\/04\/yfirlitskort-SV-land-1024x704.jpg\" alt=\"yfirlitskort SV land\" width=\"474\" height=\"326\" srcset=\"https:\/\/uni.hi.is\/ers12\/files\/2015\/04\/yfirlitskort-SV-land-1024x704.jpg 1024w, https:\/\/uni.hi.is\/ers12\/files\/2015\/04\/yfirlitskort-SV-land-300x206.jpg 300w, https:\/\/uni.hi.is\/ers12\/files\/2015\/04\/yfirlitskort-SV-land.jpg 1371w\" sizes=\"auto, (max-width: 474px) 100vw, 474px\" \/><\/a><\/p>\n<p>Supervisors: Le\u00f3 Kristj\u00e1nsson and Magn\u00fas Tumi Gu\u00f0mundsson.<\/p>\n<h2>Progress:<\/h2>\n<p>Field work started in spring 2014 at Undirhl\u00ed\u00f0ar and was done in May to July.<\/p>\n<p>Field work began in july 2014 at Hl\u00f6\u00f0ufell. Since then two accidents injuries has affected the work. Broken shoulder in end of July made field work more or less stop for rest of the summer.\u00a0 In January 2015 a badly broken leg will perhaps keep me from all serious field work for a part of the summer in year 2015.<\/p>\n","protected":false},"excerpt":{"rendered":"<p>The structure of hyaloclastite mountains studied with palaeomagnetism Hl\u00f6\u00f0ufell, hyaloclastite, table mountain seen from west, July 2014 The main idea of the MS thesis is to do magnetic measurements in hyaloclastite mountains, both in the pillow lava in the base &hellip; <a href=\"https:\/\/uni.hi.is\/ers12\/geoscience\/ms-thesis\/\">Continue reading <span class=\"meta-nav\">&rarr;<\/span><\/a><\/p>\n","protected":false},"author":937,"featured_media":0,"parent":9,"menu_order":0,"comment_status":"open","ping_status":"open","template":"","meta":{"footnotes":""},"class_list":["post-257","page","type-page","status-publish","hentry"],"_links":{"self":[{"href":"https:\/\/uni.hi.is\/ers12\/wp-json\/wp\/v2\/pages\/257","targetHints":{"allow":["GET"]}}],"collection":[{"href":"https:\/\/uni.hi.is\/ers12\/wp-json\/wp\/v2\/pages"}],"about":[{"href":"https:\/\/uni.hi.is\/ers12\/wp-json\/wp\/v2\/types\/page"}],"author":[{"embeddable":true,"href":"https:\/\/uni.hi.is\/ers12\/wp-json\/wp\/v2\/users\/937"}],"replies":[{"embeddable":true,"href":"https:\/\/uni.hi.is\/ers12\/wp-json\/wp\/v2\/comments?post=257"}],"version-history":[{"count":5,"href":"https:\/\/uni.hi.is\/ers12\/wp-json\/wp\/v2\/pages\/257\/revisions"}],"predecessor-version":[{"id":326,"href":"https:\/\/uni.hi.is\/ers12\/wp-json\/wp\/v2\/pages\/257\/revisions\/326"}],"up":[{"embeddable":true,"href":"https:\/\/uni.hi.is\/ers12\/wp-json\/wp\/v2\/pages\/9"}],"wp:attachment":[{"href":"https:\/\/uni.hi.is\/ers12\/wp-json\/wp\/v2\/media?parent=257"}],"curies":[{"name":"wp","href":"https:\/\/api.w.org\/{rel}","templated":true}]}}