{"id":263,"date":"2015-04-04T00:46:03","date_gmt":"2015-04-04T00:46:03","guid":{"rendered":"http:\/\/uni.hi.is\/ers12\/?page_id=263"},"modified":"2021-04-23T09:24:16","modified_gmt":"2021-04-23T09:24:16","slug":"photos-from-ms-field-work","status":"publish","type":"page","link":"https:\/\/uni.hi.is\/ers12\/geoscience\/ms-thesis\/photos-from-ms-field-work\/","title":{"rendered":"Photos from MS field work"},"content":{"rendered":"<h4 style=\"text-align: center\"><a href=\"http:\/\/uni.hi.is\/ers12\/files\/2015\/04\/ER2_6780_2000.jpg\"><img loading=\"lazy\" decoding=\"async\" class=\"alignnone size-large wp-image-264 aligncenter\" src=\"http:\/\/uni.hi.is\/ers12\/files\/2015\/04\/ER2_6780_2000-1024x678.jpg\" alt=\"ER2_6780_2000\" width=\"474\" height=\"314\" srcset=\"https:\/\/uni.hi.is\/ers12\/files\/2015\/04\/ER2_6780_2000-1024x678.jpg 1024w, https:\/\/uni.hi.is\/ers12\/files\/2015\/04\/ER2_6780_2000-300x199.jpg 300w, https:\/\/uni.hi.is\/ers12\/files\/2015\/04\/ER2_6780_2000.jpg 2000w\" sizes=\"auto, (max-width: 474px) 100vw, 474px\" \/><\/a>Drilling work in Undirhl\u00ed\u00f0ar, May 2014. Photo: Ragnhildur Hr\u00f6nn Sigur\u00f0ard\u00f3ttir.<\/h4>\n<h4><\/h4>\n<h4 style=\"text-align: center\"><a href=\"http:\/\/uni.hi.is\/ers12\/files\/2015\/04\/LT2B.jpg\"><img loading=\"lazy\" decoding=\"async\" class=\"alignnone size-large wp-image-266\" src=\"http:\/\/uni.hi.is\/ers12\/files\/2015\/04\/LT2B-1024x678.jpg\" alt=\"LT2B\" width=\"474\" height=\"314\" srcset=\"https:\/\/uni.hi.is\/ers12\/files\/2015\/04\/LT2B-1024x678.jpg 1024w, https:\/\/uni.hi.is\/ers12\/files\/2015\/04\/LT2B-300x199.jpg 300w, https:\/\/uni.hi.is\/ers12\/files\/2015\/04\/LT2B.jpg 1772w\" sizes=\"auto, (max-width: 474px) 100vw, 474px\" \/><\/a><br \/>\nCores after drilling, before orientation in Undirhl\u00ed\u00f0ar.<\/h4>\n<h4><\/h4>\n<h4 style=\"text-align: center\"><a href=\"http:\/\/uni.hi.is\/ers12\/files\/2015\/04\/Pano_0_levels_crop_small.jpg\"><img loading=\"lazy\" decoding=\"async\" class=\"alignnone size-large wp-image-271\" src=\"http:\/\/uni.hi.is\/ers12\/files\/2015\/04\/Pano_0_levels_crop_small-1024x574.jpg\" alt=\"Pano_0_levels_crop_small\" width=\"474\" height=\"266\" srcset=\"https:\/\/uni.hi.is\/ers12\/files\/2015\/04\/Pano_0_levels_crop_small-1024x574.jpg 1024w, https:\/\/uni.hi.is\/ers12\/files\/2015\/04\/Pano_0_levels_crop_small-300x168.jpg 300w, https:\/\/uni.hi.is\/ers12\/files\/2015\/04\/Pano_0_levels_crop_small.jpg 2000w\" sizes=\"auto, (max-width: 474px) 100vw, 474px\" \/><\/a><br \/>\nThe gulley at Hl\u00f6\u00f0uvellir in Hl\u00f6\u00f0ufell. The easiest way to climb the mountain is on the left hand side of the gulley.<\/h4>\n<p>&nbsp;<\/p>\n<h4 style=\"text-align: center\"><a href=\"http:\/\/uni.hi.is\/ers12\/files\/2015\/04\/ER2_8737.jpg\"><img loading=\"lazy\" decoding=\"async\" class=\"alignnone size-large wp-image-292\" src=\"http:\/\/uni.hi.is\/ers12\/files\/2015\/04\/ER2_8737-1024x678.jpg\" alt=\"ER2_8737\" width=\"474\" height=\"314\" srcset=\"https:\/\/uni.hi.is\/ers12\/files\/2015\/04\/ER2_8737-1024x678.jpg 1024w, https:\/\/uni.hi.is\/ers12\/files\/2015\/04\/ER2_8737-300x199.jpg 300w\" sizes=\"auto, (max-width: 474px) 100vw, 474px\" \/><\/a><br \/>\nMy brother Gunnar Sigur\u00f0sson, helping with orientation at Hl\u00f6\u00f0ufell in July 2014.<\/h4>\n<p>&nbsp;<\/p>\n<h4 style=\"text-align: center\"><a href=\"http:\/\/uni.hi.is\/ers12\/files\/2015\/04\/ER2_8756.jpg\"><img loading=\"lazy\" decoding=\"async\" class=\"alignnone size-large wp-image-300\" src=\"http:\/\/uni.hi.is\/ers12\/files\/2015\/04\/ER2_8756-1024x679.jpg\" alt=\"ER2_8756\" width=\"474\" height=\"314\" srcset=\"https:\/\/uni.hi.is\/ers12\/files\/2015\/04\/ER2_8756-1024x679.jpg 1024w, https:\/\/uni.hi.is\/ers12\/files\/2015\/04\/ER2_8756-300x199.jpg 300w, https:\/\/uni.hi.is\/ers12\/files\/2015\/04\/ER2_8756.jpg 2000w\" sizes=\"auto, (max-width: 474px) 100vw, 474px\" \/><\/a><br \/>\nOrientation of the last core in one sampling place in Hl\u00f6\u00f0ufell, July 2014.<\/h4>\n<h4><\/h4>\n<h4 style=\"text-align: center\"><a href=\"http:\/\/uni.hi.is\/ers12\/files\/2015\/04\/ER2_8682.jpg\"><img loading=\"lazy\" decoding=\"async\" class=\"alignnone size-large wp-image-268\" src=\"http:\/\/uni.hi.is\/ers12\/files\/2015\/04\/ER2_8682-1024x679.jpg\" alt=\"ER2_8682\" width=\"474\" height=\"314\" srcset=\"https:\/\/uni.hi.is\/ers12\/files\/2015\/04\/ER2_8682-1024x679.jpg 1024w, https:\/\/uni.hi.is\/ers12\/files\/2015\/04\/ER2_8682-300x199.jpg 300w, https:\/\/uni.hi.is\/ers12\/files\/2015\/04\/ER2_8682.jpg 2000w\" sizes=\"auto, (max-width: 474px) 100vw, 474px\" \/><\/a><br \/>\nBrunton compass used for orientation of drilled cores at Hl\u00f6\u00f0ufell, July 2014.<\/h4>\n<p>&nbsp;<\/p>\n<h4 style=\"text-align: center\"><a href=\"http:\/\/uni.hi.is\/ers12\/files\/2015\/04\/ER2_8782.jpg\"><img loading=\"lazy\" decoding=\"async\" class=\"alignnone size-large wp-image-269\" src=\"http:\/\/uni.hi.is\/ers12\/files\/2015\/04\/ER2_8782-1024x679.jpg\" alt=\"ER2_8782\" width=\"474\" height=\"314\" srcset=\"https:\/\/uni.hi.is\/ers12\/files\/2015\/04\/ER2_8782-1024x679.jpg 1024w, https:\/\/uni.hi.is\/ers12\/files\/2015\/04\/ER2_8782-300x199.jpg 300w, https:\/\/uni.hi.is\/ers12\/files\/2015\/04\/ER2_8782.jpg 2000w\" sizes=\"auto, (max-width: 474px) 100vw, 474px\" \/><\/a><br \/>\nHylaoclastite in Rani area South-East of Hl\u00f6\u00f0ufell, July 2014.<\/h4>\n<h4><\/h4>\n<h4 style=\"text-align: center\"><a href=\"http:\/\/uni.hi.is\/ers12\/files\/2015\/04\/ER2_9036.jpg\"><img loading=\"lazy\" decoding=\"async\" class=\"alignnone size-large wp-image-270\" src=\"http:\/\/uni.hi.is\/ers12\/files\/2015\/04\/ER2_9036-1024x596.jpg\" alt=\"ER2_9036\" width=\"474\" height=\"276\" srcset=\"https:\/\/uni.hi.is\/ers12\/files\/2015\/04\/ER2_9036-1024x596.jpg 1024w, https:\/\/uni.hi.is\/ers12\/files\/2015\/04\/ER2_9036-300x175.jpg 300w, https:\/\/uni.hi.is\/ers12\/files\/2015\/04\/ER2_9036.jpg 2000w\" sizes=\"auto, (max-width: 474px) 100vw, 474px\" \/><\/a><br \/>\nHl\u00f6\u00f0ufell and a ridge North of the mountain, July 2014.<\/h4>\n<p>&nbsp;<\/p>\n<h4 style=\"text-align: center\"><a href=\"http:\/\/uni.hi.is\/ers12\/files\/2015\/04\/HF-B_Bolstrabergsl\u00e6kur-\u00ed-Rana_Skri\u00f0uditindur-nota\u00f0ur-sem-mi\u00f0_ER2_9961_small.jpg\"><img loading=\"lazy\" decoding=\"async\" class=\"alignnone size-large wp-image-296\" src=\"http:\/\/uni.hi.is\/ers12\/files\/2015\/04\/HF-B_Bolstrabergsl\u00e6kur-\u00ed-Rana_Skri\u00f0uditindur-nota\u00f0ur-sem-mi\u00f0_ER2_9961_small-1024x365.jpg\" alt=\"HF-B_Bolstrabergsl\u00e6kur \u00ed Rana_Skri\u00f0uditindur nota\u00f0ur sem mi\u00f0_ER2_9961_small\" width=\"474\" height=\"169\" srcset=\"https:\/\/uni.hi.is\/ers12\/files\/2015\/04\/HF-B_Bolstrabergsl\u00e6kur-\u00ed-Rana_Skri\u00f0uditindur-nota\u00f0ur-sem-mi\u00f0_ER2_9961_small-1024x365.jpg 1024w, https:\/\/uni.hi.is\/ers12\/files\/2015\/04\/HF-B_Bolstrabergsl\u00e6kur-\u00ed-Rana_Skri\u00f0uditindur-nota\u00f0ur-sem-mi\u00f0_ER2_9961_small-300x107.jpg 300w, https:\/\/uni.hi.is\/ers12\/files\/2015\/04\/HF-B_Bolstrabergsl\u00e6kur-\u00ed-Rana_Skri\u00f0uditindur-nota\u00f0ur-sem-mi\u00f0_ER2_9961_small.jpg 2000w\" sizes=\"auto, (max-width: 474px) 100vw, 474px\" \/><\/a><br \/>\nA peak in Skri\u00f0utindur used as a reference for orientation at Hl\u00f6\u00f0ufell, September 2014.<\/h4>\n<p>&nbsp;<\/p>\n<h4 style=\"text-align: center\"><a href=\"http:\/\/uni.hi.is\/ers12\/files\/2015\/04\/THF-B_Bolstrabergslakur-\u00ed-\u00de\u00f3r\u00f3lfsfelli_ER2_9931.jpg\"><img loading=\"lazy\" decoding=\"async\" class=\"alignnone size-large wp-image-295\" src=\"http:\/\/uni.hi.is\/ers12\/files\/2015\/04\/THF-B_Bolstrabergslakur-\u00ed-\u00de\u00f3r\u00f3lfsfelli_ER2_9931-1024x679.jpg\" alt=\"THF-B_Bolstrabergslakur \u00ed \u00de\u00f3r\u00f3lfsfelli_ER2_9931\" width=\"474\" height=\"314\" srcset=\"https:\/\/uni.hi.is\/ers12\/files\/2015\/04\/THF-B_Bolstrabergslakur-\u00ed-\u00de\u00f3r\u00f3lfsfelli_ER2_9931-1024x679.jpg 1024w, https:\/\/uni.hi.is\/ers12\/files\/2015\/04\/THF-B_Bolstrabergslakur-\u00ed-\u00de\u00f3r\u00f3lfsfelli_ER2_9931-300x199.jpg 300w, https:\/\/uni.hi.is\/ers12\/files\/2015\/04\/THF-B_Bolstrabergslakur-\u00ed-\u00de\u00f3r\u00f3lfsfelli_ER2_9931.jpg 2000w\" sizes=\"auto, (max-width: 474px) 100vw, 474px\" \/><\/a><br \/>\nField work, Haraldur Gunnarsson and Gunnar Sigur\u00f0sson drilling in \u00de\u00f3r\u00f3lfsfell, north of Hl\u00f6\u00f0ufell, September 2014.<\/h4>\n<p>&nbsp;<\/p>\n<h4 style=\"text-align: center\"><a href=\"http:\/\/uni.hi.is\/ers12\/files\/2015\/04\/HF-B_Synataka-\u00ed-Rana_ER2_9982_small.jpg\"><img loading=\"lazy\" decoding=\"async\" class=\"alignnone size-large wp-image-297\" src=\"http:\/\/uni.hi.is\/ers12\/files\/2015\/04\/HF-B_Synataka-\u00ed-Rana_ER2_9982_small-1024x678.jpg\" alt=\"HF-B_Synataka \u00ed Rana_ER2_9982_small\" width=\"474\" height=\"314\" srcset=\"https:\/\/uni.hi.is\/ers12\/files\/2015\/04\/HF-B_Synataka-\u00ed-Rana_ER2_9982_small-1024x678.jpg 1024w, https:\/\/uni.hi.is\/ers12\/files\/2015\/04\/HF-B_Synataka-\u00ed-Rana_ER2_9982_small-300x199.jpg 300w, https:\/\/uni.hi.is\/ers12\/files\/2015\/04\/HF-B_Synataka-\u00ed-Rana_ER2_9982_small.jpg 2000w\" sizes=\"auto, (max-width: 474px) 100vw, 474px\" \/><\/a><br \/>\nSample place in \u00de\u00f3r\u00f3lsfell, ready for orientation. Most likely sample place HF-B since there seems to be a problem with cores number 1, 5 and 11, see photo below. To have those 8 cores, 17 holes were made. Pillow lava is not the easiest one for core sampling!<br \/>\nSeptember 2014.<\/h4>\n<p>&nbsp;<\/p>\n<h4 style=\"text-align: center\"><a href=\"http:\/\/uni.hi.is\/ers12\/files\/2015\/04\/HF-B_kjarnarnir_ER4_0045_small.jpg\"><img loading=\"lazy\" decoding=\"async\" class=\"alignnone size-large wp-image-307\" src=\"http:\/\/uni.hi.is\/ers12\/files\/2015\/04\/HF-B_kjarnarnir_ER4_0045_small-1024x460.jpg\" alt=\"HF-B_kjarnarnir_ER4_0045_small\" width=\"474\" height=\"213\" srcset=\"https:\/\/uni.hi.is\/ers12\/files\/2015\/04\/HF-B_kjarnarnir_ER4_0045_small-1024x460.jpg 1024w, https:\/\/uni.hi.is\/ers12\/files\/2015\/04\/HF-B_kjarnarnir_ER4_0045_small-300x135.jpg 300w, https:\/\/uni.hi.is\/ers12\/files\/2015\/04\/HF-B_kjarnarnir_ER4_0045_small.jpg 2000w\" sizes=\"auto, (max-width: 474px) 100vw, 474px\" \/><\/a><br \/>\nSample cores from the Hl\u00f6\u00f0ufell area - sampling place HF-B.<br \/>\nCore number 1 and 5 have broken!<\/h4>\n","protected":false},"excerpt":{"rendered":"<p>Drilling work in Undirhl\u00ed\u00f0ar, May 2014. Photo: Ragnhildur Hr\u00f6nn Sigur\u00f0ard\u00f3ttir. Cores after drilling, before orientation in Undirhl\u00ed\u00f0ar. The gulley at Hl\u00f6\u00f0uvellir in Hl\u00f6\u00f0ufell. The easiest way to climb the mountain is on the left hand side of the gulley. &nbsp; &hellip; <a href=\"https:\/\/uni.hi.is\/ers12\/geoscience\/ms-thesis\/photos-from-ms-field-work\/\">Continue reading <span class=\"meta-nav\">&rarr;<\/span><\/a><\/p>\n","protected":false},"author":937,"featured_media":0,"parent":257,"menu_order":5,"comment_status":"open","ping_status":"open","template":"","meta":{"footnotes":""},"class_list":["post-263","page","type-page","status-publish","hentry"],"_links":{"self":[{"href":"https:\/\/uni.hi.is\/ers12\/wp-json\/wp\/v2\/pages\/263","targetHints":{"allow":["GET"]}}],"collection":[{"href":"https:\/\/uni.hi.is\/ers12\/wp-json\/wp\/v2\/pages"}],"about":[{"href":"https:\/\/uni.hi.is\/ers12\/wp-json\/wp\/v2\/types\/page"}],"author":[{"embeddable":true,"href":"https:\/\/uni.hi.is\/ers12\/wp-json\/wp\/v2\/users\/937"}],"replies":[{"embeddable":true,"href":"https:\/\/uni.hi.is\/ers12\/wp-json\/wp\/v2\/comments?post=263"}],"version-history":[{"count":18,"href":"https:\/\/uni.hi.is\/ers12\/wp-json\/wp\/v2\/pages\/263\/revisions"}],"predecessor-version":[{"id":315,"href":"https:\/\/uni.hi.is\/ers12\/wp-json\/wp\/v2\/pages\/263\/revisions\/315"}],"up":[{"embeddable":true,"href":"https:\/\/uni.hi.is\/ers12\/wp-json\/wp\/v2\/pages\/257"}],"wp:attachment":[{"href":"https:\/\/uni.hi.is\/ers12\/wp-json\/wp\/v2\/media?parent=263"}],"curies":[{"name":"wp","href":"https:\/\/api.w.org\/{rel}","templated":true}]}}