{"id":81,"date":"2014-02-12T19:41:45","date_gmt":"2014-02-12T19:41:45","guid":{"rendered":"http:\/\/uni.hi.is\/ers12\/?page_id=81"},"modified":"2014-02-12T20:54:56","modified_gmt":"2014-02-12T20:54:56","slug":"photography","status":"publish","type":"page","link":"https:\/\/uni.hi.is\/ers12\/photography\/","title":{"rendered":"Photography"},"content":{"rendered":"<p style=\"text-align: left\">I mostly put my photographs to <a title=\"My Flickr photo page - eirasi\" href=\"http:\/\/www.flickr.com\/photos\/eirasi\/\">Flickr<\/a>.\u00a0 Here below you can see some examples.<\/p>\n<p style=\"text-align: center\"><a title=\"HSSR \u00e1 g\u00f6ngusk\u00ed\u00f0um til Landmannalauga by eir@si, on Flickr\" href=\"http:\/\/www.flickr.com\/photos\/eirasi\/12453820355\/\"><img decoding=\"async\" alt=\"HSSR \u00e1 g\u00f6ngusk\u00ed\u00f0um til Landmannalauga\" src=\"http:\/\/farm4.staticflickr.com\/3706\/12453820355_4306e930b1_m.jpg\" height=\"160\" \/><\/a> <a title=\"HSSR \u00e1 g\u00f6ngusk\u00ed\u00f0um til Landmannalauga by eir@si, on Flickr\" href=\"http:\/\/www.flickr.com\/photos\/eirasi\/12453816785\/\"><img decoding=\"async\" alt=\"HSSR \u00e1 g\u00f6ngusk\u00ed\u00f0um til Landmannalauga\" src=\"http:\/\/farm6.staticflickr.com\/5496\/12453816785_e4648824ca_n.jpg\" height=\"160\" \/><\/a> <a title=\"HSSR \u00e1 g\u00f6ngusk\u00ed\u00f0um til Landmannalauga by eir@si, on Flickr\" href=\"http:\/\/www.flickr.com\/photos\/eirasi\/12453975063\/\"><img loading=\"lazy\" decoding=\"async\" alt=\"HSSR \u00e1 g\u00f6ngusk\u00ed\u00f0um til Landmannalauga\" src=\"http:\/\/farm8.staticflickr.com\/7422\/12453975063_a5d0316704_m.jpg\" width=\"160\" height=\"160\" \/><\/a> <a title=\"spong_hlynur eyrnahlifakall by eir@si, on Flickr\" href=\"http:\/\/www.flickr.com\/photos\/eirasi\/11629720904\/\"><img decoding=\"async\" alt=\"spong_hlynur eyrnahlifakall\" src=\"http:\/\/farm4.staticflickr.com\/3687\/11629720904_1002dbe0ab_n.jpg\" height=\"160\" \/><\/a> <a title=\"N\u00e1mskei\u00f0 HSSR: Fer\u00f0ast \u00e1 j\u00f6kli by eir@si, on Flickr\" href=\"http:\/\/www.flickr.com\/photos\/eirasi\/10120968485\/\"><img decoding=\"async\" alt=\"N\u00e1mskei\u00f0 HSSR: Fer\u00f0ast \u00e1 j\u00f6kli\" src=\"http:\/\/farm8.staticflickr.com\/7313\/10120968485_bf8f48ff33_n.jpg\" height=\"160\" \/><\/a><a title=\"Leggjarbrj\u00f3tur by eir@si, on Flickr\" href=\"http:\/\/www.flickr.com\/photos\/eirasi\/9564422741\/\"> <img decoding=\"async\" alt=\"Leggjarbrj\u00f3tur\" src=\"http:\/\/farm4.staticflickr.com\/3805\/9564422741_2be2c41239_n.jpg\" height=\"160\" \/><\/a><a title=\"Selvogsg\u00f6tub\u00fatur me\u00f0 F\u00cd by eir@si, on Flickr\" href=\"http:\/\/www.flickr.com\/photos\/eirasi\/9642015089\/\"><img loading=\"lazy\" decoding=\"async\" alt=\"Selvogsg\u00f6tub\u00fatur me\u00f0 F\u00cd\" src=\"http:\/\/farm3.staticflickr.com\/2893\/9642015089_d5948042f0_b.jpg\" width=\"599\" height=\"124\" \/> <\/a><a title=\"Fari\u00f0 \u00ed g\u00f6ngur og r\u00e9ttir \u00e1 Sn\u00e6fellsnesi by eir@si, on Flickr\" href=\"http:\/\/www.flickr.com\/photos\/eirasi\/10126121233\/\"><img decoding=\"async\" alt=\"Fari\u00f0 \u00ed g\u00f6ngur og r\u00e9ttir \u00e1 Sn\u00e6fellsnesi\" src=\"http:\/\/farm8.staticflickr.com\/7327\/10126121233_5f47506f6e_n.jpg\" height=\"160\" \/><\/a> <a title=\"Mosfell me\u00f0 F\u00cd by eir@si, on Flickr\" href=\"http:\/\/www.flickr.com\/photos\/eirasi\/11308230696\/\"><img decoding=\"async\" alt=\"Mosfell me\u00f0 F\u00cd\" src=\"http:\/\/farm4.staticflickr.com\/3800\/11308230696_b27ac4d11c_n.jpg\" height=\"160\" \/><\/a><a title=\"N\u00e1mskei\u00f0 HSSR: Fer\u00f0ast \u00e1 j\u00f6kli by eir@si, on Flickr\" href=\"http:\/\/www.flickr.com\/photos\/eirasi\/10120980065\/\"><img decoding=\"async\" alt=\"N\u00e1mskei\u00f0 HSSR: Fer\u00f0ast \u00e1 j\u00f6kli\" src=\"http:\/\/farm4.staticflickr.com\/3819\/10120980065_774df1dc6e_n.jpg\" height=\"160\" \/><\/a><a title=\"HSSR f\u00f3lk \u00e1 g\u00f6ngusk\u00ed\u00f0um \u00e1 eigin vegum by eir@si, on Flickr\" href=\"http:\/\/www.flickr.com\/photos\/eirasi\/9557291830\/\"> <img decoding=\"async\" alt=\"HSSR f\u00f3lk \u00e1 g\u00f6ngusk\u00ed\u00f0um \u00e1 eigin vegum\" src=\"http:\/\/farm6.staticflickr.com\/5483\/9557291830_591fb63d6b_n.jpg\" height=\"160\" \/><\/a> <a title=\"Fellsm\u00f6rk by eir@si, on Flickr\" href=\"http:\/\/www.flickr.com\/photos\/eirasi\/9563574331\/\"><img decoding=\"async\" alt=\"Fellsm\u00f6rk\" src=\"http:\/\/farm4.staticflickr.com\/3773\/9563574331_47bdd73296_m.jpg\" height=\"160\" \/>\u00a0<\/a> <a title=\"Fellsm\u00f6rk - Sk\u00f3gar\u00fer\u00f6stur by eir@si, on Flickr\" href=\"http:\/\/www.flickr.com\/photos\/eirasi\/9566364114\/\"><img decoding=\"async\" alt=\"Fellsm\u00f6rk - Sk\u00f3gar\u00fer\u00f6stur\" src=\"http:\/\/farm6.staticflickr.com\/5337\/9566364114_bfe14d5ed1_n.jpg\" height=\"160\" \/><\/a>\u00a0<a title=\"Fellsm\u00f6rk by eir@si, on Flickr\" href=\"http:\/\/www.flickr.com\/photos\/eirasi\/9566365256\/\"><img decoding=\"async\" alt=\"\u00de\u00fafutittlingur sveiflar s\u00e9r \u00ed reynitr\u00e9\" src=\"http:\/\/farm8.staticflickr.com\/7108\/7602531400_321f74c30e_m.jpg\" height=\"160\" \/> <img decoding=\"async\" alt=\"Fellsm\u00f6rk\" src=\"http:\/\/farm6.staticflickr.com\/5336\/9566365256_7ae7ae9239_n.jpg\" height=\"160\" \/><\/a><a title=\"Fellsm\u00f6rk by eir@si, on Flickr\" href=\"http:\/\/www.flickr.com\/photos\/eirasi\/9563573653\/\"> <img decoding=\"async\" alt=\"Fellsm\u00f6rk\" src=\"http:\/\/farm6.staticflickr.com\/5474\/9563573653_88fe401a3b_n.jpg\" height=\"160\" \/><\/a><a title=\"A\u00f0ventufer\u00f0 \u00ed Fellsm\u00f6rk 2013 by eir@si, on Flickr\" href=\"http:\/\/www.flickr.com\/photos\/eirasi\/11391718613\/\"> <img decoding=\"async\" alt=\"A\u00f0ventufer\u00f0 \u00ed Fellsm\u00f6rk 2013\" src=\"http:\/\/farm3.staticflickr.com\/2845\/11391718613_abe5afe5c8_n.jpg\" height=\"160\" \/><\/a><\/p>\n","protected":false},"excerpt":{"rendered":"<p>I mostly put my photographs to Flickr.\u00a0 Here below you can see some examples. \u00a0 \u00a0<\/p>\n","protected":false},"author":937,"featured_media":0,"parent":0,"menu_order":0,"comment_status":"closed","ping_status":"closed","template":"","meta":{"footnotes":""},"class_list":["post-81","page","type-page","status-publish","hentry"],"_links":{"self":[{"href":"https:\/\/uni.hi.is\/ers12\/wp-json\/wp\/v2\/pages\/81","targetHints":{"allow":["GET"]}}],"collection":[{"href":"https:\/\/uni.hi.is\/ers12\/wp-json\/wp\/v2\/pages"}],"about":[{"href":"https:\/\/uni.hi.is\/ers12\/wp-json\/wp\/v2\/types\/page"}],"author":[{"embeddable":true,"href":"https:\/\/uni.hi.is\/ers12\/wp-json\/wp\/v2\/users\/937"}],"replies":[{"embeddable":true,"href":"https:\/\/uni.hi.is\/ers12\/wp-json\/wp\/v2\/comments?post=81"}],"version-history":[{"count":11,"href":"https:\/\/uni.hi.is\/ers12\/wp-json\/wp\/v2\/pages\/81\/revisions"}],"predecessor-version":[{"id":101,"href":"https:\/\/uni.hi.is\/ers12\/wp-json\/wp\/v2\/pages\/81\/revisions\/101"}],"wp:attachment":[{"href":"https:\/\/uni.hi.is\/ers12\/wp-json\/wp\/v2\/media?parent=81"}],"curies":[{"name":"wp","href":"https:\/\/api.w.org\/{rel}","templated":true}]}}