{"id":9,"date":"2012-05-22T22:09:31","date_gmt":"2012-05-22T22:09:31","guid":{"rendered":"http:\/\/uni.hi.is\/ers12\/?page_id=9"},"modified":"2014-03-26T19:03:48","modified_gmt":"2014-03-26T19:03:48","slug":"geoscience","status":"publish","type":"page","link":"https:\/\/uni.hi.is\/ers12\/geoscience\/","title":{"rendered":"Geo-science"},"content":{"rendered":"<h1>Paleomagnetism and magnetic measurements<\/h1>\n<h2>Paleomagnetism<\/h2>\n<p><a title=\"Paleomagnetic\" href=\"https:\/\/notendur.hi.is\/~ers12\/skrar\/paleomagnetism_Einar%20Ragnar%20JAR119F-nov2013_final-revised.pdf\">The magnetic field and magnetic measurements (paleomagnetism)<\/a>, my first presentation regarding my master thesis. Novmeber 2013.<\/p>\n<h2>Ground magnetic survey<\/h2>\n<p><em><a href=\"https:\/\/notendur.hi.is\/~ers12\/skrar\/Arnarthufur_ERS-GHJ_Skilaverk-loka.pdf\">Segulm\u00e6lingar \u00e1 Arnar\u00fe\u00fafum<\/a>, h\u00f3pverkefni \u00ed almennri jar\u00f0e\u00f0lisfr\u00e6\u00f0i me\u00f0 k\u00f6nnun \u00e1 innvi\u00f0um Arnar\u00fe\u00fafna vi\u00f0 Sandskei\u00f0, sem geta t.d. veri\u00f0 malar\u00e1sar e\u00f0a gosmenjar undan j\u00f6kli.<\/em> Magnetic measurements in Arnar\u00fe\u00fafur hyaloclastite ridge - groupwork and only available in Icelandic. Apr\u00edl 2012.<\/p>\n<h1>Tectonic and crustal movement<\/h1>\n<h2>Deform Iceland: Annual cycles in deformation<\/h2>\n<p>An individual project in the course \"Measurements and Models in Geodynamics\" from first semister in year 2013.\u00a0 With other students we put up a web portal: <a title=\"Doferom Iceland - Web portal\" href=\"http:\/\/kortinu.info\/test\/pages\/Cycles.php\">Deform Iceland<\/a>. My work in it was dealing with annual deformation in the crust in Iceldand due to winter snow load, variation so bit they can very well be measured with GPS measurements but also have been measured with tilt measurements and leveling measurements.<\/p>\n<ul>\n<li><a title=\"Abnstract from papers\" href=\"https:\/\/notendur.hi.is\/~ers12\/skrar\/Annual%20cycles%20in%20deformation_skilad_Einar%20Ragnar.pdf\">Enhanced abstract from some papers<\/a><\/li>\n<li><a title=\"Summary table\" href=\"https:\/\/notendur.hi.is\/~ers12\/skrar\/Annual%20cycles%20in%20deformation_summary%20table_Einar%20Ragnar_version2.pdf\">Summary table of main conclusions from the papers<\/a><\/li>\n<li><a title=\"Presentation\" href=\"https:\/\/notendur.hi.is\/~ers12\/skrar\/Einar%20Ragnar_DEFORM%20ICELAND%202013_Annual%20cycles%20in%20deformation.pdf\">Presentation<\/a><\/li>\n<\/ul>\n<h2>Trectonic setting of the Azores: A triple junction and a hot spot<\/h2>\n<p>An individual documentation work in a tectonic course autumn 2013, describing tectonic settings of the Azores islands in the Atlantic ocean.<\/p>\n<ul>\n<li><a title=\"Abnstract from papers\" href=\"https:\/\/notendur.hi.is\/~ers12\/skrar\/Azores%20-%20Enhanced%20Abstract%20-%20Einar%20Ragnar%20Sigurdsson.pdf\">Enhanced abstract from some papers<\/a><\/li>\n<li><a title=\"Presentation from class\" href=\"https:\/\/notendur.hi.is\/~ers12\/skrar\/Azores%20TJ%20and%20HS_presentation_Einar%20Ragnar.pdf\">Presentation<\/a><\/li>\n<\/ul>\n<h1>Other work<\/h1>\n<h2>University papers, BS and MS study in geology and geophysics<\/h2>\n<ul>\n<li><em><a href=\"http:\/\/notendur.hi.is\/~ers12\/skrar\/Jardsaga%20Graenlands_Ritgerdin_Einar%20Ragnar_Med%20forsidu.pdf\">Jar\u00f0saga Gr\u00e6nlands<\/a>, ritger\u00f0 \u00ed S\u00f6gu l\u00edfs og jar\u00f0ar 1.<\/em> Geological history of Greenland - only available in icelandic. N\u00f3vember 2011.<\/li>\n<li><em><a href=\"http:\/\/notendur.hi.is\/~ers12\/skrar\/J%c3%b6klunarsaga%20%c3%8dslands-ritgerdin.pdf\">J\u00f6klunarsaga \u00cdslands<\/a>, ritger\u00f0 \u00ed S\u00f6gu l\u00edfs og jar\u00f0ar 2.<\/em>\u00a0 Glacial history of Iceland - only available in icelandic. Apr\u00edl 2011.<\/li>\n<\/ul>\n<h2>Short presentations in the university, BS and MS study in geology and geophysics<\/h2>\n<ul>\n<li><a href=\"https:\/\/notendur.hi.is\/~ers12\/skrar\/Bjorg-Einar-Heimir-Rikey_The%20Sticky%20Spot%20model%20for%20Formation%20of%20Drumlins.pdf\">The sticky spot formation theory of drumlins<\/a>, short presentation in Glacio-geology, groupwork.\u00a0 March 2012.<\/li>\n<li><a href=\"https:\/\/notendur.hi.is\/~ers12\/skrar\/Markarfljotskynning-EGG-lokautgafa.pdf\">Setumhverfi Markarflj\u00f3ts<\/a><em>, kynningargl\u00e6rur vegna h\u00f3pverkefnis \u00ed setlagafr\u00e6\u00f0i.<\/em> Sedimentology report presentation from a field trip to Markarflj\u00f3t in south Iceland including some analysis - groupwork. November 2011.<\/li>\n<li><em><a href=\"http:\/\/notendur.hi.is\/~ers12\/skrar\/Jardsaga%20graenlands_Fyrirlestur-handout_Einar%20Ragnar.pdf\">Jar\u00f0saga Gr\u00e6nlands<\/a>, kynningargl\u00e6rur \u00e1 ritger\u00f0 \u00ed S\u00f6gu l\u00edfs og jar\u00f0ar 1.\u00a0<\/em> Geological history of Greenland - only available in icelandic. N\u00f3vember 2011.<\/li>\n<\/ul>\n<h2>Field work with other students<\/h2>\n<ul>\n<li>\n<div dir=\"ltr\"><em><a title=\"Sn\u00e6fellsnes\" href=\"https:\/\/notendur.hi.is\/~ers12\/skrar\/JED-EXPL_Snaefellsnes_EinarRagnar-Markus.pdf\">Jar\u00f0e\u00f0lisfr\u00e6\u00f0ilegar ranns\u00f3knir \u00e1 Sn\u00e6fellsnesi<\/a>, sk\u00fdrsla \u00far h\u00f3pverkefni unnin vegna margs konar jar\u00f0e\u00f0lisfr\u00e6\u00f0ilegra m\u00e6linga sem voru ger\u00f0ar \u00e1 Sn\u00e6fellsnesi hausti\u00f0 2012 \u00ed n\u00e1mskei\u00f0inu jar\u00f0e\u00f0lisfr\u00e6\u00f0ileg k\u00f6nnun. A.m.k. ein villa er \u00ed sk\u00fdrslunn sem ver\u00f0ur l\u00f6gu\u00f0 vi\u00f0 t\u00e6kif\u00e6ri en sk\u00fdrslan f\u00e9kk \u00e1g\u00e6ta d\u00f3ma annars og var send til a\u00f0 hafa \u00ed gestastofu \u00fej\u00f3\u00f0gar\u00f0sins \u00e1 Sn\u00e6fellsnesi.<\/em> Field trip report and analysis from geo\u00f0hysical measurements in Sn\u00e6fellsnes peninsula autumn 2012 - groupwork and only available in Icelandic. December 2012.<\/div>\n<\/li>\n<li><em><a title=\"\u00dalfarsfell\" href=\"https:\/\/notendur.hi.is\/~ers12\/skrar\/jardfraedikortagerd_2012\/Jardfraedikort-Ulfarsfell_Hopur4_Final.pdf\">Jar\u00f0fr\u00e6\u00f0ikort fyrir \u00dalfarsfell<\/a>, h\u00f3pverkefni \u00ed jar\u00f0fr\u00e6\u00f0ikortager\u00f0 \u00fear sem jar\u00f0l\u00f6g og misgengi \u00ed kringum Kerlingarskar\u00f0 \u00ed \u00dalfarsfelli voru kortl\u00f6g\u00f0.\u00a0 Verkefni sem f\u00e9ll \u00ed g\u00f3\u00f0an jar\u00f0veg hj\u00e1 J\u00f3ni Eir\u00edkssyni kennara.<\/em> Geological map of a part of the small mountain \u00dalfarsfell, close to Reykjav\u00edk- groupwork and only available in Icelandic.\u00a0 N\u00f3vember 2012.<\/li>\n<li><em><a title=\"Tj\u00f6rnes\" href=\"https:\/\/notendur.hi.is\/~ers12\/skrar\/jardfraedikortagerd_2012\/Tj%C3%B6rnes_Hopur4_FINAL.pdf\">Tj\u00f6rnesl\u00f6gin - jar\u00f0fr\u00e6\u00f0ikortager\u00f0<\/a>, h\u00f3pverkefni \u00ed jar\u00f0fr\u00e6\u00f0ikortager\u00f0 sem fjalla\u00f0i um jar\u00f0l\u00f6g \u00ed einni opnu \u00e1 Tj\u00f6rnesi.<\/em>\u00a0 Small report from field work in one outcrop of the Tj\u00f6rnes beds in Iceland - groupwork and only available in Icelandic. November 2012.<\/li>\n<li><em><a title=\"Melasveitin\" href=\"https:\/\/notendur.hi.is\/~ers12\/skrar\/jardfraedikortagerd_2012\/Jardgrunnskort-Melasveit_Hopur4_Final.pdf\">Jar\u00f0grunnskort fyrir Melasveit<\/a>, h\u00f3pverkefni \u00ed jar\u00f0fr\u00e6\u00f0ikortager\u00f0.\u00a0 Eina verkefni\u00f0 sem er h\u00e9r sett fram sem f\u00e9kk raunverulega slaka d\u00f3ma hj\u00e1 kennara, hverju sem \u00fear er svo um a\u00f0 kenna.\u00a0 Gr\u00ed\u00f0arleg vinna var l\u00f6g\u00f0 \u00ed \u00feetta verkefni en kannski ekki unni\u00f0 eins og kennarinn vildi - enda var kennslan og lei\u00f0s\u00f6gn kennarans frekar takm\u00f6rku\u00f0. <\/em>Surficial geology map of Melasveit - groupwork and only available in Icelandic. N\u00f3vember 2012.<\/li>\n<li><a href=\"https:\/\/notendur.hi.is\/~ers12\/skrar\/Flaajokull-2012_Group8_glacial%20geo%20field%20trip%20report-final-revised.pdf\">Fl\u00e1aj\u00f6kull Field trip and Excursion Report<\/a>, report from a field trip to south and south east Icealend in Glacio-geology. Ma\u00ed 2012.<\/li>\n<li><em><a href=\"https:\/\/notendur.hi.is\/~ers12\/skrar\/Markarfljotsverkefni_Setlagafraedi_nov2011_EGG_lokautgafa.pdf\">Setumhverfi Markarflj\u00f3ts<\/a>, h\u00f3pverkefni \u00ed setlagafr\u00e6\u00f0i.<\/em> Sedimentology report from a field trip to Markarflj\u00f3t in south Iceland including some analysis - groupwork and only available in Icelandic. November 2011.<\/li>\n<\/ul>\n<h2>Short essays<\/h2>\n<ul>\n<li><em><a href=\"https:\/\/notendur.hi.is\/~ers12\/skrar\/Exam%203%20skilad%20(Malarasar%20og%20Sandar)%20Bjorg-Einar-Heimir-Rikey.pdf\">Myndun malar\u00e1sa (eskers) og sanda<\/a>, stutt ritger\u00f0arpr\u00f3f um rof og setmyndunarumhverfi j\u00f6kla.<\/em>\u00a0 Short exam in glacial geology about eskers and sandar plain - groupwork and only available in Icelandic. April 2012.<\/li>\n<li><a href=\"https:\/\/notendur.hi.is\/~ers12\/skrar\/Bjorg-einar-heimir-rikey_Likan%20fyrir%20myndun%20%c3%bdtigar%c3%b0a%20_%20skila%c3%b0_rof-og-set.pdf\">Myndun \u00fdtigar\u00f0a<\/a><em>, stutt ritger\u00f0arpr\u00f3f um rof og setmyndunarumhverfi j\u00f6kla.<\/em> \u00a0 Short exam in glacial geology about push moraines - groupwork and only available in Icelandic. April 2012.<\/li>\n<\/ul>\n<h2>Other work<\/h2>\n<ul>\n<li><a title=\"Borgundarh\u00f3lmur og Sk\u00e1nn\" href=\"https:\/\/notendur.hi.is\/~ers12\/skrar\/Einar%20Ragnar_Ferdaskyrsla%20Borgundarholmur%20og%20Skann%202013_skilad.pdf\">Borgundarh\u00f3lmur og Sk\u00e1nn<\/a>, fer\u00f0ask\u00fdrsla eftir fer\u00f0 jar\u00f0fr\u00e6\u00f0inema sumari\u00f0 2013.<\/li>\n<li><a href=\"http:\/\/notendur.hi.is\/~ers12\/skrar\/loftslagsfraedi-vinnubok2011.pdf\">Loftslagsfr\u00e6\u00f0i, vinnub\u00f3k<\/a>. Ma\u00ed 2011.<\/li>\n<\/ul>\n<p>&nbsp;<\/p>\n<p><strong>If something is missing then most of those files are stored <a href=\"http:\/\/notendur.hi.is\/~ers12\/skrar\/\">here<\/a>.<\/strong><\/p>\n<hr \/>\n<p>&nbsp;<\/p>\n","protected":false},"excerpt":{"rendered":"<p>Paleomagnetism and magnetic measurements Paleomagnetism The magnetic field and magnetic measurements (paleomagnetism), my first presentation regarding my master thesis. Novmeber 2013. Ground magnetic survey Segulm\u00e6lingar \u00e1 Arnar\u00fe\u00fafum, h\u00f3pverkefni \u00ed almennri jar\u00f0e\u00f0lisfr\u00e6\u00f0i me\u00f0 k\u00f6nnun \u00e1 innvi\u00f0um Arnar\u00fe\u00fafna vi\u00f0 Sandskei\u00f0, sem geta &hellip; <a href=\"https:\/\/uni.hi.is\/ers12\/geoscience\/\">Continue reading <span class=\"meta-nav\">&rarr;<\/span><\/a><\/p>\n","protected":false},"author":937,"featured_media":0,"parent":0,"menu_order":0,"comment_status":"closed","ping_status":"closed","template":"","meta":{"footnotes":""},"class_list":["post-9","page","type-page","status-publish","hentry"],"_links":{"self":[{"href":"https:\/\/uni.hi.is\/ers12\/wp-json\/wp\/v2\/pages\/9","targetHints":{"allow":["GET"]}}],"collection":[{"href":"https:\/\/uni.hi.is\/ers12\/wp-json\/wp\/v2\/pages"}],"about":[{"href":"https:\/\/uni.hi.is\/ers12\/wp-json\/wp\/v2\/types\/page"}],"author":[{"embeddable":true,"href":"https:\/\/uni.hi.is\/ers12\/wp-json\/wp\/v2\/users\/937"}],"replies":[{"embeddable":true,"href":"https:\/\/uni.hi.is\/ers12\/wp-json\/wp\/v2\/comments?post=9"}],"version-history":[{"count":40,"href":"https:\/\/uni.hi.is\/ers12\/wp-json\/wp\/v2\/pages\/9\/revisions"}],"predecessor-version":[{"id":191,"href":"https:\/\/uni.hi.is\/ers12\/wp-json\/wp\/v2\/pages\/9\/revisions\/191"}],"wp:attachment":[{"href":"https:\/\/uni.hi.is\/ers12\/wp-json\/wp\/v2\/media?parent=9"}],"curies":[{"name":"wp","href":"https:\/\/api.w.org\/{rel}","templated":true}]}}