{"id":1082,"date":"2016-11-15T16:36:15","date_gmt":"2016-11-15T16:36:15","guid":{"rendered":"http:\/\/uni.hi.is\/esmari\/?page_id=1082"},"modified":"2018-03-20T08:48:19","modified_gmt":"2018-03-20T08:48:19","slug":"kennsluaaetlun-og-namsmat-vor-2017","status":"publish","type":"page","link":"https:\/\/uni.hi.is\/esmari\/kennsla\/fornfraedi-mr\/kennsluaaetlun-og-namsmat-vor-2017\/","title":{"rendered":"Kennslu\u00e1\u00e6tlun og n\u00e1msmat, vor 2018"},"content":{"rendered":"<p><strong>Herod\u00f3tos (frh.)<br \/>\n<\/strong><\/p>\n<ul>\n<li>5.1. B\u00f3k VII (1-19; 132-152): Xerxes kemst til valda; v\u00edgb\u00fana\u00f0ur A\u00feeninga.<\/li>\n<li>10.1. B\u00f3k VII (196-233): Orrustan \u00ed Laugask\u00f6r\u00f0um.<\/li>\n<li>12.1. B\u00f3k VIII (40-103): Orrustan vi\u00f0 Salamis.<\/li>\n<li>17.1. B\u00f3k IX (90-121): M\u00fdkala; \u00e1starm\u00e1l Xerxesar.<\/li>\n<li>19.1. B\u00f3k IX (122): Lokaor\u00f0 K\u00fdrosar.<\/li>\n<li>21.1. <strong>Skil \u00e1 ritger\u00f0 um Herod\u00f3tos (ritger\u00f0ir fara \u00ed jafningjamat). 3000-4000 or\u00f0. Ritger\u00f0um skila\u00f0 \u00ed t\u00f6lvup\u00f3sti til kennara.<br \/>\n<\/strong><\/li>\n<\/ul>\n<p><strong>\u00de\u00fak\u00fdd\u00eddes og s\u00f3fistar<\/strong><\/p>\n<ul>\n<li>24.1. \u00de\u00fak\u00fdd\u00eddes: B\u00f3k I, 1-23 (bls. 23-36 \u00ed lj\u00f3sriti).<\/li>\n<li>26.1.\u00a0\u00de\u00fak\u00fdd\u00eddes: II, 34-70 (bls. 126-149).<\/li>\n<li>29.1. <em><strong>Skil \u00e1 jafningjamati.<\/strong><\/em><\/li>\n<li><strong>31.1., 2.2., 7.2. og 9.2.: Gestakennari: \u00deorsteinn Vilhj\u00e1lmsson. Efni: S\u00f3fistarnir.<\/strong><\/li>\n<li><strong>4.2. Lokaskil \u00e1 ritger\u00f0.<\/strong><\/li>\n<li>14. 2.\u00a0\u00de\u00fak\u00fdd\u00eddes: III, 69-90 (bls. 215-227).<\/li>\n<li>16.2. <em>Vorhl\u00e9.<\/em><\/li>\n<\/ul>\n<p><strong>Arist\u00f3fanes<\/strong><\/p>\n<ul>\n<li>21.2. Arist\u00f3fanes og gr\u00edsk k\u00f3med\u00eda: Kynning.<\/li>\n<li>23.2. <em>L\u00fds\u00edstrata.<\/em><\/li>\n<li>28.2. <em>L\u00fds\u00edstrata.<\/em><\/li>\n<li>2.3. <em>L\u00fds\u00edstrata.<\/em><\/li>\n<li>7.3. <em>L\u00fds\u00edstrata.<\/em><\/li>\n<li>14.3. <strong>L<\/strong><strong>eiklestur.<\/strong><\/li>\n<\/ul>\n<p><strong>Platon<\/strong><\/p>\n<ul>\n<li>16.3. Kynning \u00e1 Platoni og S\u00f3kratesi.<\/li>\n<li>21.3. <em>Samdrykkjan <\/em>172a-180b (bls. 43-60): Inngangur og F\u00e6dros.<\/li>\n<li>23.3.\u00a0<em>Samdrykkjan <\/em>172a-180b (bls. 60-76): P\u00e1san\u00edas og Eryx\u00edmakkos.<\/li>\n<li>4.4.\u00a0<em>Samdrykkjan <\/em>172a-180b (bls. 76-85): Arist\u00f3fanes.<\/li>\n<li>6.4. <em>Samdrykkjan <\/em>180c-201c (bls. 85-101): Aga\u00feon.<\/li>\n<li>11.4. <em>Samdrykkja<\/em> 201d-212c (bls. 102-124): S\u00f3krates.<\/li>\n<li>13.4.\u00a0<em>Samdrykkja<\/em> 212c-223c (bls. 124-148): Alkib\u00edades; umr\u00e6\u00f0a um st\u00fadentspr\u00f3f.<\/li>\n<\/ul>\n<p><strong>N\u00e1msmat<\/strong><\/p>\n<p>N\u00e1msmat vori\u00f0 2018 byggir \u00e1 eftirfarandi:<\/p>\n<ol>\n<li>Ritger\u00f0.<\/li>\n<li>Jafningjamati.<\/li>\n<li>Leiklestri.<\/li>\n<li>\u00c1stundun og \u00fe\u00e1ttt\u00f6ku.<\/li>\n<\/ol>\n<p>Vetrareinkunn byggir \u00e1 \u00feessu efni \u00e1samt eftirfarandi fr\u00e1 \u00fev\u00ed hausti\u00f0 2017:<\/p>\n<ol>\n<li>T\u00edmaritger\u00f0 1.<\/li>\n<li>T\u00edmaritger\u00f0 2.<\/li>\n<li>\u00d6rr\u00e1\u00f0stefnu.<\/li>\n<li>\u00c1stundun og \u00fe\u00e1ttaka.<\/li>\n<\/ol>\n<p><u>N\u00e1nar um ritger\u00f0 um Herod\u00f3tos<\/u>: 3000 til 4000 or\u00f0a heimildaritger\u00f0 um Her\u00f3d\u00f3tos. Nemendur velja s\u00e9r efni (sem tengist Her\u00f3d\u00f3tosi) \u00ed samr\u00e1\u00f0i vi\u00f0 kennara. Fyrst ber a\u00f0 skila stuttri l\u00fdsingu \u00e1 ritger\u00f0 og heimildum (h\u00e1mark ein s\u00ed\u00f0a, fyrir \u00e1ram\u00f3t), og s\u00ed\u00f0an skal skila ritger\u00f0inni \u00ed heild sinni. Skilafrestur er <strong>sunnudagur 21. jan\u00faar.<\/strong><\/p>\n","protected":false},"excerpt":{"rendered":"<p>Herod\u00f3tos (frh.) 5.1. B\u00f3k VII (1-19; 132-152): Xerxes kemst til valda; v\u00edgb\u00fana\u00f0ur A\u00feeninga. 10.1. B\u00f3k VII (196-233): Orrustan \u00ed Laugask\u00f6r\u00f0um. 12.1. B\u00f3k VIII (40-103): Orrustan vi\u00f0 Salamis. 17.1. B\u00f3k IX (90-121): M\u00fdkala; \u00e1starm\u00e1l Xerxesar. 19.1. B\u00f3k IX (122): Lokaor\u00f0 K\u00fdrosar. &hellip; <a href=\"https:\/\/uni.hi.is\/esmari\/kennsla\/fornfraedi-mr\/kennsluaaetlun-og-namsmat-vor-2017\/\">Halda \u00e1fram a\u00f0 lesa <span class=\"meta-nav\">&rarr;<\/span><\/a><\/p>\n","protected":false},"author":414,"featured_media":0,"parent":35,"menu_order":3,"comment_status":"closed","ping_status":"closed","template":"","meta":{"footnotes":""},"class_list":["post-1082","page","type-page","status-publish","hentry"],"_links":{"self":[{"href":"https:\/\/uni.hi.is\/esmari\/wp-json\/wp\/v2\/pages\/1082","targetHints":{"allow":["GET"]}}],"collection":[{"href":"https:\/\/uni.hi.is\/esmari\/wp-json\/wp\/v2\/pages"}],"about":[{"href":"https:\/\/uni.hi.is\/esmari\/wp-json\/wp\/v2\/types\/page"}],"author":[{"embeddable":true,"href":"https:\/\/uni.hi.is\/esmari\/wp-json\/wp\/v2\/users\/414"}],"replies":[{"embeddable":true,"href":"https:\/\/uni.hi.is\/esmari\/wp-json\/wp\/v2\/comments?post=1082"}],"version-history":[{"count":37,"href":"https:\/\/uni.hi.is\/esmari\/wp-json\/wp\/v2\/pages\/1082\/revisions"}],"predecessor-version":[{"id":1515,"href":"https:\/\/uni.hi.is\/esmari\/wp-json\/wp\/v2\/pages\/1082\/revisions\/1515"}],"up":[{"embeddable":true,"href":"https:\/\/uni.hi.is\/esmari\/wp-json\/wp\/v2\/pages\/35"}],"wp:attachment":[{"href":"https:\/\/uni.hi.is\/esmari\/wp-json\/wp\/v2\/media?parent=1082"}],"curies":[{"name":"wp","href":"https:\/\/api.w.org\/{rel}","templated":true}]}}