{"id":11,"date":"2014-02-24T10:55:18","date_gmt":"2014-02-24T10:55:18","guid":{"rendered":"http:\/\/uni.hi.is\/esmari\/?page_id=11"},"modified":"2020-02-04T11:26:10","modified_gmt":"2020-02-04T11:26:10","slug":"ferilskra","status":"publish","type":"page","link":"https:\/\/uni.hi.is\/esmari\/ferilskra\/","title":{"rendered":"Ferilskr\u00e1"},"content":{"rendered":"<p>F\u00e6ddur 6. n\u00f3vember 1968 \u00ed Reykjav\u00edk.<\/p>\n<p><strong>Menntun<\/strong>:<\/p>\n<ul>\n<li>PhD \u00ed fornaldarheimspeki fr\u00e1 H\u00e1sk\u00f3lanum \u00ed Cambridge 2003.<\/li>\n<li>Cand.mag. \u00ed heimspeki og forngr\u00edsku fr\u00e1 H\u00e1sk\u00f3lanum \u00ed \u00c1r\u00f3sum 1997.<\/li>\n<li>BA \u00ed Heimspeki fr\u00e1 H\u00e1sk\u00f3la \u00cdslands 1993 (hluti n\u00e1ms \u00ed \u00c1r\u00f3sum).<\/li>\n<li>St\u00fadent fr\u00e1 Verzlunarsk\u00f3la \u00cdslands 1988.<\/li>\n<\/ul>\n<p><strong>St\u00f6rf<\/strong>:<\/p>\n<ul>\n<li>S\u00e9rfr\u00e6\u00f0ingur vi\u00f0 Hugv\u00edsindasvi\u00f0i H\u00e1sk\u00f3la \u00cdslands 2017- \u00ed dag.<\/li>\n<li>Ranns\u00f3knastj\u00f3ri Hugv\u00edsindasvi\u00f0s H\u00e1sk\u00f3la \u00cdslands 2010-\u00ed dag.<\/li>\n<li>Kennsla vi\u00f0 Menntask\u00f3lann \u00ed Reykjav\u00edk 2001-2018.<\/li>\n<li>Mennta- og menningarm\u00e1lar\u00e1\u00f0uneyti\u00f0 2008-2010 (s\u00e9rfr\u00e6\u00f0ingur).<\/li>\n<li>Ranns\u00f3knami\u00f0st\u00f6\u00f0 \u00cdslands (Rann\u00eds) 2002-2008 (s\u00e9rfr\u00e6\u00f0ingur, svi\u00f0sstj\u00f3ri og sta\u00f0gengill forst\u00f6\u00f0umanns).<\/li>\n<li>\u00ddmis verkefni fyrir mennta- og menningarm\u00e1lar\u00e1\u00f0uneyti\u00f0 og Idea Consult (Brussel).<\/li>\n<\/ul>\n<p><strong>Stj\u00f3rnunarst\u00f6rf:<\/strong><\/p>\n<ul>\n<li>Stj\u00f3rn Platonselskabet fr\u00e1 2013.<\/li>\n<li>G\u00e6\u00f0anefnd H\u00e1sk\u00f3la \u00cdslands fr\u00e1 2010-2015.<\/li>\n<li><a href=\"http:\/\/unesco.is\">\u00cdslenska UNESCO-nefndin<\/a> fr\u00e1 2010-2014.<\/li>\n<li><a href=\"http:\/\/www.cost.eu\/domains_actions\/isch\">COST ISCH<\/a> (hugv\u00edsindi, f\u00e9lagsv\u00edsindi, heilbrig\u00f0i) fr\u00e1 2011-2014.<\/li>\n<li>Stj\u00f3rnarnefndir fyrir hug- og f\u00e9lagsv\u00edsindi \u00ed 6. og 7. ramma\u00e1\u00e6tlun ESB um ranns\u00f3knir og n\u00fdsk\u00f6pun \u00a02003-2013.<\/li>\n<li><a href=\"http:\/\/www.nos-hs.org\/servlet\/Satellite?c=Page&amp;pagename=nos-nop\/Hovedsidemal&amp;cid=1253964310899\">Norr\u00e6na samstarfsnefndin \u00ed hug- og f\u00e9lagsv\u00edsindum<\/a> (NOS-HS) 2003-2008.<\/li>\n<li>H\u00d6GUT (samstarfsnefnd norr\u00e6nu r\u00e1\u00f0herranefndarinnar um h\u00e1sk\u00f3lam\u00e1l) 2008-2010 (forma\u00f0ur 2009).<\/li>\n<li>Ad hoc vinnuh\u00f3pur um ranns\u00f3knam\u00e1l (samstarfsh\u00f3pur norr\u00e6nu r\u00e1\u00f0herranefndarinnar um ranns\u00f3knir) 2008-2010 (forma\u00f0ur 2009).<\/li>\n<\/ul>\n","protected":false},"excerpt":{"rendered":"<p>F\u00e6ddur 6. n\u00f3vember 1968 \u00ed Reykjav\u00edk. Menntun: PhD \u00ed fornaldarheimspeki fr\u00e1 H\u00e1sk\u00f3lanum \u00ed Cambridge 2003. Cand.mag. \u00ed heimspeki og forngr\u00edsku fr\u00e1 H\u00e1sk\u00f3lanum \u00ed \u00c1r\u00f3sum 1997. BA \u00ed Heimspeki fr\u00e1 H\u00e1sk\u00f3la \u00cdslands 1993 (hluti n\u00e1ms \u00ed \u00c1r\u00f3sum). St\u00fadent fr\u00e1 Verzlunarsk\u00f3la \u00cdslands &hellip; <a href=\"https:\/\/uni.hi.is\/esmari\/ferilskra\/\">Halda \u00e1fram a\u00f0 lesa <span class=\"meta-nav\">&rarr;<\/span><\/a><\/p>\n","protected":false},"author":414,"featured_media":0,"parent":0,"menu_order":2,"comment_status":"closed","ping_status":"closed","template":"onecolumn-page.php","meta":{"footnotes":""},"class_list":["post-11","page","type-page","status-publish","hentry"],"_links":{"self":[{"href":"https:\/\/uni.hi.is\/esmari\/wp-json\/wp\/v2\/pages\/11","targetHints":{"allow":["GET"]}}],"collection":[{"href":"https:\/\/uni.hi.is\/esmari\/wp-json\/wp\/v2\/pages"}],"about":[{"href":"https:\/\/uni.hi.is\/esmari\/wp-json\/wp\/v2\/types\/page"}],"author":[{"embeddable":true,"href":"https:\/\/uni.hi.is\/esmari\/wp-json\/wp\/v2\/users\/414"}],"replies":[{"embeddable":true,"href":"https:\/\/uni.hi.is\/esmari\/wp-json\/wp\/v2\/comments?post=11"}],"version-history":[{"count":20,"href":"https:\/\/uni.hi.is\/esmari\/wp-json\/wp\/v2\/pages\/11\/revisions"}],"predecessor-version":[{"id":1553,"href":"https:\/\/uni.hi.is\/esmari\/wp-json\/wp\/v2\/pages\/11\/revisions\/1553"}],"wp:attachment":[{"href":"https:\/\/uni.hi.is\/esmari\/wp-json\/wp\/v2\/media?parent=11"}],"curies":[{"name":"wp","href":"https:\/\/api.w.org\/{rel}","templated":true}]}}