{"id":1140,"date":"2017-01-07T13:55:52","date_gmt":"2017-01-07T13:55:52","guid":{"rendered":"http:\/\/uni.hi.is\/esmari\/?page_id=1140"},"modified":"2018-01-18T11:45:40","modified_gmt":"2018-01-18T11:45:40","slug":"inngangur-ad-frumspeki-hsp416g","status":"publish","type":"page","link":"https:\/\/uni.hi.is\/esmari\/kennsla\/inngangur-ad-frumspeki-hsp416g\/","title":{"rendered":"Inngangur a\u00f0 frumspeki (HSP416G)"},"content":{"rendered":"<p><strong>Almennar uppl\u00fdsingar um n\u00e1mskei\u00f0i\u00f0 eru \u00ed <a href=\"https:\/\/ugla.hi.is\/kennsluskra\/index.php?tab=nam&amp;chapter=namskeid&amp;id=05352420180&amp;namskra=0\">Kennsluskr\u00e1<\/a><\/strong>.<\/p>\n<p>Fyrstu \u00ferj\u00e1r vikur n\u00e1mskei\u00f0sins beinum vi\u00f0 sj\u00f3num a\u00f0 frumspeki fornaldar, fr\u00e1 Platoni til Pl\u00f3t\u00ednosar. Vi\u00f0 lesum valda texta \u00far forn\u00f6ld og n\u00fdlegar greiningar \u00e1 kenningum textanna. \u00cd t\u00edmum mun kennari fyrst kynna lykilatri\u00f0i \u00ed textunum sem eru til umfj\u00f6llunar, spyrja spurninga um efnivi\u00f0 textanna og s\u00ed\u00f0an efna til umr\u00e6\u00f0na me\u00f0al nemenda. \u00dea\u00f0 er \u00fev\u00ed mikilv\u00e6gt a\u00f0 nemendur s\u00e9u vel lesnir fyrir hvern t\u00edma.<\/p>\n<p>N\u00e1msmat byggist annars vegar \u00e1 vikulegum lestrardagb\u00f3kum og hins vegar \u00e1 einni ritger\u00f0. \u00cd ritger\u00f0 taka nemendur fyrir eitt af \u00feemum frumspeki fornaldar. Lestrardagb\u00f3kin gildir 10% af lokaeinkunn og ritger\u00f0in 15%.<\/p>\n<p><strong>N\u00e1ms\u00e1\u00e6tlun fyrstu \u00ferj\u00e1r vikur n\u00e1mskei\u00f0sins<\/strong><\/p>\n<ol>\n<li><a href=\"http:\/\/uni.hi.is\/esmari\/kennsla\/inngangur-ad-frumspeki-hsp416g\/i-kynning-a-frumspeki\/\">Kynning \u00e1 frumspeki (9. jan\u00faar)<\/a><\/li>\n<li><a href=\"http:\/\/uni.hi.is\/esmari\/kennsla\/inngangur-ad-frumspeki-hsp416g\/ii-vidfangsefni-frumspekinnar-heidegger-og-parmenides\/\">Hugsun og veruleiki: Parmen\u00eddes og Anscombe (11. jan\u00faar)<\/a><\/li>\n<li><a href=\"http:\/\/uni.hi.is\/esmari\/kennsla\/inngangur-ad-frumspeki-hsp416g\/iii-platon-um-frummyndir-og-edli-heimsins\/\">Platon um frummyndir og e\u00f0li heimsins (16. jan\u00faar)<\/a><\/li>\n<li><a href=\"http:\/\/uni.hi.is\/esmari\/kennsla\/inngangur-ad-frumspeki-hsp416g\/iv-aristoteles-um-verundir-breytingu-og-varanleika\/\">Arist\u00f3teles um verundir, breytingu og varanleika (18. jan\u00faar)<\/a><\/li>\n<li><a href=\"http:\/\/uni.hi.is\/esmari\/kennsla\/inngangur-ad-frumspeki-hsp416g\/v-aristoteles-epikuringar-og-stoa-um-frelsi-viljans\/\">Arist\u00f3teles, Epik\u00faringar og St\u00f3a um frelsi viljans (23. jan\u00faar)<\/a><\/li>\n<li><a href=\"http:\/\/uni.hi.is\/esmari\/kennsla\/inngangur-ad-frumspeki-hsp416g\/vi-plotinos-um-salina-og-sjalfid\/\">Pl\u00f3tinos um s\u00e1lina og sj\u00e1lfi\u00f0 (25. jan\u00faar)<\/a><\/li>\n<\/ol>\n<p><strong>Verkefnaskil:<\/strong><\/p>\n<ul>\n<li>30. jan\u00faar: Skil \u00e1 hreinrita\u00f0ri dagb\u00f3k.<\/li>\n<li>4. febr\u00faar: Skil \u00e1 ritger\u00f0.<\/li>\n<\/ul>\n<p><a href=\"http:\/\/uni.hi.is\/esmari\/kennsla\/inngangur-ad-frumspeki-hsp416g\/lestrardagbok-og-ritgerd\/\"><strong>N\u00e1nar um lestrardagb\u00f3k og ritger\u00f0<\/strong><\/a><\/p>\n","protected":false},"excerpt":{"rendered":"<p>Almennar uppl\u00fdsingar um n\u00e1mskei\u00f0i\u00f0 eru \u00ed Kennsluskr\u00e1. Fyrstu \u00ferj\u00e1r vikur n\u00e1mskei\u00f0sins beinum vi\u00f0 sj\u00f3num a\u00f0 frumspeki fornaldar, fr\u00e1 Platoni til Pl\u00f3t\u00ednosar. Vi\u00f0 lesum valda texta \u00far forn\u00f6ld og n\u00fdlegar greiningar \u00e1 kenningum textanna. \u00cd t\u00edmum mun kennari fyrst kynna lykilatri\u00f0i &hellip; <a href=\"https:\/\/uni.hi.is\/esmari\/kennsla\/inngangur-ad-frumspeki-hsp416g\/\">Halda \u00e1fram a\u00f0 lesa <span class=\"meta-nav\">&rarr;<\/span><\/a><\/p>\n","protected":false},"author":414,"featured_media":0,"parent":16,"menu_order":0,"comment_status":"closed","ping_status":"closed","template":"","meta":{"footnotes":""},"class_list":["post-1140","page","type-page","status-publish","hentry"],"_links":{"self":[{"href":"https:\/\/uni.hi.is\/esmari\/wp-json\/wp\/v2\/pages\/1140","targetHints":{"allow":["GET"]}}],"collection":[{"href":"https:\/\/uni.hi.is\/esmari\/wp-json\/wp\/v2\/pages"}],"about":[{"href":"https:\/\/uni.hi.is\/esmari\/wp-json\/wp\/v2\/types\/page"}],"author":[{"embeddable":true,"href":"https:\/\/uni.hi.is\/esmari\/wp-json\/wp\/v2\/users\/414"}],"replies":[{"embeddable":true,"href":"https:\/\/uni.hi.is\/esmari\/wp-json\/wp\/v2\/comments?post=1140"}],"version-history":[{"count":22,"href":"https:\/\/uni.hi.is\/esmari\/wp-json\/wp\/v2\/pages\/1140\/revisions"}],"predecessor-version":[{"id":1505,"href":"https:\/\/uni.hi.is\/esmari\/wp-json\/wp\/v2\/pages\/1140\/revisions\/1505"}],"up":[{"embeddable":true,"href":"https:\/\/uni.hi.is\/esmari\/wp-json\/wp\/v2\/pages\/16"}],"wp:attachment":[{"href":"https:\/\/uni.hi.is\/esmari\/wp-json\/wp\/v2\/media?parent=1140"}],"curies":[{"name":"wp","href":"https:\/\/api.w.org\/{rel}","templated":true}]}}