{"id":1144,"date":"2017-01-07T14:02:54","date_gmt":"2017-01-07T14:02:54","guid":{"rendered":"http:\/\/uni.hi.is\/esmari\/?page_id=1144"},"modified":"2018-01-08T13:31:48","modified_gmt":"2018-01-08T13:31:48","slug":"i-kynning-a-frumspeki","status":"publish","type":"page","link":"https:\/\/uni.hi.is\/esmari\/kennsla\/inngangur-ad-frumspeki-hsp416g\/i-kynning-a-frumspeki\/","title":{"rendered":"I: Kynning \u00e1 frumspeki"},"content":{"rendered":"<p>\u00cd fyrsta t\u00edma sko\u00f0um vi\u00f0 n\u00e1ms\u00e1\u00e6tlun, h\u00e6fnivi\u00f0mi\u00f0 og n\u00e1msmat. Einnig ver\u00f0ur vi\u00f0fangsefni\u00f0, \u00fe.e. frumspeki, kynnt og gefi\u00f0 stutt s\u00f6gulegt yfirlit yfir \u00fer\u00f3un \u00feess. \u00c6skilegt er a\u00f0 nemendur kynni s\u00e9r vi\u00f0fangsefni\u00f0 fyrir \u00feennan t\u00edma, t.d. me\u00f0 \u00fev\u00ed a\u00f0 sko\u00f0a lesefni\u00f0 og \u00edterefni\u00f0 h\u00e9r a\u00f0 ne\u00f0an.<\/p>\n<p><strong>Lesefni<\/strong>:<\/p>\n<ul>\n<li>N\u00e1ms\u00e1\u00e6tlun (Ugla)<\/li>\n<li>\u201e<a href=\"https:\/\/plato.stanford.edu\/entries\/feminism-metaphysics\/\">Feminist metaphysics<\/a>\u201c eftir Sally Haslanger og \u00c1stu Kristj\u00f6nu Sveinsd\u00f3ttur, \u00ed Stanford Encyclopedia of Philosophy.<\/li>\n<\/ul>\n<p><strong>\u00cdtarefni<\/strong>:<\/p>\n<ul>\n<li>\u00d3lafur P\u00e1ll J\u00f3nsson: \u201eFyrirlestur 1: Hva\u00f0 er frumspeki og hvernig hefur h\u00fan \u00fer\u00f3ast?\u201c \u00ed <em>Fyrirlestrar um frumspeki. \u00c1grip af r\u00f6kgreiningarheimspeki<\/em>, H\u00e1sk\u00f3la\u00fatg\u00e1fan 2012: bls. 11-21.<\/li>\n<li><a href=\"https:\/\/plato.stanford.edu\/entries\/metaphysics\/\">Peter van Inwagen og Meghan Sullivan: \u201eMetaphysics\u201c (Stanford Encyclopedia of Philosophy)<\/a><\/li>\n<li><a href=\"http:\/\/philosophybites.com\/2012\/01\/kit-fine-on-what-is-metaphysics.html\">\u201eWhat is metaphysics?\u201c<\/a> Vi\u00f0tal vi\u00f0 Kit Fine \u00e1 Philosophy Bites.<\/li>\n<li><a href=\"https:\/\/www.youtube.com\/playlist?list=PLtKNX4SfKpzW-SrZ33rLyS_WBeMHhPs84\">Introduction to Metaphysics (WiPhi Open Access Philosophy, YouTube myndb\u00f6nd).<\/a><\/li>\n<\/ul>\n","protected":false},"excerpt":{"rendered":"<p>\u00cd fyrsta t\u00edma sko\u00f0um vi\u00f0 n\u00e1ms\u00e1\u00e6tlun, h\u00e6fnivi\u00f0mi\u00f0 og n\u00e1msmat. Einnig ver\u00f0ur vi\u00f0fangsefni\u00f0, \u00fe.e. frumspeki, kynnt og gefi\u00f0 stutt s\u00f6gulegt yfirlit yfir \u00fer\u00f3un \u00feess. \u00c6skilegt er a\u00f0 nemendur kynni s\u00e9r vi\u00f0fangsefni\u00f0 fyrir \u00feennan t\u00edma, t.d. me\u00f0 \u00fev\u00ed a\u00f0 sko\u00f0a lesefni\u00f0 og &hellip; <a href=\"https:\/\/uni.hi.is\/esmari\/kennsla\/inngangur-ad-frumspeki-hsp416g\/i-kynning-a-frumspeki\/\">Halda \u00e1fram a\u00f0 lesa <span class=\"meta-nav\">&rarr;<\/span><\/a><\/p>\n","protected":false},"author":414,"featured_media":0,"parent":1140,"menu_order":1,"comment_status":"closed","ping_status":"closed","template":"","meta":{"footnotes":""},"class_list":["post-1144","page","type-page","status-publish","hentry"],"_links":{"self":[{"href":"https:\/\/uni.hi.is\/esmari\/wp-json\/wp\/v2\/pages\/1144","targetHints":{"allow":["GET"]}}],"collection":[{"href":"https:\/\/uni.hi.is\/esmari\/wp-json\/wp\/v2\/pages"}],"about":[{"href":"https:\/\/uni.hi.is\/esmari\/wp-json\/wp\/v2\/types\/page"}],"author":[{"embeddable":true,"href":"https:\/\/uni.hi.is\/esmari\/wp-json\/wp\/v2\/users\/414"}],"replies":[{"embeddable":true,"href":"https:\/\/uni.hi.is\/esmari\/wp-json\/wp\/v2\/comments?post=1144"}],"version-history":[{"count":10,"href":"https:\/\/uni.hi.is\/esmari\/wp-json\/wp\/v2\/pages\/1144\/revisions"}],"predecessor-version":[{"id":1497,"href":"https:\/\/uni.hi.is\/esmari\/wp-json\/wp\/v2\/pages\/1144\/revisions\/1497"}],"up":[{"embeddable":true,"href":"https:\/\/uni.hi.is\/esmari\/wp-json\/wp\/v2\/pages\/1140"}],"wp:attachment":[{"href":"https:\/\/uni.hi.is\/esmari\/wp-json\/wp\/v2\/media?parent=1144"}],"curies":[{"name":"wp","href":"https:\/\/api.w.org\/{rel}","templated":true}]}}