{"id":1171,"date":"2017-01-08T15:54:10","date_gmt":"2017-01-08T15:54:10","guid":{"rendered":"http:\/\/uni.hi.is\/esmari\/?page_id=1171"},"modified":"2018-01-08T14:26:53","modified_gmt":"2018-01-08T14:26:53","slug":"lestrardagbok-og-ritgerd","status":"publish","type":"page","link":"https:\/\/uni.hi.is\/esmari\/kennsla\/inngangur-ad-frumspeki-hsp416g\/lestrardagbok-og-ritgerd\/","title":{"rendered":"Lestrardagb\u00f3k og ritger\u00f0"},"content":{"rendered":"<p>N\u00e1msmat \u00ed fyrsta hluta n\u00e1mskei\u00f0sins er \u00ed tvennu lagi. Nemendur eiga \u00ed fyrsta lagi a\u00f0 halda lestrardagb\u00f3k sem \u00feeir skila vikulega og s\u00ed\u00f0an hreinrita\u00f0ri \u00ed byrjun fj\u00f3r\u00f0u viku. \u00cd \u00f6\u00f0ru lagi eiga nemendur a\u00f0 skrifa eina ritger\u00f0 sem \u00feeir skila \u00ed lok fj\u00f3r\u00f0u viku.<\/p>\n<p><strong>Lestrardagb\u00f3k (v\u00e6gi 10%)<\/strong>: Markmi\u00f0i\u00f0 er a\u00f0 nemendur \u00fej\u00e1lfist \u00ed a\u00f0 skrifa hj\u00e1 s\u00e9r huglei\u00f0ingar s\u00ednar um efni\u00f0 sem \u00feeir eru a\u00f0 gl\u00edma vi\u00f0 hverju sinni. H\u00e9r skiptir ekki m\u00e1li a\u00f0 skrifa sk\u00fdran teksta me\u00f0 skotheldum r\u00f6kf\u00e6rslum heldur a\u00f0 skrifa hj\u00e1 s\u00e9r huglei\u00f0ingar s\u00ednar vi\u00f0 lesturinn, a\u00f0 skr\u00e1setja gl\u00edmuna vi\u00f0 a\u00f0 skilja.<\/p>\n<ul>\n<li>Nemendur skila lestrardagb\u00f3k vikulega. Skilafrestur er \u00e1 f\u00f6studegi og skal dagb\u00f3kum skila\u00f0 \u00ed Uglu.<\/li>\n<li>\u00cd hverri f\u00e6rslu skal fjalla um efni tengt \u00f6llu lesefni vikunnar. Nemendur \u00feurfa \u00fe\u00f3 ekki a\u00f0 fara kerfisbundi\u00f0 yfir hvern texta. Hver f\u00e6rsla \u00e6tti a\u00f0 vera um 500 til 800 or\u00f0.<\/li>\n<li>Nemendur skila hreinrita\u00f0ri dagb\u00f3k eigi s\u00ed\u00f0an en \u00feri\u00f0judaginn <strong>30. jan\u00faar<\/strong> (frestur rennur \u00fat \u00e1 mi\u00f0n\u00e6tti). Hreinrita\u00f0ri dagb\u00f3k skal skila\u00f0 \u00ed Uglu. Nemendur r\u00e1\u00f0a hvort \u00feeir skila handskrifa\u00f0ri dagb\u00f3k (en \u00fe\u00e1 er mikilv\u00e6gt a\u00f0 skriftin s\u00e9 l\u00e6sileg - ef \u00feessi lei\u00f0 er valin \u00fearf a\u00f0 skanna textann og hla\u00f0a inn \u00ed Uglu) e\u00f0a \u00ed \u00f6\u00f0ru formi (\u00e6skilegt a\u00f0 dagb\u00f3k s\u00e9 skila\u00f0 sem .pdf). <span style=\"text-decoration: underline\">Nemendur sem skila of seint ver\u00f0a dregnir ni\u00f0ur um 0,5 \u00ed einkunn fyrir hvern dag sem l\u00ed\u00f0ur.<br \/>\n<\/span><\/li>\n<li>Kennari fer yfir hreinrita\u00f0a dagb\u00f3k og gefur einkunn fyrir. Hann mun sko\u00f0a slembi\u00fartak \u00far vikulegum skilum til a\u00f0 athuga hvort nemendur hafi sinnt \u00fev\u00ed s\u00f3masamlega a\u00f0 skila vikulegum dagb\u00f3kum. <span style=\"text-decoration: underline\">Nemendur sem skila ekki vikulegum dagb\u00f3kum f\u00e1 0 \u00ed einkunn fyrir \u00feennan hluta.<\/span><\/li>\n<\/ul>\n<p><strong>Ritger\u00f0 (v\u00e6gi 15%)<\/strong>: Markmi\u00f0i\u00f0 er a\u00f0 nemendur \u00fej\u00e1lfist \u00ed a\u00f0 skrifa formlegan texta um frumspekileg efni. Mikilv\u00e6gt er a\u00f0 skrifa sk\u00fdran texta og a\u00f0 f\u00e6ra g\u00f3\u00f0 r\u00f6k fyrir m\u00e1li s\u00ednu. Ritger\u00f0in ver\u00f0ur a\u00f0 byggja \u00e1 heimildum og me\u00f0fer\u00f0 heimilda er mikilv\u00e6gur li\u00f0ur \u00ed mati \u00e1 ritger\u00f0um. Eins er mikilv\u00e6gt a\u00f0 fr\u00e1gangur s\u00e9 g\u00f3\u00f0ur.<\/p>\n<p>Nemendur skrifa ritger\u00f0 um frumspekilegt efni sem tengist fornaldarheimspeki. S\u00e9 efni\u00f0 utan vi\u00f0 lesefni\u00f0 n\u00e1mskei\u00f0sins skal leita sam\u00feykkis kennara. Nemendur \u00feurfa a\u00f0 afla s\u00e9r heimilda um ritger\u00f0aefni, en kennari getur veri\u00f0 \u00feeim innan handar vi\u00f0 \u00fea\u00f0. \u00c1 n\u00e1msb\u00f3kasafni, efstu h\u00e6\u00f0 H\u00e1sk\u00f3lab\u00f3kasafns, eru valdar b\u00e6kur \u00ed frumspeki (v\u00e6ntanlegt). Eins er r\u00e1\u00f0legt a\u00f0 notast vi\u00f0 efni \u00e1 netinu eins og <a href=\"http:\/\/plato.stanford.edu\/\">Stanford Encyclopedia of Philosophy<\/a>.<\/p>\n<p>Ritger\u00f0in \u00e1 a\u00f0 vera \u00e1 bilinu 1500 til 2000 or\u00f0. \u00c6skilegt er a\u00f0 nemendur setji ritger\u00f0ina upp me\u00f0 12 punkta letri (Times New Roman e\u00f0a samb\u00e6rilegt), l\u00ednubili 1,5 og me\u00f0 e\u00f0lilegum sp\u00e1ss\u00edum. Bla\u00f0s\u00ed\u00f0utal skal vera \u00ed f\u00e6ti hverrar s\u00ed\u00f0u. Nemendur eru hvattir til a\u00f0 vanda fr\u00e1gang ritger\u00f0a og huga vel a\u00f0 skr\u00e1ningu heimilda og tilv\u00edsunum \u00ed heimildir (ath. t.d. a\u00f0 skr\u00e1 greinar \u00far Stanford Encyclopedia \u00e1 r\u00e9ttan h\u00e1tt \u2013 \u00fe.e. fylgi\u00f0 uppl\u00fdsingum \u00ed \u201eAuthor and Citation Info\u201c).<\/p>\n<p>\u00c1 fors\u00ed\u00f0u skal koma fram:<\/p>\n<ul>\n<li>Titill ritger\u00f0ar.<\/li>\n<li>Nafn nemanda.<\/li>\n<li>Nafn kennara.<\/li>\n<li>Heiti n\u00e1mskei\u00f0s.<\/li>\n<li>Dagsetning.<\/li>\n<li>Uppl\u00fdsingar um or\u00f0afj\u00f6lda.<\/li>\n<\/ul>\n<p>Nemendur skila ritger\u00f0 \u00ed s\u00ed\u00f0asta lagi sunnudaginn 4<strong>. febr\u00faar<\/strong> (frestur rennur \u00fat \u00e1 mi\u00f0n\u00e6tti) \u00ed Turnitin. \u00c1\u00f0ur en ritger\u00f0 er send skal h\u00fan vistu\u00f0 sem pdf skjal og \u00e1 titill \u00e1 vistu\u00f0u skjali a\u00f0 innihalda nafn nemanda (\u201eNAFN-Ritger\u00f0\u201c).\u00a0<span style=\"text-decoration: underline\">Nemendur sem skila of seint ver\u00f0a dregnir ni\u00f0ur um 0,5 \u00ed einkunn fyrir hvern dag sem l\u00ed\u00f0ur.<\/span><\/p>\n","protected":false},"excerpt":{"rendered":"<p>N\u00e1msmat \u00ed fyrsta hluta n\u00e1mskei\u00f0sins er \u00ed tvennu lagi. Nemendur eiga \u00ed fyrsta lagi a\u00f0 halda lestrardagb\u00f3k sem \u00feeir skila vikulega og s\u00ed\u00f0an hreinrita\u00f0ri \u00ed byrjun fj\u00f3r\u00f0u viku. \u00cd \u00f6\u00f0ru lagi eiga nemendur a\u00f0 skrifa eina ritger\u00f0 sem \u00feeir skila &hellip; <a href=\"https:\/\/uni.hi.is\/esmari\/kennsla\/inngangur-ad-frumspeki-hsp416g\/lestrardagbok-og-ritgerd\/\">Halda \u00e1fram a\u00f0 lesa <span class=\"meta-nav\">&rarr;<\/span><\/a><\/p>\n","protected":false},"author":414,"featured_media":0,"parent":1140,"menu_order":7,"comment_status":"closed","ping_status":"closed","template":"","meta":{"footnotes":""},"class_list":["post-1171","page","type-page","status-publish","hentry"],"_links":{"self":[{"href":"https:\/\/uni.hi.is\/esmari\/wp-json\/wp\/v2\/pages\/1171","targetHints":{"allow":["GET"]}}],"collection":[{"href":"https:\/\/uni.hi.is\/esmari\/wp-json\/wp\/v2\/pages"}],"about":[{"href":"https:\/\/uni.hi.is\/esmari\/wp-json\/wp\/v2\/types\/page"}],"author":[{"embeddable":true,"href":"https:\/\/uni.hi.is\/esmari\/wp-json\/wp\/v2\/users\/414"}],"replies":[{"embeddable":true,"href":"https:\/\/uni.hi.is\/esmari\/wp-json\/wp\/v2\/comments?post=1171"}],"version-history":[{"count":13,"href":"https:\/\/uni.hi.is\/esmari\/wp-json\/wp\/v2\/pages\/1171\/revisions"}],"predecessor-version":[{"id":1499,"href":"https:\/\/uni.hi.is\/esmari\/wp-json\/wp\/v2\/pages\/1171\/revisions\/1499"}],"up":[{"embeddable":true,"href":"https:\/\/uni.hi.is\/esmari\/wp-json\/wp\/v2\/pages\/1140"}],"wp:attachment":[{"href":"https:\/\/uni.hi.is\/esmari\/wp-json\/wp\/v2\/media?parent=1171"}],"curies":[{"name":"wp","href":"https:\/\/api.w.org\/{rel}","templated":true}]}}