{"id":1362,"date":"2017-08-24T23:24:07","date_gmt":"2017-08-24T23:24:07","guid":{"rendered":"http:\/\/uni.hi.is\/esmari\/?page_id=1362"},"modified":"2017-11-21T08:16:36","modified_gmt":"2017-11-21T08:16:36","slug":"thekkingarfraedi-lestrardagbok","status":"publish","type":"page","link":"https:\/\/uni.hi.is\/esmari\/kennsla\/inngangur-ad-thekkingarfraedi\/thekkingarfraedi-namsmat\/thekkingarfraedi-lestrardagbok\/","title":{"rendered":"Lestrardagb\u00f3k \u00ed \u00feekkingarfr\u00e6\u00f0i"},"content":{"rendered":"<p><strong>Lestrardagb\u00f3k (v\u00e6gi 30%)<\/strong>: Markmi\u00f0i\u00f0 er a\u00f0 nemendur \u00fej\u00e1lfist \u00ed a\u00f0 skrifa hj\u00e1 s\u00e9r huglei\u00f0ingar s\u00ednar um efni\u00f0 sem \u00feeir eru a\u00f0 gl\u00edma vi\u00f0 hverju sinni. H\u00e9r skiptir ekki m\u00e1li a\u00f0 skrifa sk\u00fdran teksta me\u00f0 skotheldum r\u00f6kf\u00e6rslum heldur a\u00f0 skrifa hj\u00e1 s\u00e9r huglei\u00f0ingar s\u00ednar vi\u00f0 lesturinn, a\u00f0 skr\u00e1setja gl\u00edmuna vi\u00f0 a\u00f0 skilja.<\/p>\n<ul>\n<li>Nemendur skila lestrardagb\u00f3k vikulega. Skilafrestur er \u00e1 f\u00f6studegi (fyrir mi\u00f0n\u00e6tti) og skal dagb\u00f3kum skila\u00f0 \u00ed Uglu. \u00c6skilegt er a\u00f0 skila dagb\u00f3karf\u00e6rslum sem p\u00f3sti til kennara \u00ed verkefnakerfi Uglu (undir \u201eLestrardagb\u00f3k\u201c) en einnig er h\u00e6gt a\u00f0 skila \u00feeim sem vi\u00f0hengi me\u00f0 p\u00f3sti.<\/li>\n<li>Nemendur skila hreinrita\u00f0ri dagb\u00f3k tvisvar sinnum \u00e1 t\u00edmabilinu. Fyrri helmingi \u00ed verkefnaviku, eigi s\u00ed\u00f0ar en <strong>f\u00f6studaginn 13.\u00a0 okt\u00f3ber<\/strong> (frestur rennur \u00fat \u00e1 mi\u00f0n\u00e6tti), og seinni helmingi vi\u00f0 lok n\u00e1mskei\u00f0sins, eigi s\u00ed\u00f0ar en <strong>f\u00f6studaginn 28. n\u00f3vember <\/strong>(frestur rennur \u00fat \u00e1 mi\u00f0n\u00e6tti). Hreinrita\u00f0ri dagb\u00f3k skal skila\u00f0 \u00ed Uglu. Nemendur sem skila of seint ver\u00f0a dregnir ni\u00f0ur um 0,5 \u00ed einkunn fyrir hvern dag sem l\u00ed\u00f0ur.<\/li>\n<li>Kennari fer yfir hreinrita\u00f0a dagb\u00f3k og gefur einkunn fyrir, fyrst eftir skil \u00ed verkefnaviku og s\u00ed\u00f0an \u00ed desember. Nemendur sem skila ekki vikulegum dagb\u00f3kum f\u00e1 0 \u00ed einkunn fyrir \u00feennan hluta.<\/li>\n<\/ul>\n<p><span style=\"text-decoration: underline\">Um fr\u00e1gang hreinrita\u00f0ra dagb\u00f3ka<\/span>: Nemendur taka saman \u00ed eitt skjal allar dagb\u00e6kur fyrri hluta og skila \u00ed Uglu fyrir 13. okt\u00f3ber. Sama gildir um seinni hluta, me\u00f0 skilafrest 28. n\u00f3vember. Skjali\u00f0 skal vista\u00f0 sem pdf-skjal \u00e1\u00f0ur en \u00fev\u00ed er skila\u00f0 \u00ed Uglu. Heimilt er a\u00f0 endurskrifa dagb\u00e6kur \u00e1\u00f0ur en \u00feeim er skila\u00f0, b\u00e6ta vi\u00f0 efni e\u00f0a taka burtu og en \u00fea\u00f0 er l\u00edka \u00ed lagi a\u00f0 taka saman dagb\u00e6kurnar \u00f3breyttar eins og \u00feeim var skila\u00f0 \u00ed hverri viku og skila \u00ed einu skjali. Mikilv\u00e6gt er a\u00f0 lesa yfir dagb\u00e6kurnar og huga vel a\u00f0 fr\u00e1gangi - t.d. laga innsl\u00e1ttarvillur og h\u00e1lfkl\u00e1ra\u00f0ar m\u00e1lsgreinar.<\/p>\n","protected":false},"excerpt":{"rendered":"<p>Lestrardagb\u00f3k (v\u00e6gi 30%): Markmi\u00f0i\u00f0 er a\u00f0 nemendur \u00fej\u00e1lfist \u00ed a\u00f0 skrifa hj\u00e1 s\u00e9r huglei\u00f0ingar s\u00ednar um efni\u00f0 sem \u00feeir eru a\u00f0 gl\u00edma vi\u00f0 hverju sinni. H\u00e9r skiptir ekki m\u00e1li a\u00f0 skrifa sk\u00fdran teksta me\u00f0 skotheldum r\u00f6kf\u00e6rslum heldur a\u00f0 skrifa hj\u00e1 &hellip; <a href=\"https:\/\/uni.hi.is\/esmari\/kennsla\/inngangur-ad-thekkingarfraedi\/thekkingarfraedi-namsmat\/thekkingarfraedi-lestrardagbok\/\">Halda \u00e1fram a\u00f0 lesa <span class=\"meta-nav\">&rarr;<\/span><\/a><\/p>\n","protected":false},"author":414,"featured_media":0,"parent":842,"menu_order":2,"comment_status":"closed","ping_status":"closed","template":"","meta":{"footnotes":""},"class_list":["post-1362","page","type-page","status-publish","hentry"],"_links":{"self":[{"href":"https:\/\/uni.hi.is\/esmari\/wp-json\/wp\/v2\/pages\/1362","targetHints":{"allow":["GET"]}}],"collection":[{"href":"https:\/\/uni.hi.is\/esmari\/wp-json\/wp\/v2\/pages"}],"about":[{"href":"https:\/\/uni.hi.is\/esmari\/wp-json\/wp\/v2\/types\/page"}],"author":[{"embeddable":true,"href":"https:\/\/uni.hi.is\/esmari\/wp-json\/wp\/v2\/users\/414"}],"replies":[{"embeddable":true,"href":"https:\/\/uni.hi.is\/esmari\/wp-json\/wp\/v2\/comments?post=1362"}],"version-history":[{"count":10,"href":"https:\/\/uni.hi.is\/esmari\/wp-json\/wp\/v2\/pages\/1362\/revisions"}],"predecessor-version":[{"id":1469,"href":"https:\/\/uni.hi.is\/esmari\/wp-json\/wp\/v2\/pages\/1362\/revisions\/1469"}],"up":[{"embeddable":true,"href":"https:\/\/uni.hi.is\/esmari\/wp-json\/wp\/v2\/pages\/842"}],"wp:attachment":[{"href":"https:\/\/uni.hi.is\/esmari\/wp-json\/wp\/v2\/media?parent=1362"}],"curies":[{"name":"wp","href":"https:\/\/api.w.org\/{rel}","templated":true}]}}