{"id":16,"date":"2014-02-24T11:24:32","date_gmt":"2014-02-24T11:24:32","guid":{"rendered":"http:\/\/uni.hi.is\/esmari\/?page_id=16"},"modified":"2017-01-09T10:10:42","modified_gmt":"2017-01-09T10:10:42","slug":"kennsla","status":"publish","type":"page","link":"https:\/\/uni.hi.is\/esmari\/kennsla\/","title":{"rendered":"Kennsla"},"content":{"rendered":"<p>Fr\u00e1 2001 hef \u00e9g kennt heimspeki, forngr\u00edsku og s\u00f6gu og menningu Forngrikkja vi\u00f0 H\u00e1sk\u00f3la \u00cdslands og Menntask\u00f3lann \u00ed Reykjav\u00edk. Einnig hef \u00e9g kennt n\u00e1mskei\u00f0 e\u00f0a hluta n\u00e1mskei\u00f0a vi\u00f0 Listah\u00e1sk\u00f3la \u00cdslands og Endurmenntun H\u00e1sk\u00f3la \u00cdslands.<\/p>\n<p><strong>H\u00e1sk\u00f3li \u00cdslands<\/strong><\/p>\n<p><span style=\"text-decoration: underline\"><em>Heimspeki<br \/>\n<\/em><\/span>Undanfarin \u00e1r hef \u00e9g kennt <a href=\"http:\/\/uni.hi.is\/esmari\/kennsla\/fornaldarheimspeki-hsp104g\/\"><em>Fornaldarheimspeki <\/em>(HSP104G)<\/a> og <a href=\"http:\/\/uni.hi.is\/esmari\/kennsla\/inngangur-ad-thekkingarfraedi\/\"><em>Inngang a\u00f0 \u00feekkingarfr\u00e6\u00f0i <\/em>(HSP304G)<\/a> og <a href=\"http:\/\/uni.hi.is\/esmari\/kennsla\/inngangur-ad-frumspeki-hsp416g\/\"><em>Inngang a\u00f0 frumspeki<\/em> (HSP416G)<\/a> (\u00ferj\u00e1r vikur um frumspeki \u00ed fornaldarheimspeki). \u00c9g hef einnig kennt <em>R\u00f6kfr\u00e6\u00f0i og gagnr\u00fdna hugsun<\/em> og <em>M\u00e1lstofu um a priori<\/em>.<\/p>\n<p><span style=\"text-decoration: underline\"><em>Forngr\u00edska<br \/>\n<\/em><\/span>Hef kennt inngangsn\u00e1mskei\u00f0 \u00ed forngr\u00edsku (<em><a href=\"http:\/\/uni.hi.is\/esmari\/kennsla\/forngriska-i\/\">Forngr\u00edska I<\/a> <\/em>og<em>\u00a0Forngr\u00edska II<\/em>), \u00fdmis n\u00e1mskei\u00f0 um hugmynda- og menningars\u00f6gu fornaldar og fj\u00f6lda lesn\u00e1mskei\u00f0a, me\u00f0 \u00e1herslu \u00e1 lestur texta \u00e1 frumm\u00e1linu (<em>Gr\u00edska sagnaritun<\/em>, <em>Hes\u00edodos<\/em>, <em>Her\u00f3d\u00f3tos<\/em>, <em>Gr\u00edskan kve\u00f0skap<\/em>, <em>Gr\u00edska m\u00e6lskulist<\/em>, <em>Gr\u00edska harmleiki<\/em> og <em>Gr\u00edska rith\u00f6funda 5. og 4. aldar f.Kr.<\/em>).<\/p>\n<p><strong>Menntask\u00f3linn \u00ed Reykjav\u00edk<\/strong><\/p>\n<p>N\u00e1mskei\u00f0 um hugmyndas\u00f6gu Grikklands hins forna me\u00f0 \u00e1herslu \u00e1 heimspeki, fr\u00e6\u00f0i og v\u00edsindi. Alla jafna lesum vi\u00f0 \u00farval af frumherjum heimspekinnar, \u00far verkum Her\u00f3d\u00f3tosar og \u00de\u00fak\u00fdd\u00eddesar \u00e1samt verkum Hipp\u00f3kratesar og s\u00f3fistanna. Vi\u00f0 lesum l\u00edka <em>Sk\u00fd<\/em> Arist\u00f3fanesar og <em>S\u00ed\u00f0ustu daga S\u00f3kratesar<\/em> (<em>M\u00e1lsv\u00f6rn S\u00f3kratesar<\/em>, <em>Kr\u00edt\u00f3n<\/em> og <em>Fa\u00eddon<\/em>) og stundum <em>Samdrykkjuna<\/em>.<br \/>\nN\u00e1nari uppl\u00fdsingar um n\u00e1mskei\u00f0i\u00f0 eru <a title=\"Fornfr\u00e6\u00f0i (MR)\" href=\"http:\/\/uni.hi.is\/esmari\/kennsla\/fornfraedi-mr\/\">h\u00e9r<\/a>.<\/p>\n<p>Gagnlegar s\u00ed\u00f0ur \u00e1 netinu:<\/p>\n<ul>\n<li><a href=\"http:\/\/www.historyofphilosophy.net\">History of Philosophy without any gaps<\/a> (saga heimspekinnar \u00ed stuttum netv\u00f6rpum)<\/li>\n<li><a href=\"http:\/\/philosophybites.com\">Philosophy Bites<\/a> (vi\u00f0t\u00f6l vi\u00f0 heimspekinga)<\/li>\n<li><a href=\"http:\/\/examiningethics.org\/\">Examining Ethics<\/a>\u00a0(netvarp um si\u00f0fr\u00e6\u00f0ileg efni)<\/li>\n<li><a href=\"http:\/\/kevinscharp.com\/Sociology%20of%20Philosophy%20(Western)%203.1%20%20(part%201).jpg\">K0rt af heimspekis\u00f6gunni<\/a><\/li>\n<li><a href=\"http:\/\/www.earlymoderntexts.com\">\u00datdr\u00e6ttir \u00far lykilverkum \u00ed n\u00fdaldarheimspeki<\/a><\/li>\n<\/ul>\n","protected":false},"excerpt":{"rendered":"<p>Fr\u00e1 2001 hef \u00e9g kennt heimspeki, forngr\u00edsku og s\u00f6gu og menningu Forngrikkja vi\u00f0 H\u00e1sk\u00f3la \u00cdslands og Menntask\u00f3lann \u00ed Reykjav\u00edk. Einnig hef \u00e9g kennt n\u00e1mskei\u00f0 e\u00f0a hluta n\u00e1mskei\u00f0a vi\u00f0 Listah\u00e1sk\u00f3la \u00cdslands og Endurmenntun H\u00e1sk\u00f3la \u00cdslands. H\u00e1sk\u00f3li \u00cdslands Heimspeki Undanfarin \u00e1r hef &hellip; <a href=\"https:\/\/uni.hi.is\/esmari\/kennsla\/\">Halda \u00e1fram a\u00f0 lesa <span class=\"meta-nav\">&rarr;<\/span><\/a><\/p>\n","protected":false},"author":414,"featured_media":0,"parent":0,"menu_order":5,"comment_status":"closed","ping_status":"closed","template":"","meta":{"footnotes":""},"class_list":["post-16","page","type-page","status-publish","hentry"],"_links":{"self":[{"href":"https:\/\/uni.hi.is\/esmari\/wp-json\/wp\/v2\/pages\/16","targetHints":{"allow":["GET"]}}],"collection":[{"href":"https:\/\/uni.hi.is\/esmari\/wp-json\/wp\/v2\/pages"}],"about":[{"href":"https:\/\/uni.hi.is\/esmari\/wp-json\/wp\/v2\/types\/page"}],"author":[{"embeddable":true,"href":"https:\/\/uni.hi.is\/esmari\/wp-json\/wp\/v2\/users\/414"}],"replies":[{"embeddable":true,"href":"https:\/\/uni.hi.is\/esmari\/wp-json\/wp\/v2\/comments?post=16"}],"version-history":[{"count":33,"href":"https:\/\/uni.hi.is\/esmari\/wp-json\/wp\/v2\/pages\/16\/revisions"}],"predecessor-version":[{"id":1200,"href":"https:\/\/uni.hi.is\/esmari\/wp-json\/wp\/v2\/pages\/16\/revisions\/1200"}],"wp:attachment":[{"href":"https:\/\/uni.hi.is\/esmari\/wp-json\/wp\/v2\/media?parent=16"}],"curies":[{"name":"wp","href":"https:\/\/api.w.org\/{rel}","templated":true}]}}