{"id":18,"date":"2014-02-24T11:26:04","date_gmt":"2014-02-24T11:26:04","guid":{"rendered":"http:\/\/uni.hi.is\/esmari\/?page_id=18"},"modified":"2015-08-21T07:18:35","modified_gmt":"2015-08-21T07:18:35","slug":"fornaldarheimspeki-hsp104g","status":"publish","type":"page","link":"https:\/\/uni.hi.is\/esmari\/kennsla\/fornaldarheimspeki-hsp104g\/","title":{"rendered":"Fornaldarheimspeki (HSP104G)"},"content":{"rendered":"<p>Veitt ver\u00f0ur yfirlit yfir heimspeki fornaldar, byggt \u00e1 n\u00e1kv\u00e6mum lestri frumtexta. Fjalla\u00f0 ver\u00f0ur um frumherja gr\u00edskrar heimspeki fram yfir daga S\u00f3kratesar, heimspeki Platons og Arist\u00f3telesar, sem og arftaka \u00feeirra, efahyggjumenn, epik\u00faringa og st\u00f3umenn. Einkum er horft til frumspeki og \u00feekkingarfr\u00e6\u00f0i fornaldar.<\/p>\n<p>N\u00e1mskei\u00f0i\u00f0 er 10 eininga inngangsn\u00e1mskei\u00f0 \u00ed I. hluta heimspekin\u00e1ms. Fyrir heimspekinema er n\u00e1mskei\u00f0i\u00f0 skyldun\u00e1mskei\u00f0 hvort sem heimspeki er tekin sem auka- e\u00f0a a\u00f0algrein. \u00c6tlast er til a\u00f0 \u00fea\u00f0 s\u00e9 teki\u00f0 \u00e1 fyrsta n\u00e1ms\u00e1ri \u00ed heimspeki. N\u00e1mskei\u00f0i\u00f0 getur veri\u00f0 valn\u00e1mskei\u00f0 fyrir nemendur \u00ed \u00f6\u00f0rum greinum.<\/p>\n<p>Fluttir ver\u00f0a 2 x 12 fyrirlestrar. Verkefnavika er um mitt misseri; \u00fe\u00e1 eru ekki fyrirlestrar heldur mi\u00f0annarpr\u00f3f. Lestur n\u00e1msefnisins er nau\u00f0synlegt skilyr\u00f0i \u00feess a\u00f0 nemendur n\u00e1i t\u00f6kum \u00e1 n\u00e1msefninu. Lestur \u00edtarefnis d\u00fdpkar og breikkar skilninginn.<\/p>\n<p>Hver t\u00edmi tekur fyrir afmarka\u00f0 efni. A\u00f0 loknum fyrirlestri eru gl\u00f3sugl\u00e6rur settar \u00ed Uglu. Gl\u00f3surnar eru ekki t\u00e6mandi l\u00fdsing \u00e1 innihaldi fyrirlestra, heldur lei\u00f0arv\u00edsir um efni\u00f0 og \u00e1herslur n\u00e1mskei\u00f0sins.<\/p>\n<p><a title=\"Fornaldarheimspeki 2014\" href=\"http:\/\/uni.hi.is\/esmari\/kennsla\/fornaldarheimspeki-hsp104g\/fornaldarheimspeki-2014\/\">Kennslu\u00e1\u00e6tlun 2014.<\/a><\/p>\n<p>Myndir fr\u00e1 A\u00feenu (vor 2014):<\/p>\n<ul>\n<li><a href=\"http:\/\/www.osacr.cz\/wp-content\/uploads\/2013\/08\/kepos.jpg\">Yfirlitsmynd<\/a> (heimspekisk\u00f3lar \u00ed A\u00feenu).<\/li>\n<li><a href=\"http:\/\/eirikursmari.tumblr.com\/post\/85901007443\/rikisfangelsi-a-eninga-her-do-sokrates\">Fangelsi\u00f0 sem S\u00f3krates dvaldi \u00ed s\u00ed\u00f0ustu dagana<\/a>.<\/li>\n<li>Akadem\u00eda Platons <a href=\"http:\/\/eirikursmari.tumblr.com\/post\/85430937653\/akademia-platons-sennilega\">#1<\/a> og <a href=\"http:\/\/eirikursmari.tumblr.com\/post\/85431385808\/meira-fra-akademiunni\">#2<\/a>.<\/li>\n<li><a href=\"http:\/\/eirikursmari.tumblr.com\/post\/85431665093\/skoli-aristotelesar-loka-ennan-dag\">L\u00fdseum Arist\u00f3telesar<\/a>.<\/li>\n<li><a href=\"http:\/\/eirikursmari.tumblr.com\/post\/85432943633\/stoa\">St\u00f3a<\/a>\u00a0(sj\u00e1 l\u00edka <a href=\"http:\/\/agora.ascsa.net\/id\/agora\/image\/2009.19.0033?q=classification%3A%22Site%20%7C%20By%20Area%20%7C%20North%20%7C%20Stoa%20Poikile%22&amp;t=image&amp;v=list&amp;sort=&amp;s=86\">h\u00e9r<\/a>).<\/li>\n<li>\u00deingsta\u00f0urinn (Pnyx) <a href=\"http:\/\/eirikursmari.tumblr.com\/post\/85436950418\/ingi-pnyx-1\">#1<\/a> og <a href=\"http:\/\/eirikursmari.tumblr.com\/post\/85437730213\/ingi-pnyx-2\">#2<\/a>.<\/li>\n<\/ul>\n<p>\u00ddmislegt \u00edtarefni:<\/p>\n<ul>\n<li><a href=\"https:\/\/www.youtube.com\/watch?v=-C3C2Ti5m1o\">MM McCabe um S\u00f3krates og kr\u00edsu h\u00e1sk\u00f3lanna<\/a>\u00a0(2014).<\/li>\n<li><a href=\"https:\/\/www.youtube.com\/playlist?list=PLF38C9F89AB4C254A&amp;feature=plcp\">Myles Burnyeat \u00ed sj\u00f3nvarpsvi\u00f0tali um Platon<\/a>.<\/li>\n<li><a href=\"https:\/\/www.youtube.com\/playlist?list=PL6B60185E26C7370C&amp;feature=plcp\">Martha Nussbaum \u00ed sj\u00f3nvarpsvi\u00f0tali um Arist\u00f3teles<\/a>.<\/li>\n<li><a href=\"http:\/\/ec.libsyn.com\/p\/8\/2\/f\/82f4dcbc54b50bfc\/Michael_Ignatieff_on_Political_Theory_and_Political_Practice.mp3?d13a76d516d9dec20c3d276ce028ed5089ab1ce3dae902ea1d06c88731d8cb5e8b82&amp;c_id=7069653\">Vi\u00f0tal vi\u00f0 heimspeking sem reyndi a\u00f0 ver\u00f0a fors\u00e6tisr\u00e1\u00f0herra<\/a>\u00a0(Philosophy Bites vi\u00f0tal vi\u00f0 Michael Ignatieff 14. apr\u00edl 2014).<\/li>\n<li><a href=\"https:\/\/twitter.com\/Scholiast\">Gr\u00edskt heimspekit\u00edst<\/a> (twitter).<\/li>\n<\/ul>\n<p>Uppl\u00fdsingar um fyrri n\u00e1mskei\u00f0:<\/p>\n<ul>\n<li><a href=\"http:\/\/uni.hi.is\/esmari\/files\/2014\/02\/Fornaldarheimspeki-N\u00e1msl\u00fdsing-H2012.pdf\">Fornaldarheimspeki: n\u00e1msl\u00fdsing H2012<\/a><\/li>\n<li><a href=\"http:\/\/uni.hi.is\/esmari\/files\/2014\/02\/Fornaldarheimspeki-N\u00e1msl\u00fdsing-H2013.pdf\">Fornaldarheimspeki: n\u00e1msl\u00fdsing H2013<\/a><\/li>\n<li><a href=\"\/\/prezi.com\/embed\/du3vso3dnfdy\/?bgcolor=ffffff&amp;amp;lock_to_path=0&amp;amp;autoplay=0&amp;amp;autohide_ctrls=0&amp;amp;features=undefined&amp;amp;disabled_features=undefined&quot; width=&quot;550&quot; height=&quot;400&quot; frameBorder=&quot;0&quot; webkitAllowFullScreen mozAllowFullscreen allowfullscreen&gt;&lt;\/iframe&gt;\">Kynning \u00e1 fornaldarheimspeki (haust 2013)<\/a><\/li>\n<\/ul>\n","protected":false},"excerpt":{"rendered":"<p>Veitt ver\u00f0ur yfirlit yfir heimspeki fornaldar, byggt \u00e1 n\u00e1kv\u00e6mum lestri frumtexta. Fjalla\u00f0 ver\u00f0ur um frumherja gr\u00edskrar heimspeki fram yfir daga S\u00f3kratesar, heimspeki Platons og Arist\u00f3telesar, sem og arftaka \u00feeirra, efahyggjumenn, epik\u00faringa og st\u00f3umenn. Einkum er horft til frumspeki og \u00feekkingarfr\u00e6\u00f0i &hellip; <a href=\"https:\/\/uni.hi.is\/esmari\/kennsla\/fornaldarheimspeki-hsp104g\/\">Halda \u00e1fram a\u00f0 lesa <span class=\"meta-nav\">&rarr;<\/span><\/a><\/p>\n","protected":false},"author":414,"featured_media":0,"parent":16,"menu_order":1,"comment_status":"closed","ping_status":"closed","template":"","meta":{"footnotes":""},"class_list":["post-18","page","type-page","status-publish","hentry"],"_links":{"self":[{"href":"https:\/\/uni.hi.is\/esmari\/wp-json\/wp\/v2\/pages\/18","targetHints":{"allow":["GET"]}}],"collection":[{"href":"https:\/\/uni.hi.is\/esmari\/wp-json\/wp\/v2\/pages"}],"about":[{"href":"https:\/\/uni.hi.is\/esmari\/wp-json\/wp\/v2\/types\/page"}],"author":[{"embeddable":true,"href":"https:\/\/uni.hi.is\/esmari\/wp-json\/wp\/v2\/users\/414"}],"replies":[{"embeddable":true,"href":"https:\/\/uni.hi.is\/esmari\/wp-json\/wp\/v2\/comments?post=18"}],"version-history":[{"count":33,"href":"https:\/\/uni.hi.is\/esmari\/wp-json\/wp\/v2\/pages\/18\/revisions"}],"predecessor-version":[{"id":695,"href":"https:\/\/uni.hi.is\/esmari\/wp-json\/wp\/v2\/pages\/18\/revisions\/695"}],"up":[{"embeddable":true,"href":"https:\/\/uni.hi.is\/esmari\/wp-json\/wp\/v2\/pages\/16"}],"wp:attachment":[{"href":"https:\/\/uni.hi.is\/esmari\/wp-json\/wp\/v2\/media?parent=18"}],"curies":[{"name":"wp","href":"https:\/\/api.w.org\/{rel}","templated":true}]}}