{"id":209,"date":"2014-08-15T15:23:51","date_gmt":"2014-08-15T15:23:51","guid":{"rendered":"http:\/\/uni.hi.is\/esmari\/?page_id=209"},"modified":"2014-08-31T07:04:59","modified_gmt":"2014-08-31T07:04:59","slug":"inngangur-miletingar","status":"publish","type":"page","link":"https:\/\/uni.hi.is\/esmari\/kennsla\/fornaldarheimspeki-hsp104g\/fornaldarheimspeki-2014\/inngangur-miletingar\/","title":{"rendered":"Inngangur-M\u00edletingar"},"content":{"rendered":"<p>\u00cd fyrsta t\u00edma ver\u00f0ur gefi\u00f0 yfirlit yfir s\u00f6gu og e\u00f0li fornaldarheimspeki og fjalla\u00f0 s\u00e9rstaklega um fyrstu \u00ferj\u00e1 heimspekingana: \u00deales, Anax\u00edmandros og Anax\u00edmenes (svokalla\u00f0a M\u00edletinga). Vi\u00f0 veltum upp spurningum um \u00far hverju heimspekin spratt, hvernig h\u00fan var stundu\u00f0 og til hvers og hvort h\u00fan, \u00fe.e. fornaldarheimspekin, skipti okkur m\u00e1li \u00ed dag. Um M\u00edletingana spyrjum vi\u00f0: Hva\u00f0a spurningum voru \u00feeir a\u00f0 leita svara vi\u00f0? Um hva\u00f0 fj\u00f6llu\u00f0u kenningar \u00feeirra? \u00cd hverju voru \u00fe\u00e6r fr\u00e1brug\u00f0nar go\u00f0afr\u00e6\u00f0i?Hverjir voru helstu gallar \u00feeirra?<\/p>\n<p>Textar nr. 1 og 2 eru \u00fe\u00fd\u00f0ingar \u00e1 frumtextum. \u00cdslenska \u00fe\u00fd\u00f0ingin (nr. 2) er a\u00f0eins \u00far hluta lesefnisins. Nr. 3 bls. 1-6 er greining \u00e1 kenningum M\u00edletinga. Nr. 3 bls. ix-xii er inngangur a\u00f0 lestri fornaldarheimspeki. Nr. 4 A er grein um s\u00f6gu heimspekinnar sem veltir upp spurningum um af hverju heimspekisaga skiptir m\u00e1li. Nr. 4 B er inngangur a\u00f0 lestri fornaldarheimspeki. Nr. 4 C og D eru pistlar (podcast) um M\u00edletinga (um 20 m\u00edn\u00fatur hvor um sig).<\/p>\n<ol>\n<li><b>Cohen\/Curd\/Reeves:<\/b> 1-17.<\/li>\n<li><b>Ugla: Curd\/Eyj\u00f3lfur:<\/b> Frumherjar gr\u00edskrar heimspeki 49-64.<\/li>\n<li><b>Shields<\/b><b>:<\/b><b> <\/b>ix-xii; 1-6.<\/li>\n<li>\u00cdtarefni<b>:<\/b>\n<ol>\n<li><b>Ugla:<\/b> Svavar: Saga og samt\u00ed\u00f0 heimspekinnar.<\/li>\n<li><strong>Adamson<\/strong>: <a href=\"http:\/\/www.historyofphilosophy.net\/thales\">\u00deales<\/a>.<\/li>\n<li><strong>Adamson<\/strong>: <a href=\"http:\/\/www.historyofphilosophy.net\/anaximander-anaximenes\">Anax\u00edmandros og Anax\u00edmenes<\/a>.<\/li>\n<\/ol>\n<\/li>\n<\/ol>\n","protected":false},"excerpt":{"rendered":"<p>\u00cd fyrsta t\u00edma ver\u00f0ur gefi\u00f0 yfirlit yfir s\u00f6gu og e\u00f0li fornaldarheimspeki og fjalla\u00f0 s\u00e9rstaklega um fyrstu \u00ferj\u00e1 heimspekingana: \u00deales, Anax\u00edmandros og Anax\u00edmenes (svokalla\u00f0a M\u00edletinga). Vi\u00f0 veltum upp spurningum um \u00far hverju heimspekin spratt, hvernig h\u00fan var stundu\u00f0 og til hvers &hellip; <a href=\"https:\/\/uni.hi.is\/esmari\/kennsla\/fornaldarheimspeki-hsp104g\/fornaldarheimspeki-2014\/inngangur-miletingar\/\">Halda \u00e1fram a\u00f0 lesa <span class=\"meta-nav\">&rarr;<\/span><\/a><\/p>\n","protected":false},"author":414,"featured_media":0,"parent":202,"menu_order":1,"comment_status":"closed","ping_status":"closed","template":"","meta":{"footnotes":""},"class_list":["post-209","page","type-page","status-publish","hentry"],"_links":{"self":[{"href":"https:\/\/uni.hi.is\/esmari\/wp-json\/wp\/v2\/pages\/209","targetHints":{"allow":["GET"]}}],"collection":[{"href":"https:\/\/uni.hi.is\/esmari\/wp-json\/wp\/v2\/pages"}],"about":[{"href":"https:\/\/uni.hi.is\/esmari\/wp-json\/wp\/v2\/types\/page"}],"author":[{"embeddable":true,"href":"https:\/\/uni.hi.is\/esmari\/wp-json\/wp\/v2\/users\/414"}],"replies":[{"embeddable":true,"href":"https:\/\/uni.hi.is\/esmari\/wp-json\/wp\/v2\/comments?post=209"}],"version-history":[{"count":12,"href":"https:\/\/uni.hi.is\/esmari\/wp-json\/wp\/v2\/pages\/209\/revisions"}],"predecessor-version":[{"id":455,"href":"https:\/\/uni.hi.is\/esmari\/wp-json\/wp\/v2\/pages\/209\/revisions\/455"}],"up":[{"embeddable":true,"href":"https:\/\/uni.hi.is\/esmari\/wp-json\/wp\/v2\/pages\/202"}],"wp:attachment":[{"href":"https:\/\/uni.hi.is\/esmari\/wp-json\/wp\/v2\/media?parent=209"}],"curies":[{"name":"wp","href":"https:\/\/api.w.org\/{rel}","templated":true}]}}