{"id":215,"date":"2014-08-15T15:30:06","date_gmt":"2014-08-15T15:30:06","guid":{"rendered":"http:\/\/uni.hi.is\/esmari\/?page_id=215"},"modified":"2014-08-31T07:05:28","modified_gmt":"2014-08-31T07:05:28","slug":"pythagoras-og-filolas-xenofanes-herakleitos","status":"publish","type":"page","link":"https:\/\/uni.hi.is\/esmari\/kennsla\/fornaldarheimspeki-hsp104g\/fornaldarheimspeki-2014\/pythagoras-og-filolas-xenofanes-herakleitos\/","title":{"rendered":"P\u00fd\u00feag\u00f3ras og F\u00edl\u00f3l\u00e1s; Xen\u00f3fanes; Herakleitos"},"content":{"rendered":"<p>\u00cd \u00feessum t\u00edma byrjum vi\u00f0 \u00e1 P\u00fd\u00feag\u00f3ringum. Kenningar P\u00fd\u00feag\u00f3rasar um s\u00e1lina og hir\u00f0u hennar h\u00f6f\u00f0u mikil \u00e1hrif, m.a. \u00e1 Platon, en flestar kenningar \u00ed st\u00e6r\u00f0fr\u00e6\u00f0i og heimsfr\u00e6\u00f0i sem eru eigna\u00f0ar honum koma \u00ed raun fr\u00e1 F\u00edl\u00f3l\u00e1si, sem var uppi seint \u00e1 5. \u00f6ld. Vi\u00f0 sn\u00faum okkur s\u00ed\u00f0an a\u00f0 Xen\u00f3fanesi, sem kynnti til s\u00f6gunnar spurningar um e\u00f0li og m\u00f6guleika \u00feekkingar, og Herakleitosi, sem er \u00feekktastur fyrir a\u00f0 halda \u00fev\u00ed fram a\u00f0 allt flj\u00f3ti.<\/p>\n<p>Textar nr. 1 og 2 eru \u00fe\u00fd\u00f0ingar \u00e1 frumtextum. \u00cdslenska \u00fe\u00fd\u00f0ingin (nr. 2) er a\u00f0eins \u00far hluta lesefnisins. Nr. 3 bls. 6-13 er greining \u00e1 kenningum Xenofanesar og Herakleitosar. Nr. 4 er grein um Py\u00feag\u00f3ras (sem Shields fjallar ekki um). Nr. 4 A eru greinar um P\u00fd\u00feag\u00f3ringa og nr. 4 B-D eru pistlar (podcasts) um P\u00fd\u00feag\u00f3ras, Xen\u00f3fanes og Herakleitos (um 20 m\u00edn\u00fatur hver). \u00deeir sem vilja kynna s\u00e9r P\u00fd\u00feag\u00f3rasarl\u00f6gm\u00e1li\u00f0 geta fylgt kr\u00e6kjunni \u00ed nr. 5 A sem lei\u00f0ir \u00fe\u00e1 \u00e1 vi\u00f0eigandi sta\u00f0 \u00ed Khan akadem\u00edunni.<\/p>\n<ol>\n<li><b>Cohen\/Curd\/Reeve:<\/b> 18-40; 97-99.<\/li>\n<li><b>Ugla<\/b><b>: <\/b>Curd\/Eyj\u00f3lfur: Frumherjar gr\u00edskrar heimspeki 64-70.<\/li>\n<li><b>Shields<\/b><b>:<\/b> 6-13.<\/li>\n<li><b>Stanford<\/b><b>:<\/b><b>\u00a0<\/b>Huffman <a href=\"http:\/\/plato.stanford.edu\/entries\/pythagoras\/\">Pythagoras<\/a>.<\/li>\n<li>\u00cdtarefni<b>:<\/b>\n<ol>\n<li><b>Stanford<\/b><b>:<\/b><b> <\/b>Huffman <a href=\"http:\/\/plato.stanford.edu\/entries\/pythagoreanism\/\">Pythagoreanism<\/a>.<\/li>\n<li><strong>Adamson<\/strong>: <a href=\"http:\/\/www.historyofphilosophy.net\/xenophanes\">Xen\u00f3fanes<\/a>.<\/li>\n<li><strong>Adamson<\/strong>: <a href=\"http:\/\/www.historyofphilosophy.net\/pythagoras\">P\u00fd\u00feag\u00f3ras<\/a>.<\/li>\n<li><strong>Adamson<\/strong>: <a href=\"http:\/\/www.historyofphilosophy.net\/heraclitus\">Herakleitos<\/a>.<\/li>\n<\/ol>\n<\/li>\n<li>Anna\u00f0:\n<ol>\n<li>Khan akadem\u00edna: <a href=\"https:\/\/www.khanacademy.org\/math\/geometry\/right_triangles_topic\/pyth_theor\/v\/the-pythagorean-theorem\">P\u00fd\u00feag\u00f3rasarl\u00f6gm\u00e1li\u00f0<\/a>.<\/li>\n<\/ol>\n<\/li>\n<\/ol>\n","protected":false},"excerpt":{"rendered":"<p>\u00cd \u00feessum t\u00edma byrjum vi\u00f0 \u00e1 P\u00fd\u00feag\u00f3ringum. Kenningar P\u00fd\u00feag\u00f3rasar um s\u00e1lina og hir\u00f0u hennar h\u00f6f\u00f0u mikil \u00e1hrif, m.a. \u00e1 Platon, en flestar kenningar \u00ed st\u00e6r\u00f0fr\u00e6\u00f0i og heimsfr\u00e6\u00f0i sem eru eigna\u00f0ar honum koma \u00ed raun fr\u00e1 F\u00edl\u00f3l\u00e1si, sem var uppi seint &hellip; <a href=\"https:\/\/uni.hi.is\/esmari\/kennsla\/fornaldarheimspeki-hsp104g\/fornaldarheimspeki-2014\/pythagoras-og-filolas-xenofanes-herakleitos\/\">Halda \u00e1fram a\u00f0 lesa <span class=\"meta-nav\">&rarr;<\/span><\/a><\/p>\n","protected":false},"author":414,"featured_media":0,"parent":202,"menu_order":2,"comment_status":"closed","ping_status":"closed","template":"","meta":{"footnotes":""},"class_list":["post-215","page","type-page","status-publish","hentry"],"_links":{"self":[{"href":"https:\/\/uni.hi.is\/esmari\/wp-json\/wp\/v2\/pages\/215","targetHints":{"allow":["GET"]}}],"collection":[{"href":"https:\/\/uni.hi.is\/esmari\/wp-json\/wp\/v2\/pages"}],"about":[{"href":"https:\/\/uni.hi.is\/esmari\/wp-json\/wp\/v2\/types\/page"}],"author":[{"embeddable":true,"href":"https:\/\/uni.hi.is\/esmari\/wp-json\/wp\/v2\/users\/414"}],"replies":[{"embeddable":true,"href":"https:\/\/uni.hi.is\/esmari\/wp-json\/wp\/v2\/comments?post=215"}],"version-history":[{"count":18,"href":"https:\/\/uni.hi.is\/esmari\/wp-json\/wp\/v2\/pages\/215\/revisions"}],"predecessor-version":[{"id":456,"href":"https:\/\/uni.hi.is\/esmari\/wp-json\/wp\/v2\/pages\/215\/revisions\/456"}],"up":[{"embeddable":true,"href":"https:\/\/uni.hi.is\/esmari\/wp-json\/wp\/v2\/pages\/202"}],"wp:attachment":[{"href":"https:\/\/uni.hi.is\/esmari\/wp-json\/wp\/v2\/media?parent=215"}],"curies":[{"name":"wp","href":"https:\/\/api.w.org\/{rel}","templated":true}]}}