{"id":229,"date":"2014-08-15T15:42:30","date_gmt":"2014-08-15T15:42:30","guid":{"rendered":"http:\/\/uni.hi.is\/esmari\/?page_id=229"},"modified":"2014-09-10T21:19:59","modified_gmt":"2014-09-10T21:19:59","slug":"zenon-og-melissos-empedokles-demokritos","status":"publish","type":"page","link":"https:\/\/uni.hi.is\/esmari\/kennsla\/fornaldarheimspeki-hsp104g\/fornaldarheimspeki-2014\/zenon-og-melissos-empedokles-demokritos\/","title":{"rendered":"Zenon og Melissos; Emped\u00f3kles; Dem\u00f3kr\u00edtos"},"content":{"rendered":"<p>\u00cd \u00feessum t\u00edma kynnumst vi\u00f0 heimspekingum sem komu \u00ed kj\u00f6lfar Parmen\u00eddesar. Zenon setur fram nokkrar \u00feversagnir sem eiga a\u00f0 s\u00fdna fram \u00e1 a\u00f0 fj\u00f6ldi og hreyfing s\u00e9 \u00f3m\u00f6guleg og Melissos gengur s\u00ed\u00f0an enn lengra en Parmen\u00eddes me\u00f0 einhyggju sinni. Emped\u00f3kles og Dem\u00f3kr\u00edtos breg\u00f0ast \u00a0hvor \u00e1 sinn h\u00e1tt vi\u00f0 kenningu Parmen\u00eddesar me\u00f0 \u00a0eigin kenningum um grundv\u00f6ll og e\u00f0li raunveruleikans, Emped\u00f3kles me\u00f0 kenningunni um frumefnin fj\u00f6gur og kraftana tvo sem virka \u00e1 \u00feau og Dem\u00f3kr\u00edtos me\u00f0 kenningu um \u00f3deili. Hann setur jafnframt fram mj\u00f6g \u00f6grandi hugmyndir um e\u00f0li og m\u00f6guleika \u00feekkingar.<\/p>\n<p>Textar nr. 1 og 2 eru \u00fe\u00fd\u00f0ingar \u00e1 frumtextum. \u00cdslenska \u00fe\u00fd\u00f0ingin (nr. 2) er a\u00f0eins \u00far hluta lesefnisins. Nr. 3 bls. 18-25 er greining \u00e1 kenningum Dem\u00f3kr\u00edtosar og nr. 4 er umfj\u00f6llun um Emped\u00f3kles. \u00a0Nr. 5 A-C eru pistlar (podcasts) um \u00fe\u00e1 Zenon, Melissos, Atomistana (Levkippos og Dem\u00f3kr\u00edtos) og Emped\u00f3kles (um 20 m\u00edn\u00fatur hver).<\/p>\n<ol>\n<li><b>Cohen\/Curd\/Reeve:<\/b> 47-74; 80-96.<\/li>\n<li><b>Ugla<\/b><b>:<\/b> Curd\/Eyj\u00f3lfur: Frumherjar gr\u00edskrar heimspeki 73-75; 76-77.<\/li>\n<li><b>Shields<\/b><b>: <\/b>18-25.<\/li>\n<li><b>Stanford:<\/b> Parry <a href=\"http:\/\/plato.stanford.edu\/entries\/empedocles\/\">Empedocles<\/a>.<\/li>\n<li>\u00cdtarefni:\n<ol>\n<li><strong>Adamson<\/strong>: <a href=\"http:\/\/www.historyofphilosophy.net\/zeno_melissus\">Zenon og Melissos<\/a>.<\/li>\n<li><strong>Adamson<\/strong>: <a href=\"http:\/\/www.historyofphilosophy.net\/democritus-and-leucippus\">Atomistarnir<\/a>.<\/li>\n<li><strong>Adamson<\/strong>: <a href=\"http:\/\/www.historyofphilosophy.net\/empedocles\">Emped\u00f3kles<\/a>.<\/li>\n<\/ol>\n<\/li>\n<\/ol>\n","protected":false},"excerpt":{"rendered":"<p>\u00cd \u00feessum t\u00edma kynnumst vi\u00f0 heimspekingum sem komu \u00ed kj\u00f6lfar Parmen\u00eddesar. Zenon setur fram nokkrar \u00feversagnir sem eiga a\u00f0 s\u00fdna fram \u00e1 a\u00f0 fj\u00f6ldi og hreyfing s\u00e9 \u00f3m\u00f6guleg og Melissos gengur s\u00ed\u00f0an enn lengra en Parmen\u00eddes me\u00f0 einhyggju sinni. Emped\u00f3kles &hellip; <a href=\"https:\/\/uni.hi.is\/esmari\/kennsla\/fornaldarheimspeki-hsp104g\/fornaldarheimspeki-2014\/zenon-og-melissos-empedokles-demokritos\/\">Halda \u00e1fram a\u00f0 lesa <span class=\"meta-nav\">&rarr;<\/span><\/a><\/p>\n","protected":false},"author":414,"featured_media":0,"parent":202,"menu_order":4,"comment_status":"closed","ping_status":"closed","template":"","meta":{"footnotes":""},"class_list":["post-229","page","type-page","status-publish","hentry"],"_links":{"self":[{"href":"https:\/\/uni.hi.is\/esmari\/wp-json\/wp\/v2\/pages\/229","targetHints":{"allow":["GET"]}}],"collection":[{"href":"https:\/\/uni.hi.is\/esmari\/wp-json\/wp\/v2\/pages"}],"about":[{"href":"https:\/\/uni.hi.is\/esmari\/wp-json\/wp\/v2\/types\/page"}],"author":[{"embeddable":true,"href":"https:\/\/uni.hi.is\/esmari\/wp-json\/wp\/v2\/users\/414"}],"replies":[{"embeddable":true,"href":"https:\/\/uni.hi.is\/esmari\/wp-json\/wp\/v2\/comments?post=229"}],"version-history":[{"count":7,"href":"https:\/\/uni.hi.is\/esmari\/wp-json\/wp\/v2\/pages\/229\/revisions"}],"predecessor-version":[{"id":474,"href":"https:\/\/uni.hi.is\/esmari\/wp-json\/wp\/v2\/pages\/229\/revisions\/474"}],"up":[{"embeddable":true,"href":"https:\/\/uni.hi.is\/esmari\/wp-json\/wp\/v2\/pages\/202"}],"wp:attachment":[{"href":"https:\/\/uni.hi.is\/esmari\/wp-json\/wp\/v2\/media?parent=229"}],"curies":[{"name":"wp","href":"https:\/\/api.w.org\/{rel}","templated":true}]}}