{"id":232,"date":"2014-08-15T15:45:05","date_gmt":"2014-08-15T15:45:05","guid":{"rendered":"http:\/\/uni.hi.is\/esmari\/?page_id=232"},"modified":"2014-09-12T11:14:51","modified_gmt":"2014-09-12T11:14:51","slug":"anaxagoras","status":"publish","type":"page","link":"https:\/\/uni.hi.is\/esmari\/kennsla\/fornaldarheimspeki-hsp104g\/fornaldarheimspeki-2014\/anaxagoras\/","title":{"rendered":"Anaxag\u00f3ras"},"content":{"rendered":"<p>\u00cd \u00feessum t\u00edma (f\u00f3kust\u00edma) beinum vi\u00f0 sj\u00f3num a\u00f0 einum mikilv\u00e6gasta en jafnfram erfi\u00f0asta heimspekingi fimmtu aldar fyrir Krist, Anaxag\u00f3rasi. Anaxag\u00f3ras \u00fer\u00f3a\u00f0i fl\u00f3kna kenningu um e\u00f0li efnisins og um skynjun (sem sorglega l\u00edti\u00f0 er vita\u00f0 um). Hann kynnir Hug (gr. <em>n\u00fas<\/em>) til s\u00f6gunnar sem hi\u00f0 r\u00edkjandi afl \u00ed heiminum og S\u00f3krates \u00e1 a\u00f0 hafa keypt b\u00f3k Anaxag\u00f3rasar til a\u00f0 kynna s\u00e9r betur kenningu hans um Hug.<\/p>\n<p>Textar nr. 1 og 2 eru \u00fe\u00fd\u00f0ingar \u00e1 frumtextum (nr. 2 a\u00f0eins \u00far hluta efnisins). Nr. 3 er grein um Anaxag\u00f3ras og nr. 4 A er pistill \u00fear sem fjalla\u00f0 er um heimspeki hans.<\/p>\n<ol>\n<li><b>Cohen\/Curd\/Reeve:<\/b> 75-80.<\/li>\n<li><b>Ugla<\/b><b>:<\/b> Curd\/Eyj\u00f3lfur: Frumherjar gr\u00edskrar heimspeki 75-76.<\/li>\n<li><b>Stanford:<\/b> Curd <a href=\"http:\/\/plato.stanford.edu\/entries\/anaxagoras\/\">Anaxagoras<\/a>.<\/li>\n<li><b>\u00cdtarefni:<\/b>\n<ol>\n<li><strong>Adamson<\/strong>: <a href=\"http:\/\/www.historyofphilosophy.net\/anaxagoras\">Anaxag\u00f3ras<\/a>.<\/li>\n<\/ol>\n<\/li>\n<\/ol>\n","protected":false},"excerpt":{"rendered":"<p>\u00cd \u00feessum t\u00edma (f\u00f3kust\u00edma) beinum vi\u00f0 sj\u00f3num a\u00f0 einum mikilv\u00e6gasta en jafnfram erfi\u00f0asta heimspekingi fimmtu aldar fyrir Krist, Anaxag\u00f3rasi. Anaxag\u00f3ras \u00fer\u00f3a\u00f0i fl\u00f3kna kenningu um e\u00f0li efnisins og um skynjun (sem sorglega l\u00edti\u00f0 er vita\u00f0 um). Hann kynnir Hug (gr. n\u00fas) &hellip; <a href=\"https:\/\/uni.hi.is\/esmari\/kennsla\/fornaldarheimspeki-hsp104g\/fornaldarheimspeki-2014\/anaxagoras\/\">Halda \u00e1fram a\u00f0 lesa <span class=\"meta-nav\">&rarr;<\/span><\/a><\/p>\n","protected":false},"author":414,"featured_media":0,"parent":202,"menu_order":5,"comment_status":"closed","ping_status":"closed","template":"","meta":{"footnotes":""},"class_list":["post-232","page","type-page","status-publish","hentry"],"_links":{"self":[{"href":"https:\/\/uni.hi.is\/esmari\/wp-json\/wp\/v2\/pages\/232","targetHints":{"allow":["GET"]}}],"collection":[{"href":"https:\/\/uni.hi.is\/esmari\/wp-json\/wp\/v2\/pages"}],"about":[{"href":"https:\/\/uni.hi.is\/esmari\/wp-json\/wp\/v2\/types\/page"}],"author":[{"embeddable":true,"href":"https:\/\/uni.hi.is\/esmari\/wp-json\/wp\/v2\/users\/414"}],"replies":[{"embeddable":true,"href":"https:\/\/uni.hi.is\/esmari\/wp-json\/wp\/v2\/comments?post=232"}],"version-history":[{"count":7,"href":"https:\/\/uni.hi.is\/esmari\/wp-json\/wp\/v2\/pages\/232\/revisions"}],"predecessor-version":[{"id":475,"href":"https:\/\/uni.hi.is\/esmari\/wp-json\/wp\/v2\/pages\/232\/revisions\/475"}],"up":[{"embeddable":true,"href":"https:\/\/uni.hi.is\/esmari\/wp-json\/wp\/v2\/pages\/202"}],"wp:attachment":[{"href":"https:\/\/uni.hi.is\/esmari\/wp-json\/wp\/v2\/media?parent=232"}],"curies":[{"name":"wp","href":"https:\/\/api.w.org\/{rel}","templated":true}]}}