{"id":238,"date":"2014-08-15T15:49:15","date_gmt":"2014-08-15T15:49:15","guid":{"rendered":"http:\/\/uni.hi.is\/esmari\/?page_id=238"},"modified":"2014-09-17T00:20:18","modified_gmt":"2014-09-17T00:20:18","slug":"sofistar-og-sokrates","status":"publish","type":"page","link":"https:\/\/uni.hi.is\/esmari\/kennsla\/fornaldarheimspeki-hsp104g\/fornaldarheimspeki-2014\/sofistar-og-sokrates\/","title":{"rendered":"S\u00f3fistar og S\u00f3krates"},"content":{"rendered":"<p>\u00cd lokat\u00edma fyrsta hluta n\u00e1mskei\u00f0sins sn\u00faum vi\u00f0 okkur a\u00f0 s\u00f3fistunum. \u00deeir eru \u00feekktir fyrir \u00e1herslu s\u00edna \u00e1 m\u00e6lskulist en \u00fer\u00f3u\u00f0u jafnframt kenningar um \u00fdmis heimspekileg efni. Platon t\u00f3k \u00fe\u00e1 oftar en einu sinni til umfj\u00f6llunar og gagnr\u00fdndi har\u00f0lega \u00fear sem hann taldi \u00fe\u00e1 h\u00e6ttulega. Hann dr\u00f3 upp mynd af S\u00f3kratesi sem andst\u00e6\u00f0ingi s\u00f3fistanna en margir samt\u00edmamenn S\u00f3kratesar vir\u00f0ast hafa s\u00e9\u00f0 hann sem einn af s\u00f3fistunum (t.d. gamanleikjask\u00e1ldi\u00f0 Arist\u00f3fanes sem skrifa\u00f0i verki\u00f0 <em>Sk\u00fdin<\/em> um hann).<\/p>\n<p>Texti nr. 1 er \u00fe\u00fd\u00f0ing \u00e1 \u00fdmsum textum s\u00f3fistanna, nr. 2 er umj\u00f6llun um \u00fe\u00e1. Nr. 3 er grein \u00fear sem fjalla\u00f0 er um s\u00f3fistana og S\u00f3krates \u00ed samhengi og nr. 4 er kafli \u00far <em>Gorg\u00edasi<\/em> eftir Platon \u00fear sem s\u00f3fistinn Kall\u00edkles heldur fram mj\u00f6g r\u00f3tt\u00e6kum kenningum um r\u00e9ttl\u00e6ti\u00f0 sem S\u00f3krates svo gagnr\u00fdnir. Nr. 5 A, B og C eru pistlar um s\u00f3fistana, S\u00f3krates og <em>Gorg\u00edas<\/em> Platons.<\/p>\n<ol>\n<li><b><\/b><b>Cohen\/Curd\/Reeve:<\/b> 104-118.<\/li>\n<li><b><\/b><b>Shields<\/b><b>:<\/b> 25-31.<\/li>\n<li><b>Ugla<\/b><b>:<\/b> Broadie 73-88.<\/li>\n<li><b>Ugla:<\/b> Platon: <i>Gorg\u00edas<\/i> 481b-486d (gagnr\u00fdni Kall\u00edklesar; svar S\u00f3kratesar: 486d-508c). Samr\u00e6\u00f0an hefur veri\u00f0 \u00fe\u00fddd \u00e1 \u00edslensku (Reykjav\u00edk, 1977).<\/li>\n<li><strong>\u00cdtarefni<\/strong>:\n<ol>\n<li><strong>Adamson<\/strong>: <a href=\"http:\/\/www.historyofphilosophy.net\/sophists\">S\u00f3fistarnir<\/a>.<\/li>\n<li><strong>Adamson<\/strong>: <a href=\"http:\/\/www.historyofphilosophy.net\/socrates-without-plato\">S\u00f3krates \u00e1n Platons<\/a>.<\/li>\n<li><strong>Adamson<\/strong>: <a href=\"http:\/\/www.historyofphilosophy.net\/plato-gorgias\">Um <em>Gorg\u00edas<\/em> eftir Platon<\/a>.<\/li>\n<\/ol>\n<\/li>\n<\/ol>\n","protected":false},"excerpt":{"rendered":"<p>\u00cd lokat\u00edma fyrsta hluta n\u00e1mskei\u00f0sins sn\u00faum vi\u00f0 okkur a\u00f0 s\u00f3fistunum. \u00deeir eru \u00feekktir fyrir \u00e1herslu s\u00edna \u00e1 m\u00e6lskulist en \u00fer\u00f3u\u00f0u jafnframt kenningar um \u00fdmis heimspekileg efni. Platon t\u00f3k \u00fe\u00e1 oftar en einu sinni til umfj\u00f6llunar og gagnr\u00fdndi har\u00f0lega \u00fear sem &hellip; <a href=\"https:\/\/uni.hi.is\/esmari\/kennsla\/fornaldarheimspeki-hsp104g\/fornaldarheimspeki-2014\/sofistar-og-sokrates\/\">Halda \u00e1fram a\u00f0 lesa <span class=\"meta-nav\">&rarr;<\/span><\/a><\/p>\n","protected":false},"author":414,"featured_media":0,"parent":202,"menu_order":6,"comment_status":"closed","ping_status":"closed","template":"","meta":{"footnotes":""},"class_list":["post-238","page","type-page","status-publish","hentry"],"_links":{"self":[{"href":"https:\/\/uni.hi.is\/esmari\/wp-json\/wp\/v2\/pages\/238","targetHints":{"allow":["GET"]}}],"collection":[{"href":"https:\/\/uni.hi.is\/esmari\/wp-json\/wp\/v2\/pages"}],"about":[{"href":"https:\/\/uni.hi.is\/esmari\/wp-json\/wp\/v2\/types\/page"}],"author":[{"embeddable":true,"href":"https:\/\/uni.hi.is\/esmari\/wp-json\/wp\/v2\/users\/414"}],"replies":[{"embeddable":true,"href":"https:\/\/uni.hi.is\/esmari\/wp-json\/wp\/v2\/comments?post=238"}],"version-history":[{"count":4,"href":"https:\/\/uni.hi.is\/esmari\/wp-json\/wp\/v2\/pages\/238\/revisions"}],"predecessor-version":[{"id":480,"href":"https:\/\/uni.hi.is\/esmari\/wp-json\/wp\/v2\/pages\/238\/revisions\/480"}],"up":[{"embeddable":true,"href":"https:\/\/uni.hi.is\/esmari\/wp-json\/wp\/v2\/pages\/202"}],"wp:attachment":[{"href":"https:\/\/uni.hi.is\/esmari\/wp-json\/wp\/v2\/media?parent=238"}],"curies":[{"name":"wp","href":"https:\/\/api.w.org\/{rel}","templated":true}]}}