{"id":266,"date":"2014-08-18T12:01:25","date_gmt":"2014-08-18T12:01:25","guid":{"rendered":"http:\/\/uni.hi.is\/esmari\/?page_id=266"},"modified":"2014-08-18T18:08:36","modified_gmt":"2014-08-18T18:08:36","slug":"forngriska-i","status":"publish","type":"page","link":"https:\/\/uni.hi.is\/esmari\/kennsla\/forngriska-i\/","title":{"rendered":"Forngr\u00edska I (GR\u00cd103G)"},"content":{"rendered":"<p>N\u00e1msl\u00fdsing (\u00far kennsluskr\u00e1 2014-15):<\/p>\n<p>\u00cd n\u00e1mskei\u00f0inu ver\u00f0ur fari\u00f0 yfir beygingarfr\u00e6\u00f0i forngr\u00edsku (att\u00edsku) \u00ed meginatri\u00f0um svo og undirst\u00f6\u00f0uatri\u00f0i setningafr\u00e6\u00f0innar. \u00c1hersla er l\u00f6g\u00f0 \u00e1 a\u00f0 nemendur l\u00e6ri \u00ed n\u00e1mskei\u00f0inu \u00feau atri\u00f0i sem \u00feeir \u00feurfa til a\u00f0 geta byrja\u00f0 a\u00f0 lesa og \u00fe\u00fd\u00f0a forngr\u00edska texta. \u00c6skilegt er a\u00f0 nemendur hafi g\u00f3\u00f0an skilning \u00e1 \u00edslenskri m\u00e1lfr\u00e6\u00f0i.<\/p>\n<p>Fylgt ver\u00f0ur 2. \u00fatg. kennslub\u00f3kar Donalds J. Mastronarde. L\u00f6g\u00f0 ver\u00f0ur \u00e1hersla \u00e1 meginatri\u00f0i. Kennt ver\u00f0ur \u00ferisvar \u00ed viku. Kennslustundir innihalda b\u00e6\u00f0i fyrirlestur sem tekur fyrir afmarka\u00f0 efni og verkefnavinnu \u00fear sem reynir \u00e1 virkni nemenda. Valdir textar ver\u00f0a \u00fe\u00fdddir og sk\u00fdr\u00f0ir m\u00e1lfr\u00e6\u00f0ilega. Lestur n\u00e1msefnisins\u00a0<strong>fyrir hvern t\u00edma<\/strong>\u00a0er nau\u00f0synlegt skilyr\u00f0i \u00feess a\u00f0 nemendur n\u00e1i valdi \u00e1 n\u00e1msefninu. Hverjum fyrirlestri fylgja gl\u00f3sur kennara, sem settar ver\u00f0a \u00e1 Uglu.<\/p>\n<p>Tv\u00f6 pr\u00f3f \u00e1 misserinu gilda 30% hvort, skilaverkefni gilda samtals 10%, lokapr\u00f3f gildir 30%.<\/p>\n<p>Ger\u00f0 ver\u00f0ur krafa um l\u00e1gmarks t\u00edmas\u00f3kn (75%), sem veitir pr\u00f3ft\u00f6kur\u00e9tt \u00ed lokapr\u00f3fi.<\/p>\n<p><a title=\"Forngr\u00edska I: Kennslu\u00e1\u00e6tlun 2014 (dr\u00f6g)\" href=\"http:\/\/uni.hi.is\/esmari\/kennsla\/forngriska-i\/forngriska-i-kennsluaaetlun-2014-drog\/\">Kennslu\u00e1\u00e6tlun 2014<\/a>.<\/p>\n","protected":false},"excerpt":{"rendered":"<p>N\u00e1msl\u00fdsing (\u00far kennsluskr\u00e1 2014-15): \u00cd n\u00e1mskei\u00f0inu ver\u00f0ur fari\u00f0 yfir beygingarfr\u00e6\u00f0i forngr\u00edsku (att\u00edsku) \u00ed meginatri\u00f0um svo og undirst\u00f6\u00f0uatri\u00f0i setningafr\u00e6\u00f0innar. \u00c1hersla er l\u00f6g\u00f0 \u00e1 a\u00f0 nemendur l\u00e6ri \u00ed n\u00e1mskei\u00f0inu \u00feau atri\u00f0i sem \u00feeir \u00feurfa til a\u00f0 geta byrja\u00f0 a\u00f0 lesa og \u00fe\u00fd\u00f0a &hellip; <a href=\"https:\/\/uni.hi.is\/esmari\/kennsla\/forngriska-i\/\">Halda \u00e1fram a\u00f0 lesa <span class=\"meta-nav\">&rarr;<\/span><\/a><\/p>\n","protected":false},"author":414,"featured_media":0,"parent":16,"menu_order":2,"comment_status":"closed","ping_status":"closed","template":"","meta":{"footnotes":""},"class_list":["post-266","page","type-page","status-publish","hentry"],"_links":{"self":[{"href":"https:\/\/uni.hi.is\/esmari\/wp-json\/wp\/v2\/pages\/266","targetHints":{"allow":["GET"]}}],"collection":[{"href":"https:\/\/uni.hi.is\/esmari\/wp-json\/wp\/v2\/pages"}],"about":[{"href":"https:\/\/uni.hi.is\/esmari\/wp-json\/wp\/v2\/types\/page"}],"author":[{"embeddable":true,"href":"https:\/\/uni.hi.is\/esmari\/wp-json\/wp\/v2\/users\/414"}],"replies":[{"embeddable":true,"href":"https:\/\/uni.hi.is\/esmari\/wp-json\/wp\/v2\/comments?post=266"}],"version-history":[{"count":6,"href":"https:\/\/uni.hi.is\/esmari\/wp-json\/wp\/v2\/pages\/266\/revisions"}],"predecessor-version":[{"id":305,"href":"https:\/\/uni.hi.is\/esmari\/wp-json\/wp\/v2\/pages\/266\/revisions\/305"}],"up":[{"embeddable":true,"href":"https:\/\/uni.hi.is\/esmari\/wp-json\/wp\/v2\/pages\/16"}],"wp:attachment":[{"href":"https:\/\/uni.hi.is\/esmari\/wp-json\/wp\/v2\/media?parent=266"}],"curies":[{"name":"wp","href":"https:\/\/api.w.org\/{rel}","templated":true}]}}