{"id":277,"date":"2014-08-18T15:02:24","date_gmt":"2014-08-18T15:02:24","guid":{"rendered":"http:\/\/uni.hi.is\/esmari\/?page_id=277"},"modified":"2016-08-19T10:01:31","modified_gmt":"2016-08-19T10:01:31","slug":"kennsluaaetlun-haust-2014-drog","status":"publish","type":"page","link":"https:\/\/uni.hi.is\/esmari\/kennsla\/fornfraedi-mr\/mr-eldri-kennsluaaetlanir\/kennsluaaetlun-haust-2014-drog\/","title":{"rendered":"Fornfr\u00e6\u00f0i (MR): Kennslu\u00e1\u00e6tlun haust 2014"},"content":{"rendered":"<ul>\n<li>22.8. Kynning<\/li>\n<li>27.8.\u00a0<span style=\"text-decoration: underline\">T\u00edmi fellur ni\u00f0ur<\/span><\/li>\n<li>29.8.\u00a0<span style=\"text-decoration: underline\">T\u00edmi fellur ni\u00f0ur<\/span>: <i><strong>Skila skriflegu verkefni<\/strong>.<\/i><\/li>\n<li>3.9. Hes\u00ed\u00f3dos og upphaf heimspekinnar<\/li>\n<li>5.9. M\u00edletingar (\u00deales, Anaximandros og Anaximenes)<\/li>\n<li>10.9. P\u00fd\u00feag\u00f3ras<\/li>\n<li>12.9. Xenofanes<\/li>\n<li>17.9.\u00a0Herakleitos<\/li>\n<li>19.9.\u00a0Parmen\u00eddes<\/li>\n<li>24.9.\u00a0Emped\u00f3kles<\/li>\n<li>26.9.\u00a0Anaxag\u00f3ras og Dem\u00f3kr\u00edtos<\/li>\n<li>1.10.\u00a0Hipp\u00f3krates:\u00a0<i>Um s\u00e6\u00f0i\u00f0<\/i><\/li>\n<li>3.10.\u00a0Hipp\u00f3krates:\u00a0<i>Um e\u00f0li barnsins<\/i><\/li>\n<li>8.10. Her\u00f3d\u00f3tos Inngangur; B\u00f3k I (1-5)<\/li>\n<li>10.10. Her\u00f3d\u00f3tos B\u00f3k I (6-94): Saga Kr\u00f6sosar; G\u00fdgesar\u00fe\u00e1ttur.\u00a0<strong><i>Skila ritger\u00f0 I<\/i><\/strong>.<\/li>\n<li>15.10. Her\u00f3d\u00f3tos B\u00f3k I (6-94): Saga Kr\u00f6sosar.<\/li>\n<li>17.10.\u00a0<i>Hausthl\u00e9<\/i><\/li>\n<li>22.10. Her\u00f3d\u00f3tos b\u00f3k I (95-130): Uppruni K\u00fdrosar; \u00fe\u00e1ttur Harpagusar.<\/li>\n<li>24.10. Her\u00f3d\u00f3tos b\u00f3k I (130-216): \u00dat\u00feenslustefna K\u00fdrosar; si\u00f0ir Persa, Bab\u00fdl\u00f3n\u00edumanna og Massageta.<\/li>\n<li>29.10. Her\u00f3d\u00f3tos b\u00f3k II (1-34): Um Egyptaland; tilraun Psammetikosar; uppspretta N\u00edlar.<\/li>\n<li>31.10. Her\u00f3d\u00f3tos b\u00f3k II (35-98): Si\u00f0ir Egypta; um Herakles; uppruni gr\u00edskrar go\u00f0afr\u00e6\u00f0i; egypskir gu\u00f0ir og d\u00fdr.<\/li>\n<li>5.11. Her\u00f3d\u00f3tos b\u00f3k III (61-88): Valdataka Dar\u00edusar; stj\u00f3rnlagar\u00e1\u00f0.<\/li>\n<li>7.11. Her\u00f3d\u00f3tos b\u00f3k IV (1-82; 110-117): Sk\u00fd\u00fear; land og si\u00f0ir; skjaldmeyjar (amas\u00f3nur).<\/li>\n<li>12.11. <strong><em>Kynning <\/em><\/strong>(H\u00f3lmfr\u00ed\u00f0ur)<\/li>\n<li>14.11. <strong><em>Kynningar <\/em><\/strong>(Adda Gu\u00f0r\u00fan og Andrea)<\/li>\n<li>19.11. Her\u00f3d\u00f3tos b\u00f3k VI (102-140): Orrustan vi\u00f0 Mara\u00feon.<\/li>\n<li>21.11. Her\u00f3d\u00f3tos b\u00f3k VII (1-19; 132-152): Xerxes kemst til valda; deilt um str\u00ed\u00f0 gegn Grikkjum; v\u00edgb\u00fana\u00f0ur A\u00feeninga.<\/li>\n<li>26.11. Her\u00f3d\u00f3tos b\u00f3k VII (196-233): Orrustan \u00ed Laugask\u00f6r\u00f0um.<\/li>\n<li>28.11. Her\u00f3d\u00f3tos b\u00f3k VIII (40-103): Orrustan vi\u00f0 Salamis. <i><strong>Skila ritger\u00f0 II<\/strong>.<\/i><\/li>\n<li>3.12. Her\u00f3d\u00f3tos b\u00f3k IX (90-121): M\u00fdkala; \u00e1starm\u00e1l Xerxesar.<\/li>\n<li>5.12.\u00a0<i>Lokat\u00edmi. <\/i>Her\u00f3d\u00f3tos b\u00f3k IX (122): Lokaor\u00f0 K\u00fdrosar.<\/li>\n<\/ul>\n<p>*Feitletra\u00f0 efni er meti\u00f0 til einkunnar.<\/p>\n","protected":false},"excerpt":{"rendered":"<p>22.8. Kynning 27.8.\u00a0T\u00edmi fellur ni\u00f0ur 29.8.\u00a0T\u00edmi fellur ni\u00f0ur: Skila skriflegu verkefni. 3.9. Hes\u00ed\u00f3dos og upphaf heimspekinnar 5.9. M\u00edletingar (\u00deales, Anaximandros og Anaximenes) 10.9. P\u00fd\u00feag\u00f3ras 12.9. Xenofanes 17.9.\u00a0Herakleitos 19.9.\u00a0Parmen\u00eddes 24.9.\u00a0Emped\u00f3kles 26.9.\u00a0Anaxag\u00f3ras og Dem\u00f3kr\u00edtos 1.10.\u00a0Hipp\u00f3krates:\u00a0Um s\u00e6\u00f0i\u00f0 3.10.\u00a0Hipp\u00f3krates:\u00a0Um e\u00f0li barnsins 8.10. Her\u00f3d\u00f3tos Inngangur; &hellip; <a href=\"https:\/\/uni.hi.is\/esmari\/kennsla\/fornfraedi-mr\/mr-eldri-kennsluaaetlanir\/kennsluaaetlun-haust-2014-drog\/\">Halda \u00e1fram a\u00f0 lesa <span class=\"meta-nav\">&rarr;<\/span><\/a><\/p>\n","protected":false},"author":414,"featured_media":0,"parent":795,"menu_order":2,"comment_status":"closed","ping_status":"closed","template":"","meta":{"footnotes":""},"class_list":["post-277","page","type-page","status-publish","hentry"],"_links":{"self":[{"href":"https:\/\/uni.hi.is\/esmari\/wp-json\/wp\/v2\/pages\/277","targetHints":{"allow":["GET"]}}],"collection":[{"href":"https:\/\/uni.hi.is\/esmari\/wp-json\/wp\/v2\/pages"}],"about":[{"href":"https:\/\/uni.hi.is\/esmari\/wp-json\/wp\/v2\/types\/page"}],"author":[{"embeddable":true,"href":"https:\/\/uni.hi.is\/esmari\/wp-json\/wp\/v2\/users\/414"}],"replies":[{"embeddable":true,"href":"https:\/\/uni.hi.is\/esmari\/wp-json\/wp\/v2\/comments?post=277"}],"version-history":[{"count":14,"href":"https:\/\/uni.hi.is\/esmari\/wp-json\/wp\/v2\/pages\/277\/revisions"}],"predecessor-version":[{"id":610,"href":"https:\/\/uni.hi.is\/esmari\/wp-json\/wp\/v2\/pages\/277\/revisions\/610"}],"up":[{"embeddable":true,"href":"https:\/\/uni.hi.is\/esmari\/wp-json\/wp\/v2\/pages\/795"}],"wp:attachment":[{"href":"https:\/\/uni.hi.is\/esmari\/wp-json\/wp\/v2\/media?parent=277"}],"curies":[{"name":"wp","href":"https:\/\/api.w.org\/{rel}","templated":true}]}}