{"id":291,"date":"2014-08-18T15:30:12","date_gmt":"2014-08-18T15:30:12","guid":{"rendered":"http:\/\/uni.hi.is\/esmari\/?page_id=291"},"modified":"2016-08-19T10:02:35","modified_gmt":"2016-08-19T10:02:35","slug":"mr-namsmat-2014-2015","status":"publish","type":"page","link":"https:\/\/uni.hi.is\/esmari\/kennsla\/fornfraedi-mr\/mr-eldri-kennsluaaetlanir\/mr-namsmat-2014-2015\/","title":{"rendered":"Fornfr\u00e6\u00f0i (MR): N\u00e1msmat 2014-2015"},"content":{"rendered":"<p>Vorpr\u00f3f er 180 m\u00edn\u00fatna skriflegt pr\u00f3f \u00far lesefni 5. og 6. bekkjar.<\/p>\n<p>Vetrareinkunn er samsett \u00far skriflegum verkefnum, kynningum og \u00e1stundun. Verkefni haust 2014 gilda 45%, verkefni vor 2014 gilda 45% og \u00e1stundun gildir 10%.<\/p>\n<p>J\u00f3lapr\u00f3fseinkunn byggist \u00e1 skriflegu verkefni I (5%), ritger\u00f0 I (25%), frams\u00f6gu um efni ritger\u00f0ar II (15%), ritger\u00f0 II (45%) og \u00e1stundun (10%).<\/p>\n<p>V\u00e6gi verkefna a\u00f0 vori skiptist \u00feannig: Leiklestur (10%), skriflegt pr\u00f3f (20%), framsaga um efni ritger\u00f0ar III\u00a0(15%), ritger\u00f0 III (45%), \u00e1stundun (10%).<\/p>\n<p>Ritger\u00f0ir og \u00f6nnur verkefni a\u00f0 vori:<\/p>\n<ul>\n<li>Undirb\u00fainn leiklestur \u00far <em>Sk\u00fdjum<\/em> Arist\u00f3fanesar e\u00f0a <em>S\u00ed\u00f0ustu d\u00f6gum S\u00f3kratesar<\/em>.<\/li>\n<li>Skriflegt pr\u00f3f.<\/li>\n<li>Kynning \u00e1 efni ritger\u00f0ar III.<\/li>\n<li>Ritger\u00f0 III: 3500 til 5000 or\u00f0a ritger\u00f0 um Platon e\u00f0a S\u00f3krates.<\/li>\n<\/ul>\n<p>Ritger\u00f0ir og skriflegt verkefni a\u00f0 hausti:<\/p>\n<ul>\n<li>Skriflegt verkefni I: 300 til 500 or\u00f0 um muninn \u00e1 go\u00f0s\u00f6gum annars vegar og heimspeki og v\u00edsindum hins vegar.<\/li>\n<li>Ritger\u00f0 I: 2000 til 2500 or\u00f0a ritger\u00f0 um frumherja heimspekinnar.<\/li>\n<li>Ritger\u00f0 II: 3500 til 5000 or\u00f0a ritger\u00f0 um Her\u00f3d\u00f3tos.<\/li>\n<\/ul>\n","protected":false},"excerpt":{"rendered":"<p>Vorpr\u00f3f er 180 m\u00edn\u00fatna skriflegt pr\u00f3f \u00far lesefni 5. og 6. bekkjar. Vetrareinkunn er samsett \u00far skriflegum verkefnum, kynningum og \u00e1stundun. Verkefni haust 2014 gilda 45%, verkefni vor 2014 gilda 45% og \u00e1stundun gildir 10%. J\u00f3lapr\u00f3fseinkunn byggist \u00e1 skriflegu verkefni &hellip; <a href=\"https:\/\/uni.hi.is\/esmari\/kennsla\/fornfraedi-mr\/mr-eldri-kennsluaaetlanir\/mr-namsmat-2014-2015\/\">Halda \u00e1fram a\u00f0 lesa <span class=\"meta-nav\">&rarr;<\/span><\/a><\/p>\n","protected":false},"author":414,"featured_media":0,"parent":795,"menu_order":3,"comment_status":"closed","ping_status":"closed","template":"","meta":{"footnotes":""},"class_list":["post-291","page","type-page","status-publish","hentry"],"_links":{"self":[{"href":"https:\/\/uni.hi.is\/esmari\/wp-json\/wp\/v2\/pages\/291","targetHints":{"allow":["GET"]}}],"collection":[{"href":"https:\/\/uni.hi.is\/esmari\/wp-json\/wp\/v2\/pages"}],"about":[{"href":"https:\/\/uni.hi.is\/esmari\/wp-json\/wp\/v2\/types\/page"}],"author":[{"embeddable":true,"href":"https:\/\/uni.hi.is\/esmari\/wp-json\/wp\/v2\/users\/414"}],"replies":[{"embeddable":true,"href":"https:\/\/uni.hi.is\/esmari\/wp-json\/wp\/v2\/comments?post=291"}],"version-history":[{"count":5,"href":"https:\/\/uni.hi.is\/esmari\/wp-json\/wp\/v2\/pages\/291\/revisions"}],"predecessor-version":[{"id":678,"href":"https:\/\/uni.hi.is\/esmari\/wp-json\/wp\/v2\/pages\/291\/revisions\/678"}],"up":[{"embeddable":true,"href":"https:\/\/uni.hi.is\/esmari\/wp-json\/wp\/v2\/pages\/795"}],"wp:attachment":[{"href":"https:\/\/uni.hi.is\/esmari\/wp-json\/wp\/v2\/media?parent=291"}],"curies":[{"name":"wp","href":"https:\/\/api.w.org\/{rel}","templated":true}]}}