{"id":303,"date":"2014-08-18T18:07:58","date_gmt":"2014-08-18T18:07:58","guid":{"rendered":"http:\/\/uni.hi.is\/esmari\/?page_id=303"},"modified":"2014-09-03T14:37:32","modified_gmt":"2014-09-03T14:37:32","slug":"forngriska-i-kennsluaaetlun-2014-drog","status":"publish","type":"page","link":"https:\/\/uni.hi.is\/esmari\/kennsla\/forngriska-i\/forngriska-i-kennsluaaetlun-2014-drog\/","title":{"rendered":"Forngr\u00edska I: Kennslu\u00e1\u00e6tlun 2014 (dr\u00f6g)"},"content":{"rendered":"<p>&nbsp;<\/p>\n<p>Kennt ver\u00f0ur tvisvar sinnum \u00ed viku, tvo t\u00edma \u00ed senn. Vi\u00f0 f\u00f6rum hratt yfir og \u00fev\u00ed er mikilv\u00e6gt a\u00f0 halda s\u00e9r vi\u00f0 efni\u00f0. Mastronarde, h\u00f6fundur kennslub\u00f3karinnar, hefur \u00fatb\u00fai\u00f0 heimas\u00ed\u00f0u me\u00f0 \u00e6fingum og eru nemendur hvattir til a\u00f0 n\u00fdta s\u00e9r hana. Til a\u00f0 n\u00e1 valdi \u00e1 forngr\u00edsku er mikilv\u00e6gt a\u00f0 tileinka s\u00e9r or\u00f0afor\u00f0a og \u00e6fa beygingar sagna, nafnor\u00f0a og l\u00fdsingaror\u00f0a.<\/p>\n<ul>\n<li><a href=\"http:\/\/atticgreek.org\/\">\u00c6fingar<\/a> fyrir Mastronarde.<\/li>\n<li><a href=\"http:\/\/dcc.dickinson.edu\/greek-core-list\">Listi<\/a> yfir algengustu or\u00f0 \u00ed forngr\u00edsku.<\/li>\n<li><a href=\"http:\/\/www.perseus.tufts.edu\/hopper\/\">Perseifur hj\u00e1 Tufts<\/a>.<\/li>\n<li><a href=\"http:\/\/perseus.uchicago.edu\">Perseifur hj\u00e1 PhiloLogic<\/a>.<\/li>\n<li><a href=\"http:\/\/codex99.com\/typography\/23.html\">J\u00f3hannes 1<\/a> \u00ed Codex Sinaiticus.<\/li>\n<li><a href=\"https:\/\/twitter.com\/LiddellAndScott\">Gr\u00edskut\u00edst<\/a> (twitter).<\/li>\n<li><a href=\"https:\/\/twitter.com\/AncientGrammar\">Gr\u00edskt (og latneskt) m\u00e1lfr\u00e6\u00f0it\u00edst<\/a> (twitter).<\/li>\n<li><a href=\"https:\/\/twitter.com\/Scholiast\">Gr\u00edskt heimspekit\u00edst<\/a> (twitter).<\/li>\n<li><a href=\"http:\/\/www.nytimes.com\/2014\/08\/24\/books\/review\/gateways-to-the-classical-world.html?_r=1\">NYT um \u00f6pp og heimas\u00ed\u00f0ur fyrir forn\u00f6ldina<\/a>.<\/li>\n<li><a href=\"https:\/\/www.youtube.com\/watch?v=k6gCaGEi3rA&amp;list=RDZUrZHF_WBeI&amp;index=2\">Stafr\u00f3fss\u00f6ngurinn<\/a>.<\/li>\n<\/ul>\n<p>&nbsp;<\/p>\n","protected":false},"excerpt":{"rendered":"<p>&nbsp; Kennt ver\u00f0ur tvisvar sinnum \u00ed viku, tvo t\u00edma \u00ed senn. Vi\u00f0 f\u00f6rum hratt yfir og \u00fev\u00ed er mikilv\u00e6gt a\u00f0 halda s\u00e9r vi\u00f0 efni\u00f0. Mastronarde, h\u00f6fundur kennslub\u00f3karinnar, hefur \u00fatb\u00fai\u00f0 heimas\u00ed\u00f0u me\u00f0 \u00e6fingum og eru nemendur hvattir til a\u00f0 n\u00fdta s\u00e9r &hellip; <a href=\"https:\/\/uni.hi.is\/esmari\/kennsla\/forngriska-i\/forngriska-i-kennsluaaetlun-2014-drog\/\">Halda \u00e1fram a\u00f0 lesa <span class=\"meta-nav\">&rarr;<\/span><\/a><\/p>\n","protected":false},"author":414,"featured_media":0,"parent":266,"menu_order":1,"comment_status":"closed","ping_status":"closed","template":"","meta":{"footnotes":""},"class_list":["post-303","page","type-page","status-publish","hentry"],"_links":{"self":[{"href":"https:\/\/uni.hi.is\/esmari\/wp-json\/wp\/v2\/pages\/303","targetHints":{"allow":["GET"]}}],"collection":[{"href":"https:\/\/uni.hi.is\/esmari\/wp-json\/wp\/v2\/pages"}],"about":[{"href":"https:\/\/uni.hi.is\/esmari\/wp-json\/wp\/v2\/types\/page"}],"author":[{"embeddable":true,"href":"https:\/\/uni.hi.is\/esmari\/wp-json\/wp\/v2\/users\/414"}],"replies":[{"embeddable":true,"href":"https:\/\/uni.hi.is\/esmari\/wp-json\/wp\/v2\/comments?post=303"}],"version-history":[{"count":11,"href":"https:\/\/uni.hi.is\/esmari\/wp-json\/wp\/v2\/pages\/303\/revisions"}],"predecessor-version":[{"id":470,"href":"https:\/\/uni.hi.is\/esmari\/wp-json\/wp\/v2\/pages\/303\/revisions\/470"}],"up":[{"embeddable":true,"href":"https:\/\/uni.hi.is\/esmari\/wp-json\/wp\/v2\/pages\/266"}],"wp:attachment":[{"href":"https:\/\/uni.hi.is\/esmari\/wp-json\/wp\/v2\/media?parent=303"}],"curies":[{"name":"wp","href":"https:\/\/api.w.org\/{rel}","templated":true}]}}