{"id":328,"date":"2014-08-21T11:11:29","date_gmt":"2014-08-21T11:11:29","guid":{"rendered":"http:\/\/uni.hi.is\/esmari\/?page_id=328"},"modified":"2014-11-17T23:52:13","modified_gmt":"2014-11-17T23:52:13","slug":"frelsi-viljans","status":"publish","type":"page","link":"https:\/\/uni.hi.is\/esmari\/kennsla\/fornaldarheimspeki-hsp104g\/fornaldarheimspeki-2014\/frelsi-viljans\/","title":{"rendered":"Frelsi viljans hj\u00e1 Ep\u00edk\u00faringum og St\u00f3u"},"content":{"rendered":"<p>Frelsi viljans e\u00f0a frelsi \u00a0til a\u00f0 velja og hafna er me\u00f0al hornsteina mennskunnar. \u00c1 \u00feessu frelsi byggir si\u00f0fr\u00e6\u00f0in og dygg\u00f0in. N\u00fa halda b\u00e6\u00f0i ep\u00edk\u00faringar og st\u00f3uspekingar fram fullkomlega nau\u00f0ugum heimi, v\u00e9lgengum alveg \u00ed gegn. Hvar er pl\u00e1ss fyrir frelsi viljans og valsins \u00ed \u00feessum heimi? Sumir fr\u00e6\u00f0imenn hafa tali\u00f0 a\u00f0 Ep\u00edk\u00faros hafi uppg\u00f6tva\u00f0 vandann um frelsi viljans og reynt a\u00f0 leysa hann. A\u00f0rir sj\u00e1 vandanum vel l\u00fdst \u00ed si\u00f0fr\u00e6\u00f0i Arist\u00f3telesar og enn a\u00f0rir l\u00edta svo \u00e1 a\u00f0 enginn af \u00feessum h\u00f6fundum hafi skili\u00f0 vandann vi\u00f0 frelsi viljans \u00ed v\u00e9lgengum heimi - ekki einu sinni st\u00f3umenn. Vi\u00f0 sko\u00f0um nokkra lykilkafla \u00ed verkum Ep\u00edk\u00faringa og st\u00f3umanna og reynum a\u00f0 komast til botns \u00ed spurningunni um frelsi viljans \u00ed heimspeki \u00feeirra.<\/p>\n<p>Textar nr. 1 og 2 eru mikilv\u00e6gustu sta\u00f0irnir \u00ed verkum ep\u00edk\u00faringa og st\u00f3umanna sem koma inn \u00e1 nau\u00f0hyggju og frelsi og nr. 3 er umfj\u00f6llun um frelsi viljans hj\u00e1 st\u00f3um\u00f6nnum. Nr. 4 A er yfirlitsgrein um frelsi viljans og 5 A er n\u00fdlegur veffyrirlestur um vandann um frelsi viljans \u00ed nau\u00f0ugum efnisheimi.<\/p>\n<ol>\n<li><b>Inwood\/Gerson<\/b>: Ep\u00edk\u00faros: 64-65 (texti I-28); 73-74 (texti I-34).<\/li>\n<li><b>Inwood\/Gerson<\/b>: St\u00f3a: 179-190.<\/li>\n<li><b>Shields<\/b>: 192-197.<\/li>\n<li>\u00cdtarefni:\n<ol>\n<li><strong>Stanford<\/strong>: Connor: <a href=\"http:\/\/plato.stanford.edu\/entries\/freewill\/\">Free will<\/a>.<\/li>\n<\/ol>\n<\/li>\n<li>\u00a0Anna\u00f0:\n<ol>\n<li><a href=\"http:\/\/www.wi-phi.com\/video\/problem-free-will\">Holton um frelsi viljans<\/a> (OA h\u00e1sk\u00f3linn).<\/li>\n<\/ol>\n<\/li>\n<\/ol>\n","protected":false},"excerpt":{"rendered":"<p>Frelsi viljans e\u00f0a frelsi \u00a0til a\u00f0 velja og hafna er me\u00f0al hornsteina mennskunnar. \u00c1 \u00feessu frelsi byggir si\u00f0fr\u00e6\u00f0in og dygg\u00f0in. N\u00fa halda b\u00e6\u00f0i ep\u00edk\u00faringar og st\u00f3uspekingar fram fullkomlega nau\u00f0ugum heimi, v\u00e9lgengum alveg \u00ed gegn. Hvar er pl\u00e1ss fyrir frelsi viljans &hellip; <a href=\"https:\/\/uni.hi.is\/esmari\/kennsla\/fornaldarheimspeki-hsp104g\/fornaldarheimspeki-2014\/frelsi-viljans\/\">Halda \u00e1fram a\u00f0 lesa <span class=\"meta-nav\">&rarr;<\/span><\/a><\/p>\n","protected":false},"author":414,"featured_media":0,"parent":202,"menu_order":21,"comment_status":"closed","ping_status":"closed","template":"","meta":{"footnotes":""},"class_list":["post-328","page","type-page","status-publish","hentry"],"_links":{"self":[{"href":"https:\/\/uni.hi.is\/esmari\/wp-json\/wp\/v2\/pages\/328","targetHints":{"allow":["GET"]}}],"collection":[{"href":"https:\/\/uni.hi.is\/esmari\/wp-json\/wp\/v2\/pages"}],"about":[{"href":"https:\/\/uni.hi.is\/esmari\/wp-json\/wp\/v2\/types\/page"}],"author":[{"embeddable":true,"href":"https:\/\/uni.hi.is\/esmari\/wp-json\/wp\/v2\/users\/414"}],"replies":[{"embeddable":true,"href":"https:\/\/uni.hi.is\/esmari\/wp-json\/wp\/v2\/comments?post=328"}],"version-history":[{"count":8,"href":"https:\/\/uni.hi.is\/esmari\/wp-json\/wp\/v2\/pages\/328\/revisions"}],"predecessor-version":[{"id":586,"href":"https:\/\/uni.hi.is\/esmari\/wp-json\/wp\/v2\/pages\/328\/revisions\/586"}],"up":[{"embeddable":true,"href":"https:\/\/uni.hi.is\/esmari\/wp-json\/wp\/v2\/pages\/202"}],"wp:attachment":[{"href":"https:\/\/uni.hi.is\/esmari\/wp-json\/wp\/v2\/media?parent=328"}],"curies":[{"name":"wp","href":"https:\/\/api.w.org\/{rel}","templated":true}]}}