{"id":347,"date":"2014-08-22T18:36:29","date_gmt":"2014-08-22T18:36:29","guid":{"rendered":"http:\/\/uni.hi.is\/esmari\/?page_id=347"},"modified":"2014-09-23T16:41:35","modified_gmt":"2014-09-23T16:41:35","slug":"frummyndakenningin","status":"publish","type":"page","link":"https:\/\/uni.hi.is\/esmari\/kennsla\/fornaldarheimspeki-hsp104g\/fornaldarheimspeki-2014\/frummyndakenningin\/","title":{"rendered":"Platon: Frummyndakenningin"},"content":{"rendered":"<p>Frummyndakenning Platons er ein magna\u00f0asta hugmynd sem heimspekingur hefur fengi\u00f0. H\u00fan sk\u00fdrir svo til allt, gerir \u00feekkingu m\u00f6gulega og tryggir a\u00f0 si\u00f0fer\u00f0i\u00f0 hv\u00edli \u00e1 traustum grunni. Vi\u00f0 dveljum vi\u00f0 frummyndakenninguna og sko\u00f0um vel tvenn r\u00f6k fyrir henni, \u00far <em>F\u00e6doni<\/em> og <em>R\u00edkinu<\/em>. Vi\u00f0 munum koma aftur a\u00f0 frummyndakenningunni og m.a. r\u00f6kum Platons gegn henni.<\/p>\n<p>Textar nr. 1 og 2 eru \u00fe\u00fd\u00f0ingar \u00e1 kaflanum sem skiptir m\u00e1li \u00ed <em>F\u00e6doni<\/em> og text nr. 3 eru mi\u00f0b\u00e6kur <em>R\u00edkisins<\/em>, en \u00fear eru helstu r\u00f6kin fyrir tilvist og e\u00f0li frummynda. Nr. 3 er umfj\u00f6llun um frummyndakenningun. Nr. 4 A er grein eftir Richard Patterson um frumspeki (\u00fe.e. frummyndakenningu) Platons \u00far <em>The Routledge Companion to Metaphysics<\/em> (2009)\u00a0og nr. 4 B er grein um hvernig Platon s\u00e1 v\u00edsindi og v\u00edsindalega \u00feekkingu fyrir s\u00e9r \u00ed lj\u00f3si frummyndakenningarinnar. Nr. 4 C og D eru pistlar um <em>F\u00e6don<\/em> og seinni hluta <em>R\u00edkisins<\/em> og nr. 5 A er vi\u00f0tal vi\u00f0 Simon Blackburn um hellisl\u00edkingu Platons.<\/p>\n<p>Gestakennari: Svavar Hrafn Svavarsson.<\/p>\n<ol>\n<li><strong>Cohen\/Curd\/Reeve<\/strong>: 281-285 [=Platon, <em>F\u00e6don<\/em>].<\/li>\n<li><strong>Ugla<\/strong>: Platon, <em>F\u00e6don<\/em> 72d-77a (frummyndir innan upprifjunarraka).<\/li>\n<li>Platon, <em>R\u00edki\u00f0<\/em> V-VII.<\/li>\n<li><strong>Shields<\/strong>: 68-88; 100-106.<\/li>\n<li>\u00cdtarefni:\n<ol>\n<li><strong>Ugla<\/strong>: Patterson: Plato. Arguments for forms.<\/li>\n<li><strong>Ugla<\/strong>: Eir\u00edkur: Plato's Ideal of Science.<\/li>\n<li><strong>Adamson<\/strong>: <a href=\"http:\/\/www.historyofphilosophy.net\/plato-phaedo\"><em>F\u00e6don<\/em> Platons<\/a>.<\/li>\n<li><strong>Adamson<\/strong>: <a href=\"http:\/\/www.historyofphilosophy.net\/plato-cave-allegory-republic\"><em>R\u00edki<\/em> Platons (seinni hluti)<\/a>.<\/li>\n<\/ol>\n<\/li>\n<li>Anna\u00f0:\n<ol>\n<li>Philosophy Bites: <a href=\"http:\/\/philosophybites.com\/2007\/06\/simon_blackburn.html\">Blackburn um hellisl\u00edkingu Platons<\/a>.<\/li>\n<\/ol>\n<\/li>\n<\/ol>\n","protected":false},"excerpt":{"rendered":"<p>Frummyndakenning Platons er ein magna\u00f0asta hugmynd sem heimspekingur hefur fengi\u00f0. H\u00fan sk\u00fdrir svo til allt, gerir \u00feekkingu m\u00f6gulega og tryggir a\u00f0 si\u00f0fer\u00f0i\u00f0 hv\u00edli \u00e1 traustum grunni. Vi\u00f0 dveljum vi\u00f0 frummyndakenninguna og sko\u00f0um vel tvenn r\u00f6k fyrir henni, \u00far F\u00e6doni og &hellip; <a href=\"https:\/\/uni.hi.is\/esmari\/kennsla\/fornaldarheimspeki-hsp104g\/fornaldarheimspeki-2014\/frummyndakenningin\/\">Halda \u00e1fram a\u00f0 lesa <span class=\"meta-nav\">&rarr;<\/span><\/a><\/p>\n","protected":false},"author":414,"featured_media":0,"parent":202,"menu_order":9,"comment_status":"closed","ping_status":"closed","template":"","meta":{"footnotes":""},"class_list":["post-347","page","type-page","status-publish","hentry"],"_links":{"self":[{"href":"https:\/\/uni.hi.is\/esmari\/wp-json\/wp\/v2\/pages\/347","targetHints":{"allow":["GET"]}}],"collection":[{"href":"https:\/\/uni.hi.is\/esmari\/wp-json\/wp\/v2\/pages"}],"about":[{"href":"https:\/\/uni.hi.is\/esmari\/wp-json\/wp\/v2\/types\/page"}],"author":[{"embeddable":true,"href":"https:\/\/uni.hi.is\/esmari\/wp-json\/wp\/v2\/users\/414"}],"replies":[{"embeddable":true,"href":"https:\/\/uni.hi.is\/esmari\/wp-json\/wp\/v2\/comments?post=347"}],"version-history":[{"count":14,"href":"https:\/\/uni.hi.is\/esmari\/wp-json\/wp\/v2\/pages\/347\/revisions"}],"predecessor-version":[{"id":503,"href":"https:\/\/uni.hi.is\/esmari\/wp-json\/wp\/v2\/pages\/347\/revisions\/503"}],"up":[{"embeddable":true,"href":"https:\/\/uni.hi.is\/esmari\/wp-json\/wp\/v2\/pages\/202"}],"wp:attachment":[{"href":"https:\/\/uni.hi.is\/esmari\/wp-json\/wp\/v2\/media?parent=347"}],"curies":[{"name":"wp","href":"https:\/\/api.w.org\/{rel}","templated":true}]}}