{"id":35,"date":"2014-02-25T10:06:34","date_gmt":"2014-02-25T10:06:34","guid":{"rendered":"http:\/\/uni.hi.is\/esmari\/?page_id=35"},"modified":"2017-08-18T07:55:18","modified_gmt":"2017-08-18T07:55:18","slug":"fornfraedi-mr","status":"publish","type":"page","link":"https:\/\/uni.hi.is\/esmari\/kennsla\/fornfraedi-mr\/","title":{"rendered":"Fornfr\u00e6\u00f0i (MR)"},"content":{"rendered":"<p>Fornfr\u00e6\u00f0i er n\u00e1mskei\u00f0 fyrir nemendur vi\u00f0 Menntask\u00f3lann \u00ed Reykjav\u00edk sem taka b\u00e6\u00f0i lat\u00ednu og gr\u00edsku til st\u00fadentspr\u00f3fs. \u00cd n\u00e1mskei\u00f0inu kynnast \u00feeir lykilverkum \u00ed b\u00f3kmennta- og menningars\u00f6gu gr\u00edsk-r\u00f3mverskrar fornaldar og lesa \u00edtarlega \u00farval texta. \u00c9g kenni <a href=\"http:\/\/www.mr.is\/index.php?option=com_content&amp;view=article&amp;id=170&amp;Itemid=308\">n\u00e1mskei\u00f0i\u00f0 \u00ed 6. bekk<\/a>. \u00dear einbeitum vi\u00f0 okkur a\u00f0 s\u00f6gu v\u00edsinda, fr\u00e6\u00f0a og heimspeki og lesum texta eftir frumherja heimspekinnar, Hipp\u00f3krates, Her\u00f3d\u00f3tos, \u00de\u00fak\u00fdd\u00eddes, Arist\u00f3fanes, s\u00f3fistana og Platon. Vi\u00f0 spyrjum spurninga um e\u00f0li heimsins og mannsins, um s\u00e1lina, samf\u00e9lagi\u00f0 og r\u00e9ttl\u00e6ti, um frelsi og l\u00fd\u00f0r\u00e6\u00f0i, um st\u00f6\u00f0u kynja, kyn\u00fe\u00e1tta og st\u00e9tta og um margt fleira sem \u00feessi lykilverk f\u00e1st vi\u00f0. Forsendan er alltaf s\u00fa a\u00f0 verkin hafa m\u00f3ta\u00f0 n\u00fat\u00edmann og a\u00f0 greining \u00e1 \u00feeim hj\u00e1lpi okkur a\u00f0 skilja menningu okkar - b\u00e6\u00f0i kosti hennar og galla.<\/p>\n<ul>\n<li title=\"Fornfr\u00e6\u00f0i (MR): Lesefni 2014-2015\"><a href=\"http:\/\/uni.hi.is\/esmari\/kennsla\/fornfraedi-mr\/lesefni-haust-2016\/\">Lesefni<\/a><\/li>\n<li title=\"Fornfr\u00e6\u00f0i (MR): Lesefni 2014-2015\"><a href=\"http:\/\/uni.hi.is\/esmari\/kennsla\/fornfraedi-mr\/kennsluaaetlun-og-namsmat-haust-2016\/\">Kennslu\u00e1\u00e6tlun og n\u00e1msmat, haust 2017<\/a><\/li>\n<li title=\"Fornfr\u00e6\u00f0i (MR): Lesefni 2014-2015\"><a href=\"http:\/\/uni.hi.is\/esmari\/kennsla\/fornfraedi-mr\/kennsluaaetlun-og-namsmat-vor-2017\/\">Kennslu\u00e1\u00e6tlun og n\u00e1msmat, vor 2018<\/a><\/li>\n<li title=\"Fornfr\u00e6\u00f0i (MR): Lesefni 2014-2015\"><a href=\"https:\/\/www.facebook.com\/groups\/1899741547018825\/\">Faceboook s\u00ed\u00f0a n\u00e1mskei\u00f0sins<\/a><\/li>\n<\/ul>\n","protected":false},"excerpt":{"rendered":"<p>Fornfr\u00e6\u00f0i er n\u00e1mskei\u00f0 fyrir nemendur vi\u00f0 Menntask\u00f3lann \u00ed Reykjav\u00edk sem taka b\u00e6\u00f0i lat\u00ednu og gr\u00edsku til st\u00fadentspr\u00f3fs. \u00cd n\u00e1mskei\u00f0inu kynnast \u00feeir lykilverkum \u00ed b\u00f3kmennta- og menningars\u00f6gu gr\u00edsk-r\u00f3mverskrar fornaldar og lesa \u00edtarlega \u00farval texta. \u00c9g kenni n\u00e1mskei\u00f0i\u00f0 \u00ed 6. bekk. \u00dear &hellip; <a href=\"https:\/\/uni.hi.is\/esmari\/kennsla\/fornfraedi-mr\/\">Halda \u00e1fram a\u00f0 lesa <span class=\"meta-nav\">&rarr;<\/span><\/a><\/p>\n","protected":false},"author":414,"featured_media":0,"parent":16,"menu_order":3,"comment_status":"closed","ping_status":"closed","template":"","meta":{"footnotes":""},"class_list":["post-35","page","type-page","status-publish","hentry"],"_links":{"self":[{"href":"https:\/\/uni.hi.is\/esmari\/wp-json\/wp\/v2\/pages\/35","targetHints":{"allow":["GET"]}}],"collection":[{"href":"https:\/\/uni.hi.is\/esmari\/wp-json\/wp\/v2\/pages"}],"about":[{"href":"https:\/\/uni.hi.is\/esmari\/wp-json\/wp\/v2\/types\/page"}],"author":[{"embeddable":true,"href":"https:\/\/uni.hi.is\/esmari\/wp-json\/wp\/v2\/users\/414"}],"replies":[{"embeddable":true,"href":"https:\/\/uni.hi.is\/esmari\/wp-json\/wp\/v2\/comments?post=35"}],"version-history":[{"count":29,"href":"https:\/\/uni.hi.is\/esmari\/wp-json\/wp\/v2\/pages\/35\/revisions"}],"predecessor-version":[{"id":1340,"href":"https:\/\/uni.hi.is\/esmari\/wp-json\/wp\/v2\/pages\/35\/revisions\/1340"}],"up":[{"embeddable":true,"href":"https:\/\/uni.hi.is\/esmari\/wp-json\/wp\/v2\/pages\/16"}],"wp:attachment":[{"href":"https:\/\/uni.hi.is\/esmari\/wp-json\/wp\/v2\/media?parent=35"}],"curies":[{"name":"wp","href":"https:\/\/api.w.org\/{rel}","templated":true}]}}