{"id":353,"date":"2014-08-22T18:48:31","date_gmt":"2014-08-22T18:48:31","guid":{"rendered":"http:\/\/uni.hi.is\/esmari\/?page_id=353"},"modified":"2014-09-23T16:24:23","modified_gmt":"2014-09-23T16:24:23","slug":"salin-fornaldarheimspeki-og-tru","status":"publish","type":"page","link":"https:\/\/uni.hi.is\/esmari\/kennsla\/fornaldarheimspeki-hsp104g\/fornaldarheimspeki-2014\/salin-fornaldarheimspeki-og-tru\/","title":{"rendered":"Platon: S\u00e1lin; fornaldarheimspeki og tr\u00fa"},"content":{"rendered":"<p>Kenning Platons um s\u00e1lina og \u00fer\u00edskiptingu hennar er \u00e1 dagskr\u00e1 \u00ed \u00feessum t\u00edma. Vi\u00f0 sko\u00f0um r\u00f6kin fyrir \u00fer\u00edskiptingu s\u00e1larinnar og kenningu Platons um hvernig vi\u00f0 stj\u00f3rnum henni og hva\u00f0 \u00fearf til a\u00f0 halda stj\u00f3rn \u00e1 s\u00e1linni. Vi\u00f0 munum einnig taka fyrir fyrsta \u00feema n\u00e1mskei\u00f0sins: fornaldarheimspeki og tr\u00fa.<\/p>\n<p>Textar nr. 1 til 3 eru \u00far hlutar <em>R\u00edkisins <\/em>og\u00a0 <em>F\u00e6drosar<\/em>\u00a0\u00fear sem fjalla\u00f0 er um s\u00e1lina og \u00fer\u00edskiptingu hennar. Nr. 3 eru tvenn r\u00f6k um \u00f3dau\u00f0leika s\u00e1larinnar \u00far \u00a0<em>F\u00e6doni<\/em> (\u00feri\u00f0ju r\u00f6kin, upprifjunarr\u00f6kin, voru \u00e1 dagskr\u00e1 30. september). Nr. 4 er umfj\u00f6llun um kenningu Platons um s\u00e1lina og nr. 5 er grein eftir Glenn Most um fornaldarheimspeki og tr\u00fa.<\/p>\n<ol>\n<li>Platon, <em>R\u00edki\u00f0<\/em> IV.435a-445e, X.608c-621d<\/li>\n<li><strong>Ugla<\/strong>: Platon, <em>F\u00e6dros<\/em> 245c-249d.<\/li>\n<li><strong>Cohen\/Curd\/Reeve<\/strong>: 278-80, 286-88, 305-11 [= Platon, <em>F\u00e6don<\/em> 70b-72a, 78b-80a,\u00a0100a-107a]. Samr\u00e6\u00f0an er til \u00e1 \u00edslensku: Platon, <em>S\u00ed\u00f0ustu dagar S\u00f3kratesar<\/em> (Rvk:\u00a01973).<\/li>\n<li><strong>Shields<\/strong>: 97-100.<\/li>\n<li><strong>Ugla<\/strong>: Most 300-322 (um fornaldarheimspeki og tr\u00fa)<\/li>\n<li>\u00cdtarefni:\n<ol>\n<li><strong>Adamson<\/strong>: <a href=\"http:\/\/www.historyofphilosophy.net\/plato-phaedo\"><em>F\u00e6don<\/em><\/a>.<\/li>\n<\/ol>\n<\/li>\n<\/ol>\n","protected":false},"excerpt":{"rendered":"<p>Kenning Platons um s\u00e1lina og \u00fer\u00edskiptingu hennar er \u00e1 dagskr\u00e1 \u00ed \u00feessum t\u00edma. Vi\u00f0 sko\u00f0um r\u00f6kin fyrir \u00fer\u00edskiptingu s\u00e1larinnar og kenningu Platons um hvernig vi\u00f0 stj\u00f3rnum henni og hva\u00f0 \u00fearf til a\u00f0 halda stj\u00f3rn \u00e1 s\u00e1linni. Vi\u00f0 munum einnig taka &hellip; <a href=\"https:\/\/uni.hi.is\/esmari\/kennsla\/fornaldarheimspeki-hsp104g\/fornaldarheimspeki-2014\/salin-fornaldarheimspeki-og-tru\/\">Halda \u00e1fram a\u00f0 lesa <span class=\"meta-nav\">&rarr;<\/span><\/a><\/p>\n","protected":false},"author":414,"featured_media":0,"parent":202,"menu_order":10,"comment_status":"closed","ping_status":"closed","template":"","meta":{"footnotes":""},"class_list":["post-353","page","type-page","status-publish","hentry"],"_links":{"self":[{"href":"https:\/\/uni.hi.is\/esmari\/wp-json\/wp\/v2\/pages\/353","targetHints":{"allow":["GET"]}}],"collection":[{"href":"https:\/\/uni.hi.is\/esmari\/wp-json\/wp\/v2\/pages"}],"about":[{"href":"https:\/\/uni.hi.is\/esmari\/wp-json\/wp\/v2\/types\/page"}],"author":[{"embeddable":true,"href":"https:\/\/uni.hi.is\/esmari\/wp-json\/wp\/v2\/users\/414"}],"replies":[{"embeddable":true,"href":"https:\/\/uni.hi.is\/esmari\/wp-json\/wp\/v2\/comments?post=353"}],"version-history":[{"count":6,"href":"https:\/\/uni.hi.is\/esmari\/wp-json\/wp\/v2\/pages\/353\/revisions"}],"predecessor-version":[{"id":500,"href":"https:\/\/uni.hi.is\/esmari\/wp-json\/wp\/v2\/pages\/353\/revisions\/500"}],"up":[{"embeddable":true,"href":"https:\/\/uni.hi.is\/esmari\/wp-json\/wp\/v2\/pages\/202"}],"wp:attachment":[{"href":"https:\/\/uni.hi.is\/esmari\/wp-json\/wp\/v2\/media?parent=353"}],"curies":[{"name":"wp","href":"https:\/\/api.w.org\/{rel}","templated":true}]}}