{"id":357,"date":"2014-08-22T18:51:31","date_gmt":"2014-08-22T18:51:31","guid":{"rendered":"http:\/\/uni.hi.is\/esmari\/?page_id=357"},"modified":"2014-10-07T20:39:20","modified_gmt":"2014-10-07T20:39:20","slug":"rettlaeti","status":"publish","type":"page","link":"https:\/\/uni.hi.is\/esmari\/kennsla\/fornaldarheimspeki-hsp104g\/fornaldarheimspeki-2014\/rettlaeti\/","title":{"rendered":"Platon: R\u00e9ttl\u00e6ti og si\u00f0fr\u00e6\u00f0i"},"content":{"rendered":"<p>\u00cd \u00feessum t\u00edma leggjum vi\u00f0 \u00e1herslu \u00e1 si\u00f0fr\u00e6\u00f0i Platons og s\u00e9rstaklega kenningu hans um r\u00e9ttl\u00e6ti\u00f0. Skilgreining hans \u00e1 r\u00e9ttl\u00e6ti er mj\u00f6g \u00f6grandi og ekki au\u00f0veld a\u00f0 fylgja. Eins spyrjum vi\u00f0 um hi\u00f0 g\u00f3\u00f0a l\u00edf, fars\u00e6ldina, og hva\u00f0 \u00fea\u00f0 er a\u00f0 vera dygg\u00f0ug og g\u00f3\u00f0 manneskja.<\/p>\n<p>Texti nr. 1 eru mikilv\u00e6gustu sta\u00f0ir \u00ed <em>R\u00edkinu<\/em> \u00fear sem Platon fjallar um r\u00e9ttl\u00e6ti\u00f0. Nr. 2 er n\u00fd grein eftir Svavar Hrafn um si\u00f0fr\u00e6\u00f0i Platons og nr. 3 er greining \u00e1 si\u00f0fr\u00e6\u00f0i hans. Nr. 4 A er grein um si\u00f0fr\u00e6\u00f0i og stj\u00f3rnm\u00e1laheimspeki Platons og nr. 5 A vi\u00f0tal vi\u00f0 einn \u00feekktasta heimspeking dagsins sem f\u00e6st vi\u00f0 r\u00e9ttl\u00e6ti\u00f0.<\/p>\n<ol>\n<li>Platon, <em>R\u00edki\u00f0<\/em> II-III.435a, VIII-IX, X.595a-608.<\/li>\n<li><strong>Ugla<\/strong>:\u00a0Svavar: Si\u00f0fr\u00e6\u00f0i Platons: Fars\u00e6ldin og gu\u00f0.<\/li>\n<li><strong>Shields<\/strong>: 88-97.<\/li>\n<li>\u00cdtarefni:\n<ol>\n<li><strong>Stanford<\/strong>:\u00a0Brown: <a href=\"http:\/\/plato.stanford.edu\/entries\/plato-ethics-politics\/\">Plato's Ethics and Politics in the <em>Republic<\/em><\/a>.<\/li>\n<\/ol>\n<\/li>\n<li>Anna\u00f0:\n<ol>\n<li><strong>Philosophy Bites<\/strong>: Sandel: <a href=\"http:\/\/philosophybites.com\/sandel\/\">Justice<\/a>.<\/li>\n<\/ol>\n<\/li>\n<\/ol>\n","protected":false},"excerpt":{"rendered":"<p>\u00cd \u00feessum t\u00edma leggjum vi\u00f0 \u00e1herslu \u00e1 si\u00f0fr\u00e6\u00f0i Platons og s\u00e9rstaklega kenningu hans um r\u00e9ttl\u00e6ti\u00f0. Skilgreining hans \u00e1 r\u00e9ttl\u00e6ti er mj\u00f6g \u00f6grandi og ekki au\u00f0veld a\u00f0 fylgja. Eins spyrjum vi\u00f0 um hi\u00f0 g\u00f3\u00f0a l\u00edf, fars\u00e6ldina, og hva\u00f0 \u00fea\u00f0 er a\u00f0 &hellip; <a href=\"https:\/\/uni.hi.is\/esmari\/kennsla\/fornaldarheimspeki-hsp104g\/fornaldarheimspeki-2014\/rettlaeti\/\">Halda \u00e1fram a\u00f0 lesa <span class=\"meta-nav\">&rarr;<\/span><\/a><\/p>\n","protected":false},"author":414,"featured_media":0,"parent":202,"menu_order":11,"comment_status":"closed","ping_status":"closed","template":"","meta":{"footnotes":""},"class_list":["post-357","page","type-page","status-publish","hentry"],"_links":{"self":[{"href":"https:\/\/uni.hi.is\/esmari\/wp-json\/wp\/v2\/pages\/357","targetHints":{"allow":["GET"]}}],"collection":[{"href":"https:\/\/uni.hi.is\/esmari\/wp-json\/wp\/v2\/pages"}],"about":[{"href":"https:\/\/uni.hi.is\/esmari\/wp-json\/wp\/v2\/types\/page"}],"author":[{"embeddable":true,"href":"https:\/\/uni.hi.is\/esmari\/wp-json\/wp\/v2\/users\/414"}],"replies":[{"embeddable":true,"href":"https:\/\/uni.hi.is\/esmari\/wp-json\/wp\/v2\/comments?post=357"}],"version-history":[{"count":14,"href":"https:\/\/uni.hi.is\/esmari\/wp-json\/wp\/v2\/pages\/357\/revisions"}],"predecessor-version":[{"id":523,"href":"https:\/\/uni.hi.is\/esmari\/wp-json\/wp\/v2\/pages\/357\/revisions\/523"}],"up":[{"embeddable":true,"href":"https:\/\/uni.hi.is\/esmari\/wp-json\/wp\/v2\/pages\/202"}],"wp:attachment":[{"href":"https:\/\/uni.hi.is\/esmari\/wp-json\/wp\/v2\/media?parent=357"}],"curies":[{"name":"wp","href":"https:\/\/api.w.org\/{rel}","templated":true}]}}