{"id":361,"date":"2014-08-22T18:53:43","date_gmt":"2014-08-22T18:53:43","guid":{"rendered":"http:\/\/uni.hi.is\/esmari\/?page_id=361"},"modified":"2014-10-02T16:34:16","modified_gmt":"2014-10-02T16:34:16","slug":"frummyndir-endurskodadar","status":"publish","type":"page","link":"https:\/\/uni.hi.is\/esmari\/kennsla\/fornaldarheimspeki-hsp104g\/fornaldarheimspeki-2014\/frummyndir-endurskodadar\/","title":{"rendered":"Platon: \u00deekkingarfr\u00e6\u00f0i og endursko\u00f0un frummynda"},"content":{"rendered":"<p>Vi\u00f0 lokum umfj\u00f6llun okkar um Platon me\u00f0 \u00fev\u00ed a\u00f0 lesa kafla \u00far \u00feremur verkum sem tilheyra s\u00ed\u00f0asta hluta h\u00f6fundarverks hans. H\u00e9r tekur Platon frummyndakenningu s\u00edna til umj\u00f6llunar og gagnr\u00fdni \u00ed <em>Parmen\u00eddesi<\/em> og <em>T\u00edmajosi<\/em>. \u00cd <em>\u00dee\u00e6tetosi<\/em>\u00a0spyr hann um e\u00f0li \u00feekkingar og endar me\u00f0 gagnr\u00fdni \u00e1 kenninguna sem vi\u00f0 finnum \u00ed <em>Menoni<\/em>.<\/p>\n<p>Textar nr. 1 og 2 eru \u00fe\u00fd\u00f0ingar \u00e1 vi\u00f0eigandi st\u00f6\u00f0um \u00ed <em>Parmen\u00eddesi<\/em> og <em>T\u00edmajosi<\/em> og texti nr. 4 er \u00fe\u00fd\u00f0ing \u00e1 lokahluta <em>\u00dee\u00e6tetosar<\/em>, \u00fear sem S\u00f3krates tekur fyrir skilgreiningu \u00e1 \u00feekkingu sem sannri og r\u00f6kstuddri sko\u00f0un. Nr. 3 er greining \u00e1 gagnr\u00fdni Platons \u00e1 frummyndakenningunni. Nr. 5 A og B eru greinar um <em>Parmen\u00eddes<\/em> Platons og um \u00feekkingarfr\u00e6\u00f0i Platons. Nr. 5 C er pistill um \u00feekkingarfr\u00e6\u00f0i Platons \u00ed <em>\u00dee\u00e6tetosi<\/em>.<\/p>\n<ol>\n<li><strong>Cohen\/Curd\/Reeve<\/strong>: 642-51 [= Platon, <em>Parmen\u00eddes<\/em> 127B-135D].<\/li>\n<li><strong>Cohen\/Curd\/Reeve<\/strong>: 671-75 [= Platon, <em>T\u00edmajos<\/em> 48B-52D].<\/li>\n<li><strong>Shields<\/strong>: 106-111.<\/li>\n<li><strong>Ugla<\/strong>: <em>\u00dee\u00e6tetos<\/em> 201c-210d (\u00fe\u00fd\u00f0. M.J. Levett).<\/li>\n<li>\u00cdtarefni:\n<ol>\n<li><b>Stanford<\/b>: Rickless: <a href=\"http:\/\/plato.stanford.edu\/entries\/plato-parmenides\/#ThiManArg132\">Plato\u2019s <em>Parmenides<\/em><\/a> (s\u00e9rstaklega 4.3).<\/li>\n<li><strong>Stanford<\/strong>: Chapell: <a href=\"http:\/\/plato.stanford.edu\/entries\/plato-theaetetus\/\">Plato on knowledge in the <em>Theaetetus<\/em><\/a>.<\/li>\n<li><strong>Adamson<\/strong>: <a href=\"http:\/\/www.historyofphilosophy.net\/plato-theaetetus\"><em>\u00dee\u00e6tetos<\/em> Platons<\/a>.<\/li>\n<\/ol>\n<\/li>\n<\/ol>\n","protected":false},"excerpt":{"rendered":"<p>Vi\u00f0 lokum umfj\u00f6llun okkar um Platon me\u00f0 \u00fev\u00ed a\u00f0 lesa kafla \u00far \u00feremur verkum sem tilheyra s\u00ed\u00f0asta hluta h\u00f6fundarverks hans. H\u00e9r tekur Platon frummyndakenningu s\u00edna til umj\u00f6llunar og gagnr\u00fdni \u00ed Parmen\u00eddesi og T\u00edmajosi. \u00cd \u00dee\u00e6tetosi\u00a0spyr hann um e\u00f0li \u00feekkingar og &hellip; <a href=\"https:\/\/uni.hi.is\/esmari\/kennsla\/fornaldarheimspeki-hsp104g\/fornaldarheimspeki-2014\/frummyndir-endurskodadar\/\">Halda \u00e1fram a\u00f0 lesa <span class=\"meta-nav\">&rarr;<\/span><\/a><\/p>\n","protected":false},"author":414,"featured_media":0,"parent":202,"menu_order":12,"comment_status":"closed","ping_status":"closed","template":"","meta":{"footnotes":""},"class_list":["post-361","page","type-page","status-publish","hentry"],"_links":{"self":[{"href":"https:\/\/uni.hi.is\/esmari\/wp-json\/wp\/v2\/pages\/361","targetHints":{"allow":["GET"]}}],"collection":[{"href":"https:\/\/uni.hi.is\/esmari\/wp-json\/wp\/v2\/pages"}],"about":[{"href":"https:\/\/uni.hi.is\/esmari\/wp-json\/wp\/v2\/types\/page"}],"author":[{"embeddable":true,"href":"https:\/\/uni.hi.is\/esmari\/wp-json\/wp\/v2\/users\/414"}],"replies":[{"embeddable":true,"href":"https:\/\/uni.hi.is\/esmari\/wp-json\/wp\/v2\/comments?post=361"}],"version-history":[{"count":9,"href":"https:\/\/uni.hi.is\/esmari\/wp-json\/wp\/v2\/pages\/361\/revisions"}],"predecessor-version":[{"id":521,"href":"https:\/\/uni.hi.is\/esmari\/wp-json\/wp\/v2\/pages\/361\/revisions\/521"}],"up":[{"embeddable":true,"href":"https:\/\/uni.hi.is\/esmari\/wp-json\/wp\/v2\/pages\/202"}],"wp:attachment":[{"href":"https:\/\/uni.hi.is\/esmari\/wp-json\/wp\/v2\/media?parent=361"}],"curies":[{"name":"wp","href":"https:\/\/api.w.org\/{rel}","templated":true}]}}