{"id":372,"date":"2014-08-24T15:55:04","date_gmt":"2014-08-24T15:55:04","guid":{"rendered":"http:\/\/uni.hi.is\/esmari\/?page_id=372"},"modified":"2014-10-28T11:55:17","modified_gmt":"2014-10-28T11:55:17","slug":"aristoteles-rokfraedi-thekkingarfraedi-og-verufraedi","status":"publish","type":"page","link":"https:\/\/uni.hi.is\/esmari\/kennsla\/fornaldarheimspeki-hsp104g\/fornaldarheimspeki-2014\/aristoteles-rokfraedi-thekkingarfraedi-og-verufraedi\/","title":{"rendered":"Arist\u00f3teles: R\u00f6kfr\u00e6\u00f0i, \u00feekkingarfr\u00e6\u00f0i og verufr\u00e6\u00f0i"},"content":{"rendered":"<p>Arist\u00f3teles er <em>hinn<\/em> st\u00f3ri heimspekingurinn sem vi\u00f0 dveljum vi\u00f0. Hann var nemandi Platons en stofna\u00f0i eigin sk\u00f3la sem var um margt fr\u00e1brug\u00f0inn Akadem\u00edu Platons. \u00cd \u00feessum fyrsta t\u00edma kynnumst vi\u00f0 manninum og verkum hans en einnig r\u00f6kfr\u00e6\u00f0i (sem hann fann upp), \u00feekkingarfr\u00e6\u00f0i og fyrstu kenningum \u00ed verufr\u00e6\u00f0i. Verufr\u00e6\u00f0i Arist\u00f3telesar \u00a0ver\u00f0ur til umfj\u00f6llunar\u00a0s\u00ed\u00f0ar \u00ed n\u00e1mskei\u00f0inu (23. og 30. okt\u00f3ber).<\/p>\n<p>Texti nr. 1 er \u00fe\u00fd\u00f0ing \u00e1 tveimur k\u00f6flum um r\u00f6kfr\u00e6\u00f0i, nr. 2 eru kaflar \u00far verki sem tengist \u00feekkingarfr\u00e6\u00f0i og nr. 3 er \u00far fyrsta verki (ungd\u00f3msverki) Arist\u00f3telesar um verufr\u00e6\u00f0i. Nr. 4 er greining \u00e1 \u00feessu efni. Nr. 5 A er umfj\u00f6llun um hvernig Arist\u00f3teles blandar saman greiningu \u00e1 setningum og verufr\u00e6\u00f0i. \u00a0Nr. 5 B-D eru pistlar um nokkra \u00fe\u00e6tti \u00ed heimspeki Arist\u00f3telesar.<\/p>\n<ol>\n<li><strong>Ugla<\/strong>: Arist\u00f3teles, <em>Fyrri r\u00f6kgreiningar<\/em> I.1 og 4.<\/li>\n<li><strong>Cohen\/Curd\/Reeve<\/strong>: 714-31 [= Arist\u00f3teles, <em>S\u00ed\u00f0ari r\u00f6kgreiningar<\/em> I.1-6, 10; II.8-10,\u00a019].<\/li>\n<li><strong>Cohen\/Curd\/Reeve<\/strong>: 694-700 [= Arist\u00f3teles, <em>Kv\u00edarnar<\/em> 1-5]. Verki\u00f0 hefur veri\u00f0\u00a0\u00fe\u00fdtt \u00e1 \u00edslensku (Akureyri, 1992).<\/li>\n<li><strong>Shields<\/strong>: 117-124.<\/li>\n<li>\u00cdtarefni:\n<ol>\n<li><strong>Ugla<\/strong>: Kenny: The de Interpretatione and the Categories.<\/li>\n<li><strong>Adamson<\/strong>: <a href=\"http:\/\/www.historyofphilosophy.net\/aristotle-life-works\">\u00c6vi og st\u00f6rf Arist\u00f3telesar<\/a>.<\/li>\n<li><strong>Adamson<\/strong>: <a href=\"http:\/\/www.historyofphilosophy.net\/aristotle-logic\">R\u00f6kfr\u00e6\u00f0i Arist\u00f3telesar<\/a>.<\/li>\n<li><strong>Adamson<\/strong>: <a href=\"http:\/\/www.historyofphilosophy.net\/aristotle-epistemology\">\u00deekkingarfr\u00e6\u00f0i Arist\u00f3telesar<\/a>.<\/li>\n<\/ol>\n<\/li>\n<\/ol>\n","protected":false},"excerpt":{"rendered":"<p>Arist\u00f3teles er hinn st\u00f3ri heimspekingurinn sem vi\u00f0 dveljum vi\u00f0. Hann var nemandi Platons en stofna\u00f0i eigin sk\u00f3la sem var um margt fr\u00e1brug\u00f0inn Akadem\u00edu Platons. \u00cd \u00feessum fyrsta t\u00edma kynnumst vi\u00f0 manninum og verkum hans en einnig r\u00f6kfr\u00e6\u00f0i (sem hann fann &hellip; <a href=\"https:\/\/uni.hi.is\/esmari\/kennsla\/fornaldarheimspeki-hsp104g\/fornaldarheimspeki-2014\/aristoteles-rokfraedi-thekkingarfraedi-og-verufraedi\/\">Halda \u00e1fram a\u00f0 lesa <span class=\"meta-nav\">&rarr;<\/span><\/a><\/p>\n","protected":false},"author":414,"featured_media":0,"parent":202,"menu_order":13,"comment_status":"closed","ping_status":"closed","template":"","meta":{"footnotes":""},"class_list":["post-372","page","type-page","status-publish","hentry"],"_links":{"self":[{"href":"https:\/\/uni.hi.is\/esmari\/wp-json\/wp\/v2\/pages\/372","targetHints":{"allow":["GET"]}}],"collection":[{"href":"https:\/\/uni.hi.is\/esmari\/wp-json\/wp\/v2\/pages"}],"about":[{"href":"https:\/\/uni.hi.is\/esmari\/wp-json\/wp\/v2\/types\/page"}],"author":[{"embeddable":true,"href":"https:\/\/uni.hi.is\/esmari\/wp-json\/wp\/v2\/users\/414"}],"replies":[{"embeddable":true,"href":"https:\/\/uni.hi.is\/esmari\/wp-json\/wp\/v2\/comments?post=372"}],"version-history":[{"count":10,"href":"https:\/\/uni.hi.is\/esmari\/wp-json\/wp\/v2\/pages\/372\/revisions"}],"predecessor-version":[{"id":560,"href":"https:\/\/uni.hi.is\/esmari\/wp-json\/wp\/v2\/pages\/372\/revisions\/560"}],"up":[{"embeddable":true,"href":"https:\/\/uni.hi.is\/esmari\/wp-json\/wp\/v2\/pages\/202"}],"wp:attachment":[{"href":"https:\/\/uni.hi.is\/esmari\/wp-json\/wp\/v2\/media?parent=372"}],"curies":[{"name":"wp","href":"https:\/\/api.w.org\/{rel}","templated":true}]}}