{"id":384,"date":"2014-08-24T16:03:42","date_gmt":"2014-08-24T16:03:42","guid":{"rendered":"http:\/\/uni.hi.is\/esmari\/?page_id=384"},"modified":"2014-10-22T23:01:38","modified_gmt":"2014-10-22T23:01:38","slug":"aristoteles-salin","status":"publish","type":"page","link":"https:\/\/uni.hi.is\/esmari\/kennsla\/fornaldarheimspeki-hsp104g\/fornaldarheimspeki-2014\/aristoteles-salin\/","title":{"rendered":"Arist\u00f3teles: S\u00e1lin"},"content":{"rendered":"<p>S\u00e1lin er eitt af meginvi\u00f0fangsefnum fornaldarheimspekinga. Arist\u00f3teles sk\u00fdrir e\u00f0li s\u00e1larinnar me\u00f0 kenningu sinni um orsakirnar fj\u00f3rar \u00e1samt tveimur hugt\u00f6kum \u00far frumspekinni, m\u00f6guleika og virkni. S\u00e1lin er ekki sj\u00e1lfst\u00e6\u00f0 fr\u00e1 l\u00edkamanum heldur form hans og virkni.<\/p>\n<p>Texti nr. 1 er \u00fe\u00fd\u00f0ing \u00e1 hluta af verki Arist\u00f3telsar <em>Um s\u00e1lina<\/em>, nr. 2 er umfj\u00f6llum um kenningu hans. Nr. 3 A er grein um fornar kenningar um s\u00e1lina, nr. 3 B er pistill um s\u00e1lfr\u00e6\u00f0i Arist\u00f3telesar. Nr. 4 A er n\u00fdtt vi\u00f0tal vi\u00f0 heimspeking um e\u00f0li me\u00f0vitundar.<\/p>\n<ol>\n<li><strong>Cohen\/Curd\/Reeve<\/strong>: 847-69 [= Arist\u00f3teles, <em>Um s\u00e1lina<\/em> I.1, 4; II.1-6, 11-12; III.3-5,\u00a010-11]. Verki\u00f0 hefur veri\u00f0 \u00fe\u00fdtt \u00e1 \u00edslensku: Arist\u00f3teles, <em>Um s\u00e1lina<\/em> (Rvk., 1993).<\/li>\n<li><strong>Shields<\/strong>: 140-144.<\/li>\n<li>\u00cdtarefni:\n<ol>\n<li><strong>Stanford<\/strong>: Lorenz: <a href=\"http:\/\/plato.stanford.edu\/entries\/ancient-soul\/\">Ancient Theories of Soul<\/a>.<\/li>\n<li><strong>Adamson<\/strong>: <a href=\"http:\/\/www.historyofphilosophy.net\/aristotle-soul\">Arist\u00f3teles um s\u00e1lina<\/a>.<\/li>\n<\/ol>\n<\/li>\n<li>Anna\u00f0:\n<ol>\n<li><strong>Philosophy Bites<\/strong>: <a href=\"http:\/\/philosophybites.com\/2014\/10\/keith-frankish-on-the-hard-problem-and-the-illusion-of-qualia.html\">Frankish um me\u00f0vitund<\/a>.<\/li>\n<\/ol>\n<\/li>\n<\/ol>\n","protected":false},"excerpt":{"rendered":"<p>S\u00e1lin er eitt af meginvi\u00f0fangsefnum fornaldarheimspekinga. Arist\u00f3teles sk\u00fdrir e\u00f0li s\u00e1larinnar me\u00f0 kenningu sinni um orsakirnar fj\u00f3rar \u00e1samt tveimur hugt\u00f6kum \u00far frumspekinni, m\u00f6guleika og virkni. S\u00e1lin er ekki sj\u00e1lfst\u00e6\u00f0 fr\u00e1 l\u00edkamanum heldur form hans og virkni. Texti nr. 1 er \u00fe\u00fd\u00f0ing &hellip; <a href=\"https:\/\/uni.hi.is\/esmari\/kennsla\/fornaldarheimspeki-hsp104g\/fornaldarheimspeki-2014\/aristoteles-salin\/\">Halda \u00e1fram a\u00f0 lesa <span class=\"meta-nav\">&rarr;<\/span><\/a><\/p>\n","protected":false},"author":414,"featured_media":0,"parent":202,"menu_order":15,"comment_status":"closed","ping_status":"closed","template":"","meta":{"footnotes":""},"class_list":["post-384","page","type-page","status-publish","hentry"],"_links":{"self":[{"href":"https:\/\/uni.hi.is\/esmari\/wp-json\/wp\/v2\/pages\/384","targetHints":{"allow":["GET"]}}],"collection":[{"href":"https:\/\/uni.hi.is\/esmari\/wp-json\/wp\/v2\/pages"}],"about":[{"href":"https:\/\/uni.hi.is\/esmari\/wp-json\/wp\/v2\/types\/page"}],"author":[{"embeddable":true,"href":"https:\/\/uni.hi.is\/esmari\/wp-json\/wp\/v2\/users\/414"}],"replies":[{"embeddable":true,"href":"https:\/\/uni.hi.is\/esmari\/wp-json\/wp\/v2\/comments?post=384"}],"version-history":[{"count":7,"href":"https:\/\/uni.hi.is\/esmari\/wp-json\/wp\/v2\/pages\/384\/revisions"}],"predecessor-version":[{"id":543,"href":"https:\/\/uni.hi.is\/esmari\/wp-json\/wp\/v2\/pages\/384\/revisions\/543"}],"up":[{"embeddable":true,"href":"https:\/\/uni.hi.is\/esmari\/wp-json\/wp\/v2\/pages\/202"}],"wp:attachment":[{"href":"https:\/\/uni.hi.is\/esmari\/wp-json\/wp\/v2\/media?parent=384"}],"curies":[{"name":"wp","href":"https:\/\/api.w.org\/{rel}","templated":true}]}}