{"id":388,"date":"2014-08-24T16:06:08","date_gmt":"2014-08-24T16:06:08","guid":{"rendered":"http:\/\/uni.hi.is\/esmari\/?page_id=388"},"modified":"2014-10-23T11:10:41","modified_gmt":"2014-10-23T11:10:41","slug":"aristoteles-verundir-og-thekking","status":"publish","type":"page","link":"https:\/\/uni.hi.is\/esmari\/kennsla\/fornaldarheimspeki-hsp104g\/fornaldarheimspeki-2014\/aristoteles-verundir-og-thekking\/","title":{"rendered":"Arist\u00f3teles: Um minni."},"content":{"rendered":"<p>\u00cd \u00feessum t\u00edma lesum vi\u00f0 og fj\u00f6llum um eitt af litlu n\u00e1tt\u00faruverkum Arist\u00f3telesar, verki\u00f0 <em>Um \u00a0minni og upprifjun<\/em>. H\u00e9r gl\u00edmir Arist\u00f3teles vi\u00f0 fl\u00f3ki\u00f0 vi\u00f0fangsefni sem er spurningin um minningar, hva\u00f0 \u00fe\u00e6r eru, hvernig vi\u00f0 k\u00f6llum \u00fe\u00e6r fram, hvar vi\u00f0 geymum \u00fe\u00e6r \u00feegar vi\u00f0 erum ekki a\u00f0 muna \u00fe\u00e6r o.s.frv.<\/p>\n<p>Texti nr. 1 er \u00fe\u00fd\u00f0ing \u00e1 verki Arist\u00f3telesar (ath. a\u00f0 sk\u00e1letra\u00f0ir textar eru sk\u00fdringar \u00fe\u00fd\u00f0anda).<\/p>\n<ol>\n<li><b>Ugla<\/b>: Arist\u00f3teles:\u00a0<i>Um minni og upprifjun<\/i>.<\/li>\n<\/ol>\n<p>&nbsp;<\/p>\n","protected":false},"excerpt":{"rendered":"<p>\u00cd \u00feessum t\u00edma lesum vi\u00f0 og fj\u00f6llum um eitt af litlu n\u00e1tt\u00faruverkum Arist\u00f3telesar, verki\u00f0 Um \u00a0minni og upprifjun. H\u00e9r gl\u00edmir Arist\u00f3teles vi\u00f0 fl\u00f3ki\u00f0 vi\u00f0fangsefni sem er spurningin um minningar, hva\u00f0 \u00fe\u00e6r eru, hvernig vi\u00f0 k\u00f6llum \u00fe\u00e6r fram, hvar vi\u00f0 geymum &hellip; <a href=\"https:\/\/uni.hi.is\/esmari\/kennsla\/fornaldarheimspeki-hsp104g\/fornaldarheimspeki-2014\/aristoteles-verundir-og-thekking\/\">Halda \u00e1fram a\u00f0 lesa <span class=\"meta-nav\">&rarr;<\/span><\/a><\/p>\n","protected":false},"author":414,"featured_media":0,"parent":202,"menu_order":17,"comment_status":"closed","ping_status":"closed","template":"","meta":{"footnotes":""},"class_list":["post-388","page","type-page","status-publish","hentry"],"_links":{"self":[{"href":"https:\/\/uni.hi.is\/esmari\/wp-json\/wp\/v2\/pages\/388","targetHints":{"allow":["GET"]}}],"collection":[{"href":"https:\/\/uni.hi.is\/esmari\/wp-json\/wp\/v2\/pages"}],"about":[{"href":"https:\/\/uni.hi.is\/esmari\/wp-json\/wp\/v2\/types\/page"}],"author":[{"embeddable":true,"href":"https:\/\/uni.hi.is\/esmari\/wp-json\/wp\/v2\/users\/414"}],"replies":[{"embeddable":true,"href":"https:\/\/uni.hi.is\/esmari\/wp-json\/wp\/v2\/comments?post=388"}],"version-history":[{"count":8,"href":"https:\/\/uni.hi.is\/esmari\/wp-json\/wp\/v2\/pages\/388\/revisions"}],"predecessor-version":[{"id":550,"href":"https:\/\/uni.hi.is\/esmari\/wp-json\/wp\/v2\/pages\/388\/revisions\/550"}],"up":[{"embeddable":true,"href":"https:\/\/uni.hi.is\/esmari\/wp-json\/wp\/v2\/pages\/202"}],"wp:attachment":[{"href":"https:\/\/uni.hi.is\/esmari\/wp-json\/wp\/v2\/media?parent=388"}],"curies":[{"name":"wp","href":"https:\/\/api.w.org\/{rel}","templated":true}]}}