{"id":390,"date":"2014-08-24T16:10:10","date_gmt":"2014-08-24T16:10:10","guid":{"rendered":"http:\/\/uni.hi.is\/esmari\/?page_id=390"},"modified":"2014-10-31T10:38:07","modified_gmt":"2014-10-31T10:38:07","slug":"aristoteles-sidfraedi-og-stjornmalaheimspeki-heimspekisaga-og-feminismi","status":"publish","type":"page","link":"https:\/\/uni.hi.is\/esmari\/kennsla\/fornaldarheimspeki-hsp104g\/fornaldarheimspeki-2014\/aristoteles-sidfraedi-og-stjornmalaheimspeki-heimspekisaga-og-feminismi\/","title":{"rendered":"Arist\u00f3teles: Si\u00f0fr\u00e6\u00f0i og stj\u00f3rnm\u00e1laheimspeki; heimspekisaga og fem\u00ednismi"},"content":{"rendered":"<p>\u00cd \u00feessum lokat\u00edma um Arist\u00f3teles sn\u00faum vi\u00f0 okkur a\u00f0 si\u00f0fr\u00e6\u00f0i og stj\u00f3rnm\u00e1laheimspeki en fj\u00f6llum a\u00f0eins um efni\u00f0 \u00ed stuttu m\u00e1li. Si\u00f0fr\u00e6\u00f0i Arist\u00f3telesar hefur haft mikil og endurn\u00fdju\u00f0 \u00e1hrif \u00e1 si\u00f0fr\u00e6\u00f0i n\u00fat\u00edmans og fetar dygg\u00f0asi\u00f0fr\u00e6\u00f0in annan veg en \u00feeir Kant og Mill f\u00f3ru. \u00cd seinni t\u00edma dagsins munum vi\u00f0 sko\u00f0a hlut kvenna \u00ed s\u00f6gu fornaldarheimspeki, b\u00e6\u00f0i hva\u00f0 vi\u00f0 vitum um kvenkyns heimspekinga og um kenningingar heimspekinga um konur (\u00fe.e. kenninar karlkyns heimspekinga um konur).<\/p>\n<p>Texti nr. 1 er \u00edslensk \u00fe\u00fd\u00f0ing \u00e1 fyrstu fimm k\u00f6flum \u00ed h\u00f6fu\u00f0verki Arist\u00f3telesar um si\u00f0fr\u00e6\u00f0i og nr. 2 er ensk \u00fe\u00fd\u00f0ing \u00e1 fyrstu k\u00f6flum \u00ed sj\u00f3nspeki hans. Nr. 3 er greining \u00e1 \u00feessu efni. Texti nr. 4 er grein ef Charlotte Witt um femin\u00edska heimspekis\u00f6gu. Textar nr. 5 A og B eru n\u00fdlegar greinar um konur \u00ed heimspeki Platons, en b\u00e1\u00f0ar koma inn \u00e1 hlut kvenna almennt \u00ed fornaldarheimspeki. Nr. 5 C er \u00fe\u00fd\u00f0ing \u00e1 stuttum texta eftir heimspekinginn Fintys, en h\u00fan tilheyr\u00f0i p\u00fd\u00feag\u00f3r\u00edskum sk\u00f3la \u00e1 3ju \u00f6ld f.Kr. A\u00f0 lokum, nr. 6 A, er netfyrirlestur um kenningu Arist\u00f3telesar um hamingjuna.<\/p>\n<ol>\n<li><strong>Ugla<\/strong>: Arist\u00f3teles, <em>Si\u00f0fr\u00e6\u00f0i N\u00edkomakkosar<\/em> I.1-5.<\/li>\n<li><strong>Cohen\/Curd\/Reeve<\/strong>: 930-33 [= Arist\u00f3teles, <em>Stj\u00f3rnspekin<\/em> I.1-2].<\/li>\n<li><strong>Shields<\/strong>: 144-156.<\/li>\n<li><strong>Stanford<\/strong>: Witt:\u00a0<a href=\"http:\/\/plato.stanford.edu\/entries\/feminism-femhist\/\">Feminist History of Philosophy<\/a>.<\/li>\n<li>\u00cdtarefni:\n<ol>\n<li><strong>Ugla<\/strong>: Eir\u00edkur: Platon um dygg\u00f0ir kvenna.<\/li>\n<li><b>Ugla:<\/b> Sigr\u00ed\u00f0ur: Hver er D\u00ed\u00f3t\u00edma?<\/li>\n<li><strong>Ugla<\/strong>: Fyntis: Um dygg\u00f0ir kvenna.<\/li>\n<\/ol>\n<\/li>\n<li>Anna\u00f0:\n<ol>\n<li><a href=\"http:\/\/www.wi-phi.com\/video\/aristotle-purpose-life\">Arist\u00f3teles um tilgang l\u00edfsins<\/a>\u00a0(OA h\u00e1sk\u00f3linn).<\/li>\n<\/ol>\n<\/li>\n<\/ol>\n","protected":false},"excerpt":{"rendered":"<p>\u00cd \u00feessum lokat\u00edma um Arist\u00f3teles sn\u00faum vi\u00f0 okkur a\u00f0 si\u00f0fr\u00e6\u00f0i og stj\u00f3rnm\u00e1laheimspeki en fj\u00f6llum a\u00f0eins um efni\u00f0 \u00ed stuttu m\u00e1li. Si\u00f0fr\u00e6\u00f0i Arist\u00f3telesar hefur haft mikil og endurn\u00fdju\u00f0 \u00e1hrif \u00e1 si\u00f0fr\u00e6\u00f0i n\u00fat\u00edmans og fetar dygg\u00f0asi\u00f0fr\u00e6\u00f0in annan veg en \u00feeir Kant og &hellip; <a href=\"https:\/\/uni.hi.is\/esmari\/kennsla\/fornaldarheimspeki-hsp104g\/fornaldarheimspeki-2014\/aristoteles-sidfraedi-og-stjornmalaheimspeki-heimspekisaga-og-feminismi\/\">Halda \u00e1fram a\u00f0 lesa <span class=\"meta-nav\">&rarr;<\/span><\/a><\/p>\n","protected":false},"author":414,"featured_media":0,"parent":202,"menu_order":18,"comment_status":"closed","ping_status":"closed","template":"","meta":{"footnotes":""},"class_list":["post-390","page","type-page","status-publish","hentry"],"_links":{"self":[{"href":"https:\/\/uni.hi.is\/esmari\/wp-json\/wp\/v2\/pages\/390","targetHints":{"allow":["GET"]}}],"collection":[{"href":"https:\/\/uni.hi.is\/esmari\/wp-json\/wp\/v2\/pages"}],"about":[{"href":"https:\/\/uni.hi.is\/esmari\/wp-json\/wp\/v2\/types\/page"}],"author":[{"embeddable":true,"href":"https:\/\/uni.hi.is\/esmari\/wp-json\/wp\/v2\/users\/414"}],"replies":[{"embeddable":true,"href":"https:\/\/uni.hi.is\/esmari\/wp-json\/wp\/v2\/comments?post=390"}],"version-history":[{"count":11,"href":"https:\/\/uni.hi.is\/esmari\/wp-json\/wp\/v2\/pages\/390\/revisions"}],"predecessor-version":[{"id":563,"href":"https:\/\/uni.hi.is\/esmari\/wp-json\/wp\/v2\/pages\/390\/revisions\/563"}],"up":[{"embeddable":true,"href":"https:\/\/uni.hi.is\/esmari\/wp-json\/wp\/v2\/pages\/202"}],"wp:attachment":[{"href":"https:\/\/uni.hi.is\/esmari\/wp-json\/wp\/v2\/media?parent=390"}],"curies":[{"name":"wp","href":"https:\/\/api.w.org\/{rel}","templated":true}]}}