{"id":396,"date":"2014-08-24T16:19:51","date_gmt":"2014-08-24T16:19:51","guid":{"rendered":"http:\/\/uni.hi.is\/esmari\/?page_id=396"},"modified":"2014-11-10T12:31:26","modified_gmt":"2014-11-10T12:31:26","slug":"epikuros-2","status":"publish","type":"page","link":"https:\/\/uni.hi.is\/esmari\/kennsla\/fornaldarheimspeki-hsp104g\/fornaldarheimspeki-2014\/epikuros-2\/","title":{"rendered":"Hellen\u00edsk heimspeki og Ep\u00edk\u00faros"},"content":{"rendered":"<p>N\u00fa sn\u00faum vi\u00f0 okkur a\u00f0 fj\u00f3r\u00f0a hluta n\u00e1mskei\u00f0sins sem er heimspeki fornaldar eftir daga Arist\u00f3telesar. Vi\u00f0 einbeitum okkur a\u00f0 \u00feremur <em>sk\u00f3lum<\/em> \u00ed heimspeki, ep\u00edk\u00faringum, st\u00f3uspeki og efahyggju. Me\u00f0 \u00feessu f\u00e1um vi\u00f0 yfirlit yfir allar helstu stefnur og sk\u00f3la \u00ed fornaldarheimspeki. Fyrstan t\u00f6kum vi\u00f0 fyrir Ep\u00edk\u00faros, sem stofna\u00f0i sk\u00f3la - Gar\u00f0inn svokalla\u00f0a - \u00fear sem hann og l\u00e6risveinar hans h\u00e9ldu til. Ep\u00edk\u00faros h\u00e9lt fram \u00fer\u00f3a\u00f0ri eindahyggju.<\/p>\n<p>Texti nr. 1 (\u00far gulu b\u00f3kinni) eru \u00fe\u00fd\u00f0ingar \u00e1 nokkrum af helstu textum sem eru var\u00f0veittir eftir Ep\u00edk\u00faros, m.a. \u00e1 \u00feremur br\u00e9fum sem hann skrifa\u00f0i til a\u00f0 gefa yfirlit yfir kenningar s\u00ednar. Nr. 2 er greining \u00e1 \u00feessu efni sem og texti nr. 3 A. Nr. 3 B og C eru pistlar um hellen\u00edsku sk\u00f3lana og Ep\u00edk\u00faros (ath. a\u00f0 \u00fea\u00f0 eru fleiri pistlar um Ep\u00edk\u00faros hj\u00e1 Adamson). Nr. 4 A og B eru n\u00fdlegar fr\u00e9ttir um ep\u00edk\u00faringa - \u00fe\u00f3 \u00ed nokku\u00f0 \u00f6\u00f0rum skilningi en \u00e1tti vi\u00f0 \u00ed forn\u00f6ld.<\/p>\n<ol>\n<li><strong>Inwood\/Gerson<\/strong>: 3-40.<\/li>\n<li><strong>Shields<\/strong>: 167-182.<\/li>\n<li>\u00cdtarefni:\n<ol>\n<li><strong>Stanford<\/strong>: Konstan: <a href=\"http:\/\/plato.stanford.edu\/entries\/epicurus\/\">Epicurus<\/a>.<\/li>\n<li><strong>Adamson<\/strong>: <a href=\"http:\/\/www.historyofphilosophy.net\/hellenistic-schools\">Hellen\u00edsku sk\u00f3larnir<\/a>.<\/li>\n<li><strong>Adamson<\/strong>: <a href=\"http:\/\/www.historyofphilosophy.net\/epicurus-principles\">Grundvallarl\u00f6gm\u00e1l Ep\u00edk\u00farosar<\/a>.<\/li>\n<\/ol>\n<\/li>\n<li>Anna\u00f0:\n<ol>\n<li><a href=\"http:\/\/www.nytimes.com\/2014\/08\/10\/world\/europe\/an-epicurean-village-is-too-rich-for-some-paris-appetites.html?hp&amp;action=click&amp;pgtype=Homepage&amp;version=HpSum&amp;module=second-column-region&amp;region=top-news&amp;WT.nav=top-news&amp;_r=2\">Fr\u00e9tt um ep\u00edk\u00far\u00edskt hverfi.<\/a><\/li>\n<li><a href=\"http:\/\/www.independent.co.uk\/news\/world\/europe\/has-the-parisian-epicurean-bitten-off-more-than-he-can-chew-9677108.html\">Fr\u00e9tt um ep\u00edk\u00faring \u00ed Par\u00eds.<\/a><\/li>\n<li><a href=\"http:\/\/www.wi-phi.com\/video\/epicurus%E2%80%99-cure-unhappiness\">Ep\u00edk\u00faros um hamingjuna<\/a>\u00a0(OA h\u00e1sk\u00f3linn).<\/li>\n<\/ol>\n<\/li>\n<\/ol>\n","protected":false},"excerpt":{"rendered":"<p>N\u00fa sn\u00faum vi\u00f0 okkur a\u00f0 fj\u00f3r\u00f0a hluta n\u00e1mskei\u00f0sins sem er heimspeki fornaldar eftir daga Arist\u00f3telesar. Vi\u00f0 einbeitum okkur a\u00f0 \u00feremur sk\u00f3lum \u00ed heimspeki, ep\u00edk\u00faringum, st\u00f3uspeki og efahyggju. Me\u00f0 \u00feessu f\u00e1um vi\u00f0 yfirlit yfir allar helstu stefnur og sk\u00f3la \u00ed fornaldarheimspeki. &hellip; <a href=\"https:\/\/uni.hi.is\/esmari\/kennsla\/fornaldarheimspeki-hsp104g\/fornaldarheimspeki-2014\/epikuros-2\/\">Halda \u00e1fram a\u00f0 lesa <span class=\"meta-nav\">&rarr;<\/span><\/a><\/p>\n","protected":false},"author":414,"featured_media":0,"parent":202,"menu_order":19,"comment_status":"closed","ping_status":"closed","template":"","meta":{"footnotes":""},"class_list":["post-396","page","type-page","status-publish","hentry"],"_links":{"self":[{"href":"https:\/\/uni.hi.is\/esmari\/wp-json\/wp\/v2\/pages\/396","targetHints":{"allow":["GET"]}}],"collection":[{"href":"https:\/\/uni.hi.is\/esmari\/wp-json\/wp\/v2\/pages"}],"about":[{"href":"https:\/\/uni.hi.is\/esmari\/wp-json\/wp\/v2\/types\/page"}],"author":[{"embeddable":true,"href":"https:\/\/uni.hi.is\/esmari\/wp-json\/wp\/v2\/users\/414"}],"replies":[{"embeddable":true,"href":"https:\/\/uni.hi.is\/esmari\/wp-json\/wp\/v2\/comments?post=396"}],"version-history":[{"count":7,"href":"https:\/\/uni.hi.is\/esmari\/wp-json\/wp\/v2\/pages\/396\/revisions"}],"predecessor-version":[{"id":575,"href":"https:\/\/uni.hi.is\/esmari\/wp-json\/wp\/v2\/pages\/396\/revisions\/575"}],"up":[{"embeddable":true,"href":"https:\/\/uni.hi.is\/esmari\/wp-json\/wp\/v2\/pages\/202"}],"wp:attachment":[{"href":"https:\/\/uni.hi.is\/esmari\/wp-json\/wp\/v2\/media?parent=396"}],"curies":[{"name":"wp","href":"https:\/\/api.w.org\/{rel}","templated":true}]}}