{"id":413,"date":"2014-08-24T16:37:41","date_gmt":"2014-08-24T16:37:41","guid":{"rendered":"http:\/\/uni.hi.is\/esmari\/?page_id=413"},"modified":"2014-11-25T00:50:09","modified_gmt":"2014-11-25T00:50:09","slug":"haettir-agrippu","status":"publish","type":"page","link":"https:\/\/uni.hi.is\/esmari\/kennsla\/fornaldarheimspeki-hsp104g\/fornaldarheimspeki-2014\/haettir-agrippu\/","title":{"rendered":"H\u00e6ttir efahyggjumanna"},"content":{"rendered":"<p>Innan pyrrhonskar efahyggju voru \u00fer\u00f3a\u00f0ar lei\u00f0ir til a\u00f0 \u00a0m\u00e6ta \u00f6llum fullyr\u00f0ingum um hvernig m\u00e6tti r\u00f6ksty\u00f0ja \u00feekkingu, a\u00f0 eitthva\u00f0 v\u00e6ri \u00f6rugglega satt. \u00deessar lei\u00f0ir f\u00f3lust \u00ed tegundum af r\u00f6kf\u00e6rslum sem voru kalla\u00f0ar h\u00e6ttir. Tv\u00f6 sett af h\u00e1ttum eru \u00feekktus, 10 h\u00e6ttir \u00c6nes\u00eddemosar og 5 h\u00e6ttir Agrippu. Vi\u00f0 sko\u00f0um heimildir um \u00feessa h\u00e6tti og greinum r\u00f6kin, sem eru um margt mj\u00f6g n\u00fat\u00edmaleg, eftir bestu getu.<\/p>\n<p>Texti nr. 1 er \u00fe\u00fd\u00f0ing \u00e1 heimildum um h\u00e6tti efahyggjunnar, nr. 2 er greining \u00e1 r\u00f6kunum, nr. 3 er umfj\u00f6llun um Sextos Empeirikos \u00fear sem kafli 3.5 fjallar s\u00e9rstaklega um h\u00e6ttina. Nr. 4 A er pistill um Sextos.<\/p>\n<ol>\n<li><strong>Inwood\/Gerson<\/strong>: 325-240.<\/li>\n<li><strong>Shields<\/strong>: 216-222.<\/li>\n<li><strong>Stanford<\/strong>: Morison: <a href=\"http:\/\/plato.stanford.edu\/archives\/spr2014\/entries\/sextus-empiricus\/\">Sextus Empiricus<\/a>\u00a0(s\u00e9rstaklega kafla 3.5).<\/li>\n<li>\u00cdtarefni:\n<ol>\n<li><strong>Adamson<\/strong>: <a href=\"http:\/\/www.historyofphilosophy.net\/sextus\">Sextos Empeirikos<\/a>.<\/li>\n<\/ol>\n<\/li>\n<\/ol>\n","protected":false},"excerpt":{"rendered":"<p>Innan pyrrhonskar efahyggju voru \u00fer\u00f3a\u00f0ar lei\u00f0ir til a\u00f0 \u00a0m\u00e6ta \u00f6llum fullyr\u00f0ingum um hvernig m\u00e6tti r\u00f6ksty\u00f0ja \u00feekkingu, a\u00f0 eitthva\u00f0 v\u00e6ri \u00f6rugglega satt. \u00deessar lei\u00f0ir f\u00f3lust \u00ed tegundum af r\u00f6kf\u00e6rslum sem voru kalla\u00f0ar h\u00e6ttir. Tv\u00f6 sett af h\u00e1ttum eru \u00feekktus, 10 h\u00e6ttir &hellip; <a href=\"https:\/\/uni.hi.is\/esmari\/kennsla\/fornaldarheimspeki-hsp104g\/fornaldarheimspeki-2014\/haettir-agrippu\/\">Halda \u00e1fram a\u00f0 lesa <span class=\"meta-nav\">&rarr;<\/span><\/a><\/p>\n","protected":false},"author":414,"featured_media":0,"parent":202,"menu_order":23,"comment_status":"closed","ping_status":"closed","template":"","meta":{"footnotes":""},"class_list":["post-413","page","type-page","status-publish","hentry"],"_links":{"self":[{"href":"https:\/\/uni.hi.is\/esmari\/wp-json\/wp\/v2\/pages\/413","targetHints":{"allow":["GET"]}}],"collection":[{"href":"https:\/\/uni.hi.is\/esmari\/wp-json\/wp\/v2\/pages"}],"about":[{"href":"https:\/\/uni.hi.is\/esmari\/wp-json\/wp\/v2\/types\/page"}],"author":[{"embeddable":true,"href":"https:\/\/uni.hi.is\/esmari\/wp-json\/wp\/v2\/users\/414"}],"replies":[{"embeddable":true,"href":"https:\/\/uni.hi.is\/esmari\/wp-json\/wp\/v2\/comments?post=413"}],"version-history":[{"count":9,"href":"https:\/\/uni.hi.is\/esmari\/wp-json\/wp\/v2\/pages\/413\/revisions"}],"predecessor-version":[{"id":591,"href":"https:\/\/uni.hi.is\/esmari\/wp-json\/wp\/v2\/pages\/413\/revisions\/591"}],"up":[{"embeddable":true,"href":"https:\/\/uni.hi.is\/esmari\/wp-json\/wp\/v2\/pages\/202"}],"wp:attachment":[{"href":"https:\/\/uni.hi.is\/esmari\/wp-json\/wp\/v2\/media?parent=413"}],"curies":[{"name":"wp","href":"https:\/\/api.w.org\/{rel}","templated":true}]}}