{"id":415,"date":"2014-08-24T16:41:28","date_gmt":"2014-08-24T16:41:28","guid":{"rendered":"http:\/\/uni.hi.is\/esmari\/?page_id=415"},"modified":"2014-11-21T11:46:55","modified_gmt":"2014-11-21T11:46:55","slug":"romversk-heimspeki-og-heimspeki-sidfornaldar","status":"publish","type":"page","link":"https:\/\/uni.hi.is\/esmari\/kennsla\/fornaldarheimspeki-hsp104g\/fornaldarheimspeki-2014\/romversk-heimspeki-og-heimspeki-sidfornaldar\/","title":{"rendered":"R\u00f3mversk heimspeki og heimspeki s\u00ed\u00f0fornaldar"},"content":{"rendered":"<p>\u00cd lokat\u00edma n\u00e1mskei\u00f0sins sko\u00f0um vi\u00f0 s\u00f6guna fr\u00e1 upphafi og endum me\u00f0 umfj\u00f6llun um n\u00fdplatonistann Pl\u00f3t\u00ednos (3ja \u00f6ld e.Kr.). Hann kenndi sig vi\u00f0 Platon og platonisma en kemur \u00ed kj\u00f6lfar mikillar endurn\u00fdjunar \u00ed heimspekinni. Kenningar hans um e\u00f0li hugsunarinnar h\u00f6f\u00f0u mikil \u00e1hrif \u00e1 n\u00fdjaldarheimspekinga.<\/p>\n<p>Texti nr. 1 er \u00fe\u00fd\u00f0ing \u00e1 lykiltexta eftir Pl\u00f3t\u00ednos og nr. 2 er grein um manninn og heimspeki hans. Nr. 3 A og B eru pistlar um Pl\u00f3t\u00ednos og kjarnann \u00ed heimspeki hans, Hi\u00f0 Eina.<\/p>\n<ol>\n<li><strong>Ugla<\/strong>: Dillon\/Gerson: 66-86 [= Plot\u00ednos V.1-2].<\/li>\n<li><strong>Stanford<\/strong>: Gerson: <a href=\"http:\/\/plato.stanford.edu\/entries\/plotinus\/\">Plotinus<\/a>.<\/li>\n<li>\u00cdtarefni:\n<ol>\n<li><strong>Adamson<\/strong>: <a href=\"http:\/\/www.historyofphilosophy.net\/plotinus-life\">L\u00edf og st\u00f6rf Pl\u00f3t\u00ednosar<\/a>.<\/li>\n<li><strong>Adamson<\/strong>: <a href=\"http:\/\/www.historyofphilosophy.net\/plotinus-one-intellect\">Hi\u00f0 eina hj\u00e1 Pl\u00f3t\u00ednosi<\/a>.<\/li>\n<\/ol>\n<\/li>\n<\/ol>\n","protected":false},"excerpt":{"rendered":"<p>\u00cd lokat\u00edma n\u00e1mskei\u00f0sins sko\u00f0um vi\u00f0 s\u00f6guna fr\u00e1 upphafi og endum me\u00f0 umfj\u00f6llun um n\u00fdplatonistann Pl\u00f3t\u00ednos (3ja \u00f6ld e.Kr.). Hann kenndi sig vi\u00f0 Platon og platonisma en kemur \u00ed kj\u00f6lfar mikillar endurn\u00fdjunar \u00ed heimspekinni. Kenningar hans um e\u00f0li hugsunarinnar h\u00f6f\u00f0u mikil &hellip; <a href=\"https:\/\/uni.hi.is\/esmari\/kennsla\/fornaldarheimspeki-hsp104g\/fornaldarheimspeki-2014\/romversk-heimspeki-og-heimspeki-sidfornaldar\/\">Halda \u00e1fram a\u00f0 lesa <span class=\"meta-nav\">&rarr;<\/span><\/a><\/p>\n","protected":false},"author":414,"featured_media":0,"parent":202,"menu_order":24,"comment_status":"closed","ping_status":"closed","template":"","meta":{"footnotes":""},"class_list":["post-415","page","type-page","status-publish","hentry"],"_links":{"self":[{"href":"https:\/\/uni.hi.is\/esmari\/wp-json\/wp\/v2\/pages\/415","targetHints":{"allow":["GET"]}}],"collection":[{"href":"https:\/\/uni.hi.is\/esmari\/wp-json\/wp\/v2\/pages"}],"about":[{"href":"https:\/\/uni.hi.is\/esmari\/wp-json\/wp\/v2\/types\/page"}],"author":[{"embeddable":true,"href":"https:\/\/uni.hi.is\/esmari\/wp-json\/wp\/v2\/users\/414"}],"replies":[{"embeddable":true,"href":"https:\/\/uni.hi.is\/esmari\/wp-json\/wp\/v2\/comments?post=415"}],"version-history":[{"count":4,"href":"https:\/\/uni.hi.is\/esmari\/wp-json\/wp\/v2\/pages\/415\/revisions"}],"predecessor-version":[{"id":590,"href":"https:\/\/uni.hi.is\/esmari\/wp-json\/wp\/v2\/pages\/415\/revisions\/590"}],"up":[{"embeddable":true,"href":"https:\/\/uni.hi.is\/esmari\/wp-json\/wp\/v2\/pages\/202"}],"wp:attachment":[{"href":"https:\/\/uni.hi.is\/esmari\/wp-json\/wp\/v2\/media?parent=415"}],"curies":[{"name":"wp","href":"https:\/\/api.w.org\/{rel}","templated":true}]}}