{"id":49,"date":"2014-02-25T13:41:10","date_gmt":"2014-02-25T13:41:10","guid":{"rendered":"http:\/\/uni.hi.is\/esmari\/?page_id=49"},"modified":"2020-01-15T13:54:09","modified_gmt":"2020-01-15T13:54:09","slug":"publications","status":"publish","type":"page","link":"https:\/\/uni.hi.is\/esmari\/english\/publications\/","title":{"rendered":"Publications"},"content":{"rendered":"<div class=\"entry-content\">\n<p>Published papers:<\/p>\n<ul>\n<li>\"<a href=\"https:\/\/doi.org\/10.1093\/reseval\/rvz031\">Capacities, Capabilities and the Societal Impact of the Humanities<\/a>\u201c,\u00a0<a href=\"https:\/\/academic.oup.com\/rev\"><em>Research Evaluation<\/em><\/a>\u00a02019,\u00a0special section edd. by Jack Spaapen and Gunnar Sivertsen.<\/li>\n<li>\"Antif\u00f3n og d\u00fdrafr\u00e6\u00f0i Arist\u00f3telesar\", <a href=\"http:\/\/haskolautgafan.hi.is\/hugsad_med_aristotelesi\"><em>Hugsa\u00f0 me\u00f0 Arist\u00f3telesi<\/em><\/a>, edd. Svavar Hrafn Svavarsson and Eir\u00edkur Sm\u00e1ri Sigur\u00f0arson, University of Iceland Press, Reykjav\u00edk 2018. (\"Antiphon and Aristotle's Animals\", in <em>Thinking with Aristotle<\/em>.)<\/li>\n<li>\u201eDen ideelle videnskab. Aristoteles' herodoteiske platonisme\u201c, <a href=\"http:\/\/aigis.igl.ku.dk\/aigis\/\"><em>Aigis<\/em><\/a> 2017: <a href=\"https:\/\/hdl.handle.net\/20.500.11815\/220\">https:\/\/hdl.handle.net\/20.500.11815\/220<\/a>). (\"The Ideal Science: Aristotle's Herodotean platonism\".)<\/li>\n<li>\"<a href=\"http:\/\/uni.hi.is\/esmari\/files\/2014\/02\/\u00cd-lj\u00f3si-s\u00f6gu-og-heimspeki-Riti\u00f0-2016-3.pdf\">\u00cd lj\u00f3si s\u00f6gu og heimspeki. Tv\u00e6r tegundir ranns\u00f3kna \u00e1 manninum<\/a>\", <em>Riti\u00f0<\/em> 2016 (3). (\"Historical and Philosophical Knowledge\".)<\/li>\n<li>\"<a href=\"http:\/\/uni.hi.is\/esmari\/files\/2014\/02\/A\u00feena-Hebdo-Eir\u00edkur-Sm\u00e1ri-Sigur\u00f0arson.pdf\">A\u00feena Hebdo<\/a>\",\u00a0<em>Riti\u00f0<\/em>\u00a02015 (1), pp. 187-192. (\"Athena Hebdo\".)<\/li>\n<li>\"<a href=\"http:\/\/aigis.igl.ku.dk\/2015,1\/Platonakta22\/Sigurdarson.pdf\">S\u00f8vnens filosofi:\u00a0Platon i dialog med livet og d\u00f8den<\/a>\", <a href=\"http:\/\/aigis.igl.ku.dk\/2015,1\/Platonakta22\/Forord.html\"><em>Aigis<\/em><\/a> 2015. (\"Philosophy of Sleep: A Platonic dialogue with death\".)<\/li>\n<li>\"<a href=\"http:\/\/uni.hi.is\/esmari\/files\/2014\/02\/Dygg\u00f0ir-kvenna-Eir\u00edkur-Sm\u00e1ri-Sigur\u00f0arson.pdf\">Dygg\u00f0ir kvenna?<\/a>\",\u00a0<a href=\"http:\/\/haskolautgafan.hi.is\/hugsa%C3%B0_me%C3%B0_platoni\"><em>Hugsa\u00f0 me\u00f0 Platoni<\/em><\/a>, ed. Svavar Hrafn Svavarsson, University of Iceland Press, Reykjav\u00edk 2013, pp. 151-165. (\"Female Virtue?\",\u00a0<em>Thinking with Plato.<\/em>)<\/li>\n<li>\"Nokkur or\u00f0 um mikilv\u00e6gi ranns\u00f3kna\",\u00a0<em>Handb\u00f3k \u00ed a\u00f0fer\u00f0afr\u00e6\u00f0i ranns\u00f3kna<\/em>, ed. Sigr\u00ed\u00f0ur Halld\u00f3rsd\u00f3ttir, University of Akureyri, Akureyri 2013: pp. 31-37. (\"Few Words on the Importance of Research\",\u00a0<em>Handbook on Research Methodology.<\/em>)<\/li>\n<li>\"<a href=\"http:\/\/www.igl.ku.dk\/%7Eaigis\/2006,2\/plat\/2.pdf\">Kommentar til Eggert-Olsen<\/a>\" and \"<a href=\"http:\/\/www.igl.ku.dk\/%7Eaigis\/2006,2\/plat\/18.pdf\">Kommentar til Teodorsson<\/a>\", <em><a href=\"http:\/\/www.igl.ku.dk\/%7Eaigis\/2006,2\/plat\/plat-ind.html\">Aigis<\/a><\/em> 2006 (proceedings from the Nordic Plato Society Conference in Oslo\u00a02005).<\/li>\n<li>\"<a href=\"http:\/\/uni.hi.is\/esmari\/files\/2014\/02\/Platos-ideal-of-science-1998.pdf\">Plato\u2019s ideal of science<\/a>\",\u00a0<em>Essays on Plato\u2019s <\/em>Republic, ed. Erik Nis Ostenfeld, Aarhus University Press, Aarhus 1998.<\/li>\n<li>\"<a href=\"http:\/\/uni.hi.is\/esmari\/files\/2014\/02\/Against-fundamentalism-CM-1997.pdf\">Against fundamentalism in Hippocratic hermeneutics: A study of <em>peri nouson <\/em>B<\/a>\",\u00a0<em>Classica et mediaevalia<\/em> XLVIII, Aarhus 1997.<\/li>\n<\/ul>\n<p>Edited books:<\/p>\n<ul>\n<li><a href=\"http:\/\/haskolautgafan.hi.is\/hugsad_med_aristotelesi\"><em>Hugsa\u00f0 me\u00f0 Arist\u00f3telesi: 2400 \u00e1ra afm\u00e6li heimspekings<\/em><\/a>, edd. Svavar Hrafn Svavarsson and Eir\u00edkur Sm\u00e1ri Sigur\u00f0arson, University of Iceland Press, Reykjav\u00edk 2018. (<em>Thinking with Aristotle: 2400 year birthday of a philosopher.)<\/em><\/li>\n<\/ul>\n<p>PhD Thesis\u00a0(2003):<\/p>\n<ul>\n<li><a href=\"https:\/\/www.repository.cam.ac.uk\/handle\/1810\/244815\"><em>Studies in<\/em> <em>Historia<\/em><\/a><\/li>\n<\/ul>\n<p>Reports:<\/p>\n<ul>\n<li><a href=\"http:\/\/brunnur.stjr.is\/mrn\/utgafuskra\/utgafa.nsf\/RSSPage.xsp?documentId=E1A52BA152CF37C400257A07005935C1&amp;action=openDocument\"><em>\u00de\u00e1tttaka \u00cdslands \u00ed 6. og 7. ranns\u00f3kna\u00e1\u00e6tlun ESB: Lokask\u00fdrsla matsh\u00f3ps mennta- og menningarm\u00e1lar\u00e1\u00f0uneytisins<\/em><\/a>, Ministry of Education, Science and Culture, Reykjavik 2012 (with \u00de\u00f3runni Rafnar, Edda Lilja Sveinsd\u00f3ttir and Kristnn Andersen). (<em>Icelandic participation in FP6 and FP7: Final report of a working group<\/em>.)<\/li>\n<\/ul>\n<p>Newspaper articles:<\/p>\n<ul>\n<li>\"<a href=\"http:\/\/www.visir.is\/nokkur-ord-um-rannsoknir-og-samkeppnissjodi\/article\/2013711159983\">Nokkur or\u00f0 um ranns\u00f3knir og samkepppnissj\u00f3\u00f0i<\/a>\" with \u00c1stu Sif Erlingsd\u00f3ttur (October 2013): <em>Fr\u00e9ttabla\u00f0i\u00f0<\/em>. (\"Few Words on Research and Competitive Funds\".)<\/li>\n<li>\"<a href=\"http:\/\/visir.is\/epli-og-konglar\/article\/2013710309993\">Epli og k\u00f6nglar<\/a>\"\u00a0(November 2013):\u00a0<em>Fr\u00e9ttabla\u00f0i\u00f0<\/em>. (\"Comparing Apples and Cones\".)<\/li>\n<li>\"<a href=\"http:\/\/www.visir.is\/enn-um-styrk-fraedasvida-og-mikilvaegi-hugvisinda\/article\/2010121005943\">Enn um styrk fr\u00e6\u00f0asvi\u00f0a og mikilv\u00e6gi hugv\u00edsinda<\/a>\"\u00a0(November 2010):\u00a0<em>Fr\u00e9ttabla\u00f0i\u00f0.\u00a0<\/em>(\"More on the comparative strenght of research and the importance of the humanities\".)<\/li>\n<\/ul>\n<\/div>\n","protected":false},"excerpt":{"rendered":"<p>Published papers: \"Capacities, Capabilities and the Societal Impact of the Humanities\u201c,\u00a0Research Evaluation\u00a02019,\u00a0special section edd. by Jack Spaapen and Gunnar Sivertsen. \"Antif\u00f3n og d\u00fdrafr\u00e6\u00f0i Arist\u00f3telesar\", Hugsa\u00f0 me\u00f0 Arist\u00f3telesi, edd. Svavar Hrafn Svavarsson and Eir\u00edkur Sm\u00e1ri Sigur\u00f0arson, University of Iceland Press, Reykjav\u00edk &hellip; <a href=\"https:\/\/uni.hi.is\/esmari\/english\/publications\/\">Halda \u00e1fram a\u00f0 lesa <span class=\"meta-nav\">&rarr;<\/span><\/a><\/p>\n","protected":false},"author":414,"featured_media":0,"parent":41,"menu_order":0,"comment_status":"closed","ping_status":"closed","template":"onecolumn-page.php","meta":{"footnotes":""},"class_list":["post-49","page","type-page","status-publish","hentry"],"_links":{"self":[{"href":"https:\/\/uni.hi.is\/esmari\/wp-json\/wp\/v2\/pages\/49","targetHints":{"allow":["GET"]}}],"collection":[{"href":"https:\/\/uni.hi.is\/esmari\/wp-json\/wp\/v2\/pages"}],"about":[{"href":"https:\/\/uni.hi.is\/esmari\/wp-json\/wp\/v2\/types\/page"}],"author":[{"embeddable":true,"href":"https:\/\/uni.hi.is\/esmari\/wp-json\/wp\/v2\/users\/414"}],"replies":[{"embeddable":true,"href":"https:\/\/uni.hi.is\/esmari\/wp-json\/wp\/v2\/comments?post=49"}],"version-history":[{"count":19,"href":"https:\/\/uni.hi.is\/esmari\/wp-json\/wp\/v2\/pages\/49\/revisions"}],"predecessor-version":[{"id":1547,"href":"https:\/\/uni.hi.is\/esmari\/wp-json\/wp\/v2\/pages\/49\/revisions\/1547"}],"up":[{"embeddable":true,"href":"https:\/\/uni.hi.is\/esmari\/wp-json\/wp\/v2\/pages\/41"}],"wp:attachment":[{"href":"https:\/\/uni.hi.is\/esmari\/wp-json\/wp\/v2\/media?parent=49"}],"curies":[{"name":"wp","href":"https:\/\/api.w.org\/{rel}","templated":true}]}}