{"id":598,"date":"2015-01-07T07:12:57","date_gmt":"2015-01-07T07:12:57","guid":{"rendered":"http:\/\/uni.hi.is\/esmari\/?page_id=598"},"modified":"2016-08-19T10:02:00","modified_gmt":"2016-08-19T10:02:00","slug":"fornfraedi-mr-kennsluaaetlun-vor-2015-drog","status":"publish","type":"page","link":"https:\/\/uni.hi.is\/esmari\/kennsla\/fornfraedi-mr\/mr-eldri-kennsluaaetlanir\/fornfraedi-mr-kennsluaaetlun-vor-2015-drog\/","title":{"rendered":"Fornfr\u00e6\u00f0i (MR): Kennslu\u00e1\u00e6tlun vor 2015 (dr\u00f6g)"},"content":{"rendered":"<ul>\n<li>7.1. Kynning.<\/li>\n<li>9.1. \u00de\u00fak\u00fdd\u00eddes I, 1-23 (bls. 23-36).<\/li>\n<li>14.1. \u00de\u00fak\u00fdd\u00eddes II, 34-46 (bls. 126-134).<\/li>\n<li>16.1. \u00de\u00fak\u00fdd\u00eddes II, 46-70 (bls. 134-149).<\/li>\n<li>21. 1.\u00a0\u00de\u00fak\u00fdd\u00eddes III, 69-90 (bls. 215-227).<\/li>\n<li>23.1.\u00a0\u00de\u00fak\u00fdd\u00eddes V, 84-116 (bls. 376-384).<\/li>\n<li>28.1. S\u00f3fistarnir: Gorg\u00edas (bls. 107-112 \u00ed lj\u00f3sriti).<\/li>\n<li>30.1.\u00a0S\u00f3fistarnir: Pr\u00f3tag\u00f3ras, Pr\u00f3dikos, Hipp\u00edas og Ant\u00edfon (bls. 105-107 og 112-118 \u00ed lj\u00f3sriti).<\/li>\n<li>4.2.\u00a0<em>Sk\u00fd<\/em>\u00a0Arist\u00f3fanesar (bls. 1-25 \u00ed lj\u00f3sriti).<\/li>\n<li>6.2.\u00a0<em>Sk\u00fd<\/em>\u00a0Arist\u00f3fanesar (bls. 25-84 \u00ed lj\u00f3sriti).<\/li>\n<li>11.2.\u00a0S\u00f3krates og\u00a0Platon: Kynning.<\/li>\n<li>13.2. <em>S\u00ed\u00f0ustu dagar S\u00f3kratesar<\/em>: <em>M\u00e1lsv\u00f6rnin<\/em> (bls. 29-73).<\/li>\n<li>18.2. <strong>Leiklestur<\/strong>: <em>Sk\u00fdin<\/em> (\u00farval).<\/li>\n<li>20.2.\u00a0Vorhl\u00e9.<\/li>\n<li>25.2.\u00a0<em>S\u00ed\u00f0ustu dagar S\u00f3kratesar<\/em>: <em>Kr\u00edton<\/em> (bls. 74-97).<\/li>\n<li>27.2. X.<\/li>\n<li>4.3.\u00a0X.<\/li>\n<li>6.3. Fr\u00ed.<\/li>\n<li>11.3.\u00a0<strong>Skriflegt pr\u00f3f<\/strong>.<\/li>\n<li>13.3.\u00a0<em>S\u00ed\u00f0ustu dagar S\u00f3kratesar<\/em>: <em>Kr\u00edton<\/em> (frh.) og <em>F\u00e6don<\/em> (bls. 98-125).<\/li>\n<li>18.3. <strong>Kynning<\/strong>.<\/li>\n<li>20.3.\u00a0<strong>Kynningar<\/strong>.<\/li>\n<li>25.3.\u00a0<em>S\u00ed\u00f0ustu dagar S\u00f3kratesar<\/em>: <em>F\u00e6don<\/em> (bls.\u00a0125-134).<\/li>\n<li>27.3.\u00a0<em>S\u00ed\u00f0ustu dagar S\u00f3kratesar<\/em>: <em>F\u00e6don<\/em> (bls.\u00a0134-158); <strong>skil\u00a0\u00e1 ritger\u00f0 III<\/strong>.<\/li>\n<li>8.4.\u00a0<em>S\u00ed\u00f0ustu dagar S\u00f3kratesar<\/em>: <em>F\u00e6don<\/em> (bls.\u00a0158-169)<\/li>\n<li>10.4.\u00a0<em>S\u00ed\u00f0ustu dagar S\u00f3kratesar<\/em>: <em>F\u00e6don<\/em> (bls.\u00a0169-187).<\/li>\n<li>15.4.\u00a0<em>S\u00ed\u00f0ustu dagar S\u00f3kratesar<\/em>:\u00a0<em>F\u00e6don<\/em>\u00a0(bls.\u00a0187-203).<\/li>\n<li>17.4. Lokat\u00edmi.<\/li>\n<\/ul>\n<p>*Feitletra\u00f0 efni er meti\u00f0 til einkunnar.<\/p>\n","protected":false},"excerpt":{"rendered":"<p>7.1. Kynning. 9.1. \u00de\u00fak\u00fdd\u00eddes I, 1-23 (bls. 23-36). 14.1. \u00de\u00fak\u00fdd\u00eddes II, 34-46 (bls. 126-134). 16.1. \u00de\u00fak\u00fdd\u00eddes II, 46-70 (bls. 134-149). 21. 1.\u00a0\u00de\u00fak\u00fdd\u00eddes III, 69-90 (bls. 215-227). 23.1.\u00a0\u00de\u00fak\u00fdd\u00eddes V, 84-116 (bls. 376-384). 28.1. S\u00f3fistarnir: Gorg\u00edas (bls. 107-112 \u00ed lj\u00f3sriti). 30.1.\u00a0S\u00f3fistarnir: Pr\u00f3tag\u00f3ras, &hellip; <a href=\"https:\/\/uni.hi.is\/esmari\/kennsla\/fornfraedi-mr\/mr-eldri-kennsluaaetlanir\/fornfraedi-mr-kennsluaaetlun-vor-2015-drog\/\">Halda \u00e1fram a\u00f0 lesa <span class=\"meta-nav\">&rarr;<\/span><\/a><\/p>\n","protected":false},"author":414,"featured_media":0,"parent":795,"menu_order":3,"comment_status":"closed","ping_status":"closed","template":"","meta":{"footnotes":""},"class_list":["post-598","page","type-page","status-publish","hentry"],"_links":{"self":[{"href":"https:\/\/uni.hi.is\/esmari\/wp-json\/wp\/v2\/pages\/598","targetHints":{"allow":["GET"]}}],"collection":[{"href":"https:\/\/uni.hi.is\/esmari\/wp-json\/wp\/v2\/pages"}],"about":[{"href":"https:\/\/uni.hi.is\/esmari\/wp-json\/wp\/v2\/types\/page"}],"author":[{"embeddable":true,"href":"https:\/\/uni.hi.is\/esmari\/wp-json\/wp\/v2\/users\/414"}],"replies":[{"embeddable":true,"href":"https:\/\/uni.hi.is\/esmari\/wp-json\/wp\/v2\/comments?post=598"}],"version-history":[{"count":20,"href":"https:\/\/uni.hi.is\/esmari\/wp-json\/wp\/v2\/pages\/598\/revisions"}],"predecessor-version":[{"id":672,"href":"https:\/\/uni.hi.is\/esmari\/wp-json\/wp\/v2\/pages\/598\/revisions\/672"}],"up":[{"embeddable":true,"href":"https:\/\/uni.hi.is\/esmari\/wp-json\/wp\/v2\/pages\/795"}],"wp:attachment":[{"href":"https:\/\/uni.hi.is\/esmari\/wp-json\/wp\/v2\/media?parent=598"}],"curies":[{"name":"wp","href":"https:\/\/api.w.org\/{rel}","templated":true}]}}