{"id":62,"date":"2014-02-25T20:12:34","date_gmt":"2014-02-25T20:12:34","guid":{"rendered":"http:\/\/uni.hi.is\/esmari\/?page_id=62"},"modified":"2020-02-04T11:25:01","modified_gmt":"2020-02-04T11:25:01","slug":"fyrirlestrar","status":"publish","type":"page","link":"https:\/\/uni.hi.is\/esmari\/fyrirlestrar\/","title":{"rendered":"Fyrirlestrar"},"content":{"rendered":"<p><strong>2019<\/strong><\/p>\n<p>\u201eThe sustainable development goals, capabilities and the societal impact of the humanities\u201c. Erindi flutt \u00e1 <a href=\"https:\/\/ressh2019.webs.upv.es\">RESSH r\u00e1\u00f0stefnunni<\/a> \u00ed Valencia 20. september. (R)<\/p>\n<p>\u201eCollective capabilities and the societal impact of humanities research\u201c. Erindi flutt \u00e1 <a href=\"https:\/\/hd-ca.org\/conferences\/2019-hdca-conference-london-uk#anchor5\">HDCA r\u00e1\u00f0stefnunni<\/a> \u00ed Lund\u00fanum 10. september. (R)<\/p>\n<p>\u201eAnalyzing societal impact through dialogue\u201c. Erindi flutt \u00e1 <a href=\"https:\/\/norsshvalue.home.blog\/2019\/08\/13\/reykjavik-seminar-programme-is-now-online\/\">NORSSHVALUE r\u00e1\u00f0stefnunni<\/a> \u00ed Reykjav\u00edk 21. \u00e1g\u00fast. Me\u00f0h\u00f6fundur: Elsa Haraldsd\u00f3ttir.<\/p>\n<p>\u201eNarrating the societal impact of research\u201c. Erindi flutt vi\u00f0 <a href=\"https:\/\/www.kura.kyoto-u.ac.jp\/event\/152\">Kyoto h\u00e1sk\u00f3la 21. ma\u00ed 2019<\/a>.<\/p>\n<p>\u201eS\u00f3krat\u00eds-arist\u00f3tel\u00edsk n\u00e1tt\u00faruv\u00edsindi\u201c. Erindi flutt \u00e1 <a href=\"http:\/\/hugvisindathing.hi.is\/malstofur\/sokratiska-adferdin\/\">Hugv\u00edsinda\u00feingi 8. mars 2019<\/a>.<\/p>\n<p><strong>2018<\/strong><\/p>\n<p>\u201eCapacities and Societal Impact: The Case of Humanities\u201c. Erindi \u00e1 <a href=\"https:\/\/www.ssh-impact.eu\">SSH-Impact r\u00e1\u00f0stefnunni<\/a> \u00ed V\u00edn 29. n\u00f3vember 2018. Erindi flutt af me\u00f0h\u00f6fundi, Elsu Haraldsd\u00f3ttur. (R)<\/p>\n<p>\u201eCapabilities, epistemic justice and the impact of humanities\u201c. Erindi flutt \u00e1 <a href=\"http:\/\/thc2018.org\">Triple-Helix r\u00e1\u00f0stefnunni<\/a> \u00ed Manchester 5. til 8. september 2018. (R)<\/p>\n<p>\u201eCapabilities, epistemic justice and the societal impact of the humanities\u201c. Erindi flutt \u00e1 <a href=\"https:\/\/hd-ca.org\/conferences\/2018-hdca-conference-buenos-aires-argentina\">HDCA r\u00e1\u00f0stefnunni<\/a> \u00ed Buenos Aires 1. september 2018. (R)<\/p>\n<p>\u201eValue, societal impact and research policy\u201c. Erindi flutt \u00e1 <a href=\"https:\/\/euspri2018.paris\">EU-SPRI r\u00e1\u00f0stefnunni<\/a> \u00ed Par\u00eds 6. til 8. j\u00fan\u00ed 2018. (R)<\/p>\n<p>\u201eCapabilities, epistemic justice and the impact of humanities\u201c.\u00a0Erindi flutt \u00e1 <a href=\"http:\/\/www.ingenio.upv.es\/en\/seminars\/capabilities-epistemic-justice-and-impact-humanities#.XEXhGC2cYlE\">m\u00e1lstofu<\/a> hj\u00e1 INGENIO vi\u00f0 T\u00e6knih\u00e1sk\u00f3lann \u00ed Valencia 8. febr\u00faar 2018.<\/p>\n<p>\u201eHuman Rights, Understanding and Epistemic Contribution: The Role of the Humanities\u201c. Erindi flutt \u00e1 <a href=\"http:\/\/Human Rights, Understanding and Epistemic Contribution: The Role of the Humanities\">Hugv\u00edsinda\u00feingi 9. mars 2018<\/a>.<\/p>\n<p><strong>2017<\/strong><\/p>\n<p>\u201eVirtue Model for Impact\u201c. Erindi flutt \u00e1 r\u00e1\u00f0stefnu <a href=\"http:\/\/blogs.helsinki.fi\/nwb-2017\/\">NWB<\/a> \u00ed Helsinki 9. \u2013 10. n\u00f3vember 2017 (R).<\/p>\n<p>\u201eDrowning by numbers: Evaluating Social Capacities\u201c. Erindi flutt \u00e1 r\u00e1\u00f0stefnu <a href=\"https:\/\/www.uantwerpen.be\/en\/conferences\/ressh2017\/\">RESSH<\/a> \u00ed Antwerpen 6. - 7. j\u00fal\u00ed 2017. (doi: <span role=\"dialog\"><span class=\"\"><a class=\"normal-link underline\" href=\"https:\/\/doi.org\/10.6084\/m9.figshare.5181550\" target=\"_blank\" rel=\"noreferrer noopener\">10.6084\/m9.figshare.5181550<\/a><\/span><\/span>) (R).<\/p>\n<p>\u201eArist\u00f3tel\u00edsk skapger\u00f0amennt og l\u00edkamlegar erf\u00f0ir\u201c. Erindi flutt \u00e1 r\u00e1\u00f0stefnunni <em><a href=\"http:\/\/sidfraedi.hi.is\/upptokur_fra_radstefnunni_gedshraeringar_skapgerd_sjalf_og_frelsi\">Ge\u00f0shr\u00e6ring, skapger\u00f0, sj\u00e1lf og frelsi: R\u00e1\u00f0stefna um heimspekileg vi\u00f0fangsefni Kristj\u00e1ns Kristj\u00e1nssonar<\/a><\/em> 29. apr\u00edl 2017. (<a href=\"http:\/\/uni.hi.is\/esmari\/files\/2014\/02\/Arist\u00f3tel\u00edsk-ska\u00f0ger\u00f0armennt.pdf\">Gl\u00e6rur<\/a>) (R)<\/p>\n<p>\u201e\u201e... \u00fev\u00ed a\u00f0 manne\u00f0li\u00f0 er alltaf sj\u00e1lfu s\u00e9r l\u00edkt ...\u201c: S\u00f3fistarnir og \u00de\u00fak\u00fdd\u00eddes um e\u00f0li mannsins.\u201c Erindi flutt \u00e1 m\u00e1l\u00feingi Grikklandsvinaf\u00e9lagsins Hellas 22. apr\u00edl 2017. (<a href=\"http:\/\/uni.hi.is\/esmari\/files\/2014\/02\/\u00fev\u00ed-manne\u00f0li\u00f0-er-alltaf-sj\u00e1lfu-s\u00e9r-l\u00edkt.pdf\">Gl\u00e6rur<\/a>)<\/p>\n<p>\u201eHugv\u00edsindi breyta heiminum\u201c. Erindi flutt \u00e1 Hugv\u00edsinda\u00feingi 11. mars 2017. (doi: <span role=\"dialog\"><span class=\"\"><a class=\"normal-link underline\" href=\"https:\/\/doi.org\/10.6084\/m9.figshare.5143201\" target=\"_blank\" rel=\"noreferrer noopener\">10.6084\/m9.figshare.5143201<\/a><\/span><\/span>)<\/p>\n<p>\u201eMa\u00f0urinn sem fann Evr\u00f3pu: Herod\u00f3tos fr\u00e1 Halikarnassos\u201c. Erindi flutt \u00e1 m\u00e1l\u00feingi Grikklandsvinaf\u00e9lagsins Hellas 4. febr\u00faar 2017. (<a href=\"http:\/\/uni.hi.is\/esmari\/files\/2014\/02\/Ma\u00f0urinn-sem-fann-Evr\u00f3pu.pdf\">Gl\u00e6rur<\/a>)<\/p>\n<p><strong>2016<\/strong><\/p>\n<p>\u201eGildi hugv\u00edsinda \u00e1 21. \u00f6ld\u201c. Erindi flutt \u00e1 m\u00e1lstofu \u00ed <a href=\"http:\/\/fel.hi.is\/spegillinn\">\u00dej\u00f3\u00f0arspeglinum<\/a> 28. okt\u00f3ber 2016. (<a href=\"http:\/\/uni.hi.is\/esmari\/files\/2014\/02\/Gildi-mannv\u00edsinda-\u00e1-21.-\u00f6ld.pdf\">Gl\u00e6rur<\/a>).<\/p>\n<p>\u201e<a href=\"https:\/\/soundcloud.com\/j-n-p-lsson\/eirikur-smari-sigurarson-hugvisindi-og-merking-haskola\">Hugv\u00edsindi og merking h\u00e1sk\u00f3la<\/a>\u201c. Erindi flutt \u00e1 r\u00e1\u00f0stefnunni <em><a href=\"http:\/\/sidfraedi.hi.is\/frettir\/2016_05_11\/hugsun_og_veruleiki_radstefna_um_heimspeki_pals_skulasonar_27_28_mai\">Hugsun og veruleiki. R\u00e1\u00f0stefna um heimspeki P\u00e1ls Sk\u00falasonar<\/a><\/em> 28. ma\u00ed 2016.<\/p>\n<p>\u201eSj\u00e1lfselska og r\u00e9ttl\u00e6ti hj\u00e1 Antifon og Arist\u00f3telesi\u201c. Erindi flutt \u00e1 <a href=\"http:\/\/hugvis.hi.is\/hugsad_med_aristotelesi\">Hugv\u00edsinda\u00feingi<\/a> 11. mars 2016.<\/p>\n<p><strong>2015<\/strong><\/p>\n<p>\u201eAntiphon and Aristotle's animals: On nature and selfishness\u201c. Erindi flutt \u00e1 r\u00e1\u00f0stefnunni <a href=\"http:\/\/filosofia.fi\/node\/7139\"><em>Self-interest and Other-regard<\/em><\/a>, Reykjav\u00edk 27. n\u00f3vember 2015.<\/p>\n<p>\u201eDen ideelle videnskab: Aristoteles' herodoteiske platonisme\". Erindi flutt \u00e1 r\u00e1\u00f0stefnu\u00a0Platonselskabet i Oslo 12. j\u00fan\u00ed 2015.<\/p>\n<p>\u201eSannleikurinn b\u00fdr\u00a0\u00ed myrkrinu\u201c. Erindi flutt \u00e1 <a href=\"http:\/\/hugvis.hi.is\/ljos_og_myrkur_sannleikans_i_kennilegum_bokmenntum\">Hugv\u00edsinda\u00feingi<\/a> 13. mars 2015. (<a href=\"http:\/\/uni.hi.is\/esmari\/files\/2014\/02\/Sannleikurinn-\u00ed-myrkrinu-HUGV\u00cdS-2015.pdf\">Gl\u00e6rur<\/a>)<\/p>\n<p><strong>2013<\/strong><\/p>\n<p>\u201e<a href=\"\/\/prezi.com\/embed\/59dvip55pk6w\/?bgcolor=ffffff&amp;amp;lock_to_path=0&amp;amp;autoplay=0&amp;amp;autohide_ctrls=0&amp;amp;features=undefined&amp;amp;disabled_features=undefined&quot; width=&quot;550&quot; height=&quot;400&quot; frameBorder=&quot;0&quot; webkitAllowFullScreen mozAllowFullscreen allowfullscreen&gt;&lt;\/iframe&gt;\">Framt\u00ed\u00f0 og g\u00e6\u00f0i doktorsn\u00e1ms \u00e1 \u00cdslandi<\/a>\u201c. Erindi flutt \u00e1 m\u00e1l\u00feingi\u00a0<a href=\"https:\/\/www.youtube.com\/watch?v=ToMHDGsSM0c\"><em>V\u00edsindaf\u00e9lags \u00cdslendinga<\/em> 17. okt\u00f3ber 2013<\/a>.<\/p>\n<p>\u201e<a href=\"\/\/prezi.com\/embed\/hxbk3ppn_91b\/?bgcolor=ffffff&amp;amp;lock_to_path=0&amp;amp;autoplay=0&amp;amp;autohide_ctrls=0&amp;amp;features=undefined&amp;amp;disabled_features=undefined&quot; width=&quot;550&quot; height=&quot;400&quot; frameBorder=&quot;0&quot; webkitAllowFullScreen mozAllowFullscreen allowfullscreen&gt;&lt;\/iframe&gt;\">Gy\u00f0ja Parmen\u00eddesar<\/a>\u201c. Erindi flutt \u00ed h\u00e1degisfyrirlestrar\u00f6\u00f0inni \u201eKvenheimspekingar koma \u00ed kaffi\u201c 12. september 2013.<\/p>\n<p>\u201eS\u00f8vnens filosofi: Platon i dialog med livet og d\u00f8den\u201c. Erindi flutt \u00e1 r\u00e1\u00f0stefnu Platonselskabet \u00ed Kaupmannah\u00f6fn 1. j\u00fan\u00ed 2013.<\/p>\n<p>\u201eSifjafr\u00e6\u00f0i s\u00f6gu og heimspeki\u201c. Erindi flutt \u00e1 <a href=\"http:\/\/hugvis.hi.is\/sifjafraedi_hugtaka\">Hugv\u00edsinda\u00feingi 16. mars 2013<\/a>.<\/p>\n<p><strong>2011<\/strong><\/p>\n<p>\u201ePlaton om venskab: Sokrates og hans venner i <i>Forsvarstalen\u201c<\/i>. Erindi flutt \u00e1 r\u00e1\u00f0stefnu Platonselskabet \u00ed Lundi 3. j\u00fan\u00ed 2011.<\/p>\n<p>\u201eSleep as an epileptic seizure and other philosophical ideas\u201c. Erindi flutt \u00e1 14. norr\u00e6nu \u00a0svefnr\u00e1\u00f0stefnunni (14th Nordic Sleep Conference) \u00ed Reykjav\u00edk 5. ma\u00ed 2011 (bo\u00f0sfyrirlestur vi\u00f0 setningu).<\/p>\n<p>\u201eSvefn er flogakast\u201c. Erindi flutt \u00e1 <a href=\"http:\/\/hugvis.hi.is\/heimspeki_fornaldar_0\">Hugv\u00edsinda\u00feingi 25. mars 2011<\/a>.<\/p>\n<p><em>R: Ritr\u00fdnd r\u00e1\u00f0stefna.<\/em><\/p>\n","protected":false},"excerpt":{"rendered":"<p>2019 \u201eThe sustainable development goals, capabilities and the societal impact of the humanities\u201c. Erindi flutt \u00e1 RESSH r\u00e1\u00f0stefnunni \u00ed Valencia 20. september. (R) \u201eCollective capabilities and the societal impact of humanities research\u201c. Erindi flutt \u00e1 HDCA r\u00e1\u00f0stefnunni \u00ed Lund\u00fanum 10. &hellip; <a href=\"https:\/\/uni.hi.is\/esmari\/fyrirlestrar\/\">Halda \u00e1fram a\u00f0 lesa <span class=\"meta-nav\">&rarr;<\/span><\/a><\/p>\n","protected":false},"author":414,"featured_media":0,"parent":0,"menu_order":4,"comment_status":"closed","ping_status":"closed","template":"onecolumn-page.php","meta":{"footnotes":""},"class_list":["post-62","page","type-page","status-publish","hentry"],"_links":{"self":[{"href":"https:\/\/uni.hi.is\/esmari\/wp-json\/wp\/v2\/pages\/62","targetHints":{"allow":["GET"]}}],"collection":[{"href":"https:\/\/uni.hi.is\/esmari\/wp-json\/wp\/v2\/pages"}],"about":[{"href":"https:\/\/uni.hi.is\/esmari\/wp-json\/wp\/v2\/types\/page"}],"author":[{"embeddable":true,"href":"https:\/\/uni.hi.is\/esmari\/wp-json\/wp\/v2\/users\/414"}],"replies":[{"embeddable":true,"href":"https:\/\/uni.hi.is\/esmari\/wp-json\/wp\/v2\/comments?post=62"}],"version-history":[{"count":64,"href":"https:\/\/uni.hi.is\/esmari\/wp-json\/wp\/v2\/pages\/62\/revisions"}],"predecessor-version":[{"id":1552,"href":"https:\/\/uni.hi.is\/esmari\/wp-json\/wp\/v2\/pages\/62\/revisions\/1552"}],"wp:attachment":[{"href":"https:\/\/uni.hi.is\/esmari\/wp-json\/wp\/v2\/media?parent=62"}],"curies":[{"name":"wp","href":"https:\/\/api.w.org\/{rel}","templated":true}]}}