{"id":717,"date":"2016-04-23T09:46:35","date_gmt":"2016-04-23T09:46:35","guid":{"rendered":"http:\/\/uni.hi.is\/esmari\/?page_id=717"},"modified":"2017-03-25T13:54:41","modified_gmt":"2017-03-25T13:54:41","slug":"verkefni","status":"publish","type":"page","link":"https:\/\/uni.hi.is\/esmari\/verkefni\/","title":{"rendered":"Verkefni"},"content":{"rendered":"<p>Nokkur verkefni sem \u00e9g vinn a\u00f0 \u00feessi misserin:<\/p>\n<ul>\n<li><a href=\"http:\/\/uni.hi.is\/esmari\/verkefni\/sifjafraedi-sogu-og-heimspeki\/\">Sifjafr\u00e6\u00f0i s\u00f6gu og heimspeki<\/a><\/li>\n<li><a href=\"http:\/\/uni.hi.is\/esmari\/verkefni\/heimspeki-svefns\/\">Heimspeki svefns<\/a><\/li>\n<li><a href=\"http:\/\/uni.hi.is\/esmari\/verkefni\/antifon-aristoteles-og-natturuleg-sidfraedi\/\">Antifon, Arist\u00f3teles og n\u00e1tt\u00faruleg si\u00f0fr\u00e6\u00f0i<\/a><\/li>\n<li><a href=\"http:\/\/uni.hi.is\/esmari\/verkefni\/gagn-og-gildi-hugvisinda\/\">Gagn og gildi hugv\u00edsinda<\/a><\/li>\n<\/ul>\n","protected":false},"excerpt":{"rendered":"<p>Nokkur verkefni sem \u00e9g vinn a\u00f0 \u00feessi misserin: Sifjafr\u00e6\u00f0i s\u00f6gu og heimspeki Heimspeki svefns Antifon, Arist\u00f3teles og n\u00e1tt\u00faruleg si\u00f0fr\u00e6\u00f0i Gagn og gildi hugv\u00edsinda<\/p>\n","protected":false},"author":414,"featured_media":0,"parent":0,"menu_order":5,"comment_status":"closed","ping_status":"closed","template":"","meta":{"footnotes":""},"class_list":["post-717","page","type-page","status-publish","hentry"],"_links":{"self":[{"href":"https:\/\/uni.hi.is\/esmari\/wp-json\/wp\/v2\/pages\/717","targetHints":{"allow":["GET"]}}],"collection":[{"href":"https:\/\/uni.hi.is\/esmari\/wp-json\/wp\/v2\/pages"}],"about":[{"href":"https:\/\/uni.hi.is\/esmari\/wp-json\/wp\/v2\/types\/page"}],"author":[{"embeddable":true,"href":"https:\/\/uni.hi.is\/esmari\/wp-json\/wp\/v2\/users\/414"}],"replies":[{"embeddable":true,"href":"https:\/\/uni.hi.is\/esmari\/wp-json\/wp\/v2\/comments?post=717"}],"version-history":[{"count":5,"href":"https:\/\/uni.hi.is\/esmari\/wp-json\/wp\/v2\/pages\/717\/revisions"}],"predecessor-version":[{"id":1294,"href":"https:\/\/uni.hi.is\/esmari\/wp-json\/wp\/v2\/pages\/717\/revisions\/1294"}],"wp:attachment":[{"href":"https:\/\/uni.hi.is\/esmari\/wp-json\/wp\/v2\/media?parent=717"}],"curies":[{"name":"wp","href":"https:\/\/api.w.org\/{rel}","templated":true}]}}