{"id":721,"date":"2016-04-23T09:49:52","date_gmt":"2016-04-23T09:49:52","guid":{"rendered":"http:\/\/uni.hi.is\/esmari\/?page_id=721"},"modified":"2017-04-21T00:03:12","modified_gmt":"2017-04-21T00:03:12","slug":"antifon-aristoteles-og-natturuleg-sidfraedi","status":"publish","type":"page","link":"https:\/\/uni.hi.is\/esmari\/verkefni\/antifon-aristoteles-og-natturuleg-sidfraedi\/","title":{"rendered":"Antifon, Arist\u00f3teles og n\u00e1tt\u00faruleg si\u00f0fr\u00e6\u00f0i"},"content":{"rendered":"<p>Greinar tengdar efninu:<\/p>\n<ul>\n<li>\u201eAntifon og d\u00fdr Arist\u00f3telesar: Um n\u00e1tt\u00faru og si\u00f0fr\u00e6\u00f0i\u201c, <em>Hugsa\u00f0 me\u00f0 Arist\u00f3telesi<\/em>, ritstj. Svavar Hrafn Svavarsson og Eir\u00edkur Sm\u00e1ri Sigur\u00f0arson, H\u00e1sk\u00f3la\u00fatg\u00e1fan, Reykjav\u00edk (v\u00e6ntanleg 2017). (R)<\/li>\n<li>\u201e<a href=\"http:\/\/uni.hi.is\/esmari\/files\/2014\/02\/Dygg%C3%B0ir-kvenna-Eiri%CC%81kur-Sma%CC%81ri-Sigur%C3%B0arson.pdf\">Dygg\u00f0ir kvenna?<\/a>\u201c,\u00a0<a href=\"http:\/\/haskolautgafan.hi.is\/hugsa%C3%B0_me%C3%B0_platoni\"><em>Hugsa\u00f0 me\u00f0 Platoni<\/em><\/a>, ritstj. Svavar Hrafn Svavarsson, H\u00e1sk\u00f3la\u00fatg\u00e1fan, Reykjav\u00edk 2013: bls. 151-165. (R)<\/li>\n<\/ul>\n<p>Fyrirlestrar tengdir efninu:<\/p>\n<ul>\n<li>\u201eArist\u00f3tel\u00edsk skapger\u00f0amennt og l\u00edkamlegar erf\u00f0ir\u201c. Erindi \u00e1 r\u00e1\u00f0stefnu um heimspeki Kristj\u00e1ns Kristj\u00e1nssonar 29. apr\u00edl. 2017.<\/li>\n<li>\u201eSj\u00e1lfselska og r\u00e9ttl\u00e6ti hj\u00e1 Antifon og Arist\u00f3telesi\u201c. Erindi flutt \u00e1 <a href=\"http:\/\/hugvis.hi.is\/hugsad_med_aristotelesi\">Hugv\u00edsinda\u00feingi<\/a> 11. mars 2016.<\/li>\n<li>\u201eAntiphon and Aristotle\u2019s animals: On nature and selfishness\u201c. Erindi flutt \u00e1 r\u00e1\u00f0stefnunni <a href=\"http:\/\/filosofia.fi\/node\/7139\"><em>Self-interest and Other-regard<\/em><\/a>, Reykjav\u00edk 27. n\u00f3vember 2015.<\/li>\n<\/ul>\n","protected":false},"excerpt":{"rendered":"<p>Greinar tengdar efninu: \u201eAntifon og d\u00fdr Arist\u00f3telesar: Um n\u00e1tt\u00faru og si\u00f0fr\u00e6\u00f0i\u201c, Hugsa\u00f0 me\u00f0 Arist\u00f3telesi, ritstj. Svavar Hrafn Svavarsson og Eir\u00edkur Sm\u00e1ri Sigur\u00f0arson, H\u00e1sk\u00f3la\u00fatg\u00e1fan, Reykjav\u00edk (v\u00e6ntanleg 2017). (R) \u201eDygg\u00f0ir kvenna?\u201c,\u00a0Hugsa\u00f0 me\u00f0 Platoni, ritstj. Svavar Hrafn Svavarsson, H\u00e1sk\u00f3la\u00fatg\u00e1fan, Reykjav\u00edk 2013: bls. 151-165. &hellip; <a href=\"https:\/\/uni.hi.is\/esmari\/verkefni\/antifon-aristoteles-og-natturuleg-sidfraedi\/\">Halda \u00e1fram a\u00f0 lesa <span class=\"meta-nav\">&rarr;<\/span><\/a><\/p>\n","protected":false},"author":414,"featured_media":0,"parent":717,"menu_order":2,"comment_status":"closed","ping_status":"closed","template":"","meta":{"footnotes":""},"class_list":["post-721","page","type-page","status-publish","hentry"],"_links":{"self":[{"href":"https:\/\/uni.hi.is\/esmari\/wp-json\/wp\/v2\/pages\/721","targetHints":{"allow":["GET"]}}],"collection":[{"href":"https:\/\/uni.hi.is\/esmari\/wp-json\/wp\/v2\/pages"}],"about":[{"href":"https:\/\/uni.hi.is\/esmari\/wp-json\/wp\/v2\/types\/page"}],"author":[{"embeddable":true,"href":"https:\/\/uni.hi.is\/esmari\/wp-json\/wp\/v2\/users\/414"}],"replies":[{"embeddable":true,"href":"https:\/\/uni.hi.is\/esmari\/wp-json\/wp\/v2\/comments?post=721"}],"version-history":[{"count":7,"href":"https:\/\/uni.hi.is\/esmari\/wp-json\/wp\/v2\/pages\/721\/revisions"}],"predecessor-version":[{"id":1308,"href":"https:\/\/uni.hi.is\/esmari\/wp-json\/wp\/v2\/pages\/721\/revisions\/1308"}],"up":[{"embeddable":true,"href":"https:\/\/uni.hi.is\/esmari\/wp-json\/wp\/v2\/pages\/717"}],"wp:attachment":[{"href":"https:\/\/uni.hi.is\/esmari\/wp-json\/wp\/v2\/media?parent=721"}],"curies":[{"name":"wp","href":"https:\/\/api.w.org\/{rel}","templated":true}]}}