{"id":724,"date":"2016-04-23T09:54:15","date_gmt":"2016-04-23T09:54:15","guid":{"rendered":"http:\/\/uni.hi.is\/esmari\/?page_id=724"},"modified":"2017-10-11T07:30:33","modified_gmt":"2017-10-11T07:30:33","slug":"gagn-og-gildi-hugvisinda","status":"publish","type":"page","link":"https:\/\/uni.hi.is\/esmari\/verkefni\/gagn-og-gildi-hugvisinda\/","title":{"rendered":"Gagn og gildi hugv\u00edsinda"},"content":{"rendered":"<p>Greinar tengdar efninu:<\/p>\n<ul>\n<li>\u201eDrowning by numbers: Evaluating Social Capacities\u201c (v\u00e6ntanleg \u00ed s\u00e9rhefti <a href=\"https:\/\/academic.oup.com\/rev\"><em>Research Evaluation<\/em><\/a> \u00ed ma\u00ed 2018; ritstj\u00f3rar Jack Saapens og Gunnar Sivertsen).<\/li>\n<li>\u201eHugv\u00edsindi eru merking h\u00e1sk\u00f3la. Kenningar P\u00e1ls Sk\u00falasonar um h\u00e1sk\u00f3la\u201c (\u00ed vinnslu).<\/li>\n<\/ul>\n<p>Fyrirlestrar tengdir verkefninu:<\/p>\n<ul>\n<li>\u201eDrowning by numbers: Evaluating Social Capacities\u201c. Erindi \u00e1 r\u00e1\u00f0stefnu <a href=\"https:\/\/www.uantwerpen.be\/en\/conferences\/ressh2017\/\">RESSH<\/a> \u00ed Antwerpen 6. \u2013 7. j\u00fal\u00ed 2017 (<a href=\"https:\/\/doi.org\/10.6084\/m9.figshare.5181550.v1\">https:\/\/doi.org\/10.6084\/m9.figshare.5181550.v1<\/a>)<\/li>\n<li>\u201eHugv\u00edsindi breyta heiminum\u201c. Erindi \u00e1 Hugv\u00edsinda\u00feingi 11. mars 2017. (<a href=\"https:\/\/doi.org\/10.6084\/m9.figshare.5143201.v1\">https:\/\/doi.org\/10.6084\/m9.figshare.5143201.v1<\/a>)<\/li>\n<li>\u201eGildi hugv\u00edsinda \u00e1 21. \u00f6ld\u201c. Erindi flutt \u00e1 m\u00e1lstofu \u00ed <a href=\"http:\/\/fel.hi.is\/spegillinn\">\u00dej\u00f3\u00f0arspeglinum<\/a> 28. okt\u00f3ber 2016. (<a href=\"http:\/\/uni.hi.is\/esmari\/files\/2014\/02\/Gildi-mannvi%CC%81sinda-a%CC%81-21.-o%CC%88ld.pdf\">Gl\u00e6rur<\/a>).<\/li>\n<li>\u201e<a href=\"https:\/\/soundcloud.com\/j-n-p-lsson\/eirikur-smari-sigurarson-hugvisindi-og-merking-haskola\">Hugv\u00edsindi og merking h\u00e1sk\u00f3la<\/a>\u201c. Erindi flutt \u00e1 r\u00e1\u00f0stefnunni <em><a href=\"http:\/\/sidfraedi.hi.is\/frettir\/2016_05_11\/hugsun_og_veruleiki_radstefna_um_heimspeki_pals_skulasonar_27_28_mai\">Hugsun og veruleiki. R\u00e1\u00f0stefna um heimspeki P\u00e1ls Sk\u00falasonar<\/a><\/em> 28. ma\u00ed 2016.<\/li>\n<\/ul>\n<p>Anna\u00f0 efni:<\/p>\n<ul>\n<li><a href=\"https:\/\/hugvisindayfirlysing.wordpress.com\/\">Stefnuyfirl\u00fdsing hugv\u00edsinda<\/a>.<\/li>\n<li>COST neti\u00f0 <em><a href=\"http:\/\/www.cost.eu\/COST_Actions\/ca\/CA15137\">European Network for Research Evaluation in the Social Sciences and the Humanities (ENRESSH)<\/a><\/em> var stofna\u00f0 vori\u00f0 2016.<\/li>\n<\/ul>\n","protected":false},"excerpt":{"rendered":"<p>Greinar tengdar efninu: \u201eDrowning by numbers: Evaluating Social Capacities\u201c (v\u00e6ntanleg \u00ed s\u00e9rhefti Research Evaluation \u00ed ma\u00ed 2018; ritstj\u00f3rar Jack Saapens og Gunnar Sivertsen). \u201eHugv\u00edsindi eru merking h\u00e1sk\u00f3la. Kenningar P\u00e1ls Sk\u00falasonar um h\u00e1sk\u00f3la\u201c (\u00ed vinnslu). Fyrirlestrar tengdir verkefninu: \u201eDrowning by numbers: &hellip; <a href=\"https:\/\/uni.hi.is\/esmari\/verkefni\/gagn-og-gildi-hugvisinda\/\">Halda \u00e1fram a\u00f0 lesa <span class=\"meta-nav\">&rarr;<\/span><\/a><\/p>\n","protected":false},"author":414,"featured_media":0,"parent":717,"menu_order":3,"comment_status":"closed","ping_status":"closed","template":"","meta":{"footnotes":""},"class_list":["post-724","page","type-page","status-publish","hentry"],"_links":{"self":[{"href":"https:\/\/uni.hi.is\/esmari\/wp-json\/wp\/v2\/pages\/724","targetHints":{"allow":["GET"]}}],"collection":[{"href":"https:\/\/uni.hi.is\/esmari\/wp-json\/wp\/v2\/pages"}],"about":[{"href":"https:\/\/uni.hi.is\/esmari\/wp-json\/wp\/v2\/types\/page"}],"author":[{"embeddable":true,"href":"https:\/\/uni.hi.is\/esmari\/wp-json\/wp\/v2\/users\/414"}],"replies":[{"embeddable":true,"href":"https:\/\/uni.hi.is\/esmari\/wp-json\/wp\/v2\/comments?post=724"}],"version-history":[{"count":9,"href":"https:\/\/uni.hi.is\/esmari\/wp-json\/wp\/v2\/pages\/724\/revisions"}],"predecessor-version":[{"id":1432,"href":"https:\/\/uni.hi.is\/esmari\/wp-json\/wp\/v2\/pages\/724\/revisions\/1432"}],"up":[{"embeddable":true,"href":"https:\/\/uni.hi.is\/esmari\/wp-json\/wp\/v2\/pages\/717"}],"wp:attachment":[{"href":"https:\/\/uni.hi.is\/esmari\/wp-json\/wp\/v2\/media?parent=724"}],"curies":[{"name":"wp","href":"https:\/\/api.w.org\/{rel}","templated":true}]}}