{"id":772,"date":"2016-06-19T18:03:09","date_gmt":"2016-06-19T18:03:09","guid":{"rendered":"http:\/\/uni.hi.is\/esmari\/?page_id=772"},"modified":"2017-09-27T15:29:22","modified_gmt":"2017-09-27T15:29:22","slug":"inngangur-ad-thekkingarfraedi","status":"publish","type":"page","link":"https:\/\/uni.hi.is\/esmari\/kennsla\/inngangur-ad-thekkingarfraedi\/","title":{"rendered":"Inngangur a\u00f0 \u00feekkingarfr\u00e6\u00f0i (HSP304G)"},"content":{"rendered":"<p><strong>Kennari<\/strong>: Eir\u00edkur Sm\u00e1ri Sigur\u00f0arson (esmari@hi.is). Vi\u00f0talst\u00edmi kennara ver\u00f0ur augl\u00fdstur s\u00ed\u00f0ar en hann er almennt tilb\u00fainn til skrafs og r\u00e1\u00f0ager\u00f0a eftir t\u00edma.<\/p>\n<p><strong>Markmi\u00f0<\/strong> n\u00e1mskei\u00f0sins er a) a\u00f0 nemendur kynnist helstu vi\u00f0fangsefnum \u00feekkingarfr\u00e6\u00f0innar s\u00ed\u00f0astli\u00f0na \u00f6ld og \u00f6\u00f0list haldg\u00f3\u00f0an grunn \u00e1 \u00feessu svi\u00f0i, b) a\u00f0 nemendur \u00fej\u00e1lfist \u00ed skipulegum lestri \u00e1 fr\u00e6\u00f0ilegum heimspekitextum og greiningu raka og c) a\u00f0 nemendur \u00fej\u00e1lfist \u00ed a\u00f0 skrifa fr\u00e6\u00f0ilegan texta me\u00f0 greiningu \u00e1 r\u00f6kum annarra heimspekinga \u00e1samt eigin hugmyndum.<\/p>\n<p><strong>Forkr\u00f6fur<\/strong> eru engar en gert er r\u00e1\u00f0 fyrir a\u00f0 nemendur hafi grunn \u00ed fornaldarheimspeki og n\u00fdaldarheimspeki og l\u00e1gmarks\u00feekkingu \u00ed r\u00f6kfr\u00e6\u00f0i.<\/p>\n<p><strong>Samskipti<\/strong> kennara vi\u00f0 nemendur fara fyrst og fremst fram \u00ed kennslustundum. Formlegar tilkynningar fr\u00e1 kennara til nemenda eru sendar \u00ed gegnum n\u00e1mskerfi H\u00e1sk\u00f3la \u00cdslands, Uglu, og \u00fev\u00ed er mikilv\u00e6gt a\u00f0 nemendur athugi reglulega hi-netfang sitt. A\u00f0 auki ver\u00f0ur notast vi\u00f0 Piazza fyrir samskipti og umr\u00e6\u00f0ur og er \u00e6skilegt a\u00f0 nemendur tengist \u00feessum h\u00f3pi strax \u00ed upphafi (<a href=\"http:\/\/piazza.com\/hi.is\/fall2017\/hsp304g\/home\"><span id=\"class-homepage-link\" class=\"hideForTrial\">piazza.com\/hi.is\/fall2017\/hsp304g\/home<\/span><\/a>).<\/p>\n<p><strong>Kennsla<\/strong> fer fram \u00e1 m\u00e1nud\u00f6gum fr\u00e1 11.40 til 13.10 \u00ed stofu 301 \u00ed \u00c1rnagar\u00f0i og \u00e1 mi\u00f0vikud\u00f6gum fr\u00e1 10.00 til 11.30 \u00ed stofu 207 \u00ed A\u00f0albyggingu. Fyrir hvern t\u00edma liggja fyrir einn e\u00f0a fleiri textar (oftast einn) og ver\u00f0a \u00feeir til kynningar og umr\u00e6\u00f0u. Hver t\u00edmi byrjar me\u00f0 kynningu \u00e1 vi\u00f0fangsefni dagsins. \u00cd kj\u00f6lfari\u00f0 ver\u00f0ur umr\u00e6\u00f0a um efni\u00f0, \u00fear sem vi\u00f0 m.a. notum forriti\u00f0 e\u00f0a heimas\u00ed\u00f0una socrative.com. Nemendur \u00feurfa a\u00f0 m\u00e6ta me\u00f0 fart\u00f6lvu, spjaldt\u00f6lvu e\u00f0a snjalls\u00edma og hafa a\u00f0gang a\u00f0 Socrative \u00ed t\u00edmum. Kennari notar ekki gl\u00e6rur en hann birtir sk\u00fdringar vi\u00f0 lesefni\u00f0 \u00e1 heimas\u00ed\u00f0u n\u00e1mskei\u00f0sins.<\/p>\n<p><a href=\"https:\/\/youtu.be\/wQ0f9IjBGyY?list=PLtKNX4SfKpzWo1oasZmNPOzZaQdHw3TIe\">H\u00e9r er kr\u00e6kja \u00ed myndband me\u00f0 Jeremy Fantl um mikilv\u00e6gi \u00feekkingar<\/a>. Jeremy er einn af ritstj\u00f3rum kennslub\u00f3kar n\u00e1mskei\u00f0sins (sj\u00e1 undir n\u00e1ms\u00e1\u00e6tlun). Myndbandi\u00f0 er \u00e1 YouTube r\u00e1sinni <a href=\"https:\/\/www.youtube.com\/playlist?list=PLtKNX4SfKpzWo1oasZmNPOzZaQdHw3TIe\">Inngangur a\u00f0 \u00feekkingarfr\u00e6\u00f0i<\/a>.<\/p>\n<ul>\n<li><a href=\"http:\/\/uni.hi.is\/esmari\/kennsla\/inngangur-ad-thekkingarfraedi\/kennsluaaetlun-2017\">N\u00e1ms\u00e1\u00e6tlun<\/a><\/li>\n<li><a href=\"http:\/\/uni.hi.is\/esmari\/kennsla\/inngangur-ad-thekkingarfraedi\/thekkingarfraedi-namsmat\/\">N\u00e1msmat<\/a><\/li>\n<li><a href=\"http:\/\/uni.hi.is\/esmari\/kennsla\/inngangur-ad-thekkingarfraedi\/hugtok-thydingar-og-skilgreiningar\/\">Hugt\u00f6k \u00ed \u00feekkingarfr\u00e6\u00f0i<\/a><\/li>\n<li><a href=\"http:\/\/plato.stanford.edu\/entries\/epistemic-paradoxes\/\">\u00deekkingarfr\u00e6\u00f0ilegar \u00feversagnir<\/a><\/li>\n<\/ul>\n","protected":false},"excerpt":{"rendered":"<p>Kennari: Eir\u00edkur Sm\u00e1ri Sigur\u00f0arson (esmari@hi.is). Vi\u00f0talst\u00edmi kennara ver\u00f0ur augl\u00fdstur s\u00ed\u00f0ar en hann er almennt tilb\u00fainn til skrafs og r\u00e1\u00f0ager\u00f0a eftir t\u00edma. Markmi\u00f0 n\u00e1mskei\u00f0sins er a) a\u00f0 nemendur kynnist helstu vi\u00f0fangsefnum \u00feekkingarfr\u00e6\u00f0innar s\u00ed\u00f0astli\u00f0na \u00f6ld og \u00f6\u00f0list haldg\u00f3\u00f0an grunn \u00e1 \u00feessu svi\u00f0i, &hellip; <a href=\"https:\/\/uni.hi.is\/esmari\/kennsla\/inngangur-ad-thekkingarfraedi\/\">Halda \u00e1fram a\u00f0 lesa <span class=\"meta-nav\">&rarr;<\/span><\/a><\/p>\n","protected":false},"author":414,"featured_media":0,"parent":16,"menu_order":0,"comment_status":"closed","ping_status":"closed","template":"","meta":{"footnotes":""},"class_list":["post-772","page","type-page","status-publish","hentry"],"_links":{"self":[{"href":"https:\/\/uni.hi.is\/esmari\/wp-json\/wp\/v2\/pages\/772","targetHints":{"allow":["GET"]}}],"collection":[{"href":"https:\/\/uni.hi.is\/esmari\/wp-json\/wp\/v2\/pages"}],"about":[{"href":"https:\/\/uni.hi.is\/esmari\/wp-json\/wp\/v2\/types\/page"}],"author":[{"embeddable":true,"href":"https:\/\/uni.hi.is\/esmari\/wp-json\/wp\/v2\/users\/414"}],"replies":[{"embeddable":true,"href":"https:\/\/uni.hi.is\/esmari\/wp-json\/wp\/v2\/comments?post=772"}],"version-history":[{"count":44,"href":"https:\/\/uni.hi.is\/esmari\/wp-json\/wp\/v2\/pages\/772\/revisions"}],"predecessor-version":[{"id":1419,"href":"https:\/\/uni.hi.is\/esmari\/wp-json\/wp\/v2\/pages\/772\/revisions\/1419"}],"up":[{"embeddable":true,"href":"https:\/\/uni.hi.is\/esmari\/wp-json\/wp\/v2\/pages\/16"}],"wp:attachment":[{"href":"https:\/\/uni.hi.is\/esmari\/wp-json\/wp\/v2\/media?parent=772"}],"curies":[{"name":"wp","href":"https:\/\/api.w.org\/{rel}","templated":true}]}}