{"id":799,"date":"2016-08-19T10:12:24","date_gmt":"2016-08-19T10:12:24","guid":{"rendered":"http:\/\/uni.hi.is\/esmari\/?page_id=799"},"modified":"2017-08-23T07:31:33","modified_gmt":"2017-08-23T07:31:33","slug":"lesefni-haust-2016","status":"publish","type":"page","link":"https:\/\/uni.hi.is\/esmari\/kennsla\/fornfraedi-mr\/lesefni-haust-2016\/","title":{"rendered":"Lesefni veturinn 2017-2018"},"content":{"rendered":"<p>Allt lesefni sem merkt er sem <u>lj\u00f3srit<\/u> h\u00e9r \u00e1 eftir er a\u00f0gengilegt \u00ed google-drive m\u00f6ppu n\u00e1mskei\u00f0sins: <a href=\"https:\/\/drive.google.com\/open?id=0B7FduINre8KfcDhqczZpeE9nQWs\">https:\/\/drive.google.com\/open?id=0B7FduINre8KfcDhqczZpeE9nQWs<\/a><\/p>\n<p>Anna\u00f0 lesefni eiga nemendur sj\u00e1lfir a\u00f0 skaffa s\u00e9r. Fyrir \u00e1ram\u00f3t er \u00fea\u00f0 bara verk Her\u00f3d\u00f3tosar \u00ed \u00edslenskri \u00fe\u00fd\u00f0ingu en eftir \u00e1ram\u00f3t eru \u00fea\u00f0 verk \u00de\u00fak\u00fdd\u00eddesar og Platons \u00ed \u00edslenskri \u00fe\u00fd\u00f0ingu.<\/p>\n<ul>\n<li>Kyn og gr\u00edsk heimspeki\n<ul>\n<li>Eir\u00edkur Sm\u00e1ri Sigur\u00f0arson \u201eDygg\u00f0ir kvenna?\u201c, <em>Hugsa\u00f0 me\u00f0 Platoni. Ne\u00f0anm\u00e1lsgreinar vi\u00f0 heimspeking<\/em>, ritstj. Svavar Hrafn Svavarsson, H\u00e1sk\u00f3la\u00fatg\u00e1fan: Reykjav\u00edk 2013 (bls. 151-165). <u>Lj\u00f3srit<\/u>.<\/li>\n<li><em>A History of Women Philosophers, volume I: Ancient Women Philosophers<\/em>, ritstj. Mary Ellen Waithe, Martinus Nijhoff Publishers: Dordrecht, Boston og Lancaster, 1987 (bls. 32-34 og 55-56). <u>Lj\u00f3srit<\/u>.<\/li>\n<\/ul>\n<\/li>\n<li>Frumherjarnir\n<ul>\n<li>Gunnar Skirbekk og Nils Gilje: <em>Heimspekisaga<\/em>, \u00fe\u00fd\u00f0. Stef\u00e1n Hj\u00f6rleifsson, H\u00e1sk\u00f3la\u00fatg\u00e1fan: Reykjav\u00edk 1999 (bls. 13-39). <u>Lj\u00f3srit<\/u>.<\/li>\n<li>Curd, Patricia, \u201e<a href=\"\/plato.stanford.edu\/archives\/win2016\/entries\/presocratics\/%3e\">Presocratic Philosophy<\/a>\u201c, <em>The Stanford Encyclopedia of Philosophy <\/em>(Winter 2016 Edition), Edward N. Zalta\u00a0(ritstj.), URL = &lt;https:\/\/plato.stanford.edu\/archives\/win2016\/entries\/presocratics\/&gt;<\/li>\n<li>\u201eFrumherjar gr\u00edskrar heimspeki\u201c, Eyj\u00f3lfur Kjalar Emilsson og Patricia Kenig Curd, \u00ed <em>Grikkland \u00e1r og s\u00ed\u00f0<\/em>, ritstj. Sigur\u00f0ur A. Magn\u00fasson, Kristj\u00e1n \u00c1rnason, \u00deorsteinn \u00deorsteinsson og Gu\u00f0mundur J. Gu\u00f0mundson, Hi\u00f0 \u00edslenska b\u00f3kmenntaf\u00e9lag: Reykjav\u00edk 1991 (bls. 49-80). <u>Lj\u00f3srit<\/u>.<\/li>\n<\/ul>\n<\/li>\n<li>Hipp\u00f3krates\n<ul>\n<li><em>Hippocratic Writings<\/em>, ritstj. G.E.R.Lloyd (\u00fe\u00fd\u00f0. I.M.Lonie), Penguin: Harmondsworth 1978 (bls. 317-326; 341). <u>Lj\u00f3srit<\/u>.<\/li>\n<\/ul>\n<\/li>\n<li>Her\u00f3d\u00f3tos\n<ul>\n<li><em>Ranns\u00f3knir<\/em>, \u00fe\u00fd\u00f0. Stef\u00e1n Steinsson, M\u00e1l og menning: Reykjav\u00edk 2013.<\/li>\n<\/ul>\n<\/li>\n<\/ul>\n<p><strong>Eftir \u00e1ram\u00f3t:<\/strong><\/p>\n<ul>\n<li>\u00de\u00fak\u00fdd\u00eddes\n<ul>\n<li>\u00a0<em>Saga Pelopseyjarstr\u00ed\u00f0sins<\/em>, \u00fe\u00fd\u00f0. Sigurj\u00f3n Bj\u00f6rnsson, S\u00f6guf\u00e9lag: Reykjav\u00edk 2014, bls. 23-36, 126-149, 215-227, 376-384 (b\u00f3k I, kaflar 1-23; b\u00f3k II, kaflar 34-70, b\u00f3k III, kaflar 69-90, b\u00f3k V, kaflar 84-116).<\/li>\n<\/ul>\n<\/li>\n<li>\u00a0Arist\u00f3fanes\n<ul>\n<li><i>L\u00fds\u00edstrata<\/i>, \u00fe\u00fd\u00f0ing Kristj\u00e1n \u00c1rnason, \u00ed <em>Tv\u00f6 leikrit um konur og sj\u00f3rnm\u00e1l<\/em>, Menningarsj\u00f3\u00f0ur: Reykjav\u00edk 1985.<\/li>\n<\/ul>\n<\/li>\n<li>S\u00f3fistarnir\n<ul>\n<li>\u201cThe Sophists\u201d \u00far <i>Readings in Ancient Greek Philosophy from Thales to Aristotle<\/i>, ritstj. S. Marc Cohen, Patricia Curd og C.D.C. Reeve, 4\u00f0a \u00fatg\u00e1fa: Indianapolis og Cambridge 2011 (bls. 104-118).<\/li>\n<\/ul>\n<\/li>\n<li>Platon\n<ul>\n<li><em>S\u00ed\u00f0ustu dagar S\u00f3kratesar<\/em> (<em>M\u00e1lsv\u00f6rn S\u00f3kratesar<\/em>,<em> Kr\u00edt\u00f3n <\/em>og<em> Fa\u00eddon<\/em>), \u00fe\u00fd\u00f0. Sigur\u00f0ur Nordal og \u00deorsteinn Gylfason, Hi\u00f0 \u00edslenska b\u00f3kmenntaf\u00e9lag: Reykjav\u00edk, 2011. Einnig m\u00e1 nota fyrri \u00fatg\u00e1fur.<\/li>\n<\/ul>\n<\/li>\n<\/ul>\n","protected":false},"excerpt":{"rendered":"<p>Allt lesefni sem merkt er sem lj\u00f3srit h\u00e9r \u00e1 eftir er a\u00f0gengilegt \u00ed google-drive m\u00f6ppu n\u00e1mskei\u00f0sins: https:\/\/drive.google.com\/open?id=0B7FduINre8KfcDhqczZpeE9nQWs Anna\u00f0 lesefni eiga nemendur sj\u00e1lfir a\u00f0 skaffa s\u00e9r. Fyrir \u00e1ram\u00f3t er \u00fea\u00f0 bara verk Her\u00f3d\u00f3tosar \u00ed \u00edslenskri \u00fe\u00fd\u00f0ingu en eftir \u00e1ram\u00f3t eru \u00fea\u00f0 &hellip; <a href=\"https:\/\/uni.hi.is\/esmari\/kennsla\/fornfraedi-mr\/lesefni-haust-2016\/\">Halda \u00e1fram a\u00f0 lesa <span class=\"meta-nav\">&rarr;<\/span><\/a><\/p>\n","protected":false},"author":414,"featured_media":0,"parent":35,"menu_order":0,"comment_status":"closed","ping_status":"closed","template":"","meta":{"footnotes":""},"class_list":["post-799","page","type-page","status-publish","hentry"],"_links":{"self":[{"href":"https:\/\/uni.hi.is\/esmari\/wp-json\/wp\/v2\/pages\/799","targetHints":{"allow":["GET"]}}],"collection":[{"href":"https:\/\/uni.hi.is\/esmari\/wp-json\/wp\/v2\/pages"}],"about":[{"href":"https:\/\/uni.hi.is\/esmari\/wp-json\/wp\/v2\/types\/page"}],"author":[{"embeddable":true,"href":"https:\/\/uni.hi.is\/esmari\/wp-json\/wp\/v2\/users\/414"}],"replies":[{"embeddable":true,"href":"https:\/\/uni.hi.is\/esmari\/wp-json\/wp\/v2\/comments?post=799"}],"version-history":[{"count":9,"href":"https:\/\/uni.hi.is\/esmari\/wp-json\/wp\/v2\/pages\/799\/revisions"}],"predecessor-version":[{"id":1344,"href":"https:\/\/uni.hi.is\/esmari\/wp-json\/wp\/v2\/pages\/799\/revisions\/1344"}],"up":[{"embeddable":true,"href":"https:\/\/uni.hi.is\/esmari\/wp-json\/wp\/v2\/pages\/35"}],"wp:attachment":[{"href":"https:\/\/uni.hi.is\/esmari\/wp-json\/wp\/v2\/media?parent=799"}],"curies":[{"name":"wp","href":"https:\/\/api.w.org\/{rel}","templated":true}]}}