{"id":803,"date":"2016-08-19T10:28:57","date_gmt":"2016-08-19T10:28:57","guid":{"rendered":"http:\/\/uni.hi.is\/esmari\/?page_id=803"},"modified":"2018-01-18T17:13:45","modified_gmt":"2018-01-18T17:13:45","slug":"kennsluaaetlun-og-namsmat-haust-2016","status":"publish","type":"page","link":"https:\/\/uni.hi.is\/esmari\/kennsla\/fornfraedi-mr\/kennsluaaetlun-og-namsmat-haust-2016\/","title":{"rendered":"Kennslu\u00e1\u00e6tlun og n\u00e1msmat, haust 2017"},"content":{"rendered":"<p><strong>Inngangur (1 vika)<\/strong><\/p>\n<ul>\n<li>18.8. T\u00edmi ekki haldinn.<\/li>\n<li>23.8. Kynning<\/li>\n<li>25.8. \u201eDygg\u00f0ir kvenna?\u201c<\/li>\n<\/ul>\n<p><strong>Frumherjar heimspeki og v\u00edsinda (5 vikur)<\/strong><\/p>\n<ul>\n<li>30.8. <em>Efnishyggja<\/em>: M\u00edletingar og upphaf heimspeki og v\u00edsinda (\u00deales, Anaximandros og Anaximenes)<\/li>\n<li>1.9. D<em>ulhyggja; \u00feekkingin og efinn: <\/em>P\u00fd\u00feag\u00f3ras, Xenofanes og Herakleitos.<\/li>\n<li>6.9.\u00a0<em><strong>T\u00edmaritger\u00f0 1 (fyrri t\u00edmi)<\/strong><\/em><\/li>\n<li>8.9. <em>T\u00edmi fellur ni\u00f0ur.<\/em><\/li>\n<li>13.9. <em>Einhyggja<\/em>: Parmen\u00eddes<\/li>\n<li>15.9. <em>Fj\u00f6lhyggja<\/em>: Emped\u00f3kles, Anaxag\u00f3ras og Dem\u00f3kr\u00edtos<\/li>\n<li>20.9. <em>Hipp\u00f3krates<\/em>: \u201eUm s\u00e6\u00f0i\u00f0\u201c<\/li>\n<li>22.9. <em>Hipp\u00f3krates<\/em>: \u201eUm e\u00f0li barnsins\u201c<\/li>\n<li><strong>27.9. <em>T\u00edmaritger\u00f0 2<\/em><\/strong><\/li>\n<li><strong>29.9. <em>\u00d6rr\u00e1\u00f0stefna 1: Frumherjar heimspeki og v\u00edsinda<\/em><\/strong><\/li>\n<\/ul>\n<p><strong>Her\u00f3d\u00f3tos (9 vikur)<\/strong><\/p>\n<ul>\n<li>4.10. Inngangur<\/li>\n<li>6.10 B\u00f3k I (1-5)<\/li>\n<li>11.10. B\u00f3k I (6-94): Saga Kr\u00f6sosar.<\/li>\n<li>13.10. B\u00f3k I (6-94): Saga Kr\u00f6sosar (frh.).<\/li>\n<li>18.10. B\u00f3k I (95-130): Ky\u0301ros; \u00fe\u00e1ttur Harpagusar.<\/li>\n<li><strong>20.10. <em>Hausthl\u00e9<\/em><\/strong><\/li>\n<li>25.10. B\u00f3k I (130-216): Ky\u0301ros (frh.); si\u00f0ir Persa, Baby\u0301l\u00f3n\u00edumanna og Massageta.<\/li>\n<li>27.10. B\u00f3k I (130-216): Ky\u0301ros (frh.); si\u00f0ir Persa, Baby\u0301l\u00f3n\u00edumanna og Massageta.<\/li>\n<li>1.11. <strong>Haustfer\u00f0<\/strong><\/li>\n<li>3.11. <strong>Haustfer\u00f0<\/strong><\/li>\n<li>8.11. B\u00f3k II (1-34): Um Egyptaland; tilraun Psammetikosar; uppspretta N\u00edlar.<\/li>\n<li>10.11. <strong>T\u00edmi fellur ni\u00f0ur.<\/strong><\/li>\n<li>15.11. B\u00f3k II (1-34): Um Egyptaland; tilraun Psammetikosar; uppspretta N\u00edlar.<\/li>\n<li>17.11. B\u00f3k II (35-98): Si\u00f0ir Egypta; um Herakles, uppruna gr\u00edskrar go\u00f0afr\u00e6\u00f0i o.fl.<\/li>\n<li>22.11. B\u00f3k III (61-88): Valdataka Dar\u00edusar; stj\u00f3rnlagar\u00e1\u00f0.<\/li>\n<li>24.11. B\u00f3k IV (1-82; 110-117): Sky\u0301\u00fear; land og si\u00f0ir; skjaldmeyjar (amas\u00f3nur).<\/li>\n<li>29.11. B\u00f3k VI (102-140): Orrustan vi\u00f0 Mara\u00feon.<\/li>\n<li>1.12. <strong>T\u00edmi fellur ni\u00f0ur. <\/strong><strong>Skrifleg l<\/strong><strong>y\u0301sing \u00e1 ritger\u00f0: Her\u00f3dotos (1\/2 til 1 bla\u00f0s\u00ed\u00f0a). Skila \u00ed Innu.<br \/>\n<\/strong><\/li>\n<\/ul>\n<p><strong>K\u00f6kur (1 t\u00edmi)<\/strong><\/p>\n<ul>\n<li><strong>6.12. <\/strong><em><strong>Lokat\u00edmi: Nemendur kynna ritger\u00f0arefni.<\/strong><br \/>\n<\/em><\/li>\n<\/ul>\n<p><strong>N\u00e1msmat<\/strong>: J\u00f3lapr\u00f3fseinkunn er samsett \u00far t\u00edmaritger\u00f0um, \u00fe\u00e1ttt\u00f6ku \u00ed \u00f6rr\u00e1\u00f0stefnu, l\u00fdsingu \u00e1 ritger\u00f0 \u00e1samt kynningu. \u00c1stundun er hluti af n\u00e1msmati.<\/p>\n<p>N\u00e1nar um verkefnin:<\/p>\n<ul>\n<li><u>T\u00edmaritger\u00f0ir<\/u>: Efni sett fyrir \u00ed a\u00f0draganda t\u00edma.<\/li>\n<li><u>\u00d6rr\u00e1\u00f0stefnur<\/u>: Hver nemandi f\u00e6r 10 m\u00edn\u00fatur til a\u00f0 kynna vi\u00f0fangsefni sitt og svara einni til tveimur spurningum.<\/li>\n<\/ul>\n","protected":false},"excerpt":{"rendered":"<p>Inngangur (1 vika) 18.8. T\u00edmi ekki haldinn. 23.8. Kynning 25.8. \u201eDygg\u00f0ir kvenna?\u201c Frumherjar heimspeki og v\u00edsinda (5 vikur) 30.8. Efnishyggja: M\u00edletingar og upphaf heimspeki og v\u00edsinda (\u00deales, Anaximandros og Anaximenes) 1.9. Dulhyggja; \u00feekkingin og efinn: P\u00fd\u00feag\u00f3ras, Xenofanes og Herakleitos. 6.9.\u00a0T\u00edmaritger\u00f0 &hellip; <a href=\"https:\/\/uni.hi.is\/esmari\/kennsla\/fornfraedi-mr\/kennsluaaetlun-og-namsmat-haust-2016\/\">Halda \u00e1fram a\u00f0 lesa <span class=\"meta-nav\">&rarr;<\/span><\/a><\/p>\n","protected":false},"author":414,"featured_media":0,"parent":35,"menu_order":2,"comment_status":"closed","ping_status":"closed","template":"","meta":{"footnotes":""},"class_list":["post-803","page","type-page","status-publish","hentry"],"_links":{"self":[{"href":"https:\/\/uni.hi.is\/esmari\/wp-json\/wp\/v2\/pages\/803","targetHints":{"allow":["GET"]}}],"collection":[{"href":"https:\/\/uni.hi.is\/esmari\/wp-json\/wp\/v2\/pages"}],"about":[{"href":"https:\/\/uni.hi.is\/esmari\/wp-json\/wp\/v2\/types\/page"}],"author":[{"embeddable":true,"href":"https:\/\/uni.hi.is\/esmari\/wp-json\/wp\/v2\/users\/414"}],"replies":[{"embeddable":true,"href":"https:\/\/uni.hi.is\/esmari\/wp-json\/wp\/v2\/comments?post=803"}],"version-history":[{"count":21,"href":"https:\/\/uni.hi.is\/esmari\/wp-json\/wp\/v2\/pages\/803\/revisions"}],"predecessor-version":[{"id":1507,"href":"https:\/\/uni.hi.is\/esmari\/wp-json\/wp\/v2\/pages\/803\/revisions\/1507"}],"up":[{"embeddable":true,"href":"https:\/\/uni.hi.is\/esmari\/wp-json\/wp\/v2\/pages\/35"}],"wp:attachment":[{"href":"https:\/\/uni.hi.is\/esmari\/wp-json\/wp\/v2\/media?parent=803"}],"curies":[{"name":"wp","href":"https:\/\/api.w.org\/{rel}","templated":true}]}}