{"id":81,"date":"2014-02-26T11:22:31","date_gmt":"2014-02-26T11:22:31","guid":{"rendered":"http:\/\/uni.hi.is\/esmari\/?page_id=81"},"modified":"2016-08-19T10:00:55","modified_gmt":"2016-08-19T10:00:55","slug":"lesefni-2013-2014","status":"publish","type":"page","link":"https:\/\/uni.hi.is\/esmari\/kennsla\/fornfraedi-mr\/mr-eldri-kennsluaaetlanir\/lesefni-2013-2014\/","title":{"rendered":"Fornfr\u00e6\u00f0i (MR): Lesefni 2014-2015"},"content":{"rendered":"<p>&nbsp;<\/p>\n<p>FYRIR \u00c1RAM\u00d3T<\/p>\n<p><span style=\"text-decoration: underline\">Hes\u00ed\u00f3dos<\/span><\/p>\n<ul>\n<li><i>Theogony and Work and Days<\/i>, \u00fe\u00fd\u00f0. M.L.West, Oxford University Press, Oxford 1988 (bls. 3-9; 37-43).<\/li>\n<\/ul>\n<p><span style=\"text-decoration: underline\">Frumherjarnir<\/span><\/p>\n<ul>\n<li>Gunnar Skirbekk og Nils Gilje: <i>Heimspekisaga<\/i>, \u00fe\u00fd\u00f0. Stef\u00e1n Hj\u00f6rleifsson, H\u00e1sk\u00f3la\u00fatg\u00e1fan, Reykjav\u00edk 1999 (bls. 13-39).<\/li>\n<li>Curd, Patricia \"<a href=\"http:\/\/plato.stanford.edu\/archives\/win2012\/entries\/presocratics\">Presocratic Philosophy<\/a>\", <i>The Stanford Encyclopedia of Philosophy <\/i>(Winter 2012 Edition), Edward N. Zalta\u00a0(ed.).<\/li>\n<li>\u201eFrumherjar gr\u00edskrar heimspeki\u201c, Eyj\u00f3lfur Kjalar Emilsson og Patricia Kenig Curd, \u00ed <i>Grikkland \u00e1r og s\u00ed\u00f0<\/i>, ritstj. Sigur\u00f0ur A. Magn\u00fasson, Kristj\u00e1n \u00c1rnason, \u00deorsteinn \u00deorsteinsson og Gu\u00f0mundur J. Gu\u00f0mundson, Hi\u00f0 \u00edslenska b\u00f3kmenntaf\u00e9lag, Reykjav\u00edk 1991 (bls. 49-80).<\/li>\n<\/ul>\n<p><span style=\"text-decoration: underline\">Hipp\u00f3krates<\/span><\/p>\n<ul>\n<li><i>Hippocratic Writings<\/i>, ritstj. G.E.R. Lloyd (\u00fe\u00fd\u00f0. I.M.Lonie), Penguin, Harmondsworth 1978 (bls. 317-326; 341).<\/li>\n<\/ul>\n<p><span style=\"text-decoration: underline\">Her\u00f3d\u00f3tos<\/span><\/p>\n<ul>\n<li><i>Ranns\u00f3knir<\/i>, \u00fe\u00fd\u00f0. Stef\u00e1n Steinsson, M\u00e1l og menning, Reykjav\u00edk 2013.<\/li>\n<\/ul>\n<p>&nbsp;<\/p>\n<p>EFTIR \u00c1RAM\u00d3T<\/p>\n<p><span style=\"text-decoration: underline\">\u00de\u00fak\u00fdd\u00eddes<\/span><\/p>\n<ul>\n<li><em>Saga Pelopseyjarstr\u00ed\u00f0sins<\/em>, \u00fe\u00fd\u00f0. Sigurj\u00f3n Bj\u00f6rnsson, S\u00f6guf\u00e9lag, Reykjav\u00edk 2014, bls. 23-36, 126-149, 215-227, 376-384 (b\u00f3k I, kaflar 1-23; b\u00f3k II, kaflar 34-70, b\u00f3k III, kaflar 69-90, b\u00f3k V, kaflar 84-116).<\/li>\n<\/ul>\n<p><span style=\"text-decoration: underline\">Arist\u00f3fanes<\/span><\/p>\n<ul>\n<li><i>Sk\u00fdin<\/i>, \u00fe\u00fd\u00f0ing Karl Gu\u00f0mundsson (\u00f3\u00fatgefin).<\/li>\n<\/ul>\n<p><span style=\"text-decoration: underline\">S\u00f3fistarnir<\/span><\/p>\n<ul>\n<li>\u201cThe Sophists\u201d \u00far <i>Readings in Ancient Greek Philosophy from Thales to Aristotle<\/i>, ritstj. S. Marc Cohen, Patricia Curd og C.D.C. Reeve, 4\u00f0a \u00fatg\u00e1fa, Indianapolis og Cambridge, 2011 (bls. 104-118).<\/li>\n<\/ul>\n<p><span style=\"text-decoration: underline\">Platon<\/span><\/p>\n<ul>\n<li><em>S\u00ed\u00f0ustu dagar S\u00f3kratesar<\/em> (<em>M\u00e1lsv\u00f6rn S\u00f3kratesar<\/em>,<em> Kr\u00edt\u00f3n <\/em>og<em> Fa\u00eddon<\/em>), \u00fe\u00fd\u00f0. Sigur\u00f0ur Nordal og \u00deorsteinn Gylfason, Hi\u00f0 \u00edslenska b\u00f3kmenntaf\u00e9lag, Reykjav\u00edk, 2011. Einnig m\u00e1 nota fyrri \u00fatg\u00e1fur.<\/li>\n<\/ul>\n","protected":false},"excerpt":{"rendered":"<p>&nbsp; FYRIR \u00c1RAM\u00d3T Hes\u00ed\u00f3dos Theogony and Work and Days, \u00fe\u00fd\u00f0. M.L.West, Oxford University Press, Oxford 1988 (bls. 3-9; 37-43). Frumherjarnir Gunnar Skirbekk og Nils Gilje: Heimspekisaga, \u00fe\u00fd\u00f0. Stef\u00e1n Hj\u00f6rleifsson, H\u00e1sk\u00f3la\u00fatg\u00e1fan, Reykjav\u00edk 1999 (bls. 13-39). Curd, Patricia \"Presocratic Philosophy\", The Stanford &hellip; <a href=\"https:\/\/uni.hi.is\/esmari\/kennsla\/fornfraedi-mr\/mr-eldri-kennsluaaetlanir\/lesefni-2013-2014\/\">Halda \u00e1fram a\u00f0 lesa <span class=\"meta-nav\">&rarr;<\/span><\/a><\/p>\n","protected":false},"author":414,"featured_media":0,"parent":795,"menu_order":0,"comment_status":"closed","ping_status":"closed","template":"","meta":{"footnotes":""},"class_list":["post-81","page","type-page","status-publish","hentry"],"_links":{"self":[{"href":"https:\/\/uni.hi.is\/esmari\/wp-json\/wp\/v2\/pages\/81","targetHints":{"allow":["GET"]}}],"collection":[{"href":"https:\/\/uni.hi.is\/esmari\/wp-json\/wp\/v2\/pages"}],"about":[{"href":"https:\/\/uni.hi.is\/esmari\/wp-json\/wp\/v2\/types\/page"}],"author":[{"embeddable":true,"href":"https:\/\/uni.hi.is\/esmari\/wp-json\/wp\/v2\/users\/414"}],"replies":[{"embeddable":true,"href":"https:\/\/uni.hi.is\/esmari\/wp-json\/wp\/v2\/comments?post=81"}],"version-history":[{"count":16,"href":"https:\/\/uni.hi.is\/esmari\/wp-json\/wp\/v2\/pages\/81\/revisions"}],"predecessor-version":[{"id":688,"href":"https:\/\/uni.hi.is\/esmari\/wp-json\/wp\/v2\/pages\/81\/revisions\/688"}],"up":[{"embeddable":true,"href":"https:\/\/uni.hi.is\/esmari\/wp-json\/wp\/v2\/pages\/795"}],"wp:attachment":[{"href":"https:\/\/uni.hi.is\/esmari\/wp-json\/wp\/v2\/media?parent=81"}],"curies":[{"name":"wp","href":"https:\/\/api.w.org\/{rel}","templated":true}]}}